{"id":70019,"date":"2022-05-30T16:15:52","date_gmt":"2022-05-30T14:15:52","guid":{"rendered":"https:\/\/www.v-label.com\/branches\/ne-maisto-produktai\/"},"modified":"2023-11-09T07:57:51","modified_gmt":"2023-11-09T06:57:51","slug":"ne-maisto-produktai","status":"publish","type":"page","link":"https:\/\/www.v-label.com\/lt\/sektoriai\/ne-maisto-produktai\/","title":{"rendered":"Ne-maisto produktai"},"content":{"rendered":"\n<p>Jau \u0161iandien klestinti, o ateityje dar labiau augsianti vegani\u0161ka ir be bandym\u0173 su gyv\u016bnais apsieinanti mada jau dabar yra laikoma stilinga ir prabangia. Pasak Statista.com, pasaulin\u0117 vegani\u0161kos moter\u0173 mados rinka 2019 metais buvo vertinama 396,3 mrld. JAV doleri\u0173 ir numatoma, jog ir toliau augs po 13,6 % iki 2027. Industrijos varomoji j\u0117ga yra vegani\u0161kos odos rinka, kuriai nuolat pasitelkiamos technologin\u0117s naujov\u0117s, i\u0161tobulinan\u010dios med\u017eiagas ir prailginan\u010dios odos tarnavimo trukm\u0119. Vietoje plastiko pagrindu gaminamos vegani\u0161kos odos, vis da\u017eniau sutinkamos tvaresn\u0117s, nat\u016bralios kilm\u0117s med\u017eiagos, i\u0161gautos i\u0161 \u012fvairiausi\u0173 produkt\u0173. Pavyzd\u017eiui, ananas\u0173 lap\u0173, fermentuot\u0173 mieli\u0173, vyno pramon\u0117s antrini\u0173 \u017ealiav\u0173 bei gryb\u0173. Taip pat kuriamos i\u0161 celiulioz\u0117s pluo\u0161to pagamintos avies vilnos bei \u0161ilko alternatyvos, \u012fvairios perdirbtos med\u017eiagos pasitelkiamos avalynei gaminti.     <\/p>\n\n\n\n<p>Ta\u010diau svarbu pabr\u0117\u017eti, jog \u0161is segmentas apima ne vien drabu\u017eius, rankines ir batus. Kitiems ne-maisto gamyba u\u017esiimantiems gamintojams taip pat svarbu kurti tvarius ir gyv\u016bn\u0173 nei\u0161naudojan\u010dius produktus, tokius kaip knygos, papuo\u0161alai, \u017evak\u0117s ir pan. Tur\u0117dami vegani\u0161ko ar vegetari\u0161ko produkto sertifikat\u0105, i\u0161siskiriate i\u0161 konkurent\u0173. Taip pat padedate vartotojams lengviau atpa\u017einti saug\u0173, tvar\u0173 pasirinkim\u0105 el. parduotuv\u0117se bei prekybos vietose.   <\/p>\n\n\n\n<div class=\"wp-block-buttons is-content-justification-center is-layout-flex wp-container-core-buttons-is-layout-16018d1d wp-block-buttons-is-layout-flex\">\n<div class=\"wp-block-button\"><a class=\"wp-block-button__link wp-element-button\" href=\"https:\/\/www.v-label.com\/lt\/gaukite-sertifikata\/\">Gaukite V-Label sertifikat\u0105<\/a><\/div>\n<\/div>\n","protected":false},"excerpt":{"rendered":"<p>Jau \u0161iandien klestinti, o ateityje dar labiau augsianti vegani\u0161ka ir be bandym\u0173 su gyv\u016bnais apsieinanti mada jau dabar yra laikoma stilinga ir prabangia. Pasak Statista.com, pasaulin\u0117 vegani\u0161kos moter\u0173 mados rinka 2019 metais buvo vertinama 396,3 mrld. JAV doleri\u0173 ir numatoma, jog ir toliau augs po 13,6 % iki 2027. Industrijos varomoji j\u0117ga yra vegani\u0161kos odos [&hellip;]<\/p>\n","protected":false},"author":5,"featured_media":70021,"parent":69854,"menu_order":0,"comment_status":"closed","ping_status":"closed","template":"","meta":{"_acf_changed":false,"_editorskit_title_hidden":false,"_editorskit_reading_time":0,"_editorskit_is_block_options_detached":false,"_editorskit_block_options_position":"{}","inline_featured_image":false,"_uag_custom_page_level_css":"","footnotes":""},"categories":[],"tags":[],"class_list":["post-70019","page","type-page","status-publish","has-post-thumbnail","hentry"],"acf":[],"uagb_featured_image_src":{"full":["https:\/\/www.v-label.com\/wp-content\/uploads\/2022\/12\/v-label-non-food-sectors.jpg",1280,692,false],"thumbnail":["https:\/\/www.v-label.com\/wp-content\/uploads\/2022\/12\/v-label-non-food-sectors-500x270.jpg",500,270,true],"medium":["https:\/\/www.v-label.com\/wp-content\/uploads\/2022\/12\/v-label-non-food-sectors-300x162.jpg",300,162,true],"medium_large":["https:\/\/www.v-label.com\/wp-content\/uploads\/2022\/12\/v-label-non-food-sectors-768x415.jpg",768,415,true],"large":["https:\/\/www.v-label.com\/wp-content\/uploads\/2022\/12\/v-label-non-food-sectors-1024x554.jpg",1024,554,true],"1536x1536":["https:\/\/www.v-label.com\/wp-content\/uploads\/2022\/12\/v-label-non-food-sectors.jpg",1280,692,false],"2048x2048":["https:\/\/www.v-label.com\/wp-content\/uploads\/2022\/12\/v-label-non-food-sectors.jpg",1280,692,false],"preview":["https:\/\/www.v-label.com\/wp-content\/uploads\/2022\/12\/v-label-non-food-sectors-904x692.jpg",904,692,true],"header":["https:\/\/www.v-label.com\/wp-content\/uploads\/2022\/12\/v-label-non-food-sectors.jpg",1280,692,false],"gform-image-choice-sm":["https:\/\/www.v-label.com\/wp-content\/uploads\/2022\/12\/v-label-non-food-sectors.jpg",300,162,false],"gform-image-choice-md":["https:\/\/www.v-label.com\/wp-content\/uploads\/2022\/12\/v-label-non-food-sectors.jpg",400,216,false],"gform-image-choice-lg":["https:\/\/www.v-label.com\/wp-content\/uploads\/2022\/12\/v-label-non-food-sectors.jpg",600,324,false]},"uagb_author_info":{"display_name":"Can Aslan","author_link":"https:\/\/www.v-label.com\/lt"},"uagb_comment_info":0,"uagb_excerpt":"Jau \u0161iandien klestinti, o ateityje dar labiau augsianti vegani\u0161ka ir be bandym\u0173 su gyv\u016bnais apsieinanti mada jau dabar yra laikoma stilinga ir prabangia. Pasak Statista.com, pasaulin\u0117 vegani\u0161kos moter\u0173 mados rinka 2019 metais buvo vertinama 396,3 mrld. JAV doleri\u0173 ir numatoma, jog ir toliau augs po 13,6 % iki 2027. Industrijos varomoji j\u0117ga yra vegani\u0161kos odos&hellip;","_links":{"self":[{"href":"https:\/\/www.v-label.com\/lt\/wp-json\/wp\/v2\/pages\/70019","targetHints":{"allow":["GET"]}}],"collection":[{"href":"https:\/\/www.v-label.com\/lt\/wp-json\/wp\/v2\/pages"}],"about":[{"href":"https:\/\/www.v-label.com\/lt\/wp-json\/wp\/v2\/types\/page"}],"author":[{"embeddable":true,"href":"https:\/\/www.v-label.com\/lt\/wp-json\/wp\/v2\/users\/5"}],"replies":[{"embeddable":true,"href":"https:\/\/www.v-label.com\/lt\/wp-json\/wp\/v2\/comments?post=70019"}],"version-history":[{"count":2,"href":"https:\/\/www.v-label.com\/lt\/wp-json\/wp\/v2\/pages\/70019\/revisions"}],"predecessor-version":[{"id":70391,"href":"https:\/\/www.v-label.com\/lt\/wp-json\/wp\/v2\/pages\/70019\/revisions\/70391"}],"up":[{"embeddable":true,"href":"https:\/\/www.v-label.com\/lt\/wp-json\/wp\/v2\/pages\/69854"}],"wp:featuredmedia":[{"embeddable":true,"href":"https:\/\/www.v-label.com\/lt\/wp-json\/wp\/v2\/media\/70021"}],"wp:attachment":[{"href":"https:\/\/www.v-label.com\/lt\/wp-json\/wp\/v2\/media?parent=70019"}],"wp:term":[{"taxonomy":"category","embeddable":true,"href":"https:\/\/www.v-label.com\/lt\/wp-json\/wp\/v2\/categories?post=70019"},{"taxonomy":"post_tag","embeddable":true,"href":"https:\/\/www.v-label.com\/lt\/wp-json\/wp\/v2\/tags?post=70019"}],"curies":[{"name":"wp","href":"https:\/\/api.w.org\/{rel}","templated":true}]}}