{"id":70064,"date":"2022-09-18T19:26:22","date_gmt":"2022-09-18T17:26:22","guid":{"rendered":"https:\/\/www.v-label.com\/apie-mus\/v-label-istorija\/"},"modified":"2026-01-27T18:15:42","modified_gmt":"2026-01-27T17:15:42","slug":"v-label-istorija","status":"publish","type":"page","link":"https:\/\/www.v-label.com\/lt\/apie-mus\/v-label-istorija\/","title":{"rendered":"V-Label Istorija"},"content":{"rendered":"\n<h3 class=\"wp-block-heading has-text-align-left\">\u0160iandien V-Label yra labiausiai atpa\u017e\u012fstamas vegetari\u0161ko ir vegani\u0161ko maisto \u017eym\u0117jimo \u017eenklas. Kaip tai buvo pasiekta? <\/h3>\n\n<div class=\"wp-block-uagb-content-timeline uagb-timeline__outer-wrap uagb-block-b96a1dfc-b6e3-49eb-9e14-5b3cf37c2af1 uagb-timeline__content-wrap uagb-timeline__center-block  uagb-timeline__arrow-center uagb-timeline\">\n<article class=\"wp-block-uagb-content-timeline-child uagb-timeline__field uagb-timeline-child-9294f32e-7128-4208-aadc-7baf4180977e uagb-timeline__right\"><div class=\"uagb-timeline__marker out-view-uagb-timeline__icon\"><svg xmlns=\"https:\/\/www.w3.org\/2000\/svg\" viewbox=\"0 0 512 512\"><path d=\"M512 165.4c0 127.9-70.05 235.3-175.3 270.1c-20.04 7.938-41.83 12.46-64.69 12.46c-64.9 0-125.2-36.51-155.7-94.47c-54.13 49.93-68.71 107-68.96 108.1C44.72 472.6 34.87 480 24.02 480c-1.844 0-3.727-.2187-5.602-.6562c-12.89-3.098-20.84-16.08-17.75-28.96c9.598-39.5 90.47-226.4 335.3-226.4C344.8 224 352 216.8 352 208S344.8 192 336 192C228.6 192 151 226.6 96.29 267.6c.1934-10.82 1.242-21.84 3.535-33.05c13.47-65.81 66.04-119 131.4-134.2c28.33-6.562 55.68-6.013 80.93-.0054c56 13.32 118.2-7.412 149.3-61.24c5.664-9.828 20.02-9.516 24.66 .8282C502.7 76.76 512 121.9 512 165.4z\"><\/path><\/svg><\/div><div class=\"uagb-timeline__day-new uagb-timeline__day-right uagb-timeline__events-inner-new\"><div class=\"uagb-timeline__events-inner--content\"><div class=\"uagb-timeline__date-hide uagb-timeline__inner-date-new\">1976<\/div><p class=\"uagb-timeline__heading\"><\/p><p class=\"uagb-timeline-desc-content\">\u201eV\u201c gim\u0117. Nuo to laiko j\u012f naudoja AVI \u2013 Italijos vegetar\u0173 asociacija \u2013 Italijoje. <\/p><div class=\"uagb-timeline__arrow\"><\/div><\/div><\/div><div class=\"uagb-timeline__date-new\">1976<\/div><\/article>\n\n\n\n<article class=\"wp-block-uagb-content-timeline-child uagb-timeline__field uagb-timeline-child-b6d30a2a-a11b-4a68-a847-019d6cb4f61d uagb-timeline__left\"><div class=\"uagb-timeline__marker out-view-uagb-timeline__icon\"><svg xmlns=\"https:\/\/www.w3.org\/2000\/svg\" viewbox=\"0 0 512 512\"><path d=\"M512 165.4c0 127.9-70.05 235.3-175.3 270.1c-20.04 7.938-41.83 12.46-64.69 12.46c-64.9 0-125.2-36.51-155.7-94.47c-54.13 49.93-68.71 107-68.96 108.1C44.72 472.6 34.87 480 24.02 480c-1.844 0-3.727-.2187-5.602-.6562c-12.89-3.098-20.84-16.08-17.75-28.96c9.598-39.5 90.47-226.4 335.3-226.4C344.8 224 352 216.8 352 208S344.8 192 336 192C228.6 192 151 226.6 96.29 267.6c.1934-10.82 1.242-21.84 3.535-33.05c13.47-65.81 66.04-119 131.4-134.2c28.33-6.562 55.68-6.013 80.93-.0054c56 13.32 118.2-7.412 149.3-61.24c5.664-9.828 20.02-9.516 24.66 .8282C502.7 76.76 512 121.9 512 165.4z\"><\/path><\/svg><\/div><div class=\"uagb-timeline__day-new uagb-timeline__day-left uagb-timeline__events-inner-new\"><div class=\"uagb-timeline__events-inner--content\"><div class=\"uagb-timeline__date-hide uagb-timeline__inner-date-new\">1985<\/div><p class=\"uagb-timeline__heading\"><\/p><p class=\"uagb-timeline-desc-content\">V-Label (vadintas \u201eleaf\u201c, liet., \u201elapu\u201c) buvo i\u0161skirtas kaip tarptautinis institucinis vegetar\u0173 ir vegan\u0173 bendruomeni\u0173 simbolis pirmajame Europos Vegetar\u0173 Kongrese Italijoje bei nuo to laiko naudojamas ir kaip Europos Vegetar\u0173 Draugijos (angl. European Vegetarian Union \u2013 EVU) logotipas.<\/p><div class=\"uagb-timeline__arrow\"><\/div><\/div><\/div><div class=\"uagb-timeline__date-new\">1985<\/div><\/article>\n\n\n\n<article class=\"wp-block-uagb-content-timeline-child uagb-timeline__field uagb-timeline-child-67c132a4-ccc7-446a-ab98-8fec8a704a30 uagb-timeline__right\"><div class=\"uagb-timeline__marker out-view-uagb-timeline__icon\"><svg xmlns=\"https:\/\/www.w3.org\/2000\/svg\" viewbox=\"0 0 512 512\"><path d=\"M512 165.4c0 127.9-70.05 235.3-175.3 270.1c-20.04 7.938-41.83 12.46-64.69 12.46c-64.9 0-125.2-36.51-155.7-94.47c-54.13 49.93-68.71 107-68.96 108.1C44.72 472.6 34.87 480 24.02 480c-1.844 0-3.727-.2187-5.602-.6562c-12.89-3.098-20.84-16.08-17.75-28.96c9.598-39.5 90.47-226.4 335.3-226.4C344.8 224 352 216.8 352 208S344.8 192 336 192C228.6 192 151 226.6 96.29 267.6c.1934-10.82 1.242-21.84 3.535-33.05c13.47-65.81 66.04-119 131.4-134.2c28.33-6.562 55.68-6.013 80.93-.0054c56 13.32 118.2-7.412 149.3-61.24c5.664-9.828 20.02-9.516 24.66 .8282C502.7 76.76 512 121.9 512 165.4z\"><\/path><\/svg><\/div><div class=\"uagb-timeline__day-new uagb-timeline__day-right uagb-timeline__events-inner-new\"><div class=\"uagb-timeline__events-inner--content\"><div class=\"uagb-timeline__date-hide uagb-timeline__inner-date-new\">1996<\/div><p class=\"uagb-timeline__heading\"><\/p><p class=\"uagb-timeline-desc-content\">\u0160iandienin\u0117 logotipo versija atsirado i\u0161 V (su lapeliu) ir pirm\u0105 kart\u0105 buvo panaudota \u0160veicarijoje organizacijai Swissveg sertifikuojant produktus bei paslaugas.<\/p><div class=\"uagb-timeline__arrow\"><\/div><\/div><\/div><div class=\"uagb-timeline__date-new\">1996<\/div><\/article>\n\n\n\n<article class=\"wp-block-uagb-content-timeline-child uagb-timeline__field uagb-timeline-child-80b2bf35-1676-4f1d-a011-a5a17a65a33a uagb-timeline__left\"><div class=\"uagb-timeline__marker out-view-uagb-timeline__icon\"><svg xmlns=\"https:\/\/www.w3.org\/2000\/svg\" viewbox=\"0 0 512 512\"><path d=\"M512 165.4c0 127.9-70.05 235.3-175.3 270.1c-20.04 7.938-41.83 12.46-64.69 12.46c-64.9 0-125.2-36.51-155.7-94.47c-54.13 49.93-68.71 107-68.96 108.1C44.72 472.6 34.87 480 24.02 480c-1.844 0-3.727-.2187-5.602-.6562c-12.89-3.098-20.84-16.08-17.75-28.96c9.598-39.5 90.47-226.4 335.3-226.4C344.8 224 352 216.8 352 208S344.8 192 336 192C228.6 192 151 226.6 96.29 267.6c.1934-10.82 1.242-21.84 3.535-33.05c13.47-65.81 66.04-119 131.4-134.2c28.33-6.562 55.68-6.013 80.93-.0054c56 13.32 118.2-7.412 149.3-61.24c5.664-9.828 20.02-9.516 24.66 .8282C502.7 76.76 512 121.9 512 165.4z\"><\/path><\/svg><\/div><div class=\"uagb-timeline__day-new uagb-timeline__day-left uagb-timeline__events-inner-new\"><div class=\"uagb-timeline__events-inner--content\"><div class=\"uagb-timeline__date-hide uagb-timeline__inner-date-new\">1999<\/div><p class=\"uagb-timeline__heading\"><\/p><p class=\"uagb-timeline-desc-content\">V-Label buvo pristatytas EVU Kongrese \u0160veicarijoje, su tikslu prad\u0117ti Europin\u0119 kooperacij\u0105.<\/p><div class=\"uagb-timeline__arrow\"><\/div><\/div><\/div><div class=\"uagb-timeline__date-new\">1999<\/div><\/article>\n\n\n\n<article class=\"wp-block-uagb-content-timeline-child uagb-timeline__field uagb-timeline-child-9f284d61-a4a9-4181-a753-33206d95e0f0 uagb-timeline__right\"><div class=\"uagb-timeline__marker out-view-uagb-timeline__icon\"><svg xmlns=\"https:\/\/www.w3.org\/2000\/svg\" viewbox=\"0 0 512 512\"><path d=\"M512 165.4c0 127.9-70.05 235.3-175.3 270.1c-20.04 7.938-41.83 12.46-64.69 12.46c-64.9 0-125.2-36.51-155.7-94.47c-54.13 49.93-68.71 107-68.96 108.1C44.72 472.6 34.87 480 24.02 480c-1.844 0-3.727-.2187-5.602-.6562c-12.89-3.098-20.84-16.08-17.75-28.96c9.598-39.5 90.47-226.4 335.3-226.4C344.8 224 352 216.8 352 208S344.8 192 336 192C228.6 192 151 226.6 96.29 267.6c.1934-10.82 1.242-21.84 3.535-33.05c13.47-65.81 66.04-119 131.4-134.2c28.33-6.562 55.68-6.013 80.93-.0054c56 13.32 118.2-7.412 149.3-61.24c5.664-9.828 20.02-9.516 24.66 .8282C502.7 76.76 512 121.9 512 165.4z\"><\/path><\/svg><\/div><div class=\"uagb-timeline__day-new uagb-timeline__day-right uagb-timeline__events-inner-new\"><div class=\"uagb-timeline__events-inner--content\"><div class=\"uagb-timeline__date-hide uagb-timeline__inner-date-new\">2019<\/div><p class=\"uagb-timeline__heading\"><\/p><p class=\"uagb-timeline-desc-content\">D\u0117l prad\u0117to bendradarbiavimo tarp V-Label GmbH ir V-Label Italia, \u0161i kooperacija peraugo \u012f pasaulin\u0119.<\/p><div class=\"uagb-timeline__arrow\"><\/div><\/div><\/div><div class=\"uagb-timeline__date-new\">2019<\/div><\/article>\n<div class=\"uagb-timeline__line\"><div class=\"uagb-timeline__line__inner\"><\/div><\/div><\/div>\n\n<h2 class=\"wp-block-heading has-text-align-center\">\u017dymiojo \u201eV\u201c atsiradimas<\/h2>\n\n<p>Dar XX a. 8-ajame de\u0161imtmetyje, \u0161iandienins dizainas (V su lapeliu vir\u0161utiniame de\u0161iniajame kampe) buvo prad\u0117tas naudoti kaip vegetari\u0161ko gyvenimo b\u016bdo simbolis, o pirm\u0105 kart\u0105 oficialiai panaudotas Italijoje AVI organizacijos logotipui. V\u0117liau sek\u0117 ir tarptautinis \u017einomumas, aplank\u0119s po logotipo pristatymo Europos Vegetar\u0173 Kongrese 1985. Tais pa\u010diais metais buvo \u012fkurta ir Europos Vegetar\u0173 S\u0105junga (EVU), kuri nuo pat prad\u017ei\u0173 \u201eV\u201c simbol\u012f \u012ftrauk\u0117 \u012f savo logotip\u0105. Turint omeny \u0161iuos faktus, nenuostabu, jog \u0161iandien globaliai vis didesnis skai\u010dius \u012fstaig\u0173 naudoja \u0161\u012f logotip\u0105, taip u\u017etvirtinant jo pozicij\u0105 vegetar\u0173 ir vegan\u0173 pasaulyje.    <\/p>\n\n<h2 class=\"wp-block-heading has-text-align-center\">Pirmieji sertifikatai<\/h2>\n\n<p>1996 \u0161iandieninis <a href=\"http:\/\/www.swissveg.ch\" target=\"_blank\" data-type=\"URL\" data-id=\"www.swissveg.ch\" rel=\"noreferrer noopener\">Swissveg<\/a> (tuo metu Schweizerische Vereinigung f\u00fcr Vegetarismus SVV) \u017eeng\u0117 pirmuosius \u017eingsnius pradedant naudoti \u201eV\u201c \u017eenkl\u0105 supaprastintam produkt\u0173 sud\u0117\u010di\u0173 perteikimui. Jau kitais metais \u0160veicarijoje buvo paleista pirmoji m\u0117sos pakaital\u0173 produkt\u0173 linija, padabinta V-Label \u017eenklu. Sukurta did\u017eiausios ma\u017emenin\u0117s prekybos \u0160veicar\u0173 \u012fmon\u0117s Migros, Cornatur produkt\u0173 linija, su Swissveg pagalba sulauk\u0117 did\u017eiul\u0117s s\u0117km\u0117s. <\/p>\n\n<h2 class=\"wp-block-heading has-text-align-center\">Tarptautinis pl\u0117timasis<\/h2>\n\n<p>Renato Pichler 1999 metais, \u0160veicarijoje, b\u016bdamas tiek Swissveg, tiek EVU prezidentas, o kartu ir V-Label iniciatorius, pristat\u0117 \u0161\u012f projekt\u0105 Europos Vegetar\u0173 Kongresui. Visos dalyvavusios delegacijos buvo pakviestos integruoti V-Label projekt\u0105 \u012f savo \u0161alyse vykdom\u0105 veikl\u0105. Nuo pat to momento stabiliai augo atskir\u0173 Europos valstybi\u0173 sertifikuojan\u010di\u0173 partneri\u0173 skai\u010dius, i\u0161 kuri\u0173 \u0161iuo metu prakti\u0161kai visi yra prisijung\u0119 prie V-Label projekto.   <\/p>\n\n<p>Tam, jog b\u016bt\u0173 pabr\u0117\u017eta nepriklausoma V-Label prigimtis, suma\u017einta ekonomin\u0117 rizika bei u\u017etikrintas projekto ilgaam\u017ei\u0161kumas, nuo pat 2008 met\u0173 prek\u0117s \u017eenklo teis\u0117s valdo i\u0161skirtinai \u0161iam tikslui \u0160veicarijoje \u012fsteigta V-Label GmbH. \u0160ios \u012fmon\u0117s \u012fk\u016brimas buvo b\u016btinas ir tam, jog ne pelno siekian\u010dios atskir\u0173 \u0161ali\u0173 organizacijos gal\u0117t\u0173 s\u0117kmingiau \u012fsitraukti \u012f projekt\u0105 (daugelyje \u0161ali\u0173 d\u0117l teisini\u0173 ir\/ar mokestini\u0173 kli\u016b\u010di\u0173 n\u0117ra galimyb\u0117s ne pelno siekian\u010dioms organizacijoms i\u0161duoti kokybines licencijas-\u017eenklus). Tokiu b\u016bdu pasir\u016bpinama itin sud\u0117tingu ir brangiu tarptautinio prek\u0117s \u017eenklo apsaugojimo klausimu, jo atsakomyb\u0119 perkeliant tre\u010diajai \u0161aliai.  <\/p>\n\n<p>Tuo tarpu nuo 2019 met\u0173 s\u0117kmingai bendradarbiaujame su V-Label Italia.<\/p>\n\n<h2 class=\"wp-block-heading has-text-align-center\">Esama situacija<\/h2>\n\n<p>V-Label nuolatos kinta, visi sprendimai yra priimami bendru nutarimu, dalyvaujant vegetar\u0173 bei vegan\u0173 organizacijoms (pvz. Swissveg, Proveg International, Vegan Society Austria ir t.t.). Kadangi did\u017eioji dalis sertifikavimo darbo tenka vietiniams partneriams, tad did\u017eioji dalis (vidutini\u0161kai apie 90 %) pajam\u0173 ir lieka partneriams. Tokiu b\u016bdu galima u\u017etikrinti, jog auditai atliekami profesionaliai vietini\u0173 \u012fmoni\u0173, o nacionalin\u0117s (vietin\u0117s) organizacijos gauna pajam\u0173 \u0161altin\u012f. Nedidel\u0117 dalis pajam\u0173 tenka V-Label GmbH Winterthur prek\u0117s \u017eenklo apsaugai, pl\u0117trai \u012f kitas \u0161alis bei naujas produkt\u0173 kategorijas. Taip pat V-Label pajamos skiriamos tarptautin\u0117ms reklamos kampanijoms finansuoti, tarptautini\u0173 interneto svetaini\u0173, duomen\u0173 bazi\u0173 i\u0161laikymui bei koordinuojant ir u\u017etikrinant vienod\u0105 kokyb\u0117s kontrol\u0119 visose \u0161alyse. Galiausiai, susitarimas su EVU garantuoja, jog organizacijos tarptautiniai vie\u0161ieji ry\u0161iai bei kontakt\u0173 tinklas gauna naud\u0105 i\u0161 V-Label.      <\/p>\n\n<h2 class=\"wp-block-heading has-text-align-center\">\u201eV-Label\u201c ateitis<\/h2>\n\n<p>Europoje \u201eV-Label\u201c \u012fsitvirtino pirmiausia maisto sektoriuje. Remiantis \u0160veicarijos ir Vokietijos apklausomis, tai jau daugel\u012f met\u0173 yra geriausiai \u017einomas maisto preki\u0173 \u017eenklas. \u201eV-Label\u201c \u0161iuo metu taip pat pristatomas gastronomijos ir kosmetikos sektoriuose, o po j\u0173 seks valymo priemon\u0117s ir kiti ne maisto produktai.   <\/p>\n\n<p>Tuo pa\u010diu metu \u017eenklo populiarumas kerta Europos sienas \u2013 \u201eV-Label\u201c \u017eym\u0117jimo paklausa ypa\u010d didel\u0117 Lotyn\u0173 Amerikoje ir Azijoje.<\/p>\n\n<h2 class=\"wp-block-heading has-text-align-center\">Visiems naudinga situacija<\/h2>\n\n<p>Remiantis keletu pastaraisiais metais Vidurio Europoje atlikt\u0173 apklaus\u0173, \u201eV-Label\u201c dabar yra geriausiai \u017einomas vegetari\u0161k\u0173 ir vegani\u0161k\u0173 produkt\u0173 \u017eenklas. \u0160veicarijoje 97 % vegan\u0173 ir 50 % bendrosios populiacijos atpa\u017e\u012fsta \u201eV-Label\u201c (palyginti: \u017eenkl\u0105 su g\u0117le ir u\u017era\u0161u \u201evegan\u201c atpa\u017e\u012fsta tik 15 % gyventoj\u0173).  <\/p>\n\n<p>\u201eV-Label\u201c skatina vietines veganizm\u0105 populiarinan\u010dias organizacijas, novatori\u0161kus gamintojus ir tarptautin\u012f augalinio gyvenimo b\u016bdo jud\u0117jim\u0105. Kartu, skaidriu ir kontroliuojamu sertifikavimo procesu, lengvina vis\u0173 fleksitar\u0173, vegetar\u0173 ir vegan\u0173 gyvenim\u0105, bei skatina tarptautin\u012f organizacij\u0173 bendradarbiavim\u0105, taip \u201eV-Label\u201c padarant vienu vertingiausi\u0173 ir s\u0117kmingiausi\u0173 pasaulinio vegetar\u0173 ir vegan\u0173 jud\u0117jimo projekt\u0173. <\/p>\n","protected":false},"excerpt":{"rendered":"<p>\u0160iandien V-Label yra labiausiai atpa\u017e\u012fstamas vegetari\u0161ko ir vegani\u0161ko maisto \u017eym\u0117jimo \u017eenklas. Kaip tai buvo pasiekta? \u017dymiojo \u201eV\u201c atsiradimas Dar XX a. 8-ajame de\u0161imtmetyje, \u0161iandienins dizainas (V su lapeliu vir\u0161utiniame de\u0161iniajame kampe) buvo prad\u0117tas naudoti kaip vegetari\u0161ko gyvenimo b\u016bdo simbolis, o pirm\u0105 kart\u0105 oficialiai panaudotas Italijoje AVI organizacijos logotipui. V\u0117liau sek\u0117 ir tarptautinis \u017einomumas, aplank\u0119s po [&hellip;]<\/p>\n","protected":false},"author":5,"featured_media":70065,"parent":69915,"menu_order":0,"comment_status":"closed","ping_status":"closed","template":"","meta":{"_acf_changed":false,"_editorskit_title_hidden":false,"_editorskit_reading_time":0,"_editorskit_is_block_options_detached":false,"_editorskit_block_options_position":"{}","inline_featured_image":false,"_uag_custom_page_level_css":"","footnotes":""},"categories":[],"tags":[],"class_list":["post-70064","page","type-page","status-publish","has-post-thumbnail","hentry"],"acf":[],"uagb_featured_image_src":{"full":["https:\/\/www.v-label.com\/wp-content\/uploads\/2022\/09\/shutterstock-554080540-2000x600-1.jpeg",2000,600,false],"thumbnail":["https:\/\/www.v-label.com\/wp-content\/uploads\/2022\/09\/shutterstock-554080540-2000x600-1-500x150.jpeg",500,150,true],"medium":["https:\/\/www.v-label.com\/wp-content\/uploads\/2022\/09\/shutterstock-554080540-2000x600-1-300x90.jpeg",300,90,true],"medium_large":["https:\/\/www.v-label.com\/wp-content\/uploads\/2022\/09\/shutterstock-554080540-2000x600-1-768x230.jpeg",768,230,true],"large":["https:\/\/www.v-label.com\/wp-content\/uploads\/2022\/09\/shutterstock-554080540-2000x600-1-1024x307.jpeg",1024,307,true],"1536x1536":["https:\/\/www.v-label.com\/wp-content\/uploads\/2022\/09\/shutterstock-554080540-2000x600-1-1536x461.jpeg",1536,461,true],"2048x2048":["https:\/\/www.v-label.com\/wp-content\/uploads\/2022\/09\/shutterstock-554080540-2000x600-1.jpeg",2000,600,false],"preview":["https:\/\/www.v-label.com\/wp-content\/uploads\/2022\/09\/shutterstock-554080540-2000x600-1-904x600.jpeg",904,600,true],"header":["https:\/\/www.v-label.com\/wp-content\/uploads\/2022\/09\/shutterstock-554080540-2000x600-1-2000x720.jpeg",2000,720,true],"gform-image-choice-sm":["https:\/\/www.v-label.com\/wp-content\/uploads\/2022\/09\/shutterstock-554080540-2000x600-1.jpeg",300,90,false],"gform-image-choice-md":["https:\/\/www.v-label.com\/wp-content\/uploads\/2022\/09\/shutterstock-554080540-2000x600-1.jpeg",400,120,false],"gform-image-choice-lg":["https:\/\/www.v-label.com\/wp-content\/uploads\/2022\/09\/shutterstock-554080540-2000x600-1.jpeg",600,180,false]},"uagb_author_info":{"display_name":"Can Aslan","author_link":"https:\/\/www.v-label.com\/lt"},"uagb_comment_info":0,"uagb_excerpt":"\u0160iandien V-Label yra labiausiai atpa\u017e\u012fstamas vegetari\u0161ko ir vegani\u0161ko maisto \u017eym\u0117jimo \u017eenklas. Kaip tai buvo pasiekta? \u017dymiojo \u201eV\u201c atsiradimas Dar XX a. 8-ajame de\u0161imtmetyje, \u0161iandienins dizainas (V su lapeliu vir\u0161utiniame de\u0161iniajame kampe) buvo prad\u0117tas naudoti kaip vegetari\u0161ko gyvenimo b\u016bdo simbolis, o pirm\u0105 kart\u0105 oficialiai panaudotas Italijoje AVI organizacijos logotipui. V\u0117liau sek\u0117 ir tarptautinis \u017einomumas, aplank\u0119s po&hellip;","_links":{"self":[{"href":"https:\/\/www.v-label.com\/lt\/wp-json\/wp\/v2\/pages\/70064","targetHints":{"allow":["GET"]}}],"collection":[{"href":"https:\/\/www.v-label.com\/lt\/wp-json\/wp\/v2\/pages"}],"about":[{"href":"https:\/\/www.v-label.com\/lt\/wp-json\/wp\/v2\/types\/page"}],"author":[{"embeddable":true,"href":"https:\/\/www.v-label.com\/lt\/wp-json\/wp\/v2\/users\/5"}],"replies":[{"embeddable":true,"href":"https:\/\/www.v-label.com\/lt\/wp-json\/wp\/v2\/comments?post=70064"}],"version-history":[{"count":5,"href":"https:\/\/www.v-label.com\/lt\/wp-json\/wp\/v2\/pages\/70064\/revisions"}],"predecessor-version":[{"id":111579,"href":"https:\/\/www.v-label.com\/lt\/wp-json\/wp\/v2\/pages\/70064\/revisions\/111579"}],"up":[{"embeddable":true,"href":"https:\/\/www.v-label.com\/lt\/wp-json\/wp\/v2\/pages\/69915"}],"wp:featuredmedia":[{"embeddable":true,"href":"https:\/\/www.v-label.com\/lt\/wp-json\/wp\/v2\/media\/70065"}],"wp:attachment":[{"href":"https:\/\/www.v-label.com\/lt\/wp-json\/wp\/v2\/media?parent=70064"}],"wp:term":[{"taxonomy":"category","embeddable":true,"href":"https:\/\/www.v-label.com\/lt\/wp-json\/wp\/v2\/categories?post=70064"},{"taxonomy":"post_tag","embeddable":true,"href":"https:\/\/www.v-label.com\/lt\/wp-json\/wp\/v2\/tags?post=70064"}],"curies":[{"name":"wp","href":"https:\/\/api.w.org\/{rel}","templated":true}]}}