{"id":8627,"date":"2022-05-30T16:16:08","date_gmt":"2022-05-30T14:16:08","guid":{"rendered":"https:\/\/www.v-label.com\/faqs\/"},"modified":"2022-12-10T16:07:21","modified_gmt":"2022-12-10T15:07:21","slug":"faqs","status":"publish","type":"page","link":"https:\/\/www.v-label.com\/nl\/faqs\/","title":{"rendered":"FAQ"},"content":{"rendered":"\n<h3 class=\"has-text-align-center wp-block-heading\">Hier vind je antwoorden op vragen die je kan hebben over het V-Label.<\/h3>\n\n\n\r\n<section id=\"accordion-block_af93c4548c1a16fbf849763e88833757\" class=\"wp-block-accordion\">\r\n\t\t\t<button class=\"toggle_open\" id=\"button_toggle\">Expand all<\/button>\r\n\t\t<ul class=\"posts_list_accordion\">\r\n\t\t\t\t\t\t\t<li>\r\n\t\t\t\t\t\t\t\t\t\t\t\t\t\t\t\t\t<h4 id=\"\">Welke voordelen biedt het V-Label keurmerk in vergelijking met andere veggie-labels?<i class=\"icon-angle-down\"><\/i><\/h4>\r\n\t\t\t\t\t\t\t\t\t\t\t\t\t\t\t\t<div class=\"accordion_text\"><p>Vele bedrijven en producenten gebruiken hun eigen veggie-labels om hun producten te kentekenen. Bij deze labels defini\u00ebren zij echter zelf de criteria waaraan vegan en vegetarische producten moeten voldoen. Dit leidt ertoe dat deze labels niet zomaar door andere bedrijven en producenten kunnen gebruikt worden. Onvoldoende achtergrondkennis bij bedrijven over diverse ingredi\u00ebnten en productieprocessen kan dan leiden tot een incorrecte labeling. Deze zelf gecre\u00eberde labels zijn dus meer &#8216;marketing-logo&#8217;s&#8217; en worden niet door onafhankelijke organen gecontroleerd, hetgeen betekent dat een onjuiste labeling soms niet door de consument wordt opgemerkt. Consumenten zijn steeds meer vragende partij voor een transparant systeem waarmee ze vegan en vegetarische producten snel en betrouwbaar kunnen identificeren.<\/p>\n<p>Momenteel kan enkel het V-Label deze transparantie bieden dankzij gestandaardiseerde criteria voor de labeling van vegan en vegetarische producten. Het V-Label houdt in dat bedrijven de verantwoordelijkheid voor de kwaliteitsinspectie van hun vegan en vegetarische producten uit handen kunnen geven.<\/p>\n<p>Bovendien is het V-Label het enige onafhankelijke label in Europa in de categorie\u00ebn \u201cvegan\u201d en \u201cvegetarisch\u201d.<\/p>\n<\/div>\r\n\t\t\t\t\t\t\t\t\t<\/li>\r\n\t\t\t\t\t\t\t<li>\r\n\t\t\t\t\t\t\t\t\t\t\t\t\t\t\t\t\t<h4 id=\"\">Waarom kan men niet simpelweg de ingredi\u00ebntenlijst lezen?<i class=\"icon-angle-down\"><\/i><\/h4>\r\n\t\t\t\t\t\t\t\t\t\t\t\t\t\t\t\t<div class=\"accordion_text\"><p>Enkel de ingredi\u00ebntenlijst lezen biedt weinig zekerheid over het feit of een product vegan of vegetarisch is. Sommige ingredi\u00ebnten zijn bijvoorbeeld gespecificeerd als E-nummers, waarmee de meeste consumenten weinig vertrouwd zijn. Andere ingredi\u00ebnten worden dan weer niet vermeld omdat er geen declaratieplicht voor bestaat. Het is ook niet altijd duidelijk of bepaalde ingredi\u00ebnten van plantaardige oorsprong zijn. Zo worden additieven \u2013 die vaak van dierlijke afkomst zijn \u2013 doorgaans niet opgenomen in ingredi\u00ebntenlijsten. Wijzigingen aan recepten kunnen betekenen dat geliefde vegan of vegetarische producten opeens dierlijke producten bevatten zonder dat de consumenten dit merken. Bij producten die een V-Label dragen ondergaat niet enkel de samenstelling een grondige inspectie, maar wordt ook elke individuele productiestap in de ontwikkeling van een product gecontroleerd.<\/p>\n<p>Het V-Label is daarom een snelle en betrouwbare indicator, die de consument de moeite bespaart om ingredi\u00ebntenlijsten te bestuderen.<\/p>\n<\/div>\r\n\t\t\t\t\t\t\t\t\t<\/li>\r\n\t\t\t\t\t\t\t<li>\r\n\t\t\t\t\t\t\t\t\t\t\t\t\t\t\t\t\t<h4 id=\"\">Wat zijn de criteria voor certificering van producten als vegan of vegetarisch middels het V-Label?<i class=\"icon-angle-down\"><\/i><\/h4>\r\n\t\t\t\t\t\t\t\t\t\t\t\t\t\t\t\t<div class=\"accordion_text\"><p>De definities van de termen \u201cvegan\u201d en \u201cvegetarisch\u201d, zoals ze voor het V-Label keurmerk gebruikt worden, komen overeen met de aanbevolen definitie die gespecificeerd werd tijdens de 12e Conferentie voor Consumentenbescherming op 22 april 2016, in Duitsland.<\/p>\n<p><strong>Vegetarisch<\/strong><\/p>\n<p>Voedsel en andere producten die geen dieren of delen van dieren bevatten worden als vegetarisch beschouwd. Deze definitie heeft ook betrekking op alle productie- en verwerkingsstappen. Voedsel en producten die als vegetarisch gekenmerkt zijn kunnen wel geproduceerd worden met behulp van levende dieren en\/of producten van dierlijke oorsprong.<\/p>\n<p><strong>Vegan<\/strong><\/p>\n<p>Voedsel en andere producten die geen dieren of dierlijke producten bevatten worden als vegan beschouwd. Bij de productie van voedsel en producten die als vegan gekenmerkt zijn mag dus geen gebruik gemaakt worden van levende dieren en mogen geen producten van dierlijke oorsprong ingezet worden. Deze definitie heeft ook betrekking op alle productie- en verwerkingsstappen.<\/p>\n<p><strong>Bijkomende criteria van het V-Label<\/strong><\/p>\n<p>Het V-Label wordt nooit toegekend in volgende gevallen:<\/p>\n<ul>\n<li>Voor producten die GMO\u00b4s (genetisch gemodificeerde organismen) bevatten<\/li>\n<li>Voor producten die eieren bevatten afkomstig van legbatterijen (met inbegrip van verrijkte kooien en groepskooien)<\/li>\n<\/ul>\n<p><strong>Verpakking<\/strong><\/p>\n<p>Het V-Label sluit geen producten uit waarvan de verpakking dierlijke producten bevat. Bedrijven worden echter aangemoedigd om vrijwillig verpakkingen te vermijden die producten bevatten die afgeleid zijn van dieren.<\/p>\n<p><strong>Bevruchting en teelt<\/strong><\/p>\n<p>Het toekenningsproces voor het V-Label voor producten en ingredi\u00ebnten start bij de oogst. Het gebruik van meststoffen in de bodem waar de grondstoffen voor met V-Label gecertificeerde producten worden gekweekt werd niet als criterium opgenomen. De voorkeur gaat echter wel uit naar grondstoffen uit vegan, biologische landbouw, en bedrijven worden aangemoedigd om op vrijwillige basis meststoffen die dierlijke producten bevatten te vermijden.<\/p>\n<p><strong>Sporen van ingredi\u00ebnten en verontreinigingen<\/strong><\/p>\n<p>Bedrijven beslissen zelf of ze op de verpakking aangeven of er tijdens het productieproces eventueel minimale verontreiniging met allergenen of dierlijke producten kan optreden. Bedrijven die de mogelijke aanwezigheid van sporen van ingredi\u00ebnten expliciet vermelden beschermen zichzelf tegen eventuele wettelijke gevolgen indien consumenten allergische reacties vertonen. Deze vermelding op de verpakking betekent echter niet noodzakelijk dat het eindproduct ook daadwerkelijk dierlijke producten bevat; de informatie waarschuwt gebruikers enkel in verband met de mogelijkheid van minimale contaminatie tijdens het productieproces.<\/p>\n<p>Producten die deze informatie dragen beantwoorden nog steeds aan de criteria van het V-Label indien er op geen enkel moment van het productieproces opzettelijk dierlijke producten worden toegevoegd. Het productieproces moet zo ontworpen worden dat een mogelijke verontreiniging met dierlijke producten wordt vermeden. Volgens de criteria van het V-Label mag de totale contaminatie met alle traceerbare dierlijke ingredi\u00ebnten in het eindproduct niet meer bedragen dan 0,1% (1 g\/kg). Voor bepaalde productgroepen worden andere regels gebruikt die gebaseerd zijn op een \u201ctechnisch haalbare detectielimiet\u201d.<\/p>\n<p><strong>Voorbeelden<\/strong><\/p>\n<p>Het V-Label wordt nooit toegekend voor de volgende producten of voor producten die \u00e9\u00e9n van de volgende ingredi\u00ebnten bevatten:<\/p>\n<ul>\n<li>Slachtbijproducten<\/li>\n<li>Vetten afkomstig van vis, delen van vissen of anderen zeedieren<\/li>\n<li>Aroma&#8217;s van dierlijke oorsprong (met uitzondering van aroma&#8217;s op melkbasis)<\/li>\n<li>Eieren afkomstig van andere dieren dan gevogelte (bv. kaviaar)<\/li>\n<li>Melkproducten waarin dierlijk stremsel gebruikt is<\/li>\n<li>Koninginnengelei<\/li>\n<li>Kleurstoffen gemaakt uit ingredi\u00ebnten op basis van dieren (bv. cochenille)<\/li>\n<li>Suikers waarbij in het verwerkingsproces beendermeel werd gebruikt (bv. vruchtensap, suiker)<\/li>\n<li>Draagstoffen of additieven op basis van dierlijke producten<\/li>\n<li>Klaring met producten van dierlijke oorsprong (bv. gelatine, vislijm)<\/li>\n<\/ul>\n<p>Het V-Label in de categorie \u201cvegan\u201d wordt enkel toegekend voor producten die bovendien vrij zijn van dierlijke producten als:<\/p>\n<ul>\n<li>Eieren<\/li>\n<li>Honing<\/li>\n<li>Melkproducten<\/li>\n<li>Dierlijke was<\/li>\n<li>Kleurstoffen gemaakt uit dierlijke producten<\/li>\n<li>Draagstoffen of additieven op basis van dierlijke producten<\/li>\n<li>Klaring op basis van producten afkomstig van dieren (bv. eiwit)<\/li>\n<\/ul>\n<\/div>\r\n\t\t\t\t\t\t\t\t\t<\/li>\r\n\t\t\t\t\t\t\t<li>\r\n\t\t\t\t\t\t\t\t\t\t\t\t\t\t\t\t\t<h4 id=\"\">Op welke basis worden voedingsmiddelen en andere producten geclassificeerd als \u201cvegan\u201d of \u201cvegetarisch\u201d?<i class=\"icon-angle-down\"><\/i><\/h4>\r\n\t\t\t\t\t\t\t\t\t\t\t\t\t\t\t\t<div class=\"accordion_text\"><p>Bedrijven die de toelating wensen voor het gebruik van het V-Label om hun producten te labelen moeten de volledige samenstelling van de betreffende producten en alle additieven declareren aan de licentiegever. Op basis van deze zelfuitgevoerde declaratie en een inspectie door het V-Label-team kunnen voedsel en andere producten dan geklasseerd worden als \u201cvegan\u201d of \u201cvegetarisch\u201d.<\/p>\n<\/div>\r\n\t\t\t\t\t\t\t\t\t<\/li>\r\n\t\t\t\t\t\t\t<li>\r\n\t\t\t\t\t\t\t\t\t\t\t\t\t\t\t\t\t<h4 id=\"\">Welke stappen worden ondernomen om te garanderen dat bedrijven voldoen aan de criteria van het V-Label?<i class=\"icon-angle-down\"><\/i><\/h4>\r\n\t\t\t\t\t\t\t\t\t\t\t\t\t\t\t\t<div class=\"accordion_text\"><p>Het V-Label behoudt het recht om kwaliteitsmetingen door te voeren, teneinde de geloofwaardigheid en de beloofde voordelen van het V-Label te waarborgen.<\/p>\n<p>Alle receptwijzigingen of procesveranderingen in het kader van de productie van voeding of andere producten die het V-Label dragen moet onmiddellijk gerapporteerd worden aan de verantwoordelijken voor kwaliteitsmanagement van het V-Label-team. Vanaf het moment dat het bedrijf de relevante veranderingen heeft gerapporteerd wordt een nieuwe inspectie doorgevoerd.<\/p>\n<\/div>\r\n\t\t\t\t\t\t\t\t\t<\/li>\r\n\t\t\t\t\t\t\t<li>\r\n\t\t\t\t\t\t\t\t\t\t\t\t\t\t\t\t\t<h4 id=\"\">Zijn er producten waarvoor het V-Label niet zinvol is?<i class=\"icon-angle-down\"><\/i><\/h4>\r\n\t\t\t\t\t\t\t\t\t\t\t\t\t\t\t\t<div class=\"accordion_text\"><p>Niet voor alle types voedingswaren is het V-Label zinvol. Mono-producten zoals thee\u00ebn, kruiden en mineraalwater, evenals rauwe voedingsmiddelen zoals onverwerkte groenten zijn altijd plantaardig en hebben een dusdanige labeling niet nodig. Het is natuurlijk niet verkeerd om het V-Label te gebruiken voor producten die overduidelijk vegan of vegetarisch zijn, maar we beschouwen het niet als raadzaam.<\/p>\n<\/div>\r\n\t\t\t\t\t\t\t\t\t<\/li>\r\n\t\t\t\t\t\t\t<li>\r\n\t\t\t\t\t\t\t\t\t\t\t\t\t\t\t\t\t<h4 id=\"\">Welke kosten kunnen bedrijven verwachten die het V-Label willen gebruiken?<i class=\"icon-angle-down\"><\/i><\/h4>\r\n\t\t\t\t\t\t\t\t\t\t\t\t\t\t\t\t<div class=\"accordion_text\"><p>Aan het gebruik van het V-Label is een jaarlijkse licentiekost verbonden en een eenmalige inspectievergoeding.<\/p>\n<\/div>\r\n\t\t\t\t\t\t\t\t\t<\/li>\r\n\t\t\t\t\t\t\t<li>\r\n\t\t\t\t\t\t\t\t\t\t\t\t\t\t\t\t\t<h4 id=\"\">Hoe lang kan het duren eer bedrijven een toelating krijgen?<i class=\"icon-angle-down\"><\/i><\/h4>\r\n\t\t\t\t\t\t\t\t\t\t\t\t\t\t\t\t<div class=\"accordion_text\"><p>Het licentieproces omvat vijf stappen. Wanneer een bedrijf een eerste aanvraag heeft ingediend, wordt op basis van de bedrijfsgegevens een offerte opgesteld. Op het moment dat de offerte aanvaard wordt door het bedrijf, wordt een licentieovereenkomst afgesloten. Vervolgens controleert de licentiegever alle productdetails. Na een grondige inspectie wordt \u2013 indien de licentieaanvrager tevreden is met het resultaat \u2013 de V-Label-licentie toegekend. Uiteindelijk wordt de productverpakking nagekeken en goedgekeurd.<\/p>\n<p>Bij een gestandaardiseerd licentieproces kan het twee tot acht weken duren eer een bedrijf uiteindelijk het fiat krijgt om het V-Label te gebruiken.\u00a0 Bij deze procedure krijgt de betreffende aanvraag voorrang en worden de voorziene controles binnen de tien werkdagen uitgevoerd.<\/p>\n<\/div>\r\n\t\t\t\t\t\t\t\t\t<\/li>\r\n\t\t\t\t\t\t\t<li>\r\n\t\t\t\t\t\t\t\t\t\t\t\t\t\t\t\t\t<h4 id=\"\">Welk contract ontvangen bedrijven?<i class=\"icon-angle-down\"><\/i><\/h4>\r\n\t\t\t\t\t\t\t\t\t\t\t\t\t\t\t\t<div class=\"accordion_text\"><p><strong>Geldigheidsduur<\/strong><\/p>\n<p>De contractuele relatie duurt in principe \u00e9\u00e9n jaar. Een verlate aanvangsdatum kan vastgelegd worden bijvoorbeeld in het kader van toekomstige productlanceringen. Het contract wordt automatisch verlengd indien het niet uiterlijk drie maanden voor de vervaldag schriftelijk opgezegd wordt.<\/p>\n<p><strong>Licentiecertificaat<\/strong><\/p>\n<p>Eens het licentieproces afgerond is wordt een licentiecertificaat uitgereikt voor het product in de betreffende categorie (vegan of vegetarisch).<\/p>\n<\/div>\r\n\t\t\t\t\t\t\t\t\t<\/li>\r\n\t\t\t\t\t\t\t<li>\r\n\t\t\t\t\t\t\t\t\t\t\t\t\t\t\t\t\t<h4 id=\"\">Welke informatie moeten bedrijven verstrekken in het kader van het licentieproces?<i class=\"icon-angle-down\"><\/i><\/h4>\r\n\t\t\t\t\t\t\t\t\t\t\t\t\t\t\t\t<div class=\"accordion_text\"><ul>\n<li>Totale jaarlijkse omzet<\/li>\n<li>Aantal producten die gelabeld dienen te worden<\/li>\n<li>Klanten van de producten waarvoor het V-Label wordt aangevraagd<\/li>\n<\/ul>\n<\/div>\r\n\t\t\t\t\t\t\t\t\t<\/li>\r\n\t\t\t\t\t\t\t<li>\r\n\t\t\t\t\t\t\t\t\t\t\t\t\t\t\t\t\t<h4 id=\"\">Wanneer kan ik inspecties op de productielocatie verwachten?\u00a0<i class=\"icon-angle-down\"><\/i><\/h4>\r\n\t\t\t\t\t\t\t\t\t\t\t\t\t\t\t\t<div class=\"accordion_text\"><p>Om er zeker van te zijn dat producten met het V-Label Keurmerk geproduceerd worden volgens de gemaakte afspraken, vinden er op alle V-Label productielocaties in Nederland inspecties plaats. Producenten van V-Label producten worden tijdig ge\u00efnformeerd door het V-Label team wanneer ze een inspectie moeten inplannen bij een van onze inspectiepartners. Alle inspecties vinden plaats op de productielocaties, er worden dus geen remote inspecties uitgevoerd voor het V-Label Keurmerk.<\/p>\n<\/div>\r\n\t\t\t\t\t\t\t\t\t<\/li>\r\n\t\t\t\t\t\t\t<li>\r\n\t\t\t\t\t\t\t\t\t\t\t\t\t\t\t\t\t<h4 id=\"\">Wat houdt zo\u2019n inspectie precies in?\u00a0<i class=\"icon-angle-down\"><\/i><\/h4>\r\n\t\t\t\t\t\t\t\t\t\t\t\t\t\t\t\t<div class=\"accordion_text\"><p><span class=\"TextRun SCXW149287061 BCX8\" lang=\"NL-NL\" xml:lang=\"NL-NL\" data-contrast=\"auto\"><span class=\"NormalTextRun SCXW149287061 BCX8\" data-ccp-parastyle=\"No Spacing\">Een door ons opgeleide inspecteur komt ter plaatse om de checklist van het V-Label door te nemen met de kwaliteitsmanager. Dit is volgens het lastenboek van het V-Label (criteria). De inspectie duurt over het algemeen tussen de 1,5-3<\/span> <span class=\"NormalTextRun SCXW149287061 BCX8\" data-ccp-parastyle=\"No Spacing\">uur afhankelijk van de complexiteit van de situatie en eventuele <\/span><span class=\"NormalTextRun SCXW149287061 BCX8\" data-ccp-parastyle=\"No Spacing\">waargenomen problemen<\/span><span class=\"NormalTextRun SCXW149287061 BCX8\" data-ccp-parastyle=\"No Spacing\">.<\/span><\/span><span class=\"EOP SCXW149287061 BCX8\" data-ccp-props=\"{&quot;201341983&quot;:0,&quot;335559739&quot;:0,&quot;335559740&quot;:240}\">\u00a0<\/span><\/p>\n<\/div>\r\n\t\t\t\t\t\t\t\t\t<\/li>\r\n\t\t\t\t\t\t\t<li>\r\n\t\t\t\t\t\t\t\t\t\t\t\t\t\t\t\t\t<h4 id=\"\">Wat gebeurt er met productielocaties in het buitenland?\u00a0<i class=\"icon-angle-down\"><\/i><\/h4>\r\n\t\t\t\t\t\t\t\t\t\t\t\t\t\t\t\t<div class=\"accordion_text\"><p><span class=\"TextRun SCXW43016647 BCX8\" lang=\"NL-NL\" xml:lang=\"NL-NL\" data-contrast=\"auto\"><span class=\"NormalTextRun SCXW43016647 BCX8\" data-ccp-parastyle=\"No Spacing\">Inspecties<\/span><span class=\"NormalTextRun SCXW43016647 BCX8\" data-ccp-parastyle=\"No Spacing\"> in <\/span><span class=\"NormalTextRun SCXW43016647 BCX8\" data-ccp-parastyle=\"No Spacing\">het buitenland<\/span> <span class=\"NormalTextRun SCXW43016647 BCX8\" data-ccp-parastyle=\"No Spacing\">zullen<\/span> <span class=\"NormalTextRun SCXW43016647 BCX8\" data-ccp-parastyle=\"No Spacing\">op termijn <\/span><span class=\"NormalTextRun SCXW43016647 BCX8\" data-ccp-parastyle=\"No Spacing\">uitgevoerd worden door partn<\/span><span class=\"NormalTextRun SCXW43016647 BCX8\" data-ccp-parastyle=\"No Spacing\">ers in het desbetreffende<\/span> <span class=\"NormalTextRun SCXW43016647 BCX8\" data-ccp-parastyle=\"No Spacing\">land.<\/span><\/span><span class=\"EOP SCXW43016647 BCX8\" data-ccp-props=\"{&quot;201341983&quot;:0,&quot;335559739&quot;:0,&quot;335559740&quot;:240}\">\u00a0<\/span><\/p>\n<\/div>\r\n\t\t\t\t\t\t\t\t\t<\/li>\r\n\t\t\t\t\t\t\t<li>\r\n\t\t\t\t\t\t\t\t\t\t\t\t\t\t\t\t\t<h4 id=\"\">Hoeveel kunnen we verwachten dat de inspecties gaan kosten?\u00a0<i class=\"icon-angle-down\"><\/i><\/h4>\r\n\t\t\t\t\t\t\t\t\t\t\t\t\t\t\t\t<div class=\"accordion_text\"><p><span class=\"TextRun SCXW31212058 BCX8\" lang=\"NL-NL\" xml:lang=\"NL-NL\" data-contrast=\"auto\"><span class=\"NormalTextRun SCXW31212058 BCX8\" data-ccp-parastyle=\"No Spacing\">Gebaseerd op andere landen waar inspecties al plaats vinden zal het 1,5 tot 3 uur per locatie duren<\/span><span class=\"NormalTextRun SCXW31212058 BCX8\" data-ccp-parastyle=\"No Spacing\">. De kosten liggen aan het uurloon van het inspectiebedrijf.<\/span><span class=\"NormalTextRun SCXW31212058 BCX8\" data-ccp-parastyle=\"No Spacing\"> De inspectie mag samenvallen met een andere inspectie ter plaatse (bijv. <\/span><span class=\"NormalTextRun SCXW31212058 BCX8\" data-ccp-parastyle=\"No Spacing\">G<\/span><span class=\"NormalTextRun SCXW31212058 BCX8\" data-ccp-parastyle=\"No Spacing\">FS<\/span><span class=\"NormalTextRun SCXW31212058 BCX8\" data-ccp-parastyle=\"No Spacing\">I, ISO<\/span><span class=\"NormalTextRun SCXW31212058 BCX8\" data-ccp-parastyle=\"No Spacing\"> of een andere normering) om de kosten zo laag mogelijk te houden.\u00a0<\/span><\/span><span class=\"EOP SCXW31212058 BCX8\" data-ccp-props=\"{&quot;201341983&quot;:0,&quot;335559739&quot;:0,&quot;335559740&quot;:240}\">\u00a0<\/span><\/p>\n<\/div>\r\n\t\t\t\t\t\t\t\t\t<\/li>\r\n\t\t\t\t\t\t\t<li>\r\n\t\t\t\t\t\t\t\t\t\t\t\t\t\t\t\t\t<h4 id=\"\">Waarom moet ik een inspectie ondergaan?\u00a0<i class=\"icon-angle-down\"><\/i><\/h4>\r\n\t\t\t\t\t\t\t\t\t\t\t\t\t\t\t\t<div class=\"accordion_text\"><p><span class=\"TextRun SCXW73585409 BCX8\" lang=\"NL-NL\" xml:lang=\"NL-NL\" data-contrast=\"auto\"><span class=\"NormalTextRun SCXW73585409 BCX8\" data-ccp-parastyle=\"No Spacing\">Volgens de kwaliteitsnormen en licentieovereenkomst van het V-Label <\/span><span class=\"NormalTextRun SCXW73585409 BCX8\" data-ccp-parastyle=\"No Spacing\">zal <\/span><span class=\"NormalTextRun SCXW73585409 BCX8\" data-ccp-parastyle=\"No Spacing\">een inspectie ter verificatie van de V-Label criteria worden uitgevoerd door een onafhankelijk <\/span><span class=\"NormalTextRun SCXW73585409 BCX8\" data-ccp-parastyle=\"No Spacing\">inspectiebedrijf<\/span><span class=\"NormalTextRun SCXW73585409 BCX8\" data-ccp-parastyle=\"No Spacing\"> in elke productielocatie. Dit wordt ten minste \u00e9\u00e9n keer uitgevoerd<\/span><span class=\"NormalTextRun SCXW73585409 BCX8\" data-ccp-parastyle=\"No Spacing\">. Na afloop wordt op basis van een risicoanalyse door de inspecteur besproken wanneer een volgende inspectie nodig is (mogelijk niet elk jaar).<\/span><\/span><span class=\"EOP SCXW73585409 BCX8\" data-ccp-props=\"{&quot;201341983&quot;:0,&quot;335559739&quot;:0,&quot;335559740&quot;:240}\">\u00a0<\/span><\/p>\n<\/div>\r\n\t\t\t\t\t\t\t\t\t<\/li>\r\n\t\t\t\t\t\t\t<li>\r\n\t\t\t\t\t\t\t\t\t\t\t\t\t\t\t\t\t<h4 id=\"\">Mijn fabriek is 100% vegan, moet ik alsnog een inspectie ondergaan?\u00a0<i class=\"icon-angle-down\"><\/i><\/h4>\r\n\t\t\t\t\t\t\t\t\t\t\t\t\t\t\t\t<div class=\"accordion_text\"><p><span class=\"TextRun SCXW173032970 BCX8\" lang=\"NL-NL\" xml:lang=\"NL-NL\" data-contrast=\"auto\"><span class=\"NormalTextRun SCXW173032970 BCX8\" data-ccp-parastyle=\"No Spacing\">Ja, tenminste <\/span><span class=\"NormalTextRun SCXW173032970 BCX8\" data-ccp-parastyle=\"No Spacing\">\u00e9\u00e9n<\/span><span class=\"NormalTextRun SCXW173032970 BCX8\" data-ccp-parastyle=\"No Spacing\"> keer voor de verificatie van de V-Label criteria.\u00a0<\/span><\/span><span class=\"EOP SCXW173032970 BCX8\" data-ccp-props=\"{&quot;201341983&quot;:0,&quot;335559739&quot;:0,&quot;335559740&quot;:240}\">\u00a0<\/span><\/p>\n<\/div>\r\n\t\t\t\t\t\t\t\t\t<\/li>\r\n\t\t\t\t\t\t\t<li>\r\n\t\t\t\t\t\t\t\t\t\t\t\t\t\t\t\t\t<h4 id=\"\">Ontvang ik een certificaat na positieve afloop van de inspectie?\u00a0<i class=\"icon-angle-down\"><\/i><\/h4>\r\n\t\t\t\t\t\t\t\t\t\t\t\t\t\t\t\t<div class=\"accordion_text\"><p><span class=\"TextRun SCXW171544901 BCX8\" lang=\"NL-NL\" xml:lang=\"NL-NL\" data-contrast=\"auto\"><span class=\"NormalTextRun SCXW171544901 BCX8\" data-ccp-parastyle=\"No Spacing\">J<\/span><span class=\"NormalTextRun SCXW171544901 BCX8\" data-ccp-parastyle=\"No Spacing\">e<\/span><span class=\"NormalTextRun SCXW171544901 BCX8\" data-ccp-parastyle=\"No Spacing\"> ontvangt<\/span><span class=\"NormalTextRun SCXW171544901 BCX8\" data-ccp-parastyle=\"No Spacing\"> het rapport van de inspecteur, geen certificaat, omdat de fabriek niet wordt gecertificeerd, enkel de producten.<\/span> <span class=\"NormalTextRun SCXW171544901 BCX8\" data-ccp-parastyle=\"No Spacing\">Het <\/span><span class=\"NormalTextRun SCXW171544901 BCX8\" data-ccp-parastyle=\"No Spacing\">certificaat <\/span><span class=\"NormalTextRun SCXW171544901 BCX8\" data-ccp-parastyle=\"No Spacing\">van de producten is <\/span><span class=\"NormalTextRun SCXW171544901 BCX8\" data-ccp-parastyle=\"No Spacing\">al <\/span><span class=\"NormalTextRun SCXW171544901 BCX8\" data-ccp-parastyle=\"No Spacing\">in jullie bezit<\/span><span class=\"NormalTextRun SCXW171544901 BCX8\" data-ccp-parastyle=\"No Spacing\">.<\/span><\/span><span class=\"EOP SCXW171544901 BCX8\" data-ccp-props=\"{&quot;201341983&quot;:0,&quot;335559739&quot;:0,&quot;335559740&quot;:240}\">\u00a0<\/span><\/p>\n<\/div>\r\n\t\t\t\t\t\t\t\t\t<\/li>\r\n\t\t\t\t\t\t\t<li>\r\n\t\t\t\t\t\t\t\t\t\t\t\t\t\t\t\t\t<h4 id=\"\">Wat gebeurt er na afloop van de inspectie?\u00a0<i class=\"icon-angle-down\"><\/i><\/h4>\r\n\t\t\t\t\t\t\t\t\t\t\t\t\t\t\t\t<div class=\"accordion_text\"><p><span class=\"TextRun SCXW23825097 BCX8\" lang=\"NL-NL\" xml:lang=\"NL-NL\" data-contrast=\"auto\"><span class=\"NormalTextRun SCXW23825097 BCX8\" data-ccp-parastyle=\"No Spacing\">De inspecteur stuurt ons het verslag (daar door hen en jullie is ondertekend ter plaatse) en vervolgens bekijken wij of er acties nodig zijn of dat alles in orde is. Als er acties nodig zijn, zal de inspecteur dat ook al met jullie overlegd hebben en een voorstel hebben gedaan voor deadline. Wij volgen die vervolgens op met jullie.<\/span><\/span><span class=\"EOP SCXW23825097 BCX8\" data-ccp-props=\"{&quot;201341983&quot;:0,&quot;335559739&quot;:0,&quot;335559740&quot;:240}\">\u00a0<\/span><\/p>\n<\/div>\r\n\t\t\t\t\t\t\t\t\t<\/li>\r\n\t\t\t\t\t<\/ul>\r\n\t<\/section>","protected":false},"excerpt":{"rendered":"<p>Hier vind je antwoorden op vragen die je kan hebben over het V-Label.<\/p>\n","protected":false},"author":5,"featured_media":17155,"parent":0,"menu_order":0,"comment_status":"closed","ping_status":"closed","template":"","meta":{"_acf_changed":false,"_editorskit_title_hidden":false,"_editorskit_reading_time":0,"_editorskit_is_block_options_detached":false,"_editorskit_block_options_position":"{}","inline_featured_image":false,"_uag_custom_page_level_css":"","footnotes":""},"categories":[],"tags":[],"class_list":["post-8627","page","type-page","status-publish","has-post-thumbnail","hentry"],"acf":[],"uagb_featured_image_src":{"full":["https:\/\/www.v-label.com\/wp-content\/uploads\/2022\/12\/v-label-faqs.jpg",1280,743,false],"thumbnail":["https:\/\/www.v-label.com\/wp-content\/uploads\/2022\/12\/v-label-faqs-500x290.jpg",500,290,true],"medium":["https:\/\/www.v-label.com\/wp-content\/uploads\/2022\/12\/v-label-faqs-300x174.jpg",300,174,true],"medium_large":["https:\/\/www.v-label.com\/wp-content\/uploads\/2022\/12\/v-label-faqs-768x446.jpg",768,446,true],"large":["https:\/\/www.v-label.com\/wp-content\/uploads\/2022\/12\/v-label-faqs-1024x594.jpg",1024,594,true],"1536x1536":["https:\/\/www.v-label.com\/wp-content\/uploads\/2022\/12\/v-label-faqs.jpg",1280,743,false],"2048x2048":["https:\/\/www.v-label.com\/wp-content\/uploads\/2022\/12\/v-label-faqs.jpg",1280,743,false],"preview":["https:\/\/www.v-label.com\/wp-content\/uploads\/2022\/12\/v-label-faqs-904x720.jpg",904,720,true],"header":["https:\/\/www.v-label.com\/wp-content\/uploads\/2022\/12\/v-label-faqs-1280x720.jpg",1280,720,true],"gform-image-choice-sm":["https:\/\/www.v-label.com\/wp-content\/uploads\/2022\/12\/v-label-faqs.jpg",300,174,false],"gform-image-choice-md":["https:\/\/www.v-label.com\/wp-content\/uploads\/2022\/12\/v-label-faqs.jpg",400,232,false],"gform-image-choice-lg":["https:\/\/www.v-label.com\/wp-content\/uploads\/2022\/12\/v-label-faqs.jpg",600,348,false]},"uagb_author_info":{"display_name":"Can Aslan","author_link":"https:\/\/www.v-label.com\/nl"},"uagb_comment_info":0,"uagb_excerpt":"Hier vind je antwoorden op vragen die je kan hebben over het V-Label.","_links":{"self":[{"href":"https:\/\/www.v-label.com\/nl\/wp-json\/wp\/v2\/pages\/8627","targetHints":{"allow":["GET"]}}],"collection":[{"href":"https:\/\/www.v-label.com\/nl\/wp-json\/wp\/v2\/pages"}],"about":[{"href":"https:\/\/www.v-label.com\/nl\/wp-json\/wp\/v2\/types\/page"}],"author":[{"embeddable":true,"href":"https:\/\/www.v-label.com\/nl\/wp-json\/wp\/v2\/users\/5"}],"replies":[{"embeddable":true,"href":"https:\/\/www.v-label.com\/nl\/wp-json\/wp\/v2\/comments?post=8627"}],"version-history":[{"count":4,"href":"https:\/\/www.v-label.com\/nl\/wp-json\/wp\/v2\/pages\/8627\/revisions"}],"predecessor-version":[{"id":10534,"href":"https:\/\/www.v-label.com\/nl\/wp-json\/wp\/v2\/pages\/8627\/revisions\/10534"}],"wp:featuredmedia":[{"embeddable":true,"href":"https:\/\/www.v-label.com\/nl\/wp-json\/wp\/v2\/media\/17155"}],"wp:attachment":[{"href":"https:\/\/www.v-label.com\/nl\/wp-json\/wp\/v2\/media?parent=8627"}],"wp:term":[{"taxonomy":"category","embeddable":true,"href":"https:\/\/www.v-label.com\/nl\/wp-json\/wp\/v2\/categories?post=8627"},{"taxonomy":"post_tag","embeddable":true,"href":"https:\/\/www.v-label.com\/nl\/wp-json\/wp\/v2\/tags?post=8627"}],"curies":[{"name":"wp","href":"https:\/\/api.w.org\/{rel}","templated":true}]}}