{"id":10360,"date":"2022-05-30T16:16:08","date_gmt":"2022-05-30T14:16:08","guid":{"rendered":"https:\/\/www.v-label.com\/faqs\/"},"modified":"2023-03-04T15:22:02","modified_gmt":"2023-03-04T14:22:02","slug":"faqs","status":"publish","type":"page","link":"https:\/\/www.v-label.com\/no\/faqs\/","title":{"rendered":"FAQ"},"content":{"rendered":"\n<h3 class=\"has-text-align-center wp-block-heading\">Finn svar p\u00e5 noen av de vanligste sp\u00f8rsm\u00e5lene om V-Label.<\/h3>\n\n\n\r\n<section id=\"accordion-block_fc2c279de1ed08d2828dfa9dd00798be\" class=\"wp-block-accordion\">\r\n\t\t\t<button class=\"toggle_open\" id=\"button_toggle\">Expand all<\/button>\r\n\t\t<ul class=\"posts_list_accordion\">\r\n\t\t\t\t\t\t\t<li>\r\n\t\t\t\t\t\t\t\t\t\t\t\t\t\t\t\t\t<h4 id=\"\">Hvilke fordeler gir V-Label fremfor andre varemerker?<i class=\"icon-angle-down\"><\/i><\/h4>\r\n\t\t\t\t\t\t\t\t\t\t\t\t\t\t\t\t<div class=\"accordion_text\"><p>Mange bedrifter og produsenter bruker egne vegetar\/vegan merker p\u00e5 produktene sine. Dette inneb\u00e6rer at de selv definerer hva som regnes som vegetarisk og hvilke krav de stiller til dette. Mangel p\u00e5 bakgrunnskunnskap blant bedriftene om de ulike ingrediensene og viktige produksjonskriterier kan f\u00f8re til feilmerking. Disse selvlagde varemerkene blir ofte heller ikke kontrollert av uavhengige organer, som betyr at feilmerking kan forbli uoppdaget. Forbrukere ettersp\u00f8r i \u00f8kende grad \u00e5penhet slik at de raskt og trygt kan identifisere veganske og vegetariske produkter.<\/p>\n<p>Forel\u00f8pig er det bare V-Label som kan tilby denne \u00e5penheten, takket v\u00e6re standardiserte kriterier for merking av veganske og vegetariske produkter. Med V-Label kan bedrifter og forbrukere v\u00e6re sikre p\u00e5 at det blir gjennomf\u00f8rt uavhengige kvalitetskontroller.<\/p>\n<p>V-Label er i tillegg Europas eneste uavhengige sertifiseringsordning for b\u00e5de veganske og vegetariske produkter.<\/p>\n<\/div>\r\n\t\t\t\t\t\t\t\t\t<\/li>\r\n\t\t\t\t\t\t\t<li>\r\n\t\t\t\t\t\t\t\t\t\t\t\t\t\t\t\t\t<h4 id=\"\">Hvorfor er det ikke nok \u00e5 bare lese ingredienslisten?<i class=\"icon-angle-down\"><\/i><\/h4>\r\n\t\t\t\t\t\t\t\t\t\t\t\t\t\t\t\t<div class=\"accordion_text\"><p>Bare \u00e5 lese ingredienslisten gir liten sikkerhet for og innsikt i hvorvidt et produkt er vegetarisk eller vegansk. Noen ingredienser er oppf\u00f8rt som E-nummer og er ukjente for mange forbrukere, mens andre ingredienser ikke er oppf\u00f8rt i det hele tatt fordi det ikke er lovp\u00e5lagt. Det er heller ikke alltid klart om enkelte ingredienser er av vegetabilsk eller animalsk opprinnelse \u2013 for eksempel er det uvanlig at tilsetningsstoffer i produksjonen inkluderes i ingredienslisten, hvis de ikke er med i det ferdige produktet. Disse er ofte av animalsk opprinnelse. Noen oppskriftsendringer kan f\u00f8re til at et tidligere vegansk eller vegetarisk produkt, n\u00e5 inneholder produkter av animalsk opprinnelse, uten at dette trenger v\u00e6re \u00e5penbart for forbrukeren. Med V-Label blir ikke bare produkters ingredienser inspisert, men hvert enkelt produksjonstrinn blir ogs\u00e5 tatt i betraktning. V-Label er derfor en gjenkjennelig og p\u00e5litelig indikator som sparer forbrukere bryet med \u00e5 granske ingredienslisten.<\/p>\n<\/div>\r\n\t\t\t\t\t\t\t\t\t<\/li>\r\n\t\t\t\t\t\t\t<li>\r\n\t\t\t\t\t\t\t\t\t\t\t\t\t\t\t\t\t<h4 id=\"\">Hvilke kriterier f\u00f8lger produkter merket med V-Label?<i class=\"icon-angle-down\"><\/i><\/h4>\r\n\t\t\t\t\t\t\t\t\t\t\t\t\t\t\t\t<div class=\"accordion_text\"><p>Definisjonen av begrepene &laquo;vegansk&raquo; og &laquo;vegetarisk&raquo; som V-Label legger til grunnlag for sin merkeordning, samsvarer med den anbefalte definisjonen presentert p\u00e5 den 12 utgaven av &laquo;Minister for Consumer Protection Conference&raquo;. Denne ble avholdt 22.april 2016.<\/p>\n<p><strong>Vegetarisk<\/strong><\/p>\n<p>Mat og andre produkter som ikke inneholder dyr eller deler av dyr regnes som vegetarisk, med alle produksjons- og prosesserings trinn ogs\u00e5 tatt hensyn til. Mat og andre produkter laget ved hjelp av levende dyr og med animalske biprodukter regnes i utgangspunktet som vegetariske.<\/p>\n<p><strong>Vegansk<\/strong><\/p>\n<p>Mat og andre produkter som ikke inneholder dyr eller deler av dyr regnes som vegansk. For \u00e5 v\u00e6re vegansk m\u00e5 mat og andre produkter lages helt uten levende dyr og animalske produkter gjennom alle produksjons- og prosesseringstrinn.<\/p>\n<p><strong>Ytterligere kriterier for V-Label<\/strong><\/p>\n<p>V-Label vil aldri lisensere f\u00f8lgende produkter:<\/p>\n<ul>\n<li>Produkter som inneholder GMOer (genmodifiserte organismer)<\/li>\n<li>Produkter som inneholder egg fra burh\u00f8ner (Dette inkluderer bur med milj\u00f8berikelser)<\/li>\n<\/ul>\n<p><strong>Emballasje<\/strong><\/p>\n<p>V-Label kontrollerer ikke for eventuelle animalske produkter i emballasje. Bedrifter oppfordres imidlertid til \u00e5 frivillig unng\u00e5 \u00e5 bruke emballasje som inneholder animalske produkter.<\/p>\n<p><strong>Gj\u00f8dsling og dyrking<\/strong><\/p>\n<p>Prosessen for \u00e5 sertifisere produkter og ingredienser med V-label skal dekke produksjonen fra og med h\u00f8stingen. Gj\u00f8dselen som brukes i jorda r\u00e5varene dyrkes i blir ikke inspisert. Imidlertid blir r\u00e5varer dyrket fra vegansk, \u00f8kologisk landbruk foretrukket, og bedrifter oppfordres til \u00e5 frivillig unng\u00e5 bruk av gj\u00f8dsel som inneholder animalske produkter.<\/p>\n<p><strong>Spormerking<\/strong><\/p>\n<p>Bedrifter bestemmer selv om de vil oppgi spor av allergener eller animalske produkter som kan forekomme i produksjonsprosessen. Ved \u00e5 merke potensielle spor av allergener, sikrer selskaper seg mot eventuelle juridiske konsekvenser i tilfeller hvor kunder opplever allergiske reaksjoner. Fordi denne informasjonen er opplyst., Det betyr n\u00f8dvendigvis ikke at sluttproduktet faktisk inneholder animalske produkter; informasjonen advarer kun forbrukerne om muligheten for forekomst av allergener.<\/p>\n<p>Produkter som oppgir sporingredienser oppfyller kriteriene til V-Label, forutsatt at ingen animalske ingredienser tilsettes med vilje p\u00e5 noe tidspunkt under produksjonen. Produksjonsprosessen m\u00e5 utformes for \u00e5 utelukke enhver mulighet for forurensning av animalske ingredienser. I henhold til V-Labels kriterier m\u00e5 total forurensning av alle verifiserbare animalske ingredienser i sluttproduktet ikke overstige 0,1% (1 g\/kg). Andre regler basert p\u00e5 en &laquo;teknisk gjennomf\u00f8rbar oppdagelsesgrense&raquo; kan gjelde for visse produktgrupper.<\/p>\n<p><strong>Eksempler<\/strong><\/p>\n<p>V-Label blir aldri lisensiert for f\u00f8lgende produkter, eller for produkter som inneholder noen av de f\u00f8lgende ingrediensene:<\/p>\n<ul>\n<li>Slakteprodukter<\/li>\n<li>Fett fra fisk, fiskedeler eller andre sj\u00f8dyr<\/li>\n<li>Smaksstoffer av animalsk opprinnelse (med unntak av melkebaserte smaksstoffer)<\/li>\n<li>Andre egg enn fj\u00f8rfe egg (f.eks. kaviar)<\/li>\n<li>Meieriprodukter med animalsk l\u00f8pe<\/li>\n<li>Dronninggel\u00e9<\/li>\n<li>Fargestoffer laget med animalske ingredienser (f.eks. cochenillelus)<\/li>\n<li>Sukker prosessert med benkull fra dyr<\/li>\n<li>Animalske b\u00e6restoffer eller tilsetningsstoffer<\/li>\n<li>Klarning med animalske stoffer (f.eks. gelatin eller isinglass)<\/li>\n<\/ul>\n<p>V-label i kategorien &laquo;vegansk&raquo; blir kun lisensiert for produkter som i tillegg er fri for animalske produkter som:<\/p>\n<ul>\n<li>Egg<\/li>\n<li>Honning<\/li>\n<li>Meieriprodukter<\/li>\n<li>Animalsk voks<\/li>\n<li>Animalske fargestoffer<\/li>\n<li>Animalske b\u00e6restoffer eller tilsetningsstoffer<\/li>\n<li>Klarning med animalske stoffer (f.eks. eggehvite)<\/li>\n<\/ul>\n<\/div>\r\n\t\t\t\t\t\t\t\t\t<\/li>\r\n\t\t\t\t\t\t\t<li>\r\n\t\t\t\t\t\t\t\t\t\t\t\t\t\t\t\t\t<h4 id=\"\">P\u00e5 hvilket grunnlag er mat og andre produkter klassifisert som veganske eller vegetariske?<i class=\"icon-angle-down\"><\/i><\/h4>\r\n\t\t\t\t\t\t\t\t\t\t\t\t\t\t\t\t<div class=\"accordion_text\"><p>Bedrifter som \u00f8nsker \u00e5 bruke V-label p\u00e5 produktene sine, er p\u00e5lagt \u00e5 informere om den fulle sammensetningen av disse produktene og alle tilsetningsstoffer som brukes under prosesseringen. P\u00e5 grunnlag av denne egenerkl\u00e6ringen I tillegg til en inspeksjon av V-Label\u2212teamet, kan matvarer og andre produkter klassifiseres som &laquo;vegansk&raquo; eller &laquo;vegetarisk&raquo;.<\/p>\n<\/div>\r\n\t\t\t\t\t\t\t\t\t<\/li>\r\n\t\t\t\t\t\t\t<li>\r\n\t\t\t\t\t\t\t\t\t\t\t\t\t\t\t\t\t<h4 id=\"\">Hvilke steg tas for \u00e5 sikre at bedrifter oppfyller kravene til V-label?<i class=\"icon-angle-down\"><\/i><\/h4>\r\n\t\t\t\t\t\t\t\t\t\t\t\t\t\t\t\t<div class=\"accordion_text\"><p>V-Label-teamet forbeholder seg retten til \u00e5 gjennomf\u00f8re kvalitetssikringstiltak rettet mot \u00e5 ivareta troverdigheten til og fordelene som er lovet av V-Label.<\/p>\n<p>Alle endringer av produkter merket med V-Label, inkludert i oppskrifter eller i produksjonsprosesser, m\u00e5 rapporteres umiddelbart og uten ettersp\u00f8rsel til V-Label Norge p\u00e5 denne e-postadressen: \u201c&#x6e;o&#64;&#x76;&#45;&#x6c;a&#x62;e&#108;&#x2e;&#99;&#x6f;m\u201d. N\u00e5r bedriften har informert om de aktuelle endringene, gjennomf\u00f8res en ny inspeksjon.<\/p>\n<\/div>\r\n\t\t\t\t\t\t\t\t\t<\/li>\r\n\t\t\t\t\t\t\t<li>\r\n\t\t\t\t\t\t\t\t\t\t\t\t\t\t\t\t\t<h4 id=\"\">Er det tilfeller der det ikke gir mening for et produkt \u00e5 v\u00e6re merket med V-Label?<i class=\"icon-angle-down\"><\/i><\/h4>\r\n\t\t\t\t\t\t\t\t\t\t\t\t\t\t\t\t<div class=\"accordion_text\"><p>Det gir ikke mening for alle matvarer \u00e5 ha V-Label: Produkter som svart eller gr\u00f8nn te uten tilsetninger, krydder (annerledes for krydderblandinger), mineralvann og r\u00e5varer som ubehandlede gr\u00f8nnsaker er alltid plantebaserte og trenger ikke \u00e5 v\u00e6re spesielt merket som det. Selv om det i prinsippet ikke er noe galt med \u00e5 reklamere for et produkt ved \u00e5 oppgi det som \u00e5penbart er sant, er det ikke n\u00f8dvendigvis anbefalt.<\/p>\n<\/div>\r\n\t\t\t\t\t\t\t\t\t<\/li>\r\n\t\t\t\t\t\t\t<li>\r\n\t\t\t\t\t\t\t\t\t\t\t\t\t\t\t\t\t<h4 id=\"\">Hvilke kostnader kan bedrifter forvente \u00e5 betale n\u00e5r de lisensierer produktene sine med V-Label?<i class=\"icon-angle-down\"><\/i><\/h4>\r\n\t\t\t\t\t\t\t\t\t\t\t\t\t\t\t\t<div class=\"accordion_text\"><p>Bruken av V-Label er underlagt en \u00e5rlig lisensavgift og \u00e9n inspeksjonsavgift.<\/p>\n<\/div>\r\n\t\t\t\t\t\t\t\t\t<\/li>\r\n\t\t\t\t\t\t\t<li>\r\n\t\t\t\t\t\t\t\t\t\t\t\t\t\t\t\t\t<h4 id=\"\">Hvor lang tid tar det \u00e5 f\u00e5 lisens?<i class=\"icon-angle-down\"><\/i><\/h4>\r\n\t\t\t\t\t\t\t\t\t\t\t\t\t\t\t\t<div class=\"accordion_text\"><p>Lisensprossessen har fem steg. N\u00e5r en bedrift har sendt inn en f\u00f8rste foresp\u00f8rsel, gis et tilbud p\u00e5 grunnlag av innsendte data. N\u00e5r tilbudet er bekreftet av bedriften, inng\u00e5s en lisenskontrakt. Etter dette inspiserer lisensgiveren alle produktdetaljene. Etter inspeksjonen, gitt at lisensgiver er forn\u00f8yd med resultatet, tildelesutstedes V-Label\u2212lisensen. Til slutt kontrolleres produktpakningen og godkjennes for bruk. I en standard lisensprosess kan det ta mellom 2 og 8 uker f\u00f8r en bedrift endelig f\u00e5r klarsignal til \u00e5 bruke V-Label.<\/p>\n<\/div>\r\n\t\t\t\t\t\t\t\t\t<\/li>\r\n\t\t\t\t\t\t\t<li>\r\n\t\t\t\t\t\t\t\t\t\t\t\t\t\t\t\t\t<h4 id=\"\">Hvordan ser kontrakten ut for bedriftene?<i class=\"icon-angle-down\"><\/i><\/h4>\r\n\t\t\t\t\t\t\t\t\t\t\t\t\t\t\t\t<div class=\"accordion_text\"><p><strong>Gyldighetsperiode<\/strong><\/p>\n<p>Avtaleforholdet varer hovedsakelig i ett \u00e5r. Hvis salg svinger med mer enn 10 % opp eller ned, justeres den \u00e5rlige lisensavgiften deretter. Starten av kontrakten er spesifisert i kontrakten. For eksempel kan en senere dato spesifiseres for \u00e5 ta hensyn til fremtidige produktlanseringer. Kontrakten forlenges automatisk dersom den ikke sies opp skriftlig tre m\u00e5neder f\u00f8r utl\u00f8pet.<\/p>\n<p><strong>Lisensbevis<\/strong><\/p>\n<p>N\u00e5r lisensprosessen er fullf\u00f8rt, tildeles lisensbeviset for produktet.<\/p>\n<\/div>\r\n\t\t\t\t\t\t\t\t\t<\/li>\r\n\t\t\t\t\t<\/ul>\r\n\t<\/section>","protected":false},"excerpt":{"rendered":"<p>Finn svar p\u00e5 noen av de vanligste sp\u00f8rsm\u00e5lene om V-Label.<\/p>\n","protected":false},"author":5,"featured_media":17161,"parent":0,"menu_order":0,"comment_status":"closed","ping_status":"closed","template":"","meta":{"_acf_changed":false,"_editorskit_title_hidden":false,"_editorskit_reading_time":0,"_editorskit_is_block_options_detached":false,"_editorskit_block_options_position":"{}","inline_featured_image":false,"_uag_custom_page_level_css":"","footnotes":""},"categories":[],"tags":[],"class_list":["post-10360","page","type-page","status-publish","has-post-thumbnail","hentry"],"acf":[],"uagb_featured_image_src":{"full":["https:\/\/www.v-label.com\/wp-content\/uploads\/2022\/12\/v-label-faqs.jpg",1280,743,false],"thumbnail":["https:\/\/www.v-label.com\/wp-content\/uploads\/2022\/12\/v-label-faqs-500x290.jpg",500,290,true],"medium":["https:\/\/www.v-label.com\/wp-content\/uploads\/2022\/12\/v-label-faqs-300x174.jpg",300,174,true],"medium_large":["https:\/\/www.v-label.com\/wp-content\/uploads\/2022\/12\/v-label-faqs-768x446.jpg",768,446,true],"large":["https:\/\/www.v-label.com\/wp-content\/uploads\/2022\/12\/v-label-faqs-1024x594.jpg",1024,594,true],"1536x1536":["https:\/\/www.v-label.com\/wp-content\/uploads\/2022\/12\/v-label-faqs.jpg",1280,743,false],"2048x2048":["https:\/\/www.v-label.com\/wp-content\/uploads\/2022\/12\/v-label-faqs.jpg",1280,743,false],"preview":["https:\/\/www.v-label.com\/wp-content\/uploads\/2022\/12\/v-label-faqs-904x720.jpg",904,720,true],"header":["https:\/\/www.v-label.com\/wp-content\/uploads\/2022\/12\/v-label-faqs-1280x720.jpg",1280,720,true],"gform-image-choice-sm":["https:\/\/www.v-label.com\/wp-content\/uploads\/2022\/12\/v-label-faqs.jpg",300,174,false],"gform-image-choice-md":["https:\/\/www.v-label.com\/wp-content\/uploads\/2022\/12\/v-label-faqs.jpg",400,232,false],"gform-image-choice-lg":["https:\/\/www.v-label.com\/wp-content\/uploads\/2022\/12\/v-label-faqs.jpg",600,348,false]},"uagb_author_info":{"display_name":"Can Aslan","author_link":"https:\/\/www.v-label.com\/no"},"uagb_comment_info":0,"uagb_excerpt":"Finn svar p\u00e5 noen av de vanligste sp\u00f8rsm\u00e5lene om V-Label.","_links":{"self":[{"href":"https:\/\/www.v-label.com\/no\/wp-json\/wp\/v2\/pages\/10360","targetHints":{"allow":["GET"]}}],"collection":[{"href":"https:\/\/www.v-label.com\/no\/wp-json\/wp\/v2\/pages"}],"about":[{"href":"https:\/\/www.v-label.com\/no\/wp-json\/wp\/v2\/types\/page"}],"author":[{"embeddable":true,"href":"https:\/\/www.v-label.com\/no\/wp-json\/wp\/v2\/users\/5"}],"replies":[{"embeddable":true,"href":"https:\/\/www.v-label.com\/no\/wp-json\/wp\/v2\/comments?post=10360"}],"version-history":[{"count":5,"href":"https:\/\/www.v-label.com\/no\/wp-json\/wp\/v2\/pages\/10360\/revisions"}],"predecessor-version":[{"id":49401,"href":"https:\/\/www.v-label.com\/no\/wp-json\/wp\/v2\/pages\/10360\/revisions\/49401"}],"wp:featuredmedia":[{"embeddable":true,"href":"https:\/\/www.v-label.com\/no\/wp-json\/wp\/v2\/media\/17161"}],"wp:attachment":[{"href":"https:\/\/www.v-label.com\/no\/wp-json\/wp\/v2\/media?parent=10360"}],"wp:term":[{"taxonomy":"category","embeddable":true,"href":"https:\/\/www.v-label.com\/no\/wp-json\/wp\/v2\/categories?post=10360"},{"taxonomy":"post_tag","embeddable":true,"href":"https:\/\/www.v-label.com\/no\/wp-json\/wp\/v2\/tags?post=10360"}],"curies":[{"name":"wp","href":"https:\/\/api.w.org\/{rel}","templated":true}]}}