{"id":11806,"date":"2022-09-13T11:06:00","date_gmt":"2022-09-13T09:06:00","guid":{"rendered":"https:\/\/www.v-label.com\/general-information\/certified-products\/ready-made-meals\/"},"modified":"2023-06-15T16:55:59","modified_gmt":"2023-06-15T14:55:59","slug":"ferdigretter","status":"publish","type":"page","link":"https:\/\/www.v-label.com\/no\/generell-informasjon\/sertifiserte-produkter\/ferdigretter\/","title":{"rendered":"Ferdigretter"},"content":{"rendered":"\n<p>On the go-lunsj trenger ikke lenger v\u00e6re en \u00f8konomisk eller helsemessig avveining. Sunn, smaksrik og vegetabilsk er n\u00e5 mottoet til de fleste store forhandlere. Frysediskene deres fylles med plantebaserte pizzaer og du finner et godt utvalg av retter fra hele verden \u2013 fra plantebasert pasta bolognese til chili sin carne.<\/p>\n\n\n\n<div class=\"wp-block-columns are-vertically-aligned-center is-layout-flex wp-container-core-columns-is-layout-9d6595d7 wp-block-columns-is-layout-flex\">\n<div class=\"wp-block-column is-vertically-aligned-center is-layout-flow wp-block-column-is-layout-flow\">\n<figure class=\"wp-block-image aligncenter size-medium\"><a href=\"https:\/\/mills.no\/\" target=\"_blank\" rel=\"noreferrer noopener\"><img decoding=\"async\" width=\"300\" height=\"190\" src=\"https:\/\/www.v-label.com\/wp-content\/uploads\/2022\/12\/mills-logo-farger-300x190.png\" alt=\"\" class=\"wp-image-14236\" srcset=\"https:\/\/www.v-label.com\/wp-content\/uploads\/2022\/12\/mills-logo-farger-300x190.png 300w, https:\/\/www.v-label.com\/wp-content\/uploads\/2022\/12\/mills-logo-farger-500x317.png 500w, https:\/\/www.v-label.com\/wp-content\/uploads\/2022\/12\/mills-logo-farger.png 600w\" sizes=\"(max-width: 300px) 100vw, 300px\" \/><\/a><\/figure>\n<\/div>\n\n\n\n<div class=\"wp-block-column is-vertically-aligned-center is-layout-flow wp-block-column-is-layout-flow\">\n<figure class=\"wp-block-image aligncenter size-medium\"><a href=\"https:\/\/sigdalbakeri.no\/\" target=\"_blank\" rel=\"noreferrer noopener\"><img decoding=\"async\" width=\"241\" height=\"300\" src=\"https:\/\/www.v-label.com\/wp-content\/uploads\/2022\/12\/sigdalbakeri-241x300.png\" alt=\"\" class=\"wp-image-14256\" srcset=\"https:\/\/www.v-label.com\/wp-content\/uploads\/2022\/12\/sigdalbakeri-241x300.png 241w, https:\/\/www.v-label.com\/wp-content\/uploads\/2022\/12\/sigdalbakeri-402x500.png 402w, https:\/\/www.v-label.com\/wp-content\/uploads\/2022\/12\/sigdalbakeri.png 600w\" sizes=\"(max-width: 241px) 100vw, 241px\" \/><\/a><\/figure>\n<\/div>\n<\/div>\n\n\n\n<p><\/p>\n","protected":false},"excerpt":{"rendered":"<p>On the go-lunsj trenger ikke lenger v\u00e6re en \u00f8konomisk eller helsemessig avveining. Sunn, smaksrik og vegetabilsk er n\u00e5 mottoet til de fleste store forhandlere. Frysediskene deres fylles med plantebaserte pizzaer og du finner et godt utvalg av retter fra hele verden \u2013 fra plantebasert pasta bolognese til chili sin carne.<\/p>\n","protected":false},"author":5,"featured_media":17222,"parent":8521,"menu_order":0,"comment_status":"closed","ping_status":"closed","template":"","meta":{"_acf_changed":false,"_editorskit_title_hidden":false,"_editorskit_reading_time":0,"_editorskit_is_block_options_detached":false,"_editorskit_block_options_position":"{}","inline_featured_image":false,"_uag_custom_page_level_css":"","footnotes":""},"categories":[],"tags":[],"class_list":["post-11806","page","type-page","status-publish","has-post-thumbnail","hentry"],"acf":[],"uagb_featured_image_src":{"full":["https:\/\/www.v-label.com\/wp-content\/uploads\/2022\/12\/ready-meals-1280.jpg",1280,852,false],"thumbnail":["https:\/\/www.v-label.com\/wp-content\/uploads\/2022\/12\/ready-meals-1280-500x333.jpg",500,333,true],"medium":["https:\/\/www.v-label.com\/wp-content\/uploads\/2022\/12\/ready-meals-1280-300x200.jpg",300,200,true],"medium_large":["https:\/\/www.v-label.com\/wp-content\/uploads\/2022\/12\/ready-meals-1280-768x511.jpg",768,511,true],"large":["https:\/\/www.v-label.com\/wp-content\/uploads\/2022\/12\/ready-meals-1280-1024x682.jpg",1024,682,true],"1536x1536":["https:\/\/www.v-label.com\/wp-content\/uploads\/2022\/12\/ready-meals-1280.jpg",1280,852,false],"2048x2048":["https:\/\/www.v-label.com\/wp-content\/uploads\/2022\/12\/ready-meals-1280.jpg",1280,852,false],"preview":["https:\/\/www.v-label.com\/wp-content\/uploads\/2022\/12\/ready-meals-1280-904x720.jpg",904,720,true],"header":["https:\/\/www.v-label.com\/wp-content\/uploads\/2022\/12\/ready-meals-1280-1280x720.jpg",1280,720,true],"gform-image-choice-sm":["https:\/\/www.v-label.com\/wp-content\/uploads\/2022\/12\/ready-meals-1280.jpg",300,200,false],"gform-image-choice-md":["https:\/\/www.v-label.com\/wp-content\/uploads\/2022\/12\/ready-meals-1280.jpg",400,266,false],"gform-image-choice-lg":["https:\/\/www.v-label.com\/wp-content\/uploads\/2022\/12\/ready-meals-1280.jpg",600,399,false]},"uagb_author_info":{"display_name":"Can Aslan","author_link":"https:\/\/www.v-label.com\/no"},"uagb_comment_info":0,"uagb_excerpt":"On the go-lunsj trenger ikke lenger v\u00e6re en \u00f8konomisk eller helsemessig avveining. Sunn, smaksrik og vegetabilsk er n\u00e5 mottoet til de fleste store forhandlere. Frysediskene deres fylles med plantebaserte pizzaer og du finner et godt utvalg av retter fra hele verden \u2013 fra plantebasert pasta bolognese til chili sin carne.","_links":{"self":[{"href":"https:\/\/www.v-label.com\/no\/wp-json\/wp\/v2\/pages\/11806","targetHints":{"allow":["GET"]}}],"collection":[{"href":"https:\/\/www.v-label.com\/no\/wp-json\/wp\/v2\/pages"}],"about":[{"href":"https:\/\/www.v-label.com\/no\/wp-json\/wp\/v2\/types\/page"}],"author":[{"embeddable":true,"href":"https:\/\/www.v-label.com\/no\/wp-json\/wp\/v2\/users\/5"}],"replies":[{"embeddable":true,"href":"https:\/\/www.v-label.com\/no\/wp-json\/wp\/v2\/comments?post=11806"}],"version-history":[{"count":1,"href":"https:\/\/www.v-label.com\/no\/wp-json\/wp\/v2\/pages\/11806\/revisions"}],"predecessor-version":[{"id":14276,"href":"https:\/\/www.v-label.com\/no\/wp-json\/wp\/v2\/pages\/11806\/revisions\/14276"}],"up":[{"embeddable":true,"href":"https:\/\/www.v-label.com\/no\/wp-json\/wp\/v2\/pages\/8521"}],"wp:featuredmedia":[{"embeddable":true,"href":"https:\/\/www.v-label.com\/no\/wp-json\/wp\/v2\/media\/17222"}],"wp:attachment":[{"href":"https:\/\/www.v-label.com\/no\/wp-json\/wp\/v2\/media?parent=11806"}],"wp:term":[{"taxonomy":"category","embeddable":true,"href":"https:\/\/www.v-label.com\/no\/wp-json\/wp\/v2\/categories?post=11806"},{"taxonomy":"post_tag","embeddable":true,"href":"https:\/\/www.v-label.com\/no\/wp-json\/wp\/v2\/tags?post=11806"}],"curies":[{"name":"wp","href":"https:\/\/api.w.org\/{rel}","templated":true}]}}