{"id":7897,"date":"2022-05-30T16:16:14","date_gmt":"2022-05-30T14:16:14","guid":{"rendered":"https:\/\/www.v-label.com\/info-for-producers\/"},"modified":"2024-07-09T15:22:09","modified_gmt":"2024-07-09T13:22:09","slug":"info-for-producers","status":"publish","type":"page","link":"https:\/\/www.v-label.com\/no\/info-for-producers\/","title":{"rendered":"Informasjon for produsenter"},"content":{"rendered":"\n<p>Over hele verden b\u00e6rer n\u00e5 over <strong>70 000 produkter<\/strong> fra mer enn <strong>4 800 bedrifter<\/strong> V-Label som et kvalitetssikret varemerke for veganske og vegetariske varer og tjenester. Det internasjonalt anerkjente varemerket V-Label gj\u00f8r det enkelt for kunder over hele verden \u00e5 kunne gjenkjenne plantebaserte produkter p\u00e5 et \u00f8yeblikk.<\/p>\n\n\n\n<h3 class=\"wp-block-heading has-text-align-center has-greenlightultra-background-color has-background\">Er du produsent? L\u00e6r mer om fordelene med V-Label:<\/h3>\n\n\n\n<p><strong>G\u00e5 inn i nye markeder. <\/strong>Halvparten av befolkningen i land som Tyskland, Spania og Polen anser seg i dag som fleksitarianere. Det er en markant og \u00f8kende gruppe blant forbrukere som bl.a. av helsemessige, milj\u00f8messige og etiske grunner n\u00e5 aktivt ser etter veganske og vegetariske produkter.<\/p>\n\n\n\n<p><strong>Bli mer synlig i mengden. <\/strong>V-Label har oppn\u00e5dd h\u00f8y anseelse og troverdighet blant kunder. Det gjenkjennelige merket gj\u00f8r folk mer oppmerksomme p\u00e5 dine produkter og forenkler deres handlevalg.<\/p>\n\n\n\n<p><strong>Oppn\u00e5 tillit. <\/strong>Med V-Label kommuniserer du klart og tydelig til en stor kundegruppe. Som et profesjonelt og uavhengig kvalitetsstempel fra en foregangsorganisasjon i bransjen bidrar merkets omd\u00f8mme til \u00e5 fremme salget av dine produkter.<\/p>\n\n\n\n<div class=\"wp-block-buttons alignwide is-content-justification-center is-layout-flex wp-container-core-buttons-is-layout-16018d1d wp-block-buttons-is-layout-flex\">\n<div class=\"wp-block-button\"><a class=\"wp-block-button__link wp-element-button\" href=\"https:\/\/www.v-label.com\/no\/for-business\/get-certified\/\" rel=\"noopener\">Bli sertifisert<\/a><\/div>\n\n\n\n<div class=\"wp-block-button\"><a class=\"wp-block-button__link wp-element-button\" href=\"https:\/\/www.v-label.com\/no\/for-business\/benefits\/\">Oppdag flere fordeler<\/a><\/div>\n<\/div>\n\n\n\n<div class=\"wp-block-columns are-vertically-aligned-center is-layout-flex wp-container-core-columns-is-layout-9d6595d7 wp-block-columns-is-layout-flex\">\n<div class=\"wp-block-column is-vertically-aligned-center is-layout-flow wp-block-column-is-layout-flow\">\n<figure class=\"wp-block-image size-full\"><img decoding=\"async\" width=\"720\" height=\"482\" src=\"https:\/\/www.v-label.com\/wp-content\/uploads\/2022\/09\/b2b-info-page-1.webp\" alt=\"\" class=\"wp-image-876\" srcset=\"https:\/\/www.v-label.com\/wp-content\/uploads\/2022\/09\/b2b-info-page-1.webp 720w, https:\/\/www.v-label.com\/wp-content\/uploads\/2022\/09\/b2b-info-page-1-300x201.webp 300w\" sizes=\"(max-width: 720px) 100vw, 720px\" \/><\/figure>\n<\/div>\n\n\n\n<div class=\"wp-block-column is-vertically-aligned-center is-layout-flow wp-block-column-is-layout-flow\">\n<figure class=\"wp-block-image size-full\"><img decoding=\"async\" width=\"720\" height=\"497\" src=\"https:\/\/www.v-label.com\/wp-content\/uploads\/2022\/09\/b2b-info-page-2.webp\" alt=\"\" class=\"wp-image-879\" srcset=\"https:\/\/www.v-label.com\/wp-content\/uploads\/2022\/09\/b2b-info-page-2.webp 720w, https:\/\/www.v-label.com\/wp-content\/uploads\/2022\/09\/b2b-info-page-2-300x207.webp 300w\" sizes=\"(max-width: 720px) 100vw, 720px\" \/><\/figure>\n<\/div>\n\n\n\n<div class=\"wp-block-column is-vertically-aligned-center is-layout-flow wp-block-column-is-layout-flow\">\n<figure class=\"wp-block-image size-full\"><img decoding=\"async\" width=\"720\" height=\"482\" src=\"https:\/\/www.v-label.com\/wp-content\/uploads\/2022\/09\/b2b-info-page-3.webp\" alt=\"\" class=\"wp-image-860\" srcset=\"https:\/\/www.v-label.com\/wp-content\/uploads\/2022\/09\/b2b-info-page-3.webp 720w, https:\/\/www.v-label.com\/wp-content\/uploads\/2022\/09\/b2b-info-page-3-300x201.webp 300w\" sizes=\"(max-width: 720px) 100vw, 720px\" \/><\/figure>\n<\/div>\n<\/div>\n\n\n\n<h3 class=\"wp-block-heading\"><strong>Bli sertifisert<\/strong><\/h3>\n\n\n\n<p><strong>Er du klar for \u00e5 synliggj\u00f8re de veganske og vegetariske produktene dine bedre?<\/strong> Med V-Label vil kunder kunne identifisere dine veganske og vegetariske produkter ved et \u00f8yekast, og dermed kunne velge dem uten noen som helst tvil om at de er veganske eller vegetariske.<\/p>\n\n\n\n<p>Fra et forretningsmessig st\u00e5sted \u00f8ker et samarbeid med V-Label, en foregangsorganisasjon i bransjen, troverdigheten og transparensen i deres vegetariske og veganske merking. For kundene dine er V-Label en enkel og p\u00e5litelig guide n\u00e5r de \u00f8nsker \u00e5 ta gode og b\u00e6rekraftige handlevalg.<\/p>\n\n\n\n<div class=\"wp-block-buttons alignwide is-content-justification-center is-layout-flex wp-container-core-buttons-is-layout-16018d1d wp-block-buttons-is-layout-flex\">\n<div class=\"wp-block-button\"><a class=\"wp-block-button__link wp-element-button\" href=\"https:\/\/www.v-label.com\/no\/for-business\/get-certified\/\" rel=\"noopener\">Bli sertifisert med V-Label<\/a><\/div>\n<\/div>\n\n\n\n<h3 class=\"wp-block-heading\"><strong>Kriterier og vanlige sp\u00f8rsm\u00e5l<\/strong><\/h3>\n\n\n\n<p>Finn svar p\u00e5 noen av de vanligste sp\u00f8rsm\u00e5lene om V-Label.<\/p>\n\n\n\n<div class=\"wp-block-buttons alignwide is-content-justification-center is-layout-flex wp-container-core-buttons-is-layout-16018d1d wp-block-buttons-is-layout-flex\">\n<div class=\"wp-block-button\"><a class=\"wp-block-button__link wp-element-button\" href=\"https:\/\/www.v-label.com\/no\/faqs\/\">Se svar p\u00e5 vanlige sp\u00f8rsm\u00e5l<\/a><\/div>\n<\/div>\n","protected":false},"excerpt":{"rendered":"<p>Over hele verden b\u00e6rer n\u00e5 over 70 000 produkter fra mer enn 4 800 bedrifter V-Label som et kvalitetssikret varemerke for veganske og vegetariske varer og tjenester. Det internasjonalt anerkjente varemerket V-Label gj\u00f8r det enkelt for kunder over hele verden \u00e5 kunne gjenkjenne plantebaserte produkter p\u00e5 et \u00f8yeblikk. Er du produsent? L\u00e6r mer om fordelene [&hellip;]<\/p>\n","protected":false},"author":5,"featured_media":39761,"parent":0,"menu_order":0,"comment_status":"closed","ping_status":"closed","template":"","meta":{"_acf_changed":false,"_editorskit_title_hidden":false,"_editorskit_reading_time":0,"_editorskit_is_block_options_detached":false,"_editorskit_block_options_position":"{}","inline_featured_image":false,"_uag_custom_page_level_css":"","footnotes":""},"categories":[],"tags":[],"class_list":["post-7897","page","type-page","status-publish","has-post-thumbnail","hentry"],"acf":[],"uagb_featured_image_src":{"full":["https:\/\/www.v-label.com\/wp-content\/uploads\/2022\/12\/v-label-info-for-producers.jpg",1280,870,false],"thumbnail":["https:\/\/www.v-label.com\/wp-content\/uploads\/2022\/12\/v-label-info-for-producers-500x340.jpg",500,340,true],"medium":["https:\/\/www.v-label.com\/wp-content\/uploads\/2022\/12\/v-label-info-for-producers-300x204.jpg",300,204,true],"medium_large":["https:\/\/www.v-label.com\/wp-content\/uploads\/2022\/12\/v-label-info-for-producers-768x522.jpg",768,522,true],"large":["https:\/\/www.v-label.com\/wp-content\/uploads\/2022\/12\/v-label-info-for-producers-1024x696.jpg",1024,696,true],"1536x1536":["https:\/\/www.v-label.com\/wp-content\/uploads\/2022\/12\/v-label-info-for-producers.jpg",1280,870,false],"2048x2048":["https:\/\/www.v-label.com\/wp-content\/uploads\/2022\/12\/v-label-info-for-producers.jpg",1280,870,false],"preview":["https:\/\/www.v-label.com\/wp-content\/uploads\/2022\/12\/v-label-info-for-producers-904x720.jpg",904,720,true],"header":["https:\/\/www.v-label.com\/wp-content\/uploads\/2022\/12\/v-label-info-for-producers-1280x720.jpg",1280,720,true],"gform-image-choice-sm":["https:\/\/www.v-label.com\/wp-content\/uploads\/2022\/12\/v-label-info-for-producers.jpg",300,204,false],"gform-image-choice-md":["https:\/\/www.v-label.com\/wp-content\/uploads\/2022\/12\/v-label-info-for-producers.jpg",400,272,false],"gform-image-choice-lg":["https:\/\/www.v-label.com\/wp-content\/uploads\/2022\/12\/v-label-info-for-producers.jpg",600,408,false]},"uagb_author_info":{"display_name":"Can Aslan","author_link":"https:\/\/www.v-label.com\/no"},"uagb_comment_info":0,"uagb_excerpt":"Over hele verden b\u00e6rer n\u00e5 over 70 000 produkter fra mer enn 4 800 bedrifter V-Label som et kvalitetssikret varemerke for veganske og vegetariske varer og tjenester. Det internasjonalt anerkjente varemerket V-Label gj\u00f8r det enkelt for kunder over hele verden \u00e5 kunne gjenkjenne plantebaserte produkter p\u00e5 et \u00f8yeblikk. Er du produsent? L\u00e6r mer om fordelene&hellip;","_links":{"self":[{"href":"https:\/\/www.v-label.com\/no\/wp-json\/wp\/v2\/pages\/7897","targetHints":{"allow":["GET"]}}],"collection":[{"href":"https:\/\/www.v-label.com\/no\/wp-json\/wp\/v2\/pages"}],"about":[{"href":"https:\/\/www.v-label.com\/no\/wp-json\/wp\/v2\/types\/page"}],"author":[{"embeddable":true,"href":"https:\/\/www.v-label.com\/no\/wp-json\/wp\/v2\/users\/5"}],"replies":[{"embeddable":true,"href":"https:\/\/www.v-label.com\/no\/wp-json\/wp\/v2\/comments?post=7897"}],"version-history":[{"count":4,"href":"https:\/\/www.v-label.com\/no\/wp-json\/wp\/v2\/pages\/7897\/revisions"}],"predecessor-version":[{"id":83902,"href":"https:\/\/www.v-label.com\/no\/wp-json\/wp\/v2\/pages\/7897\/revisions\/83902"}],"wp:featuredmedia":[{"embeddable":true,"href":"https:\/\/www.v-label.com\/no\/wp-json\/wp\/v2\/media\/39761"}],"wp:attachment":[{"href":"https:\/\/www.v-label.com\/no\/wp-json\/wp\/v2\/media?parent=7897"}],"wp:term":[{"taxonomy":"category","embeddable":true,"href":"https:\/\/www.v-label.com\/no\/wp-json\/wp\/v2\/categories?post=7897"},{"taxonomy":"post_tag","embeddable":true,"href":"https:\/\/www.v-label.com\/no\/wp-json\/wp\/v2\/tags?post=7897"}],"curies":[{"name":"wp","href":"https:\/\/api.w.org\/{rel}","templated":true}]}}