{"id":7954,"date":"2022-05-30T16:16:29","date_gmt":"2022-05-30T14:16:29","guid":{"rendered":"https:\/\/www.v-label.com\/info-for-producers\/benefits\/"},"modified":"2024-07-09T15:22:37","modified_gmt":"2024-07-09T13:22:37","slug":"benefits","status":"publish","type":"page","link":"https:\/\/www.v-label.com\/no\/info-for-producers\/benefits\/","title":{"rendered":"Fordeler"},"content":{"rendered":"\n<p>Kunder over hele verden velger i \u00f8kende grad plantebaserte produkter av ulike grunner som helse, allergier og intoleranser, praktiske hensyn, etikk, egne smakspreferanser eller simpelthen fordi barna deres liker det. B\u00e5de regjeringer og ulike organisasjoner legger merke til at veganisme \u00f8ker i omfang. Det har blitt \u00e5penbart at det er umulig \u00e5 n\u00e5 Parisavtalens klimam\u00e5l, som nesten alle land inkludert Norge har undertegnet, uten \u00e5 redusere konsumet av animalsk mat. Dette har skapt grobunn for et vitalt \u00f8kosystem av produsenter som \u00f8nsker \u00e5 bidra med innovative og b\u00e6rekraftige alternativer. Med V-Label kan du styrke din posisjon i dette markedet som er i vekst, og som antas \u00e5 vokse betydelig i \u00e5rene fremover.<\/p>\n\n\n\n<div class=\"wp-block-media-text is-stacked-on-mobile is-vertically-aligned-center is-image-fill\"><figure class=\"wp-block-media-text__media\" style=\"background-image:url(https:\/\/www.v-label.com\/wp-content\/uploads\/2022\/12\/v-label-consumers-favorite.jpg);background-position:62% 53%\"><img decoding=\"async\" src=\"https:\/\/www.v-label.com\/wp-content\/uploads\/2022\/12\/v-label-consumers-favorite.jpg\" alt=\"\" class=\"wp-image-39649 size-full\"\/><\/figure><div class=\"wp-block-media-text__content\">\n<h3 class=\"wp-block-heading\"><strong>Kundenes favoritt<\/strong><\/h3>\n\n\n\n<p>I f\u00f8lge det anerkjente G\u00fctesiegel Monito 2020 er V-label Tysklands \u00e5ttende mest velkjente og tredje mest p\u00e5litelige kvalitetetsmerke innen matvarer. I EU er V-Label det mest velkjente merket for vegetariske og veganske produkter. V-Label har sertifisert over 70 000 produkter over hele verden og har en bred st\u00f8tte i det veganske og vegetariske milj\u00f8et. Gjennom sin lettforst\u00e5elige kategorisering av veganske og vegetariske produkter er V-Label en effektiv og tillitsvekkende m\u00e5te \u00e5 informere folk n\u00f8yaktig hva de kj\u00f8per.<\/p>\n<\/div><\/div>\n\n\n\n<div style=\"height:30px\" aria-hidden=\"true\" class=\"wp-block-spacer\"><\/div>\n\n\n\n<div class=\"wp-block-media-text is-stacked-on-mobile is-vertically-aligned-center is-image-fill\"><figure class=\"wp-block-media-text__media\" style=\"background-image:url(https:\/\/www.v-label.com\/wp-content\/uploads\/2022\/12\/v-label-global-recognition.jpg);background-position:50% 50%\"><img decoding=\"async\" width=\"1280\" height=\"959\" src=\"https:\/\/www.v-label.com\/wp-content\/uploads\/2022\/12\/v-label-global-recognition.jpg\" alt=\"\" class=\"wp-image-17595 size-full\" srcset=\"https:\/\/www.v-label.com\/wp-content\/uploads\/2022\/12\/v-label-global-recognition.jpg 1280w, https:\/\/www.v-label.com\/wp-content\/uploads\/2022\/12\/v-label-global-recognition-300x225.jpg 300w, https:\/\/www.v-label.com\/wp-content\/uploads\/2022\/12\/v-label-global-recognition-1024x767.jpg 1024w, https:\/\/www.v-label.com\/wp-content\/uploads\/2022\/12\/v-label-global-recognition-500x375.jpg 500w, https:\/\/www.v-label.com\/wp-content\/uploads\/2022\/12\/v-label-global-recognition-768x575.jpg 768w\" sizes=\"(max-width: 1280px) 100vw, 1280px\" \/><\/figure><div class=\"wp-block-media-text__content\">\n<h3 class=\"wp-block-heading\"><strong>Anerkjent over hele verden<\/strong><\/h3>\n\n\n\n<p>V-Label ble etablert for over 25 \u00e5r siden i Sveits og har en ledende rolle i kvalitetssikring av veganske og vegetariske produkter og tjenester. Med V-Label har du \u00e9n sertifisering som er h\u00f8yt ansett p\u00e5 tvers av ulike markeder. Fra Berlin til Buenos Aires kan ikke \u00f8ynene til en bevisst kunde unng\u00e5 \u00e5 legge merke til det velkjente gule og gr\u00f8nne merket som utgj\u00f8r V-Label.<\/p>\n<\/div><\/div>\n\n\n\n<div style=\"height:30px\" aria-hidden=\"true\" class=\"wp-block-spacer\"><\/div>\n\n\n\n<div class=\"wp-block-media-text is-stacked-on-mobile is-vertically-aligned-center is-image-fill\"><figure class=\"wp-block-media-text__media\" style=\"background-image:url(https:\/\/www.v-label.com\/wp-content\/uploads\/2022\/12\/v-label-business-partnerships.jpg);background-position:50% 50%\"><img decoding=\"async\" width=\"1280\" height=\"853\" src=\"https:\/\/www.v-label.com\/wp-content\/uploads\/2022\/12\/v-label-business-partnerships.jpg\" alt=\"\" class=\"wp-image-17615 size-full\" srcset=\"https:\/\/www.v-label.com\/wp-content\/uploads\/2022\/12\/v-label-business-partnerships.jpg 1280w, https:\/\/www.v-label.com\/wp-content\/uploads\/2022\/12\/v-label-business-partnerships-300x200.jpg 300w, https:\/\/www.v-label.com\/wp-content\/uploads\/2022\/12\/v-label-business-partnerships-1024x682.jpg 1024w, https:\/\/www.v-label.com\/wp-content\/uploads\/2022\/12\/v-label-business-partnerships-500x333.jpg 500w, https:\/\/www.v-label.com\/wp-content\/uploads\/2022\/12\/v-label-business-partnerships-768x512.jpg 768w\" sizes=\"(max-width: 1280px) 100vw, 1280px\" \/><\/figure><div class=\"wp-block-media-text__content\">\n<h3 class=\"wp-block-heading\"><strong>Forretningssamarbeid<\/strong><\/h3>\n\n\n\n<p>Gjennom \u00e5 v\u00e6re den eneste verdensomfattende sertifiseringen med lokale representanter i mer enn 50 land og kundeservice p\u00e5 over 30 spr\u00e5k, inviterer vi til en reise som omfatter mye mer enn kun sertifiseringen. Hva ville det bety for din bedrift om dere fikk forretningsbyggende verkt\u00f8y som markedsinnsikt og annen veiledning? Planlegger dere lanseringen av et nytt produkt eller skal dere inn p\u00e5 det veganske markedet for f\u00f8rste gang? Sp\u00f8r oss om r\u00e5d. Gr\u00f8nn Framtid, V-Label sin partnerorganisasjon i Norge, tilbyr ogs\u00e5 plantebasert matlagingskurs, hjelp med utvikling av meny og matretter for kantiner og restauranter, r\u00e5dgivning innen markedsf\u00f8ring og kommunikasjon av plantebaserte retter, og sertifisering med v\u00e5rt milj\u00f8merke Gr\u00f8nn Stjerne.<\/p>\n<\/div><\/div>\n\n\n\n<div style=\"height:30px\" aria-hidden=\"true\" class=\"wp-block-spacer\"><\/div>\n\n\n\n<div class=\"wp-block-media-text is-stacked-on-mobile is-vertically-aligned-center is-image-fill\"><figure class=\"wp-block-media-text__media\" style=\"background-image:url(https:\/\/www.v-label.com\/wp-content\/uploads\/2022\/12\/v-label-inclusive-approach.jpg);background-position:12% 52%\"><img decoding=\"async\" width=\"1280\" height=\"854\" src=\"https:\/\/www.v-label.com\/wp-content\/uploads\/2022\/12\/v-label-inclusive-approach.jpg\" alt=\"\" class=\"wp-image-17635 size-full\" srcset=\"https:\/\/www.v-label.com\/wp-content\/uploads\/2022\/12\/v-label-inclusive-approach.jpg 1280w, https:\/\/www.v-label.com\/wp-content\/uploads\/2022\/12\/v-label-inclusive-approach-300x200.jpg 300w, https:\/\/www.v-label.com\/wp-content\/uploads\/2022\/12\/v-label-inclusive-approach-1024x683.jpg 1024w, https:\/\/www.v-label.com\/wp-content\/uploads\/2022\/12\/v-label-inclusive-approach-500x334.jpg 500w, https:\/\/www.v-label.com\/wp-content\/uploads\/2022\/12\/v-label-inclusive-approach-768x512.jpg 768w\" sizes=\"(max-width: 1280px) 100vw, 1280px\" \/><\/figure><div class=\"wp-block-media-text__content\">\n<h3 class=\"wp-block-heading\"><strong>En inkluderende tiln\u00e6rming<\/strong><\/h3>\n\n\n\n<p>V-Label sin sertifisering av veganske og vegetariske produkter er basert p\u00e5 grundige kontroller og kvalitetssikring, og passer alle bedrifter, fra mindre veganske start-ups til internasjonale virksomheter som Unilever, Nestl\u00e9 og Danone. V-Label er et attraktivt alternativ for bedrifter som ikke hovedsakelig orienterer seg i det plantebaserte markedet, men som \u00f8nsker \u00e5 im\u00f8tekomme fleksitarianere, en hurtigvoksende kundegruppe. Bortsett fra mat, er sertifiseringen ogs\u00e5 tilgjengelig innenfor kosmetikk, mote, gastronomi, rengj\u00f8ringsprodukter, med mer.<\/p>\n<\/div><\/div>\n","protected":false},"excerpt":{"rendered":"<p>Kunder over hele verden velger i \u00f8kende grad plantebaserte produkter av ulike grunner som helse, allergier og intoleranser, praktiske hensyn, etikk, egne smakspreferanser eller simpelthen fordi barna deres liker det. B\u00e5de regjeringer og ulike organisasjoner legger merke til at veganisme \u00f8ker i omfang. Det har blitt \u00e5penbart at det er umulig \u00e5 n\u00e5 Parisavtalens klimam\u00e5l, [&hellip;]<\/p>\n","protected":false},"author":5,"featured_media":17557,"parent":7897,"menu_order":0,"comment_status":"closed","ping_status":"closed","template":"","meta":{"_acf_changed":false,"_editorskit_title_hidden":false,"_editorskit_reading_time":0,"_editorskit_is_block_options_detached":false,"_editorskit_block_options_position":"{}","inline_featured_image":false,"_uag_custom_page_level_css":"","footnotes":""},"categories":[],"tags":[],"class_list":["post-7954","page","type-page","status-publish","has-post-thumbnail","hentry"],"acf":[],"uagb_featured_image_src":{"full":["https:\/\/www.v-label.com\/wp-content\/uploads\/2022\/12\/v-label-benefits.jpg",1280,878,false],"thumbnail":["https:\/\/www.v-label.com\/wp-content\/uploads\/2022\/12\/v-label-benefits-500x343.jpg",500,343,true],"medium":["https:\/\/www.v-label.com\/wp-content\/uploads\/2022\/12\/v-label-benefits-300x206.jpg",300,206,true],"medium_large":["https:\/\/www.v-label.com\/wp-content\/uploads\/2022\/12\/v-label-benefits-768x527.jpg",768,527,true],"large":["https:\/\/www.v-label.com\/wp-content\/uploads\/2022\/12\/v-label-benefits-1024x702.jpg",1024,702,true],"1536x1536":["https:\/\/www.v-label.com\/wp-content\/uploads\/2022\/12\/v-label-benefits.jpg",1280,878,false],"2048x2048":["https:\/\/www.v-label.com\/wp-content\/uploads\/2022\/12\/v-label-benefits.jpg",1280,878,false],"preview":["https:\/\/www.v-label.com\/wp-content\/uploads\/2022\/12\/v-label-benefits-904x720.jpg",904,720,true],"header":["https:\/\/www.v-label.com\/wp-content\/uploads\/2022\/12\/v-label-benefits-1280x720.jpg",1280,720,true],"gform-image-choice-sm":["https:\/\/www.v-label.com\/wp-content\/uploads\/2022\/12\/v-label-benefits.jpg",300,206,false],"gform-image-choice-md":["https:\/\/www.v-label.com\/wp-content\/uploads\/2022\/12\/v-label-benefits.jpg",400,274,false],"gform-image-choice-lg":["https:\/\/www.v-label.com\/wp-content\/uploads\/2022\/12\/v-label-benefits.jpg",600,412,false]},"uagb_author_info":{"display_name":"Can Aslan","author_link":"https:\/\/www.v-label.com\/no"},"uagb_comment_info":0,"uagb_excerpt":"Kunder over hele verden velger i \u00f8kende grad plantebaserte produkter av ulike grunner som helse, allergier og intoleranser, praktiske hensyn, etikk, egne smakspreferanser eller simpelthen fordi barna deres liker det. B\u00e5de regjeringer og ulike organisasjoner legger merke til at veganisme \u00f8ker i omfang. Det har blitt \u00e5penbart at det er umulig \u00e5 n\u00e5 Parisavtalens klimam\u00e5l,&hellip;","_links":{"self":[{"href":"https:\/\/www.v-label.com\/no\/wp-json\/wp\/v2\/pages\/7954","targetHints":{"allow":["GET"]}}],"collection":[{"href":"https:\/\/www.v-label.com\/no\/wp-json\/wp\/v2\/pages"}],"about":[{"href":"https:\/\/www.v-label.com\/no\/wp-json\/wp\/v2\/types\/page"}],"author":[{"embeddable":true,"href":"https:\/\/www.v-label.com\/no\/wp-json\/wp\/v2\/users\/5"}],"replies":[{"embeddable":true,"href":"https:\/\/www.v-label.com\/no\/wp-json\/wp\/v2\/comments?post=7954"}],"version-history":[{"count":5,"href":"https:\/\/www.v-label.com\/no\/wp-json\/wp\/v2\/pages\/7954\/revisions"}],"predecessor-version":[{"id":83903,"href":"https:\/\/www.v-label.com\/no\/wp-json\/wp\/v2\/pages\/7954\/revisions\/83903"}],"up":[{"embeddable":true,"href":"https:\/\/www.v-label.com\/no\/wp-json\/wp\/v2\/pages\/7897"}],"wp:featuredmedia":[{"embeddable":true,"href":"https:\/\/www.v-label.com\/no\/wp-json\/wp\/v2\/media\/17557"}],"wp:attachment":[{"href":"https:\/\/www.v-label.com\/no\/wp-json\/wp\/v2\/media?parent=7954"}],"wp:term":[{"taxonomy":"category","embeddable":true,"href":"https:\/\/www.v-label.com\/no\/wp-json\/wp\/v2\/categories?post=7954"},{"taxonomy":"post_tag","embeddable":true,"href":"https:\/\/www.v-label.com\/no\/wp-json\/wp\/v2\/tags?post=7954"}],"curies":[{"name":"wp","href":"https:\/\/api.w.org\/{rel}","templated":true}]}}