{"id":79687,"date":"2024-05-02T17:44:16","date_gmt":"2024-05-02T15:44:16","guid":{"rendered":"https:\/\/www.v-label.com\/?page_id=79687"},"modified":"2025-05-12T17:46:37","modified_gmt":"2025-05-12T15:46:37","slug":"v-label-advisory-board","status":"publish","type":"page","link":"https:\/\/www.v-label.com\/no\/v-label-advisory-board\/","title":{"rendered":"V-Label Advisory Board"},"content":{"rendered":"\n<p>At V-Label International, we are dedicated to supporting our growing global network of partner not-for-profit organizations, that conduct licensing of vegan and vegetarian products.&nbsp;As we continue our journey towards a world where vegan and vegetarian products are widespread, popular, and easily recognisable, we recognize the invaluable role that experienced professionals can play in maximizing our impact.<\/p>\n\n\n\n<p>The mission of the Advisory Board is to provide guidance, expert advice, and diverse perspectives to support V-Label International in achieving our goals and advancing our mission. Through collaboration and informed decision-making, the advisory board aims to enhance the organization&#8217;s effectiveness, impact, and growth.<\/p>\n\n\n\n<h2 class=\"wp-block-heading\">V-Label Advisory Board Members<\/h2>\n\n\n\n<div class=\"wp-block-columns is-layout-flex wp-container-core-columns-is-layout-9d6595d7 wp-block-columns-is-layout-flex\">\n<div class=\"wp-block-column is-layout-flow wp-block-column-is-layout-flow\">\n<ul class=\"wp-block-list\">\n<li><a aria-label=\" (opens in a new tab)\" class=\"ek-link\" href=\"https:\/\/www.linkedin.com\/in\/anais-bismuth\/\" target=\"_blank\" rel=\"noreferrer noopener\">Anais Bismuth<\/a><\/li>\n\n\n\n<li><a href=\"http:\/\/linkedin.com\/in\/idaspeyer\/\" target=\"_blank\" aria-label=\" (opens in a new tab)\" rel=\"noreferrer noopener\" class=\"ek-link\">Ida Speyer<\/a><\/li>\n\n\n\n<li><a aria-label=\" (opens in a new tab)\" href=\"https:\/\/de.linkedin.com\/in\/noemie-marchenay-074232143\" target=\"_blank\" rel=\"noreferrer noopener\" class=\"ek-link\">Noemie Marchenay<\/a><\/li>\n\n\n\n<li><a href=\"https:\/\/www.linkedin.com\/in\/jan-jonas-kunz\" target=\"_blank\" aria-label=\"Jan Jonas Kunz (opens in a new tab)\" rel=\"noreferrer noopener\" class=\"ek-link\">Jan Jonas Kunz<\/a><\/li>\n\n\n\n<li><a href=\"https:\/\/www.linkedin.com\/in\/damianchase\/\" target=\"_blank\" aria-label=\" (opens in a new tab)\" rel=\"noreferrer noopener\" class=\"ek-link\">Damian Bowden<\/a> <\/li>\n\n\n\n<li><a href=\"https:\/\/www.linkedin.com\/in\/cehenderson\/\" target=\"_blank\" aria-label=\" (opens in a new tab)\" rel=\"noreferrer noopener\" class=\"ek-link\">Carla Henderson<\/a><\/li>\n\n\n\n<li><a href=\"https:\/\/www.linkedin.com\/in\/janek-kozub%C3%ADk-2280619b\/\" target=\"_blank\" aria-label=\" (opens in a new tab)\" rel=\"noreferrer noopener\" class=\"ek-link\">Janek Kozub\u00edk<\/a><\/li>\n\n\n\n<li><a href=\"https:\/\/www.linkedin.com\/in\/lynettekucsma\/\" target=\"_blank\" aria-label=\" (opens in a new tab)\" rel=\"noreferrer noopener\" class=\"ek-link\">Lynette Kucsma<\/a><\/li>\n\n\n\n<li><a aria-label=\" (opens in a new tab)\" class=\"ek-link\" href=\"https:\/\/www.linkedin.com\/in\/edwardsliwinski\/\" target=\"_blank\" rel=\"noreferrer noopener\">Edward Sliwinski<\/a><\/li>\n<\/ul>\n<\/div>\n\n\n\n<div class=\"wp-block-column is-layout-flow wp-block-column-is-layout-flow\">\n<ul class=\"wp-block-list\">\n<li><a aria-label=\" (opens in a new tab)\" class=\"ek-link\" href=\"https:\/\/www.linkedin.com\/in\/kasiamakowska\/\" target=\"_blank\" rel=\"noreferrer noopener\">Kasia Makowska<\/a><\/li>\n\n\n\n<li><a href=\"https:\/\/www.linkedin.com\/in\/ulrichstruenck\/\" target=\"_blank\" aria-label=\" (opens in a new tab)\" rel=\"noreferrer noopener\" class=\"ek-link\">Ulrich Str\u00fcnck<\/a><\/li>\n\n\n\n<li><a aria-label=\" (opens in a new tab)\" href=\"https:\/\/www.linkedin.com\/in\/dr-benjamin-amshoff-bb11a31a2\/\" target=\"_blank\" rel=\"noreferrer noopener\" class=\"ek-link\">Dr.<\/a><a href=\"https:\/\/www.linkedin.com\/in\/dr-benjamin-amshoff-bb11a31a2\/\" target=\"_blank\" aria-label=\" (opens in a new tab)\" rel=\"noreferrer noopener\" class=\"ek-link\"> <\/a><a aria-label=\" (opens in a new tab)\" href=\"https:\/\/www.linkedin.com\/in\/dr-benjamin-amshoff-bb11a31a2\/\" target=\"_blank\" rel=\"noreferrer noopener\" class=\"ek-link\">Benjamin Amshoff<\/a><\/li>\n\n\n\n<li><a aria-label=\" (opens in a new tab)\" class=\"ek-link\" href=\"https:\/\/www.linkedin.com\/in\/danielledejonge\/\" target=\"_blank\" rel=\"noreferrer noopener\">Danielle de Jonge<\/a><\/li>\n\n\n\n<li><a href=\"https:\/\/www.linkedin.com\/in\/reka-szollosi\/\" target=\"_blank\" aria-label=\" (opens in a new tab)\" rel=\"noreferrer noopener\" class=\"ek-link\">R\u00e9ka Sz\u00f6ll\u0151si<\/a><\/li>\n\n\n\n<li><a href=\"https:\/\/www.linkedin.com\/in\/milastaneva\" target=\"_blank\" aria-label=\" (opens in a new tab)\" rel=\"noreferrer noopener\" class=\"ek-link\">Mila Staneva<\/a><\/li>\n\n\n\n<li><a href=\"http:\/\/www.linkedin.com\/in\/ronfranken\" target=\"_blank\" aria-label=\" (opens in a new tab)\" rel=\"noreferrer noopener\" class=\"ek-link\">Ron Franken<\/a><\/li>\n\n\n\n<li><a href=\"https:\/\/www.linkedin.com\/in\/priyasinghal90\/\" target=\"_blank\" aria-label=\" (opens in a new tab)\" rel=\"noreferrer noopener\" class=\"ek-link\">Priya Singhal<\/a><\/li>\n\n\n\n<li><a aria-label=\" (opens in a new tab)\" class=\"ek-link\" href=\"http:\/\/www.linkedin.com\/in\/michaelmccomb\" target=\"_blank\" rel=\"noreferrer noopener\">Michael McComb<\/a><\/li>\n<\/ul>\n<\/div>\n\n\n\n<div class=\"wp-block-column is-layout-flow wp-block-column-is-layout-flow\">\n<ul class=\"wp-block-list\">\n<li><a aria-label=\" (opens in a new tab)\" class=\"ek-link\" href=\"https:\/\/www.linkedin.com\/in\/ehemphillburns\/\" target=\"_blank\" rel=\"noreferrer noopener\">Elizabeth Hemphill-Burns<\/a><\/li>\n\n\n\n<li><a href=\"https:\/\/www.linkedin.com\/in\/ninaquist\/\" target=\"_blank\" aria-label=\" (opens in a new tab)\" rel=\"noreferrer noopener\" class=\"ek-link\">Nina Quist<\/a><\/li>\n\n\n\n<li><a href=\"http:\/\/linkedin.com\/in\/anant-joshi-48912b\" target=\"_blank\" aria-label=\" (opens in a new tab)\" rel=\"noreferrer noopener\" class=\"ek-link\">Anant Joshi<\/a><\/li>\n\n\n\n<li><a href=\"https:\/\/www.linkedin.com\/in\/dianernoyes\/\" target=\"_blank\" aria-label=\" (opens in a new tab)\" rel=\"noreferrer noopener\" class=\"ek-link\">Diane Noyes<\/a><\/li>\n\n\n\n<li><a href=\"http:\/\/linkedin.com\/in\/saramoraisalmeida\" target=\"_blank\" aria-label=\" (opens in a new tab)\" rel=\"noreferrer noopener\" class=\"ek-link\">Sara Morais<\/a><\/li>\n\n\n\n<li><a aria-label=\" (opens in a new tab)\" class=\"ek-link\" href=\"http:\/\/www.linkedin.com\/in\/zuzana-marounkova\" target=\"_blank\" rel=\"noreferrer noopener\">Zuzana Marounkov\u00e1<\/a><\/li>\n<\/ul>\n<\/div>\n<\/div>\n\n\n\n<figure class=\"wp-block-image size-large\"><img decoding=\"async\" width=\"1024\" height=\"684\" src=\"https:\/\/www.v-label.com\/wp-content\/uploads\/2024\/05\/v-label-advisory-board-mid2-1024x684.jpg\" alt=\"\" class=\"wp-image-79744\" srcset=\"https:\/\/www.v-label.com\/wp-content\/uploads\/2024\/05\/v-label-advisory-board-mid2-1024x684.jpg 1024w, https:\/\/www.v-label.com\/wp-content\/uploads\/2024\/05\/v-label-advisory-board-mid2-300x200.jpg 300w, https:\/\/www.v-label.com\/wp-content\/uploads\/2024\/05\/v-label-advisory-board-mid2-500x334.jpg 500w, https:\/\/www.v-label.com\/wp-content\/uploads\/2024\/05\/v-label-advisory-board-mid2-768x513.jpg 768w, https:\/\/www.v-label.com\/wp-content\/uploads\/2024\/05\/v-label-advisory-board-mid2-1536x1025.jpg 1536w, https:\/\/www.v-label.com\/wp-content\/uploads\/2024\/05\/v-label-advisory-board-mid2.jpg 2000w\" sizes=\"(max-width: 1024px) 100vw, 1024px\" \/><\/figure>\n\n\n\n<h2 class=\"wp-block-heading\">Objectives<\/h2>\n\n\n\n<ul class=\"wp-block-list\">\n<li><strong>Expert advice:<\/strong> The advisory board collaborates with the organization&#8217;s leadership drawing on their diverse expertise and experiences. Advisory board members offer insights, recommendations, and best practices to inform decision-making on key issues, challenges, and opportunities facing the organization.<\/li>\n\n\n\n<li><strong>Network and partnership development:<\/strong> Advisory board members leverage their networks and connections to identify potential partners, stakeholders, and resources that can support the organization&#8217;s mission and enhance its impact.<\/li>\n\n\n\n<li><strong>Advocacy and ambassadorship:<\/strong> Members of the advisory board serve as ambassadors and advocates for the organization, promoting its mission, programs, and accomplishments within their respective networks and communities.<\/li>\n\n\n\n<li><strong>Innovation and adaptation:<\/strong> The advisory board fosters a culture of innovation, learning, and continuous improvement by exploring new ideas, approaches, and opportunities to address emerging challenges and capitalize on evolving trends.<\/li>\n<\/ul>\n","protected":false},"excerpt":{"rendered":"<p>At V-Label International, we are dedicated to supporting our growing global network of partner not-for-profit organizations, that conduct licensing of vegan and vegetarian products.&nbsp;As we continue our journey towards a world where vegan and vegetarian products are widespread, popular, and easily recognisable, we recognize the invaluable role that experienced professionals can play in maximizing our [&hellip;]<\/p>\n","protected":false},"author":5,"featured_media":79744,"parent":0,"menu_order":0,"comment_status":"closed","ping_status":"closed","template":"","meta":{"_acf_changed":false,"_editorskit_title_hidden":false,"_editorskit_reading_time":0,"_editorskit_is_block_options_detached":false,"_editorskit_block_options_position":"{}","inline_featured_image":false,"_uag_custom_page_level_css":"","footnotes":""},"categories":[],"tags":[],"class_list":["post-79687","page","type-page","status-publish","has-post-thumbnail","hentry"],"acf":[],"uagb_featured_image_src":{"full":["https:\/\/www.v-label.com\/wp-content\/uploads\/2024\/05\/v-label-advisory-board-mid2.jpg",2000,1335,false],"thumbnail":["https:\/\/www.v-label.com\/wp-content\/uploads\/2024\/05\/v-label-advisory-board-mid2-500x334.jpg",500,334,true],"medium":["https:\/\/www.v-label.com\/wp-content\/uploads\/2024\/05\/v-label-advisory-board-mid2-300x200.jpg",300,200,true],"medium_large":["https:\/\/www.v-label.com\/wp-content\/uploads\/2024\/05\/v-label-advisory-board-mid2-768x513.jpg",768,513,true],"large":["https:\/\/www.v-label.com\/wp-content\/uploads\/2024\/05\/v-label-advisory-board-mid2-1024x684.jpg",1024,684,true],"1536x1536":["https:\/\/www.v-label.com\/wp-content\/uploads\/2024\/05\/v-label-advisory-board-mid2-1536x1025.jpg",1536,1025,true],"2048x2048":["https:\/\/www.v-label.com\/wp-content\/uploads\/2024\/05\/v-label-advisory-board-mid2.jpg",2000,1335,false],"preview":["https:\/\/www.v-label.com\/wp-content\/uploads\/2024\/05\/v-label-advisory-board-mid2-904x720.jpg",904,720,true],"header":["https:\/\/www.v-label.com\/wp-content\/uploads\/2024\/05\/v-label-advisory-board-mid2-2000x720.jpg",2000,720,true],"gform-image-choice-sm":["https:\/\/www.v-label.com\/wp-content\/uploads\/2024\/05\/v-label-advisory-board-mid2.jpg",300,200,false],"gform-image-choice-md":["https:\/\/www.v-label.com\/wp-content\/uploads\/2024\/05\/v-label-advisory-board-mid2.jpg",400,267,false],"gform-image-choice-lg":["https:\/\/www.v-label.com\/wp-content\/uploads\/2024\/05\/v-label-advisory-board-mid2.jpg",600,401,false]},"uagb_author_info":{"display_name":"Can Aslan","author_link":"https:\/\/www.v-label.com\/no"},"uagb_comment_info":0,"uagb_excerpt":"At V-Label International, we are dedicated to supporting our growing global network of partner not-for-profit organizations, that conduct licensing of vegan and vegetarian products.&nbsp;As we continue our journey towards a world where vegan and vegetarian products are widespread, popular, and easily recognisable, we recognize the invaluable role that experienced professionals can play in maximizing our&hellip;","_links":{"self":[{"href":"https:\/\/www.v-label.com\/no\/wp-json\/wp\/v2\/pages\/79687","targetHints":{"allow":["GET"]}}],"collection":[{"href":"https:\/\/www.v-label.com\/no\/wp-json\/wp\/v2\/pages"}],"about":[{"href":"https:\/\/www.v-label.com\/no\/wp-json\/wp\/v2\/types\/page"}],"author":[{"embeddable":true,"href":"https:\/\/www.v-label.com\/no\/wp-json\/wp\/v2\/users\/5"}],"replies":[{"embeddable":true,"href":"https:\/\/www.v-label.com\/no\/wp-json\/wp\/v2\/comments?post=79687"}],"version-history":[{"count":17,"href":"https:\/\/www.v-label.com\/no\/wp-json\/wp\/v2\/pages\/79687\/revisions"}],"predecessor-version":[{"id":96924,"href":"https:\/\/www.v-label.com\/no\/wp-json\/wp\/v2\/pages\/79687\/revisions\/96924"}],"wp:featuredmedia":[{"embeddable":true,"href":"https:\/\/www.v-label.com\/no\/wp-json\/wp\/v2\/media\/79744"}],"wp:attachment":[{"href":"https:\/\/www.v-label.com\/no\/wp-json\/wp\/v2\/media?parent=79687"}],"wp:term":[{"taxonomy":"category","embeddable":true,"href":"https:\/\/www.v-label.com\/no\/wp-json\/wp\/v2\/categories?post=79687"},{"taxonomy":"post_tag","embeddable":true,"href":"https:\/\/www.v-label.com\/no\/wp-json\/wp\/v2\/tags?post=79687"}],"curies":[{"name":"wp","href":"https:\/\/api.w.org\/{rel}","templated":true}]}}