{"id":8018,"date":"2022-05-30T16:14:53","date_gmt":"2022-05-30T14:14:53","guid":{"rendered":"https:\/\/www.v-label.com\/branches\/"},"modified":"2022-12-10T09:35:22","modified_gmt":"2022-12-10T08:35:22","slug":"branches","status":"publish","type":"page","link":"https:\/\/www.v-label.com\/no\/branches\/","title":{"rendered":"Generell Informasjon"},"content":{"rendered":"\n<p>Det globale markedet for plantebaserte ingredienser har oppn\u00e5dd rekordsalg i mange \u00e5r og er forventet \u00e5 ha en \u00e5rlig vekstrate p\u00e5 8,94 % mellom 2019 &#8211; 2025. I 2018 l\u00e5 markedets avkastning p\u00e5 10,66 milliarder USD, og det ansl\u00e5s \u00e5 komme opp i 27,98 milliarder USD innen 2027.<\/p>\n\n\n\n<p>Over hele verden ser kunder i stadig \u00f8kende grad etter sunne, etiske og kostnadseffektive produkter med liten innvirkning p\u00e5 milj\u00f8et, noe som styrker ettersp\u00f8rselen etter veganske og vegetariske alternativer. Stadig flere bedrifter ser fordelen av \u00e5 im\u00f8tekomme markedets \u00f8kende behov for et mangfoldig utvalg av plantebaserte kvalitetsprodukter.<\/p>\n\n\n\n<p>Forbrukere ettersp\u00f8r ogs\u00e5 i \u00f8kende grad \u00e5penhet ved merking. De \u00f8nsker \u00e5 kunne identifisere veganske og vegetariske produkter raskt og sikkert. G\u00fctespiegel Monitor rangerte V-Label som en av tre mest tillitsvekkende matmerkene i Tyskland i 2020. Merking med uavhengige organisasjoner gir forbrukere st\u00f8rre trygghet enn merker produsert av produsenten selv. I Tyskland oppgir hele 60 % at de tror at merker fra en uavhengig milj\u00f8rettet organisasjon vil ha mer konsekvente inspeksjoner enn bedriftenes egne merker.<\/p>\n\n\n\r\n<ul id=\"pagelinks-block_295d63360b380ec5b9a2ca51145596b5\" class=\"wp-block-pagelinks\">\r\n\t\t\t\t\t\t<li>\r\n\t\t\t\t<article>\r\n\t\t\t\t\t\t\t\t\t\t\t<a href=\"https:\/\/www.v-label.com\/no\/branches\/cosmetics\/\" class=\"post_thumbnail\">\r\n\t\t\t\t\t\t\t<img decoding=\"async\" width=\"904\" height=\"720\" src=\"https:\/\/www.v-label.com\/wp-content\/uploads\/2022\/12\/cosmetics-1280-904x720.jpg\" class=\"attachment-preview size-preview wp-post-image\" alt=\"\" \/>\t\t\t\t\t\t<\/a>\r\n\t\t\t\t\t\t\t\t\t\t<div class=\"inner\">\r\n\t\t\t\t\t\t<div class=\"inner_top\">\r\n\t\t\t\t\t\t\t<header>\r\n\t\t\t\t\t\t\t\t<h3>\r\n\t\t\t\t\t\t\t\t\t<a href=\"https:\/\/www.v-label.com\/no\/branches\/cosmetics\/\">Kosmetikk og rengj\u00f8ringsmidler<\/a>\r\n\t\t\t\t\t\t\t\t<\/h3>\r\n\t\t\t\t\t\t\t\t\t\t\t\t\t\t\t<\/header>\r\n\t\t\t\t\t\t\t\t\t\t\t\t\t\t\t<div class=\"excerpt\">\r\n\t\t\t\t\t\t\t\t\t<p>Bekvemmelighet, ansvar for egen helse og et uttalt behov for skj\u00f8nnhetsprodukter som er \u00abcruelty-free\u00bb. Dette er de tre hovedgrunnene som ligger bak anslaget om at det globale veganske kosmetikkmarkedet vil ha \u00f8kt salget til 20,8 milliarder USD innen 2025, med en vekstrate p\u00e5 6,3 %, i f\u00f8lge \u00abVegan Cosmetics Market Size, Share &amp; Trends Analysis [&hellip;]<\/p>\r\n\t\t\t\t\t\t\t\t<\/div>\r\n\t\t\t\t\t\t\t\t\t\t\t\t\t<\/div>\r\n\t\t\t\t\t\t<a href=\"https:\/\/www.v-label.com\/no\/branches\/cosmetics\/\" class=\"read_more\">Read more<\/a>\r\n\t\t\t\t\t<\/div>\r\n\t\t\t\t<\/article>\r\n\t\t\t<\/li>\r\n\t\t\t\t\t<li>\r\n\t\t\t\t<article>\r\n\t\t\t\t\t\t\t\t\t\t\t<a href=\"https:\/\/www.v-label.com\/no\/branches\/food\/\" class=\"post_thumbnail\">\r\n\t\t\t\t\t\t\t<img decoding=\"async\" width=\"904\" height=\"720\" src=\"https:\/\/www.v-label.com\/wp-content\/uploads\/2022\/12\/v-label-food-sector-904x720.jpg\" class=\"attachment-preview size-preview wp-post-image\" alt=\"\" \/>\t\t\t\t\t\t<\/a>\r\n\t\t\t\t\t\t\t\t\t\t<div class=\"inner\">\r\n\t\t\t\t\t\t<div class=\"inner_top\">\r\n\t\t\t\t\t\t\t<header>\r\n\t\t\t\t\t\t\t\t<h3>\r\n\t\t\t\t\t\t\t\t\t<a href=\"https:\/\/www.v-label.com\/no\/branches\/food\/\">Mat<\/a>\r\n\t\t\t\t\t\t\t\t<\/h3>\r\n\t\t\t\t\t\t\t\t\t\t\t\t\t\t\t<\/header>\r\n\t\t\t\t\t\t\t\t\t\t\t\t\t\t\t<div class=\"excerpt\">\r\n\t\t\t\t\t\t\t\t\t<p>Visste du at det plantebaserte markedet i Vest-Europa i f\u00f8lge Euromonito International er doblet bare i det forrige ti\u00e5ret, og at det utgj\u00f8r 38,5 % av den globale inntekten fra plantebaserte varer totalt? Mens det globale plantebaserte matmarkedet er forventet \u00e5 vokse med 8,94 %, er proteinsektoren alene antatt \u00e5 akselerere med 18 % og [&hellip;]<\/p>\r\n\t\t\t\t\t\t\t\t<\/div>\r\n\t\t\t\t\t\t\t\t\t\t\t\t\t<\/div>\r\n\t\t\t\t\t\t<a href=\"https:\/\/www.v-label.com\/no\/branches\/food\/\" class=\"read_more\">Read more<\/a>\r\n\t\t\t\t\t<\/div>\r\n\t\t\t\t<\/article>\r\n\t\t\t<\/li>\r\n\t\t\t\t\t<li>\r\n\t\t\t\t<article>\r\n\t\t\t\t\t\t\t\t\t\t\t<a href=\"https:\/\/www.v-label.com\/no\/branches\/non-food\/\" class=\"post_thumbnail\">\r\n\t\t\t\t\t\t\t<img decoding=\"async\" width=\"904\" height=\"692\" src=\"https:\/\/www.v-label.com\/wp-content\/uploads\/2022\/12\/v-label-non-food-sectors-904x692.jpg\" class=\"attachment-preview size-preview wp-post-image\" alt=\"\" \/>\t\t\t\t\t\t<\/a>\r\n\t\t\t\t\t\t\t\t\t\t<div class=\"inner\">\r\n\t\t\t\t\t\t<div class=\"inner_top\">\r\n\t\t\t\t\t\t\t<header>\r\n\t\t\t\t\t\t\t\t<h3>\r\n\t\t\t\t\t\t\t\t\t<a href=\"https:\/\/www.v-label.com\/no\/branches\/non-food\/\">Andre Produkter<\/a>\r\n\t\t\t\t\t\t\t\t<\/h3>\r\n\t\t\t\t\t\t\t\t\t\t\t\t\t\t\t<\/header>\r\n\t\t\t\t\t\t\t\t\t\t\t\t\t\t\t<div class=\"excerpt\">\r\n\t\t\t\t\t\t\t\t\t<p>Som en blomstrende industri med en lovende fremtid, er allerede vegansk og cruelty-free mote ansett attraktiv og luksuri\u00f8s. Det globale markedet for vegansk kvinnemote utgjorde 396,3 milliarder USD i 2019 og er forventet \u00e5 \u00f8ke med 13,6% innen 2027 i f\u00f8lge Statista.com. Det veganske skinnmarkedet er industriens fremste drivkraft takket v\u00e6re teknologiske nyvinninger som perfeksjonerer [&hellip;]<\/p>\r\n\t\t\t\t\t\t\t\t<\/div>\r\n\t\t\t\t\t\t\t\t\t\t\t\t\t<\/div>\r\n\t\t\t\t\t\t<a href=\"https:\/\/www.v-label.com\/no\/branches\/non-food\/\" class=\"read_more\">Read more<\/a>\r\n\t\t\t\t\t<\/div>\r\n\t\t\t\t<\/article>\r\n\t\t\t<\/li>\r\n\t\t\t<\/ul>","protected":false},"excerpt":{"rendered":"<p>Det globale markedet for plantebaserte ingredienser har oppn\u00e5dd rekordsalg i mange \u00e5r og er forventet \u00e5 ha en \u00e5rlig vekstrate p\u00e5 8,94 % mellom 2019 &#8211; 2025. I 2018 l\u00e5 markedets avkastning p\u00e5 10,66 milliarder USD, og det ansl\u00e5s \u00e5 komme opp i 27,98 milliarder USD innen 2027. Over hele verden ser kunder i stadig [&hellip;]<\/p>\n","protected":false},"author":5,"featured_media":16976,"parent":0,"menu_order":0,"comment_status":"closed","ping_status":"closed","template":"","meta":{"_acf_changed":false,"_editorskit_title_hidden":false,"_editorskit_reading_time":0,"_editorskit_is_block_options_detached":false,"_editorskit_block_options_position":"{}","inline_featured_image":false,"_uag_custom_page_level_css":"","footnotes":""},"categories":[],"tags":[],"class_list":["post-8018","page","type-page","status-publish","has-post-thumbnail","hentry"],"acf":[],"uagb_featured_image_src":{"full":["https:\/\/www.v-label.com\/wp-content\/uploads\/2022\/12\/v-label-general-info-sectors.jpg",1280,716,false],"thumbnail":["https:\/\/www.v-label.com\/wp-content\/uploads\/2022\/12\/v-label-general-info-sectors-500x280.jpg",500,280,true],"medium":["https:\/\/www.v-label.com\/wp-content\/uploads\/2022\/12\/v-label-general-info-sectors-300x168.jpg",300,168,true],"medium_large":["https:\/\/www.v-label.com\/wp-content\/uploads\/2022\/12\/v-label-general-info-sectors-768x430.jpg",768,430,true],"large":["https:\/\/www.v-label.com\/wp-content\/uploads\/2022\/12\/v-label-general-info-sectors-1024x573.jpg",1024,573,true],"1536x1536":["https:\/\/www.v-label.com\/wp-content\/uploads\/2022\/12\/v-label-general-info-sectors.jpg",1280,716,false],"2048x2048":["https:\/\/www.v-label.com\/wp-content\/uploads\/2022\/12\/v-label-general-info-sectors.jpg",1280,716,false],"preview":["https:\/\/www.v-label.com\/wp-content\/uploads\/2022\/12\/v-label-general-info-sectors-904x716.jpg",904,716,true],"header":["https:\/\/www.v-label.com\/wp-content\/uploads\/2022\/12\/v-label-general-info-sectors.jpg",1280,716,false],"gform-image-choice-sm":["https:\/\/www.v-label.com\/wp-content\/uploads\/2022\/12\/v-label-general-info-sectors.jpg",300,168,false],"gform-image-choice-md":["https:\/\/www.v-label.com\/wp-content\/uploads\/2022\/12\/v-label-general-info-sectors.jpg",400,224,false],"gform-image-choice-lg":["https:\/\/www.v-label.com\/wp-content\/uploads\/2022\/12\/v-label-general-info-sectors.jpg",600,336,false]},"uagb_author_info":{"display_name":"Can Aslan","author_link":"https:\/\/www.v-label.com\/no"},"uagb_comment_info":0,"uagb_excerpt":"Det globale markedet for plantebaserte ingredienser har oppn\u00e5dd rekordsalg i mange \u00e5r og er forventet \u00e5 ha en \u00e5rlig vekstrate p\u00e5 8,94 % mellom 2019 &#8211; 2025. I 2018 l\u00e5 markedets avkastning p\u00e5 10,66 milliarder USD, og det ansl\u00e5s \u00e5 komme opp i 27,98 milliarder USD innen 2027. Over hele verden ser kunder i stadig&hellip;","_links":{"self":[{"href":"https:\/\/www.v-label.com\/no\/wp-json\/wp\/v2\/pages\/8018","targetHints":{"allow":["GET"]}}],"collection":[{"href":"https:\/\/www.v-label.com\/no\/wp-json\/wp\/v2\/pages"}],"about":[{"href":"https:\/\/www.v-label.com\/no\/wp-json\/wp\/v2\/types\/page"}],"author":[{"embeddable":true,"href":"https:\/\/www.v-label.com\/no\/wp-json\/wp\/v2\/users\/5"}],"replies":[{"embeddable":true,"href":"https:\/\/www.v-label.com\/no\/wp-json\/wp\/v2\/comments?post=8018"}],"version-history":[{"count":6,"href":"https:\/\/www.v-label.com\/no\/wp-json\/wp\/v2\/pages\/8018\/revisions"}],"predecessor-version":[{"id":10479,"href":"https:\/\/www.v-label.com\/no\/wp-json\/wp\/v2\/pages\/8018\/revisions\/10479"}],"wp:featuredmedia":[{"embeddable":true,"href":"https:\/\/www.v-label.com\/no\/wp-json\/wp\/v2\/media\/16976"}],"wp:attachment":[{"href":"https:\/\/www.v-label.com\/no\/wp-json\/wp\/v2\/media?parent=8018"}],"wp:term":[{"taxonomy":"category","embeddable":true,"href":"https:\/\/www.v-label.com\/no\/wp-json\/wp\/v2\/categories?post=8018"},{"taxonomy":"post_tag","embeddable":true,"href":"https:\/\/www.v-label.com\/no\/wp-json\/wp\/v2\/tags?post=8018"}],"curies":[{"name":"wp","href":"https:\/\/api.w.org\/{rel}","templated":true}]}}