{"id":8057,"date":"2022-05-30T16:15:29","date_gmt":"2022-05-30T14:15:29","guid":{"rendered":"https:\/\/www.v-label.com\/branches\/cosmetics\/"},"modified":"2022-12-25T10:08:16","modified_gmt":"2022-12-25T09:08:16","slug":"cosmetics","status":"publish","type":"page","link":"https:\/\/www.v-label.com\/no\/branches\/cosmetics\/","title":{"rendered":"Kosmetikk og rengj\u00f8ringsmidler"},"content":{"rendered":"\n<p>Bekvemmelighet, ansvar for egen helse og et uttalt behov for skj\u00f8nnhetsprodukter som er \u00abcruelty-free\u00bb. Dette er de tre hovedgrunnene som ligger bak anslaget om at det globale veganske kosmetikkmarkedet vil ha \u00f8kt salget til 20,8 milliarder USD innen 2025, med en vekstrate p\u00e5 6,3 %, i f\u00f8lge \u00abVegan Cosmetics Market Size, Share &amp; Trends Analysis Report\u00bb fra 2018.<\/p>\n\n\n\n<p>Europa har en stor andel av markedet, med enorm ettersp\u00f8rsel etter produkter som ikke har blitt testet p\u00e5 dyr. Fra hudpleie til deodoranter og sjampoer: Stadig flere forbrukersegmenter er opptatt av n\u00f8kkelord slik som vegansk n\u00e5r de handler.<\/p>\n\n\n\n<p>Ettersom vegansk kosmetikk fortsatt er en nykommer p\u00e5 markedet, er forbrukere i h\u00f8y grad mottagelige for merking og andre tegn p\u00e5 at deres valg er vegansk eller vegetarisk. Visste du at 19 % sjekker om toalettsakene de kj\u00f8per er testet p\u00e5 dyr, i f\u00f8lge The Vegan Society? Fremhev denne egenskapen hos dine produkter med V-Label og bli det naturlige valget for denne kundegrupppen.<\/p>\n\n\n\n<p>Det er ikke bare personlig pleie som opplever en eksplosjon av veganske og vegetariske alternativer &#8211; den samme utviklingen gjenspeiles i v\u00e5re husholdningsartikler! La dine rengj\u00f8ringsprodukter utmerke seg med en i\u00f8yenfallende V-Label.<\/p>\n\n\n\n<div class=\"wp-block-buttons is-content-justification-center is-layout-flex wp-container-core-buttons-is-layout-16018d1d wp-block-buttons-is-layout-flex\">\n<div class=\"wp-block-button\"><a class=\"wp-block-button__link wp-element-button\" href=\"https:\/\/www.v-label.com\/no\/for-business\/get-certified\/\">Bli sertifisert med V-Label<\/a><\/div>\n<\/div>\n","protected":false},"excerpt":{"rendered":"<p>Bekvemmelighet, ansvar for egen helse og et uttalt behov for skj\u00f8nnhetsprodukter som er \u00abcruelty-free\u00bb. Dette er de tre hovedgrunnene som ligger bak anslaget om at det globale veganske kosmetikkmarkedet vil ha \u00f8kt salget til 20,8 milliarder USD innen 2025, med en vekstrate p\u00e5 6,3 %, i f\u00f8lge \u00abVegan Cosmetics Market Size, Share &amp; Trends Analysis [&hellip;]<\/p>\n","protected":false},"author":5,"featured_media":17282,"parent":8018,"menu_order":0,"comment_status":"closed","ping_status":"closed","template":"","meta":{"_acf_changed":false,"_editorskit_title_hidden":false,"_editorskit_reading_time":0,"_editorskit_is_block_options_detached":false,"_editorskit_block_options_position":"{}","inline_featured_image":false,"_uag_custom_page_level_css":"","footnotes":""},"categories":[],"tags":[],"class_list":["post-8057","page","type-page","status-publish","has-post-thumbnail","hentry"],"acf":[],"uagb_featured_image_src":{"full":["https:\/\/www.v-label.com\/wp-content\/uploads\/2022\/12\/cosmetics-1280.jpg",1280,868,false],"thumbnail":["https:\/\/www.v-label.com\/wp-content\/uploads\/2022\/12\/cosmetics-1280-500x339.jpg",500,339,true],"medium":["https:\/\/www.v-label.com\/wp-content\/uploads\/2022\/12\/cosmetics-1280-300x203.jpg",300,203,true],"medium_large":["https:\/\/www.v-label.com\/wp-content\/uploads\/2022\/12\/cosmetics-1280-768x521.jpg",768,521,true],"large":["https:\/\/www.v-label.com\/wp-content\/uploads\/2022\/12\/cosmetics-1280-1024x694.jpg",1024,694,true],"1536x1536":["https:\/\/www.v-label.com\/wp-content\/uploads\/2022\/12\/cosmetics-1280.jpg",1280,868,false],"2048x2048":["https:\/\/www.v-label.com\/wp-content\/uploads\/2022\/12\/cosmetics-1280.jpg",1280,868,false],"preview":["https:\/\/www.v-label.com\/wp-content\/uploads\/2022\/12\/cosmetics-1280-904x720.jpg",904,720,true],"header":["https:\/\/www.v-label.com\/wp-content\/uploads\/2022\/12\/cosmetics-1280-1280x720.jpg",1280,720,true],"gform-image-choice-sm":["https:\/\/www.v-label.com\/wp-content\/uploads\/2022\/12\/cosmetics-1280.jpg",300,203,false],"gform-image-choice-md":["https:\/\/www.v-label.com\/wp-content\/uploads\/2022\/12\/cosmetics-1280.jpg",400,271,false],"gform-image-choice-lg":["https:\/\/www.v-label.com\/wp-content\/uploads\/2022\/12\/cosmetics-1280.jpg",600,407,false]},"uagb_author_info":{"display_name":"Can Aslan","author_link":"https:\/\/www.v-label.com\/no"},"uagb_comment_info":0,"uagb_excerpt":"Bekvemmelighet, ansvar for egen helse og et uttalt behov for skj\u00f8nnhetsprodukter som er \u00abcruelty-free\u00bb. Dette er de tre hovedgrunnene som ligger bak anslaget om at det globale veganske kosmetikkmarkedet vil ha \u00f8kt salget til 20,8 milliarder USD innen 2025, med en vekstrate p\u00e5 6,3 %, i f\u00f8lge \u00abVegan Cosmetics Market Size, Share &amp; Trends Analysis&hellip;","_links":{"self":[{"href":"https:\/\/www.v-label.com\/no\/wp-json\/wp\/v2\/pages\/8057","targetHints":{"allow":["GET"]}}],"collection":[{"href":"https:\/\/www.v-label.com\/no\/wp-json\/wp\/v2\/pages"}],"about":[{"href":"https:\/\/www.v-label.com\/no\/wp-json\/wp\/v2\/types\/page"}],"author":[{"embeddable":true,"href":"https:\/\/www.v-label.com\/no\/wp-json\/wp\/v2\/users\/5"}],"replies":[{"embeddable":true,"href":"https:\/\/www.v-label.com\/no\/wp-json\/wp\/v2\/comments?post=8057"}],"version-history":[{"count":7,"href":"https:\/\/www.v-label.com\/no\/wp-json\/wp\/v2\/pages\/8057\/revisions"}],"predecessor-version":[{"id":34992,"href":"https:\/\/www.v-label.com\/no\/wp-json\/wp\/v2\/pages\/8057\/revisions\/34992"}],"up":[{"embeddable":true,"href":"https:\/\/www.v-label.com\/no\/wp-json\/wp\/v2\/pages\/8018"}],"wp:featuredmedia":[{"embeddable":true,"href":"https:\/\/www.v-label.com\/no\/wp-json\/wp\/v2\/media\/17282"}],"wp:attachment":[{"href":"https:\/\/www.v-label.com\/no\/wp-json\/wp\/v2\/media?parent=8057"}],"wp:term":[{"taxonomy":"category","embeddable":true,"href":"https:\/\/www.v-label.com\/no\/wp-json\/wp\/v2\/categories?post=8057"},{"taxonomy":"post_tag","embeddable":true,"href":"https:\/\/www.v-label.com\/no\/wp-json\/wp\/v2\/tags?post=8057"}],"curies":[{"name":"wp","href":"https:\/\/api.w.org\/{rel}","templated":true}]}}