{"id":8159,"date":"2022-05-30T16:15:52","date_gmt":"2022-05-30T14:15:52","guid":{"rendered":"https:\/\/www.v-label.com\/branches\/non-food\/"},"modified":"2022-12-25T10:19:49","modified_gmt":"2022-12-25T09:19:49","slug":"non-food","status":"publish","type":"page","link":"https:\/\/www.v-label.com\/no\/branches\/non-food\/","title":{"rendered":"Andre Produkter"},"content":{"rendered":"\n<p>Som en blomstrende industri med en lovende fremtid, er allerede vegansk og cruelty-free mote ansett attraktiv og luksuri\u00f8s. Det globale markedet for vegansk kvinnemote utgjorde 396,3 milliarder USD i 2019 og er forventet \u00e5 \u00f8ke med 13,6% innen 2027 i f\u00f8lge Statista.com. Det veganske skinnmarkedet er industriens fremste drivkraft takket v\u00e6re teknologiske nyvinninger som perfeksjonerer nye materialer og forlenger levetiden til vegansk skinn. I stedet for plastbasert skinn ser vi n\u00e5 i stadig \u00f8kende grad mer b\u00e6rekraftige, naturlige materialer fra kilder som spenner fra ananasblad, fermentert gj\u00e6r, biprodukter fra vinindustrien og sopp. Like lett finner vi alternativer til ull og silke laget av cellulosefibre, s\u00e5 vel som ulike resirkulerte materialer som blir til stadig mer popul\u00e6re veganske treningskl\u00e6r og turkl\u00e6r.<\/p>\n\n\n\n<p>Sist, men ikke minst &#8211; det handler ikke kun om kl\u00e6r, vesker og sko. Ogs\u00e5 andre bransjer som ikke er relatert til mat tar utfordringen og lar seg inspirere til \u00e5 komme med veganske produkter (eksempelvis b\u00f8ker, smykker og levende lys). \u00c5 merke produktet som vegansk eller vegetarisk gir produktet ditt et salgsfortrinn og gj\u00f8r at produktet utmerker seg sammenlignet med andre. Merkingen hjelper samtidig forbrukere \u00e5 orientere seg og enkelt kunne finne frem til trygge, b\u00e6rekraftige kl\u00e6r b\u00e5de p\u00e5 nett og i butikkene.<\/p>\n\n\n\n<div class=\"wp-block-buttons is-content-justification-center is-layout-flex wp-container-core-buttons-is-layout-16018d1d wp-block-buttons-is-layout-flex\">\n<div class=\"wp-block-button\"><a class=\"wp-block-button__link wp-element-button\" href=\"https:\/\/www.v-label.com\/no\/for-business\/get-certified\/\">Bli sertifisert med V-Label<\/a><\/div>\n<\/div>\n","protected":false},"excerpt":{"rendered":"<p>Som en blomstrende industri med en lovende fremtid, er allerede vegansk og cruelty-free mote ansett attraktiv og luksuri\u00f8s. Det globale markedet for vegansk kvinnemote utgjorde 396,3 milliarder USD i 2019 og er forventet \u00e5 \u00f8ke med 13,6% innen 2027 i f\u00f8lge Statista.com. Det veganske skinnmarkedet er industriens fremste drivkraft takket v\u00e6re teknologiske nyvinninger som perfeksjonerer [&hellip;]<\/p>\n","protected":false},"author":5,"featured_media":17119,"parent":8018,"menu_order":0,"comment_status":"closed","ping_status":"closed","template":"","meta":{"_acf_changed":false,"_editorskit_title_hidden":false,"_editorskit_reading_time":0,"_editorskit_is_block_options_detached":false,"_editorskit_block_options_position":"{}","inline_featured_image":false,"_uag_custom_page_level_css":"","footnotes":""},"categories":[],"tags":[],"class_list":["post-8159","page","type-page","status-publish","has-post-thumbnail","hentry"],"acf":[],"uagb_featured_image_src":{"full":["https:\/\/www.v-label.com\/wp-content\/uploads\/2022\/12\/v-label-non-food-sectors.jpg",1280,692,false],"thumbnail":["https:\/\/www.v-label.com\/wp-content\/uploads\/2022\/12\/v-label-non-food-sectors-500x270.jpg",500,270,true],"medium":["https:\/\/www.v-label.com\/wp-content\/uploads\/2022\/12\/v-label-non-food-sectors-300x162.jpg",300,162,true],"medium_large":["https:\/\/www.v-label.com\/wp-content\/uploads\/2022\/12\/v-label-non-food-sectors-768x415.jpg",768,415,true],"large":["https:\/\/www.v-label.com\/wp-content\/uploads\/2022\/12\/v-label-non-food-sectors-1024x554.jpg",1024,554,true],"1536x1536":["https:\/\/www.v-label.com\/wp-content\/uploads\/2022\/12\/v-label-non-food-sectors.jpg",1280,692,false],"2048x2048":["https:\/\/www.v-label.com\/wp-content\/uploads\/2022\/12\/v-label-non-food-sectors.jpg",1280,692,false],"preview":["https:\/\/www.v-label.com\/wp-content\/uploads\/2022\/12\/v-label-non-food-sectors-904x692.jpg",904,692,true],"header":["https:\/\/www.v-label.com\/wp-content\/uploads\/2022\/12\/v-label-non-food-sectors.jpg",1280,692,false],"gform-image-choice-sm":["https:\/\/www.v-label.com\/wp-content\/uploads\/2022\/12\/v-label-non-food-sectors.jpg",300,162,false],"gform-image-choice-md":["https:\/\/www.v-label.com\/wp-content\/uploads\/2022\/12\/v-label-non-food-sectors.jpg",400,216,false],"gform-image-choice-lg":["https:\/\/www.v-label.com\/wp-content\/uploads\/2022\/12\/v-label-non-food-sectors.jpg",600,324,false]},"uagb_author_info":{"display_name":"Can Aslan","author_link":"https:\/\/www.v-label.com\/no"},"uagb_comment_info":0,"uagb_excerpt":"Som en blomstrende industri med en lovende fremtid, er allerede vegansk og cruelty-free mote ansett attraktiv og luksuri\u00f8s. Det globale markedet for vegansk kvinnemote utgjorde 396,3 milliarder USD i 2019 og er forventet \u00e5 \u00f8ke med 13,6% innen 2027 i f\u00f8lge Statista.com. Det veganske skinnmarkedet er industriens fremste drivkraft takket v\u00e6re teknologiske nyvinninger som perfeksjonerer&hellip;","_links":{"self":[{"href":"https:\/\/www.v-label.com\/no\/wp-json\/wp\/v2\/pages\/8159","targetHints":{"allow":["GET"]}}],"collection":[{"href":"https:\/\/www.v-label.com\/no\/wp-json\/wp\/v2\/pages"}],"about":[{"href":"https:\/\/www.v-label.com\/no\/wp-json\/wp\/v2\/types\/page"}],"author":[{"embeddable":true,"href":"https:\/\/www.v-label.com\/no\/wp-json\/wp\/v2\/users\/5"}],"replies":[{"embeddable":true,"href":"https:\/\/www.v-label.com\/no\/wp-json\/wp\/v2\/comments?post=8159"}],"version-history":[{"count":4,"href":"https:\/\/www.v-label.com\/no\/wp-json\/wp\/v2\/pages\/8159\/revisions"}],"predecessor-version":[{"id":35020,"href":"https:\/\/www.v-label.com\/no\/wp-json\/wp\/v2\/pages\/8159\/revisions\/35020"}],"up":[{"embeddable":true,"href":"https:\/\/www.v-label.com\/no\/wp-json\/wp\/v2\/pages\/8018"}],"wp:featuredmedia":[{"embeddable":true,"href":"https:\/\/www.v-label.com\/no\/wp-json\/wp\/v2\/media\/17119"}],"wp:attachment":[{"href":"https:\/\/www.v-label.com\/no\/wp-json\/wp\/v2\/media?parent=8159"}],"wp:term":[{"taxonomy":"category","embeddable":true,"href":"https:\/\/www.v-label.com\/no\/wp-json\/wp\/v2\/categories?post=8159"},{"taxonomy":"post_tag","embeddable":true,"href":"https:\/\/www.v-label.com\/no\/wp-json\/wp\/v2\/tags?post=8159"}],"curies":[{"name":"wp","href":"https:\/\/api.w.org\/{rel}","templated":true}]}}