{"id":8429,"date":"2022-05-30T16:16:01","date_gmt":"2022-05-30T14:16:01","guid":{"rendered":"https:\/\/www.v-label.com\/general-information\/"},"modified":"2023-06-15T16:54:57","modified_gmt":"2023-06-15T14:54:57","slug":"generell-informasjon","status":"publish","type":"page","link":"https:\/\/www.v-label.com\/no\/generell-informasjon\/","title":{"rendered":"Generell Informasjon"},"content":{"rendered":"\n<h2 class=\"wp-block-heading has-text-align-center\"><strong>Informasjon til forbrukere<\/strong><\/h2>\n\n\n\n<p>Er du veganer, vegetarianer, fleksitarianer eller opptatt av \u00e5 senke forbruket ditt av animalske matvarer? Kanskje du er ganske enkelt nysgjerrig p\u00e5 plantebasert mat? Ettersom du bes\u00f8ker denne siden er sjansene store for at god, rettferdig og b\u00e6rekraftig mat er like viktig for deg som for oss. \u00c5 gj\u00f8re veganske og vegetariske produkter tilgjengelige og lett gjenkjennelige over hele verden er v\u00e5r m\u00e5te \u00e5 bidra til en fremtid preget av rettferdighet og b\u00e6rekraft.<\/p>\n\n\n\n<p>Som et internasjonalt anerkjent varemerke for kontrollerte vegetariske og veganske produkter, er V-Label en god hjelp i alle dine innkj\u00f8p n\u00e5r du \u00f8nsker et mer plantebasert liv.<\/p>\n\n\n\n<p>V-Label kan spare deg for tid og krefter i hverdagen n\u00e5r du skal ta beslutninger, og du kan bruke merket som en enkel og lettforst\u00e5elig innkj\u00f8psguide. Se etter den i\u00f8yenfallende gule logoen neste gang du handler inn. Med et \u00f8yekast vil du identifisere vegetariske og veganske produkter som med sikkerhet er vegansk og vegetarisk og trygge \u00e5 kj\u00f8pe.<\/p>\n\n\n\n<p><strong>P\u00e5litelig og troverdig.<\/strong> N\u00e5r du kj\u00f8per et produkt eller en tjeneste som er merket med V-Label kan du stole p\u00e5 v\u00e5re standariserte kriterier for veganske og vegetariske produkter som er de samme for alle v\u00e5re produkter over hele verden. Du trenger ikke bekymre deg for selskaper som baserer merkingen p\u00e5 sine egne tilfeldige kriterier. V-Label, grunnlagt allerede i 1996 i Sveits, er en foregangsorganisasjon i bransjen.<\/p>\n\n\n\n<div class=\"wp-block-buttons is-content-justification-center is-layout-flex wp-container-core-buttons-is-layout-16018d1d wp-block-buttons-is-layout-flex\">\n<div class=\"wp-block-button\"><a class=\"wp-block-button__link wp-element-button\" href=\"https:\/\/www.v-label.com\/no\/general-information\/certified-products\/\"><strong>Sertifiserte produkter<\/strong><\/a><\/div>\n\n\n\n<div class=\"wp-block-button\"><a class=\"wp-block-button__link wp-element-button\" href=\"https:\/\/www.v-label.com\/no\/report-a-misuse\/\"><strong>Rapporter misbruk<\/strong><\/a><\/div>\n<\/div>\n\n\n\n<h3 class=\"wp-block-heading has-text-align-center\"><strong><strong>Dette st\u00e5r vi for:<\/strong><\/strong><\/h3>\n\n\n\n<p>N\u00e5r du kj\u00f8per et produkt eller en tjeneste fra V-Label kan du v\u00e6re sikker \u00e5 at:<\/p>\n\n\n\n<ul class=\"wp-block-list\">\n<li>Det ikke p\u00e5 noe stadie i produksjonen er brukt ingredienser med animalsk opprinnelse n\u00e5r produktet er merket vegansk. Tilsetningsstoffer og aroma blir ogs\u00e5 alltid vurdert. Kontroller begrenser seg ikke til kun \u00e5 gjelde listen over ingredienser, men inkluderer ogs\u00e5 substanser som brukes i produksjonsprosessen, som bioteknologiske kulturer og prosesshjelpemidler. Du kan v\u00e6re helt sikker p\u00e5 at eplejuicen eller vinen ikke har blitt klarnet med gelatin, at sukkeret ikke har blitt behandlet med beinmel og at br\u00f8det ikke har blitt behandlet med cystein laget av grisebust.<\/li>\n\n\n\n<li>Kun melk, egg fra burfrie h\u00f8ner, honning, bivoks, propolis og ullfett, samt produkter av andre vegetariske ingredienser er tillatt i produksjonen til varer som er merket vegetarisk.<\/li>\n\n\n\n<li>Alle stadier av produksjonen m\u00e5 designes p\u00e5 en m\u00e5te som reduserer utilsiktete spor av ikke-veganske og ikke-vegetariske substanser i sluttproduktet til et minimum.<\/li>\n\n\n\n<li>Produktene er ikke testet p\u00e5 dyr, verken sluttproduktet eller enkeltingredienser, hjelpemidler eller andre substanser som er brukt i produksjonsprosessen som er utviklet for sluttproduktet.<\/li>\n<\/ul>\n\n\n\n<p>Sist, men ikke minst: Inntektene fra lisensavgiften g\u00e5r hovedsakelig til finansiering av ulike id\u00e9elle dyrevernorganisasjoner og veganske organisasjoner og prosjekter.<\/p>\n\n\n\n<div class=\"wp-block-columns are-vertically-aligned-center is-layout-flex wp-container-core-columns-is-layout-9d6595d7 wp-block-columns-is-layout-flex\">\n<div class=\"wp-block-column is-vertically-aligned-center is-layout-flow wp-block-column-is-layout-flow\">\n<figure class=\"wp-block-image size-full\"><img decoding=\"async\" width=\"720\" height=\"497\" src=\"https:\/\/www.v-label.com\/wp-content\/uploads\/2022\/09\/b2b-info-page-2.webp\" alt=\"\" class=\"wp-image-879\" srcset=\"https:\/\/www.v-label.com\/wp-content\/uploads\/2022\/09\/b2b-info-page-2.webp 720w, https:\/\/www.v-label.com\/wp-content\/uploads\/2022\/09\/b2b-info-page-2-300x207.webp 300w\" sizes=\"(max-width: 720px) 100vw, 720px\" \/><\/figure>\n<\/div>\n\n\n\n<div class=\"wp-block-column is-vertically-aligned-center is-layout-flow wp-block-column-is-layout-flow\">\n<figure class=\"wp-block-image size-full\"><img decoding=\"async\" width=\"720\" height=\"482\" src=\"https:\/\/www.v-label.com\/wp-content\/uploads\/2022\/09\/b2b-info-page-1.webp\" alt=\"\" class=\"wp-image-876\" srcset=\"https:\/\/www.v-label.com\/wp-content\/uploads\/2022\/09\/b2b-info-page-1.webp 720w, https:\/\/www.v-label.com\/wp-content\/uploads\/2022\/09\/b2b-info-page-1-300x201.webp 300w\" sizes=\"(max-width: 720px) 100vw, 720px\" \/><\/figure>\n<\/div>\n\n\n\n<div class=\"wp-block-column is-vertically-aligned-center is-layout-flow wp-block-column-is-layout-flow\">\n<figure class=\"wp-block-image size-full\"><img decoding=\"async\" width=\"720\" height=\"482\" src=\"https:\/\/www.v-label.com\/wp-content\/uploads\/2022\/09\/b2b-info-page-3.webp\" alt=\"\" class=\"wp-image-860\" srcset=\"https:\/\/www.v-label.com\/wp-content\/uploads\/2022\/09\/b2b-info-page-3.webp 720w, https:\/\/www.v-label.com\/wp-content\/uploads\/2022\/09\/b2b-info-page-3-300x201.webp 300w\" sizes=\"(max-width: 720px) 100vw, 720px\" \/><\/figure>\n<\/div>\n<\/div>\n","protected":false},"excerpt":{"rendered":"<p>Informasjon til forbrukere Er du veganer, vegetarianer, fleksitarianer eller opptatt av \u00e5 senke forbruket ditt av animalske matvarer? Kanskje du er ganske enkelt nysgjerrig p\u00e5 plantebasert mat? Ettersom du bes\u00f8ker denne siden er sjansene store for at god, rettferdig og b\u00e6rekraftig mat er like viktig for deg som for oss. \u00c5 gj\u00f8re veganske og vegetariske [&hellip;]<\/p>\n","protected":false},"author":5,"featured_media":17181,"parent":0,"menu_order":0,"comment_status":"closed","ping_status":"closed","template":"","meta":{"_acf_changed":false,"_editorskit_title_hidden":false,"_editorskit_reading_time":0,"_editorskit_is_block_options_detached":false,"_editorskit_block_options_position":"{}","inline_featured_image":false,"_uag_custom_page_level_css":"","footnotes":""},"categories":[],"tags":[],"class_list":["post-8429","page","type-page","status-publish","has-post-thumbnail","hentry"],"acf":[],"uagb_featured_image_src":{"full":["https:\/\/www.v-label.com\/wp-content\/uploads\/2022\/12\/v-label-general-info-consumers.jpg",1280,738,false],"thumbnail":["https:\/\/www.v-label.com\/wp-content\/uploads\/2022\/12\/v-label-general-info-consumers-500x288.jpg",500,288,true],"medium":["https:\/\/www.v-label.com\/wp-content\/uploads\/2022\/12\/v-label-general-info-consumers-300x173.jpg",300,173,true],"medium_large":["https:\/\/www.v-label.com\/wp-content\/uploads\/2022\/12\/v-label-general-info-consumers-768x443.jpg",768,443,true],"large":["https:\/\/www.v-label.com\/wp-content\/uploads\/2022\/12\/v-label-general-info-consumers-1024x590.jpg",1024,590,true],"1536x1536":["https:\/\/www.v-label.com\/wp-content\/uploads\/2022\/12\/v-label-general-info-consumers.jpg",1280,738,false],"2048x2048":["https:\/\/www.v-label.com\/wp-content\/uploads\/2022\/12\/v-label-general-info-consumers.jpg",1280,738,false],"preview":["https:\/\/www.v-label.com\/wp-content\/uploads\/2022\/12\/v-label-general-info-consumers-904x720.jpg",904,720,true],"header":["https:\/\/www.v-label.com\/wp-content\/uploads\/2022\/12\/v-label-general-info-consumers-1280x720.jpg",1280,720,true],"gform-image-choice-sm":["https:\/\/www.v-label.com\/wp-content\/uploads\/2022\/12\/v-label-general-info-consumers.jpg",300,173,false],"gform-image-choice-md":["https:\/\/www.v-label.com\/wp-content\/uploads\/2022\/12\/v-label-general-info-consumers.jpg",400,231,false],"gform-image-choice-lg":["https:\/\/www.v-label.com\/wp-content\/uploads\/2022\/12\/v-label-general-info-consumers.jpg",600,346,false]},"uagb_author_info":{"display_name":"Can Aslan","author_link":"https:\/\/www.v-label.com\/no"},"uagb_comment_info":0,"uagb_excerpt":"Informasjon til forbrukere Er du veganer, vegetarianer, fleksitarianer eller opptatt av \u00e5 senke forbruket ditt av animalske matvarer? Kanskje du er ganske enkelt nysgjerrig p\u00e5 plantebasert mat? Ettersom du bes\u00f8ker denne siden er sjansene store for at god, rettferdig og b\u00e6rekraftig mat er like viktig for deg som for oss. \u00c5 gj\u00f8re veganske og vegetariske&hellip;","_links":{"self":[{"href":"https:\/\/www.v-label.com\/no\/wp-json\/wp\/v2\/pages\/8429","targetHints":{"allow":["GET"]}}],"collection":[{"href":"https:\/\/www.v-label.com\/no\/wp-json\/wp\/v2\/pages"}],"about":[{"href":"https:\/\/www.v-label.com\/no\/wp-json\/wp\/v2\/types\/page"}],"author":[{"embeddable":true,"href":"https:\/\/www.v-label.com\/no\/wp-json\/wp\/v2\/users\/5"}],"replies":[{"embeddable":true,"href":"https:\/\/www.v-label.com\/no\/wp-json\/wp\/v2\/comments?post=8429"}],"version-history":[{"count":5,"href":"https:\/\/www.v-label.com\/no\/wp-json\/wp\/v2\/pages\/8429\/revisions"}],"predecessor-version":[{"id":59580,"href":"https:\/\/www.v-label.com\/no\/wp-json\/wp\/v2\/pages\/8429\/revisions\/59580"}],"wp:featuredmedia":[{"embeddable":true,"href":"https:\/\/www.v-label.com\/no\/wp-json\/wp\/v2\/media\/17181"}],"wp:attachment":[{"href":"https:\/\/www.v-label.com\/no\/wp-json\/wp\/v2\/media?parent=8429"}],"wp:term":[{"taxonomy":"category","embeddable":true,"href":"https:\/\/www.v-label.com\/no\/wp-json\/wp\/v2\/categories?post=8429"},{"taxonomy":"post_tag","embeddable":true,"href":"https:\/\/www.v-label.com\/no\/wp-json\/wp\/v2\/tags?post=8429"}],"curies":[{"name":"wp","href":"https:\/\/api.w.org\/{rel}","templated":true}]}}