{"id":8521,"date":"2022-09-09T10:47:40","date_gmt":"2022-09-09T08:47:40","guid":{"rendered":"https:\/\/www.v-label.com\/general-information\/certified-products\/"},"modified":"2024-07-09T15:22:56","modified_gmt":"2024-07-09T13:22:56","slug":"sertifiserte-produkter","status":"publish","type":"page","link":"https:\/\/www.v-label.com\/no\/generell-informasjon\/sertifiserte-produkter\/","title":{"rendered":"Sertifiserte Produkter"},"content":{"rendered":"\n<p>Matproduksjonen st\u00e5r for en fjerdedel av klimagassutslippene og bekymringen for konsekvensene av klimaendringene \u00f8ker. Nyere forskning viser at hva du spiser har st\u00f8rre betydning om du \u00f8nsker \u00e5 kutte ditt personlige klimaavtrykk, enn om maten er lokalt produsert.<a href=\"https:\/\/ourworldindata.org\/food-choice-vs-eating-local#licence\" target=\"_blank\" rel=\"noopener\"><sup>1<\/sup><\/a><\/p>\n\n\n\n<p>Du kan, men trenger slett ikke, \u00e5 v\u00e6re 100 % veganer for \u00e5 kunne dra fordel av det store mangfoldet av plantebaserte varer. Vegansk og vegetarisk mat er sunt, mettende, praktisk, tiltalende og enkelt \u00e5 tilberede. Utover \u00e5 v\u00e6re etisk og b\u00e6rekraftig er vegansk og vegetarisk mat et uttrykk for ens personlige identitet.<\/p>\n\n\n\n<p>Mer enn 70 000 produkter b\u00e6rer i dag V-Label. Her er et utvalg over noen av de sertifiserte produktene til inspirasjon for din neste tur til butikken.<\/p>\n\n\n\n<h3 class=\"wp-block-heading has-text-align-center\"><strong>La dine handlevaner telle<\/strong><\/h3>\n\n\n\n<div class=\"wp-block-group alignwide is-content-justification-center is-nowrap is-layout-flex wp-container-core-group-is-layout-499140ed wp-block-group-is-layout-flex\">\n<figure class=\"wp-block-image size-thumbnail is-resized\"><img decoding=\"async\" width=\"500\" height=\"500\" src=\"https:\/\/www.v-label.com\/wp-content\/uploads\/2022\/07\/logo-vlabel-favicon-500x500.png\" alt=\"\" class=\"wp-image-331\" style=\"width:50px;height:50px\" srcset=\"https:\/\/www.v-label.com\/wp-content\/uploads\/2022\/07\/logo-vlabel-favicon-500x500.png 500w, https:\/\/www.v-label.com\/wp-content\/uploads\/2022\/07\/logo-vlabel-favicon-300x300.png 300w, https:\/\/www.v-label.com\/wp-content\/uploads\/2022\/07\/logo-vlabel-favicon-768x768.png 768w, https:\/\/www.v-label.com\/wp-content\/uploads\/2022\/07\/logo-vlabel-favicon.png 852w\" sizes=\"(max-width: 500px) 100vw, 500px\" \/><\/figure>\n<\/div>\n\n\n\n<div class=\"wp-block-columns is-layout-flex wp-container-core-columns-is-layout-9d6595d7 wp-block-columns-is-layout-flex\">\n<div class=\"wp-block-column is-layout-flow wp-block-column-is-layout-flow\"><\/div>\n\n\n\n<div class=\"wp-block-column is-layout-flow wp-block-column-is-layout-flow\">\n<figure class=\"wp-block-image size-medium\"><img decoding=\"async\" width=\"300\" height=\"200\" src=\"https:\/\/www.v-label.com\/wp-content\/uploads\/2022\/12\/ready-meals-1280-300x200.jpg\" alt=\"\" class=\"wp-image-17222\" srcset=\"https:\/\/www.v-label.com\/wp-content\/uploads\/2022\/12\/ready-meals-1280-300x200.jpg 300w, https:\/\/www.v-label.com\/wp-content\/uploads\/2022\/12\/ready-meals-1280-1024x682.jpg 1024w, https:\/\/www.v-label.com\/wp-content\/uploads\/2022\/12\/ready-meals-1280-500x333.jpg 500w, https:\/\/www.v-label.com\/wp-content\/uploads\/2022\/12\/ready-meals-1280-768x511.jpg 768w, https:\/\/www.v-label.com\/wp-content\/uploads\/2022\/12\/ready-meals-1280.jpg 1280w\" sizes=\"(max-width: 300px) 100vw, 300px\" \/><\/figure>\n\n\n\n<h2 class=\"wp-block-heading\"><a href=\"https:\/\/www.v-label.com\/no\/general-information\/certified-products\/ready-made-meals\/\" data-type=\"page\" data-id=\"1327\"><strong>Ferdigretter<\/strong><\/a><\/h2>\n\n\n\n<p>On the go-lunsj trenger ikke lenger v\u00e6re en \u00f8konomisk eller helsemessig avveining. Sunn, smaksrik og vegetabilsk er n\u00e5 mottoet til de fleste store forhandlere. Frysediskene deres fylles med plantebaserte pizzaer og du finner et godt utvalg av retter fra hele verden &#8211; fra plantebasert pasta bolognese til chili sin carne.<\/p>\n<\/div>\n\n\n\n<div class=\"wp-block-column is-layout-flow wp-block-column-is-layout-flow\"><\/div>\n<\/div>\n","protected":false},"excerpt":{"rendered":"<p>Matproduksjonen st\u00e5r for en fjerdedel av klimagassutslippene og bekymringen for konsekvensene av klimaendringene \u00f8ker. Nyere forskning viser at hva du spiser har st\u00f8rre betydning om du \u00f8nsker \u00e5 kutte ditt personlige klimaavtrykk, enn om maten er lokalt produsert.1 Du kan, men trenger slett ikke, \u00e5 v\u00e6re 100 % veganer for \u00e5 kunne dra fordel av [&hellip;]<\/p>\n","protected":false},"author":5,"featured_media":17202,"parent":8429,"menu_order":0,"comment_status":"closed","ping_status":"closed","template":"","meta":{"_acf_changed":false,"_editorskit_title_hidden":false,"_editorskit_reading_time":0,"_editorskit_is_block_options_detached":false,"_editorskit_block_options_position":"{}","inline_featured_image":false,"_uag_custom_page_level_css":"","footnotes":""},"categories":[],"tags":[],"class_list":["post-8521","page","type-page","status-publish","has-post-thumbnail","hentry"],"acf":[],"uagb_featured_image_src":{"full":["https:\/\/www.v-label.com\/wp-content\/uploads\/2022\/12\/v-label-cert-products.jpg",2000,1339,false],"thumbnail":["https:\/\/www.v-label.com\/wp-content\/uploads\/2022\/12\/v-label-cert-products-500x335.jpg",500,335,true],"medium":["https:\/\/www.v-label.com\/wp-content\/uploads\/2022\/12\/v-label-cert-products-300x201.jpg",300,201,true],"medium_large":["https:\/\/www.v-label.com\/wp-content\/uploads\/2022\/12\/v-label-cert-products-768x514.jpg",768,514,true],"large":["https:\/\/www.v-label.com\/wp-content\/uploads\/2022\/12\/v-label-cert-products-1024x686.jpg",1024,686,true],"1536x1536":["https:\/\/www.v-label.com\/wp-content\/uploads\/2022\/12\/v-label-cert-products-1536x1028.jpg",1536,1028,true],"2048x2048":["https:\/\/www.v-label.com\/wp-content\/uploads\/2022\/12\/v-label-cert-products.jpg",2000,1339,false],"preview":["https:\/\/www.v-label.com\/wp-content\/uploads\/2022\/12\/v-label-cert-products-904x720.jpg",904,720,true],"header":["https:\/\/www.v-label.com\/wp-content\/uploads\/2022\/12\/v-label-cert-products-2000x720.jpg",2000,720,true],"gform-image-choice-sm":["https:\/\/www.v-label.com\/wp-content\/uploads\/2022\/12\/v-label-cert-products.jpg",300,201,false],"gform-image-choice-md":["https:\/\/www.v-label.com\/wp-content\/uploads\/2022\/12\/v-label-cert-products.jpg",400,268,false],"gform-image-choice-lg":["https:\/\/www.v-label.com\/wp-content\/uploads\/2022\/12\/v-label-cert-products.jpg",600,402,false]},"uagb_author_info":{"display_name":"Can Aslan","author_link":"https:\/\/www.v-label.com\/no"},"uagb_comment_info":0,"uagb_excerpt":"Matproduksjonen st\u00e5r for en fjerdedel av klimagassutslippene og bekymringen for konsekvensene av klimaendringene \u00f8ker. Nyere forskning viser at hva du spiser har st\u00f8rre betydning om du \u00f8nsker \u00e5 kutte ditt personlige klimaavtrykk, enn om maten er lokalt produsert.1 Du kan, men trenger slett ikke, \u00e5 v\u00e6re 100 % veganer for \u00e5 kunne dra fordel av&hellip;","_links":{"self":[{"href":"https:\/\/www.v-label.com\/no\/wp-json\/wp\/v2\/pages\/8521","targetHints":{"allow":["GET"]}}],"collection":[{"href":"https:\/\/www.v-label.com\/no\/wp-json\/wp\/v2\/pages"}],"about":[{"href":"https:\/\/www.v-label.com\/no\/wp-json\/wp\/v2\/types\/page"}],"author":[{"embeddable":true,"href":"https:\/\/www.v-label.com\/no\/wp-json\/wp\/v2\/users\/5"}],"replies":[{"embeddable":true,"href":"https:\/\/www.v-label.com\/no\/wp-json\/wp\/v2\/comments?post=8521"}],"version-history":[{"count":6,"href":"https:\/\/www.v-label.com\/no\/wp-json\/wp\/v2\/pages\/8521\/revisions"}],"predecessor-version":[{"id":83904,"href":"https:\/\/www.v-label.com\/no\/wp-json\/wp\/v2\/pages\/8521\/revisions\/83904"}],"up":[{"embeddable":true,"href":"https:\/\/www.v-label.com\/no\/wp-json\/wp\/v2\/pages\/8429"}],"wp:featuredmedia":[{"embeddable":true,"href":"https:\/\/www.v-label.com\/no\/wp-json\/wp\/v2\/media\/17202"}],"wp:attachment":[{"href":"https:\/\/www.v-label.com\/no\/wp-json\/wp\/v2\/media?parent=8521"}],"wp:term":[{"taxonomy":"category","embeddable":true,"href":"https:\/\/www.v-label.com\/no\/wp-json\/wp\/v2\/categories?post=8521"},{"taxonomy":"post_tag","embeddable":true,"href":"https:\/\/www.v-label.com\/no\/wp-json\/wp\/v2\/tags?post=8521"}],"curies":[{"name":"wp","href":"https:\/\/api.w.org\/{rel}","templated":true}]}}