{"id":18501,"date":"2022-05-30T16:16:01","date_gmt":"2022-05-30T14:16:01","guid":{"rendered":"https:\/\/www.v-label.com\/general-information\/"},"modified":"2023-01-14T20:55:44","modified_gmt":"2023-01-14T19:55:44","slug":"informacion-general-para-consumidores","status":"publish","type":"page","link":"https:\/\/www.v-label.com\/pe\/informacion-general-para-consumidores\/","title":{"rendered":"Informaci\u00f3n general"},"content":{"rendered":"\n<h2 class=\"has-text-align-center wp-block-heading\"><strong>Informaci\u00f3n para consumidores<\/strong><\/h2>\n\n\n\n<p>\u00bfEs vegano, vegetariano, flexitariano, est\u00e1 reduciendo su consumo de alimentos de origen animal o simplemente tiene curiosidad? Como est\u00e1 visitando nuestra web, es probable que desee un mundo justo, sostenible (\u00a1y sabroso!). Nuestra forma de contribuir a ese futuro es hacer que los productos veganos y vegetarianos est\u00e9n m\u00e1s presentes en el mercado y sean f\u00e1cilmente identificables.<\/p>\n\n\n\n<p>V-Label, es el sello reconocido internacionalmente para productos vegetarianos o veganos, que han pasado un control exhaustivo, es su aliado para hacer su vida m\u00e1s basada en vegetales y le ayuda a realizar una compra informada.<\/p>\n\n\n\n<p>Una gu\u00eda cotidiana simple y f\u00e1cil de entender, V-Label le ahorra tiempo al tomar decisiones. Busque el llamativo sello amarillo la pr\u00f3xima vez que vaya de compras: \u00a1sabr\u00e1s de un solo vistazo qu\u00e9 productos est\u00e1n certificados y, por lo tanto, es seguro comprarlos!<\/p>\n\n\n\n<p><strong>Fiable y digno de confianza.<\/strong>\u00a0Cuando compra un producto o servicio con el sello V-Label, puede confiar que los criterios estandarizados para productos veganos y vegetarianos se aplican de manera justa y en todos los pa\u00edses. No se preocupe por las empresas que etiquetan incorrectamente los productos seg\u00fan sus propios criterios aleatorios. V-Label, fundada en 1996 en Suiza, es uno de los l\u00edderes de la industria.<\/p>\n\n\n\n<div class=\"wp-block-buttons is-content-justification-center is-layout-flex wp-container-core-buttons-is-layout-16018d1d wp-block-buttons-is-layout-flex\">\n<div class=\"wp-block-button\"><a class=\"wp-block-button__link wp-element-button\" href=\"https:\/\/www.v-label.com\/es\/general-information\/certified-products\/\"><strong>Productos certificados<\/strong><\/a><\/div>\n\n\n\n<div class=\"wp-block-button\"><a class=\"wp-block-button__link wp-element-button\" href=\"https:\/\/www.v-label.com\/es\/report-a-misuse\/\"><strong>Informar de un mal uso<\/strong><\/a><\/div>\n<\/div>\n\n\n\n<h3 class=\"has-text-align-center wp-block-heading\"><strong><strong>\u00bfQu\u00e9 representamos?<\/strong><\/strong><\/h3>\n\n\n\n<p>Cuando compra un producto o servicio con nuestro sello V-Label, puede estar seguro de que:<\/p>\n\n\n\n<ul class=\"wp-block-list\">\n<li>Si viene etiquetado como vegano en ninguna etapa de producci\u00f3n se han utilizado ingredientes de origen animal considerado tambi\u00e9n aditivos y aromas. El estudio no se ha limitado a la lista de ingredientes, sino que incluso chan tenido en cuenta sustancias que no tienen que indicarse en el etiquetado, como los medios de cultivo biotecnol\u00f3gicos y los coadyuvantes tecnol\u00f3gicos. Por lo tanto, puede estar seguro de que, por ejemplo, el zumo de manzana o el vino no han sido clarificados con gelatina, que el az\u00facar ha sido tratado con harina de huesos y que el pan no ha sido tratado con ciste\u00edna extra\u00edda de pelo de cerdo.<\/li>\n\n\n\n<li>Si viene etiquetado como vegetariano, en la producci\u00f3n solo se permite el uso de leche, calostro, huevos de gallinas criadas en suelo, miel, cera de abejas, prop\u00f3leo o grasa de lana, y sus productos derivados.<\/li>\n\n\n\n<li>Todas las etapas de producci\u00f3n deben estar dise\u00f1adas de manera que se reduzca al m\u00ednimo la presencia de trazas involuntarias de sustancias no veganas o no vegetarianas en el producto final.<\/li>\n\n\n\n<li>No se debe realizar o haberse realizado ning\u00fan testado en animales de ning\u00fan tipo tanto para el producto final como para los ingredientes individuales, los auxiliares y otras sustancias utilizadas para el procesamiento si se desarrollan para el producto final.<\/li>\n<\/ul>\n\n\n\n<p>Por \u00faltimo, pero no menos importante, los ingresos de las tarifas de licencia se utilizan principalmente a financiar diversas ONG y proyectos veganos y de defensa de los derechos de los animales.<\/p>\n\n\n\n<div class=\"wp-block-columns are-vertically-aligned-center is-layout-flex wp-container-core-columns-is-layout-9d6595d7 wp-block-columns-is-layout-flex\">\n<div class=\"wp-block-column is-vertically-aligned-center is-layout-flow wp-block-column-is-layout-flow\">\n<figure class=\"wp-block-image size-full\"><img decoding=\"async\" width=\"720\" height=\"497\" src=\"https:\/\/www.v-label.com\/wp-content\/uploads\/2022\/09\/b2b-info-page-2.webp\" alt=\"\" class=\"wp-image-879\" srcset=\"https:\/\/www.v-label.com\/wp-content\/uploads\/2022\/09\/b2b-info-page-2.webp 720w, https:\/\/www.v-label.com\/wp-content\/uploads\/2022\/09\/b2b-info-page-2-300x207.webp 300w\" sizes=\"(max-width: 720px) 100vw, 720px\" \/><\/figure>\n<\/div>\n\n\n\n<div class=\"wp-block-column is-vertically-aligned-center is-layout-flow wp-block-column-is-layout-flow\">\n<figure class=\"wp-block-image size-full\"><img decoding=\"async\" width=\"720\" height=\"482\" src=\"https:\/\/www.v-label.com\/wp-content\/uploads\/2022\/09\/b2b-info-page-1.webp\" alt=\"\" class=\"wp-image-876\" srcset=\"https:\/\/www.v-label.com\/wp-content\/uploads\/2022\/09\/b2b-info-page-1.webp 720w, https:\/\/www.v-label.com\/wp-content\/uploads\/2022\/09\/b2b-info-page-1-300x201.webp 300w\" sizes=\"(max-width: 720px) 100vw, 720px\" \/><\/figure>\n<\/div>\n\n\n\n<div class=\"wp-block-column is-vertically-aligned-center is-layout-flow wp-block-column-is-layout-flow\">\n<figure class=\"wp-block-image size-full\"><img decoding=\"async\" width=\"720\" height=\"482\" src=\"https:\/\/www.v-label.com\/wp-content\/uploads\/2022\/09\/b2b-info-page-3.webp\" alt=\"\" class=\"wp-image-860\" srcset=\"https:\/\/www.v-label.com\/wp-content\/uploads\/2022\/09\/b2b-info-page-3.webp 720w, https:\/\/www.v-label.com\/wp-content\/uploads\/2022\/09\/b2b-info-page-3-300x201.webp 300w\" sizes=\"(max-width: 720px) 100vw, 720px\" \/><\/figure>\n<\/div>\n<\/div>\n","protected":false},"excerpt":{"rendered":"<p>Informaci\u00f3n para consumidores \u00bfEs vegano, vegetariano, flexitariano, est\u00e1 reduciendo su consumo de alimentos de origen animal o simplemente tiene curiosidad? Como est\u00e1 visitando nuestra web, es probable que desee un mundo justo, sostenible (\u00a1y sabroso!). Nuestra forma de contribuir a ese futuro es hacer que los productos veganos y vegetarianos est\u00e9n m\u00e1s presentes en el [&hellip;]<\/p>\n","protected":false},"author":5,"featured_media":18502,"parent":0,"menu_order":0,"comment_status":"closed","ping_status":"closed","template":"","meta":{"_acf_changed":false,"_editorskit_title_hidden":false,"_editorskit_reading_time":0,"_editorskit_is_block_options_detached":false,"_editorskit_block_options_position":"{}","inline_featured_image":false,"_uag_custom_page_level_css":"","footnotes":""},"categories":[],"tags":[],"class_list":["post-18501","page","type-page","status-publish","has-post-thumbnail","hentry"],"acf":[],"uagb_featured_image_src":{"full":["https:\/\/www.v-label.com\/wp-content\/uploads\/2022\/12\/v-label-general-info-consumers.jpg",1280,738,false],"thumbnail":["https:\/\/www.v-label.com\/wp-content\/uploads\/2022\/12\/v-label-general-info-consumers-500x288.jpg",500,288,true],"medium":["https:\/\/www.v-label.com\/wp-content\/uploads\/2022\/12\/v-label-general-info-consumers-300x173.jpg",300,173,true],"medium_large":["https:\/\/www.v-label.com\/wp-content\/uploads\/2022\/12\/v-label-general-info-consumers-768x443.jpg",768,443,true],"large":["https:\/\/www.v-label.com\/wp-content\/uploads\/2022\/12\/v-label-general-info-consumers-1024x590.jpg",1024,590,true],"1536x1536":["https:\/\/www.v-label.com\/wp-content\/uploads\/2022\/12\/v-label-general-info-consumers.jpg",1280,738,false],"2048x2048":["https:\/\/www.v-label.com\/wp-content\/uploads\/2022\/12\/v-label-general-info-consumers.jpg",1280,738,false],"preview":["https:\/\/www.v-label.com\/wp-content\/uploads\/2022\/12\/v-label-general-info-consumers-904x720.jpg",904,720,true],"header":["https:\/\/www.v-label.com\/wp-content\/uploads\/2022\/12\/v-label-general-info-consumers-1280x720.jpg",1280,720,true],"gform-image-choice-sm":["https:\/\/www.v-label.com\/wp-content\/uploads\/2022\/12\/v-label-general-info-consumers.jpg",300,173,false],"gform-image-choice-md":["https:\/\/www.v-label.com\/wp-content\/uploads\/2022\/12\/v-label-general-info-consumers.jpg",400,231,false],"gform-image-choice-lg":["https:\/\/www.v-label.com\/wp-content\/uploads\/2022\/12\/v-label-general-info-consumers.jpg",600,346,false]},"uagb_author_info":{"display_name":"Can Aslan","author_link":"https:\/\/www.v-label.com\/pe"},"uagb_comment_info":0,"uagb_excerpt":"Informaci\u00f3n para consumidores \u00bfEs vegano, vegetariano, flexitariano, est\u00e1 reduciendo su consumo de alimentos de origen animal o simplemente tiene curiosidad? Como est\u00e1 visitando nuestra web, es probable que desee un mundo justo, sostenible (\u00a1y sabroso!). Nuestra forma de contribuir a ese futuro es hacer que los productos veganos y vegetarianos est\u00e9n m\u00e1s presentes en el&hellip;","_links":{"self":[{"href":"https:\/\/www.v-label.com\/pe\/wp-json\/wp\/v2\/pages\/18501","targetHints":{"allow":["GET"]}}],"collection":[{"href":"https:\/\/www.v-label.com\/pe\/wp-json\/wp\/v2\/pages"}],"about":[{"href":"https:\/\/www.v-label.com\/pe\/wp-json\/wp\/v2\/types\/page"}],"author":[{"embeddable":true,"href":"https:\/\/www.v-label.com\/pe\/wp-json\/wp\/v2\/users\/5"}],"replies":[{"embeddable":true,"href":"https:\/\/www.v-label.com\/pe\/wp-json\/wp\/v2\/comments?post=18501"}],"version-history":[{"count":3,"href":"https:\/\/www.v-label.com\/pe\/wp-json\/wp\/v2\/pages\/18501\/revisions"}],"predecessor-version":[{"id":42355,"href":"https:\/\/www.v-label.com\/pe\/wp-json\/wp\/v2\/pages\/18501\/revisions\/42355"}],"wp:featuredmedia":[{"embeddable":true,"href":"https:\/\/www.v-label.com\/pe\/wp-json\/wp\/v2\/media\/18502"}],"wp:attachment":[{"href":"https:\/\/www.v-label.com\/pe\/wp-json\/wp\/v2\/media?parent=18501"}],"wp:term":[{"taxonomy":"category","embeddable":true,"href":"https:\/\/www.v-label.com\/pe\/wp-json\/wp\/v2\/categories?post=18501"},{"taxonomy":"post_tag","embeddable":true,"href":"https:\/\/www.v-label.com\/pe\/wp-json\/wp\/v2\/tags?post=18501"}],"curies":[{"name":"wp","href":"https:\/\/api.w.org\/{rel}","templated":true}]}}