{"id":18530,"date":"2022-09-13T11:09:10","date_gmt":"2022-09-13T09:09:10","guid":{"rendered":"https:\/\/www.v-label.com\/general-information\/certified-products\/gastronomy\/"},"modified":"2022-12-26T16:11:03","modified_gmt":"2022-12-26T15:11:03","slug":"gastronomy","status":"publish","type":"page","link":"https:\/\/www.v-label.com\/pe\/informacion-general-para-consumidores\/certified-products\/gastronomy\/","title":{"rendered":"Gastronom\u00eda"},"content":{"rendered":"\n<p>Sal de casa sin necesidad de arriesgar: te decimos qu\u00e9 restaurantes, bistr\u00f3s y caf\u00e9s son de base vegetal (\u00a1y vale la pena probarlos!) y ad\u00f3nde viajar para encontrar un hotel o una experiencia vegana.<\/p>\n\n\n\n<div class=\"wp-block-columns are-vertically-aligned-center is-layout-flex wp-container-core-columns-is-layout-9d6595d7 wp-block-columns-is-layout-flex\">\n<div class=\"wp-block-column is-vertically-aligned-center is-layout-flow wp-block-column-is-layout-flow\">\n<figure class=\"wp-block-image aligncenter size-medium\"><a href=\"https:\/\/molinosasociados.com\/\" target=\"_blank\" rel=\"noreferrer noopener\"><img decoding=\"async\" width=\"300\" height=\"49\" src=\"https:\/\/www.v-label.com\/wp-content\/uploads\/2022\/12\/molinos-asociados-300x49.png\" alt=\"\" class=\"wp-image-38335\" srcset=\"https:\/\/www.v-label.com\/wp-content\/uploads\/2022\/12\/molinos-asociados-300x49.png 300w, https:\/\/www.v-label.com\/wp-content\/uploads\/2022\/12\/molinos-asociados-500x81.png 500w, https:\/\/www.v-label.com\/wp-content\/uploads\/2022\/12\/molinos-asociados.png 600w\" sizes=\"(max-width: 300px) 100vw, 300px\" \/><\/a><\/figure>\n<\/div>\n<\/div>\n","protected":false},"excerpt":{"rendered":"<p>Sal de casa sin necesidad de arriesgar: te decimos qu\u00e9 restaurantes, bistr\u00f3s y caf\u00e9s son de base vegetal (\u00a1y vale la pena probarlos!) y ad\u00f3nde viajar para encontrar un hotel o una experiencia vegana.<\/p>\n","protected":false},"author":5,"featured_media":18531,"parent":18524,"menu_order":0,"comment_status":"closed","ping_status":"closed","template":"","meta":{"_acf_changed":false,"_editorskit_title_hidden":false,"_editorskit_reading_time":0,"_editorskit_is_block_options_detached":false,"_editorskit_block_options_position":"{}","inline_featured_image":false,"_uag_custom_page_level_css":"","footnotes":""},"categories":[],"tags":[],"class_list":["post-18530","page","type-page","status-publish","has-post-thumbnail","hentry"],"acf":[],"uagb_featured_image_src":{"full":["https:\/\/www.v-label.com\/wp-content\/uploads\/2022\/12\/gastronomy-1280.jpg",1280,854,false],"thumbnail":["https:\/\/www.v-label.com\/wp-content\/uploads\/2022\/12\/gastronomy-1280-500x334.jpg",500,334,true],"medium":["https:\/\/www.v-label.com\/wp-content\/uploads\/2022\/12\/gastronomy-1280-300x200.jpg",300,200,true],"medium_large":["https:\/\/www.v-label.com\/wp-content\/uploads\/2022\/12\/gastronomy-1280-768x512.jpg",768,512,true],"large":["https:\/\/www.v-label.com\/wp-content\/uploads\/2022\/12\/gastronomy-1280-1024x683.jpg",1024,683,true],"1536x1536":["https:\/\/www.v-label.com\/wp-content\/uploads\/2022\/12\/gastronomy-1280.jpg",1280,854,false],"2048x2048":["https:\/\/www.v-label.com\/wp-content\/uploads\/2022\/12\/gastronomy-1280.jpg",1280,854,false],"preview":["https:\/\/www.v-label.com\/wp-content\/uploads\/2022\/12\/gastronomy-1280-904x720.jpg",904,720,true],"header":["https:\/\/www.v-label.com\/wp-content\/uploads\/2022\/12\/gastronomy-1280-1280x720.jpg",1280,720,true],"gform-image-choice-sm":["https:\/\/www.v-label.com\/wp-content\/uploads\/2022\/12\/gastronomy-1280.jpg",300,200,false],"gform-image-choice-md":["https:\/\/www.v-label.com\/wp-content\/uploads\/2022\/12\/gastronomy-1280.jpg",400,267,false],"gform-image-choice-lg":["https:\/\/www.v-label.com\/wp-content\/uploads\/2022\/12\/gastronomy-1280.jpg",600,400,false]},"uagb_author_info":{"display_name":"Can Aslan","author_link":"https:\/\/www.v-label.com\/pe"},"uagb_comment_info":0,"uagb_excerpt":"Sal de casa sin necesidad de arriesgar: te decimos qu\u00e9 restaurantes, bistr\u00f3s y caf\u00e9s son de base vegetal (\u00a1y vale la pena probarlos!) y ad\u00f3nde viajar para encontrar un hotel o una experiencia vegana.","_links":{"self":[{"href":"https:\/\/www.v-label.com\/pe\/wp-json\/wp\/v2\/pages\/18530","targetHints":{"allow":["GET"]}}],"collection":[{"href":"https:\/\/www.v-label.com\/pe\/wp-json\/wp\/v2\/pages"}],"about":[{"href":"https:\/\/www.v-label.com\/pe\/wp-json\/wp\/v2\/types\/page"}],"author":[{"embeddable":true,"href":"https:\/\/www.v-label.com\/pe\/wp-json\/wp\/v2\/users\/5"}],"replies":[{"embeddable":true,"href":"https:\/\/www.v-label.com\/pe\/wp-json\/wp\/v2\/comments?post=18530"}],"version-history":[{"count":2,"href":"https:\/\/www.v-label.com\/pe\/wp-json\/wp\/v2\/pages\/18530\/revisions"}],"predecessor-version":[{"id":38460,"href":"https:\/\/www.v-label.com\/pe\/wp-json\/wp\/v2\/pages\/18530\/revisions\/38460"}],"up":[{"embeddable":true,"href":"https:\/\/www.v-label.com\/pe\/wp-json\/wp\/v2\/pages\/18524"}],"wp:featuredmedia":[{"embeddable":true,"href":"https:\/\/www.v-label.com\/pe\/wp-json\/wp\/v2\/media\/18531"}],"wp:attachment":[{"href":"https:\/\/www.v-label.com\/pe\/wp-json\/wp\/v2\/media?parent=18530"}],"wp:term":[{"taxonomy":"category","embeddable":true,"href":"https:\/\/www.v-label.com\/pe\/wp-json\/wp\/v2\/categories?post=18530"},{"taxonomy":"post_tag","embeddable":true,"href":"https:\/\/www.v-label.com\/pe\/wp-json\/wp\/v2\/tags?post=18530"}],"curies":[{"name":"wp","href":"https:\/\/api.w.org\/{rel}","templated":true}]}}