{"id":11418,"date":"2022-09-13T11:06:38","date_gmt":"2022-09-13T09:06:38","guid":{"rendered":"https:\/\/www.v-label.com\/general-information\/certified-products\/sweets\/"},"modified":"2023-03-15T12:23:09","modified_gmt":"2023-03-15T11:23:09","slug":"sweets","status":"publish","type":"page","link":"https:\/\/www.v-label.com\/pl\/general-information\/certified-products\/sweets\/","title":{"rendered":"Przek\u0105ski"},"content":{"rendered":"\n<p>Sprawd\u017a, czy Twoje ulubione s\u0142odycze s\u0105 naprawd\u0119 wegetaria\u0144skie czy wega\u0144skie i zaopatrz swoj\u0105 spi\u017carni\u0119 w ro\u015blinn\u0105 czekolad\u0119, ciastka, chipsy i batony! To nie wszystko! Warty uwagi jest tak\u017ce rynek wypiek\u00f3w, pe\u0142en wega\u0144skich ciast, rogalik\u00f3w oraz lod\u00f3w.<\/p>\n\n\n\n<div class=\"wp-block-columns are-vertically-aligned-center is-layout-flex wp-container-core-columns-is-layout-9d6595d7 wp-block-columns-is-layout-flex\">\n<div class=\"wp-block-column is-vertically-aligned-center is-layout-flow wp-block-column-is-layout-flow\">\n<figure class=\"wp-block-image aligncenter size-medium\"><a href=\"https:\/\/drgerard.eu\/\" target=\"_blank\" rel=\"noreferrer noopener\"><img decoding=\"async\" width=\"300\" height=\"300\" src=\"https:\/\/www.v-label.com\/wp-content\/uploads\/2022\/12\/drgerard-300x300.png\" alt=\"\" class=\"wp-image-14684\" srcset=\"https:\/\/www.v-label.com\/wp-content\/uploads\/2022\/12\/drgerard-300x300.png 300w, https:\/\/www.v-label.com\/wp-content\/uploads\/2022\/12\/drgerard-500x500.png 500w, https:\/\/www.v-label.com\/wp-content\/uploads\/2022\/12\/drgerard.png 600w\" sizes=\"(max-width: 300px) 100vw, 300px\" \/><\/a><\/figure>\n<\/div>\n\n\n\n<div class=\"wp-block-column is-vertically-aligned-center is-layout-flow wp-block-column-is-layout-flow\">\n<figure class=\"wp-block-image aligncenter size-medium\"><a href=\"https:\/\/www.oetker.pl\/pl-pl\/\" target=\"_blank\" rel=\"noreferrer noopener\"><img decoding=\"async\" width=\"300\" height=\"300\" src=\"https:\/\/www.v-label.com\/wp-content\/uploads\/2022\/12\/droetker-300x300.png\" alt=\"\" class=\"wp-image-14704\" srcset=\"https:\/\/www.v-label.com\/wp-content\/uploads\/2022\/12\/droetker-300x300.png 300w, https:\/\/www.v-label.com\/wp-content\/uploads\/2022\/12\/droetker-500x500.png 500w, https:\/\/www.v-label.com\/wp-content\/uploads\/2022\/12\/droetker.png 600w\" sizes=\"(max-width: 300px) 100vw, 300px\" \/><\/a><\/figure>\n<\/div>\n\n\n\n<div class=\"wp-block-column is-vertically-aligned-center is-layout-flow wp-block-column-is-layout-flow\">\n<figure class=\"wp-block-image aligncenter size-medium\"><a href=\"http:\/\/www.kopernik.com.pl\/\" target=\"_blank\" rel=\"noreferrer noopener\"><img decoding=\"async\" width=\"300\" height=\"300\" src=\"https:\/\/www.v-label.com\/wp-content\/uploads\/2022\/12\/kopernik-300x300.png\" alt=\"\" class=\"wp-image-14724\" srcset=\"https:\/\/www.v-label.com\/wp-content\/uploads\/2022\/12\/kopernik-300x300.png 300w, https:\/\/www.v-label.com\/wp-content\/uploads\/2022\/12\/kopernik-500x500.png 500w, https:\/\/www.v-label.com\/wp-content\/uploads\/2022\/12\/kopernik.png 600w\" sizes=\"(max-width: 300px) 100vw, 300px\" \/><\/a><\/figure>\n<\/div>\n<\/div>\n\n\n\n<div class=\"wp-block-columns are-vertically-aligned-center is-layout-flex wp-container-core-columns-is-layout-9d6595d7 wp-block-columns-is-layout-flex\">\n<div class=\"wp-block-column is-vertically-aligned-center is-layout-flow wp-block-column-is-layout-flow\">\n<figure class=\"wp-block-image aligncenter size-full\"><a href=\"https:\/\/grycan.pl\/\" target=\"_blank\" rel=\"noreferrer noopener\"><img decoding=\"async\" width=\"300\" height=\"300\" src=\"https:\/\/www.v-label.com\/wp-content\/uploads\/2023\/03\/grycan.png\" alt=\"\" class=\"wp-image-51883\" \/><\/a><\/figure>\n<\/div>\n\n\n\n<div class=\"wp-block-column is-vertically-aligned-center is-layout-flow wp-block-column-is-layout-flow\">\n<figure class=\"wp-block-image aligncenter size-full\"><a href=\"https:\/\/kupiec.pl\/pl\/\" target=\"_blank\" rel=\"noreferrer noopener\"><img decoding=\"async\" width=\"300\" height=\"300\" src=\"https:\/\/www.v-label.com\/wp-content\/uploads\/2023\/03\/kupiec.png\" alt=\"\" class=\"wp-image-52178\" \/><\/a><\/figure>\n<\/div>\n\n\n\n<div class=\"wp-block-column is-vertically-aligned-center is-layout-flow wp-block-column-is-layout-flow\">\n<figure class=\"wp-block-image aligncenter size-full\"><a href=\"http:\/\/www.mauxion.pl\/\" target=\"_blank\" rel=\"noreferrer noopener\"><img decoding=\"async\" width=\"300\" height=\"300\" src=\"https:\/\/www.v-label.com\/wp-content\/uploads\/2023\/03\/ludwig.png\" alt=\"\" class=\"wp-image-52143\" \/><\/a><\/figure>\n<\/div>\n<\/div>\n\n\n\n<div class=\"wp-block-columns are-vertically-aligned-center is-layout-flex wp-container-core-columns-is-layout-9d6595d7 wp-block-columns-is-layout-flex\">\n<div class=\"wp-block-column is-vertically-aligned-center is-layout-flow wp-block-column-is-layout-flow\">\n<figure class=\"wp-block-image aligncenter size-full\"><a href=\"http:\/\/frankoli.com\/\" target=\"_blank\" rel=\"noreferrer noopener\"><img decoding=\"async\" width=\"300\" height=\"300\" src=\"https:\/\/www.v-label.com\/wp-content\/uploads\/2023\/03\/frank.png\" alt=\"\" class=\"wp-image-51809\" \/><\/a><\/figure>\n<\/div>\n\n\n\n<div class=\"wp-block-column is-vertically-aligned-center is-layout-flow wp-block-column-is-layout-flow\">\n<figure class=\"wp-block-image aligncenter size-medium\"><a href=\"http:\/\/www.grupaotmuchow.pl\/\" target=\"_blank\" rel=\"noreferrer noopener\"><img decoding=\"async\" width=\"300\" height=\"300\" src=\"https:\/\/www.v-label.com\/wp-content\/uploads\/2022\/12\/otmuchow-300x300.png\" alt=\"\" class=\"wp-image-14744\" srcset=\"https:\/\/www.v-label.com\/wp-content\/uploads\/2022\/12\/otmuchow-300x300.png 300w, https:\/\/www.v-label.com\/wp-content\/uploads\/2022\/12\/otmuchow-500x500.png 500w, https:\/\/www.v-label.com\/wp-content\/uploads\/2022\/12\/otmuchow.png 600w\" sizes=\"(max-width: 300px) 100vw, 300px\" \/><\/a><\/figure>\n<\/div>\n\n\n\n<div class=\"wp-block-column is-vertically-aligned-center is-layout-flow wp-block-column-is-layout-flow\">\n<figure class=\"wp-block-image aligncenter size-full\"><a href=\"https:\/\/colian.com\/\" target=\"_blank\" rel=\"noreferrer noopener\"><img decoding=\"async\" width=\"300\" height=\"300\" src=\"https:\/\/www.v-label.com\/wp-content\/uploads\/2023\/03\/colian.png\" alt=\"\" class=\"wp-image-51848\" \/><\/a><\/figure>\n<\/div>\n<\/div>\n","protected":false},"excerpt":{"rendered":"<p>Sprawd\u017a, czy Twoje ulubione s\u0142odycze s\u0105 naprawd\u0119 wegetaria\u0144skie czy wega\u0144skie i zaopatrz swoj\u0105 spi\u017carni\u0119 w ro\u015blinn\u0105 czekolad\u0119, ciastka, chipsy i batony! To nie wszystko! Warty uwagi jest tak\u017ce rynek wypiek\u00f3w, pe\u0142en wega\u0144skich ciast, rogalik\u00f3w oraz lod\u00f3w.<\/p>\n","protected":false},"author":5,"featured_media":17323,"parent":8522,"menu_order":0,"comment_status":"closed","ping_status":"closed","template":"","meta":{"_acf_changed":false,"_editorskit_title_hidden":false,"_editorskit_reading_time":1,"_editorskit_is_block_options_detached":false,"_editorskit_block_options_position":"{}","inline_featured_image":false,"_uag_custom_page_level_css":"","footnotes":""},"categories":[],"tags":[],"class_list":["post-11418","page","type-page","status-publish","has-post-thumbnail","hentry"],"acf":[],"uagb_featured_image_src":{"full":["https:\/\/www.v-label.com\/wp-content\/uploads\/2022\/12\/sweets-1280.jpg",1280,853,false],"thumbnail":["https:\/\/www.v-label.com\/wp-content\/uploads\/2022\/12\/sweets-1280-500x333.jpg",500,333,true],"medium":["https:\/\/www.v-label.com\/wp-content\/uploads\/2022\/12\/sweets-1280-300x200.jpg",300,200,true],"medium_large":["https:\/\/www.v-label.com\/wp-content\/uploads\/2022\/12\/sweets-1280-768x512.jpg",768,512,true],"large":["https:\/\/www.v-label.com\/wp-content\/uploads\/2022\/12\/sweets-1280-1024x682.jpg",1024,682,true],"1536x1536":["https:\/\/www.v-label.com\/wp-content\/uploads\/2022\/12\/sweets-1280.jpg",1280,853,false],"2048x2048":["https:\/\/www.v-label.com\/wp-content\/uploads\/2022\/12\/sweets-1280.jpg",1280,853,false],"preview":["https:\/\/www.v-label.com\/wp-content\/uploads\/2022\/12\/sweets-1280-904x720.jpg",904,720,true],"header":["https:\/\/www.v-label.com\/wp-content\/uploads\/2022\/12\/sweets-1280-1280x720.jpg",1280,720,true],"gform-image-choice-sm":["https:\/\/www.v-label.com\/wp-content\/uploads\/2022\/12\/sweets-1280.jpg",300,200,false],"gform-image-choice-md":["https:\/\/www.v-label.com\/wp-content\/uploads\/2022\/12\/sweets-1280.jpg",400,267,false],"gform-image-choice-lg":["https:\/\/www.v-label.com\/wp-content\/uploads\/2022\/12\/sweets-1280.jpg",600,400,false]},"uagb_author_info":{"display_name":"Can Aslan","author_link":"https:\/\/www.v-label.com\/pl"},"uagb_comment_info":0,"uagb_excerpt":"Sprawd\u017a, czy Twoje ulubione s\u0142odycze s\u0105 naprawd\u0119 wegetaria\u0144skie czy wega\u0144skie i zaopatrz swoj\u0105 spi\u017carni\u0119 w ro\u015blinn\u0105 czekolad\u0119, ciastka, chipsy i batony! To nie wszystko! Warty uwagi jest tak\u017ce rynek wypiek\u00f3w, pe\u0142en wega\u0144skich ciast, rogalik\u00f3w oraz lod\u00f3w.","_links":{"self":[{"href":"https:\/\/www.v-label.com\/pl\/wp-json\/wp\/v2\/pages\/11418","targetHints":{"allow":["GET"]}}],"collection":[{"href":"https:\/\/www.v-label.com\/pl\/wp-json\/wp\/v2\/pages"}],"about":[{"href":"https:\/\/www.v-label.com\/pl\/wp-json\/wp\/v2\/types\/page"}],"author":[{"embeddable":true,"href":"https:\/\/www.v-label.com\/pl\/wp-json\/wp\/v2\/users\/5"}],"replies":[{"embeddable":true,"href":"https:\/\/www.v-label.com\/pl\/wp-json\/wp\/v2\/comments?post=11418"}],"version-history":[{"count":9,"href":"https:\/\/www.v-label.com\/pl\/wp-json\/wp\/v2\/pages\/11418\/revisions"}],"predecessor-version":[{"id":52213,"href":"https:\/\/www.v-label.com\/pl\/wp-json\/wp\/v2\/pages\/11418\/revisions\/52213"}],"up":[{"embeddable":true,"href":"https:\/\/www.v-label.com\/pl\/wp-json\/wp\/v2\/pages\/8522"}],"wp:featuredmedia":[{"embeddable":true,"href":"https:\/\/www.v-label.com\/pl\/wp-json\/wp\/v2\/media\/17323"}],"wp:attachment":[{"href":"https:\/\/www.v-label.com\/pl\/wp-json\/wp\/v2\/media?parent=11418"}],"wp:term":[{"taxonomy":"category","embeddable":true,"href":"https:\/\/www.v-label.com\/pl\/wp-json\/wp\/v2\/categories?post=11418"},{"taxonomy":"post_tag","embeddable":true,"href":"https:\/\/www.v-label.com\/pl\/wp-json\/wp\/v2\/tags?post=11418"}],"curies":[{"name":"wp","href":"https:\/\/api.w.org\/{rel}","templated":true}]}}