{"id":11807,"date":"2022-09-13T11:06:00","date_gmt":"2022-09-13T09:06:00","guid":{"rendered":"https:\/\/www.v-label.com\/general-information\/certified-products\/ready-made-meals\/"},"modified":"2023-03-15T12:19:07","modified_gmt":"2023-03-15T11:19:07","slug":"ready-made-meals","status":"publish","type":"page","link":"https:\/\/www.v-label.com\/pl\/general-information\/certified-products\/ready-made-meals\/","title":{"rendered":"Gotowe posi\u0142ki"},"content":{"rendered":"\n<p>Lunch w drodze nie musi ju\u017c by\u0107 kompromisem. Zdrowe, smaczne i wegetaria\u0144skie to motto wi\u0119kszo\u015bci g\u0142\u00f3wnych sprzedawc\u00f3w detalicznych, kt\u00f3rzy zape\u0142niaj\u0105 sekcje mro\u017conek ro\u015blinn\u0105 pizz\u0105 i oferuj\u0105 szeroki wachlarz kuchni, od gotowych zup dahl po chilli sin carne.<\/p>\n\n\n\n<div class=\"wp-block-columns are-vertically-aligned-center is-layout-flex wp-container-core-columns-is-layout-9d6595d7 wp-block-columns-is-layout-flex\">\n<div class=\"wp-block-column is-vertically-aligned-center is-layout-flow wp-block-column-is-layout-flow\">\n<figure class=\"wp-block-image aligncenter size-medium\"><a href=\"https:\/\/www.ajinomoto.com.pl\/\" target=\"_blank\" rel=\"noreferrer noopener\"><img decoding=\"async\" width=\"300\" height=\"300\" src=\"https:\/\/www.v-label.com\/wp-content\/uploads\/2022\/12\/ajinomoto-300x300.png\" alt=\"\" class=\"wp-image-14443\" srcset=\"https:\/\/www.v-label.com\/wp-content\/uploads\/2022\/12\/ajinomoto-300x300.png 300w, https:\/\/www.v-label.com\/wp-content\/uploads\/2022\/12\/ajinomoto-500x500.png 500w, https:\/\/www.v-label.com\/wp-content\/uploads\/2022\/12\/ajinomoto.png 600w\" sizes=\"(max-width: 300px) 100vw, 300px\" \/><\/a><\/figure>\n<\/div>\n\n\n\n<div class=\"wp-block-column is-vertically-aligned-center is-layout-flow wp-block-column-is-layout-flow\">\n<figure class=\"wp-block-image aligncenter size-medium\"><a href=\"https:\/\/aryzta.pl\/\" target=\"_blank\" rel=\"noreferrer noopener\"><img decoding=\"async\" width=\"300\" height=\"300\" src=\"https:\/\/www.v-label.com\/wp-content\/uploads\/2022\/12\/aryzta-300x300.png\" alt=\"\" class=\"wp-image-14463\" srcset=\"https:\/\/www.v-label.com\/wp-content\/uploads\/2022\/12\/aryzta-300x300.png 300w, https:\/\/www.v-label.com\/wp-content\/uploads\/2022\/12\/aryzta-500x500.png 500w, https:\/\/www.v-label.com\/wp-content\/uploads\/2022\/12\/aryzta.png 600w\" sizes=\"(max-width: 300px) 100vw, 300px\" \/><\/a><\/figure>\n<\/div>\n\n\n\n<div class=\"wp-block-column is-vertically-aligned-center is-layout-flow wp-block-column-is-layout-flow\">\n<figure class=\"wp-block-image aligncenter size-full\"><a href=\"https:\/\/iglotex.pl\/\" target=\"_blank\" rel=\"noreferrer noopener\"><img decoding=\"async\" width=\"300\" height=\"300\" src=\"https:\/\/www.v-label.com\/wp-content\/uploads\/2023\/03\/iglotex.png\" alt=\"\" class=\"wp-image-51963\" \/><\/a><\/figure>\n<\/div>\n\n\n\n<div class=\"wp-block-column is-vertically-aligned-center is-layout-flow wp-block-column-is-layout-flow\">\n<figure class=\"wp-block-image aligncenter size-medium\"><a href=\"https:\/\/www.bielmar.pl\/\" target=\"_blank\" rel=\"noreferrer noopener\"><img decoding=\"async\" width=\"300\" height=\"300\" src=\"https:\/\/www.v-label.com\/wp-content\/uploads\/2022\/12\/bielmar-300x300.png\" alt=\"\" class=\"wp-image-14503\" srcset=\"https:\/\/www.v-label.com\/wp-content\/uploads\/2022\/12\/bielmar-300x300.png 300w, https:\/\/www.v-label.com\/wp-content\/uploads\/2022\/12\/bielmar-500x500.png 500w, https:\/\/www.v-label.com\/wp-content\/uploads\/2022\/12\/bielmar.png 600w\" sizes=\"(max-width: 300px) 100vw, 300px\" \/><\/a><\/figure>\n<\/div>\n\n\n\n<div class=\"wp-block-column is-vertically-aligned-center is-layout-flow wp-block-column-is-layout-flow\">\n<figure class=\"wp-block-image aligncenter size-medium\"><a href=\"https:\/\/develey.pl\/\" target=\"_blank\" rel=\"noreferrer noopener\"><img decoding=\"async\" width=\"300\" height=\"300\" src=\"https:\/\/www.v-label.com\/wp-content\/uploads\/2022\/12\/develey-300x300.png\" alt=\"\" class=\"wp-image-14523\" srcset=\"https:\/\/www.v-label.com\/wp-content\/uploads\/2022\/12\/develey-300x300.png 300w, https:\/\/www.v-label.com\/wp-content\/uploads\/2022\/12\/develey-500x500.png 500w, https:\/\/www.v-label.com\/wp-content\/uploads\/2022\/12\/develey.png 600w\" sizes=\"(max-width: 300px) 100vw, 300px\" \/><\/a><\/figure>\n<\/div>\n\n\n\n<div class=\"wp-block-column is-vertically-aligned-center is-layout-flow wp-block-column-is-layout-flow\">\n<figure class=\"wp-block-image aligncenter size-full\"><a href=\"https:\/\/www.hiltonfoods.com\/\" target=\"_blank\" rel=\"noreferrer noopener\"><img decoding=\"async\" width=\"300\" height=\"300\" src=\"https:\/\/www.v-label.com\/wp-content\/uploads\/2023\/03\/hilton.png\" alt=\"\" class=\"wp-image-52033\" \/><\/a><\/figure>\n<\/div>\n<\/div>\n\n\n\n<div class=\"wp-block-columns are-vertically-aligned-center is-layout-flex wp-container-core-columns-is-layout-9d6595d7 wp-block-columns-is-layout-flex\">\n<div class=\"wp-block-column is-vertically-aligned-center is-layout-flow wp-block-column-is-layout-flow\">\n<figure class=\"wp-block-image aligncenter size-medium\"><a href=\"https:\/\/www.nestle.pl\/\" target=\"_blank\" rel=\"noreferrer noopener\"><img decoding=\"async\" width=\"300\" height=\"300\" src=\"https:\/\/www.v-label.com\/wp-content\/uploads\/2022\/12\/nestle-300x300.png\" alt=\"\" class=\"wp-image-14563\" srcset=\"https:\/\/www.v-label.com\/wp-content\/uploads\/2022\/12\/nestle-300x300.png 300w, https:\/\/www.v-label.com\/wp-content\/uploads\/2022\/12\/nestle-500x500.png 500w, https:\/\/www.v-label.com\/wp-content\/uploads\/2022\/12\/nestle.png 600w\" sizes=\"(max-width: 300px) 100vw, 300px\" \/><\/a><\/figure>\n<\/div>\n\n\n\n<div class=\"wp-block-column is-vertically-aligned-center is-layout-flow wp-block-column-is-layout-flow\">\n<figure class=\"wp-block-image aligncenter size-medium\"><a href=\"https:\/\/onedaymore.pl\/\" target=\"_blank\" rel=\"noreferrer noopener\"><img decoding=\"async\" width=\"300\" height=\"300\" src=\"https:\/\/www.v-label.com\/wp-content\/uploads\/2022\/12\/onedaymore-300x300.png\" alt=\"\" class=\"wp-image-14583\" srcset=\"https:\/\/www.v-label.com\/wp-content\/uploads\/2022\/12\/onedaymore-300x300.png 300w, https:\/\/www.v-label.com\/wp-content\/uploads\/2022\/12\/onedaymore-500x500.png 500w, https:\/\/www.v-label.com\/wp-content\/uploads\/2022\/12\/onedaymore.png 600w\" sizes=\"(max-width: 300px) 100vw, 300px\" \/><\/a><\/figure>\n<\/div>\n\n\n\n<div class=\"wp-block-column is-vertically-aligned-center is-layout-flow wp-block-column-is-layout-flow\">\n<figure class=\"wp-block-image aligncenter size-full\"><a href=\"https:\/\/pelnadobra.pl\/\" target=\"_blank\" rel=\"noreferrer noopener\"><img decoding=\"async\" width=\"300\" height=\"300\" src=\"https:\/\/www.v-label.com\/wp-content\/uploads\/2023\/03\/perla.png\" alt=\"\" class=\"wp-image-51925\" \/><\/a><\/figure>\n<\/div>\n\n\n\n<div class=\"wp-block-column is-vertically-aligned-center is-layout-flow wp-block-column-is-layout-flow\">\n<figure class=\"wp-block-image aligncenter size-medium\"><a href=\"https:\/\/www.primavika.pl\/\" target=\"_blank\" rel=\"noreferrer noopener\"><img decoding=\"async\" width=\"300\" height=\"300\" src=\"https:\/\/www.v-label.com\/wp-content\/uploads\/2022\/12\/primavika-300x300.png\" alt=\"\" class=\"wp-image-14623\" srcset=\"https:\/\/www.v-label.com\/wp-content\/uploads\/2022\/12\/primavika-300x300.png 300w, https:\/\/www.v-label.com\/wp-content\/uploads\/2022\/12\/primavika-500x500.png 500w, https:\/\/www.v-label.com\/wp-content\/uploads\/2022\/12\/primavika.png 600w\" sizes=\"(max-width: 300px) 100vw, 300px\" \/><\/a><\/figure>\n<\/div>\n\n\n\n<div class=\"wp-block-column is-vertically-aligned-center is-layout-flow wp-block-column-is-layout-flow\">\n<figure class=\"wp-block-image aligncenter size-full\"><a href=\"https:\/\/www.greenyard.group\/pl\/\" target=\"_blank\" rel=\"noreferrer noopener\"><img decoding=\"async\" width=\"300\" height=\"300\" src=\"https:\/\/www.v-label.com\/wp-content\/uploads\/2023\/03\/greenyard.png\" alt=\"\" class=\"wp-image-51998\" \/><\/a><\/figure>\n<\/div>\n\n\n\n<div class=\"wp-block-column is-vertically-aligned-center is-layout-flow wp-block-column-is-layout-flow\">\n<figure class=\"wp-block-image aligncenter size-medium\"><a href=\"https:\/\/www.turka.pl\/\" target=\"_blank\" rel=\"noreferrer noopener\"><img decoding=\"async\" width=\"300\" height=\"300\" src=\"https:\/\/www.v-label.com\/wp-content\/uploads\/2022\/12\/turka-300x300.png\" alt=\"\" class=\"wp-image-14663\" srcset=\"https:\/\/www.v-label.com\/wp-content\/uploads\/2022\/12\/turka-300x300.png 300w, https:\/\/www.v-label.com\/wp-content\/uploads\/2022\/12\/turka-500x500.png 500w, https:\/\/www.v-label.com\/wp-content\/uploads\/2022\/12\/turka.png 600w\" sizes=\"(max-width: 300px) 100vw, 300px\" \/><\/a><\/figure>\n<\/div>\n<\/div>\n\n\n\n<div class=\"wp-block-columns are-vertically-aligned-center is-layout-flex wp-container-core-columns-is-layout-9d6595d7 wp-block-columns-is-layout-flex\">\n<div class=\"wp-block-column is-vertically-aligned-center is-layout-flow wp-block-column-is-layout-flow\">\n<figure class=\"wp-block-image aligncenter size-full\"><a href=\"https:\/\/whatscooking.group\/pl-PL\" target=\"_blank\" rel=\"noreferrer noopener\"><img decoding=\"async\" width=\"300\" height=\"300\" src=\"https:\/\/www.v-label.com\/wp-content\/uploads\/2023\/03\/pastafood.png\" alt=\"\" class=\"wp-image-52106\" \/><\/a><\/figure>\n<\/div>\n\n\n\n<div class=\"wp-block-column is-vertically-aligned-center is-layout-flow wp-block-column-is-layout-flow\">\n<figure class=\"wp-block-image aligncenter size-full\"><a href=\"https:\/\/bunge.pl\/pl\/\" target=\"_blank\" rel=\"noreferrer noopener\"><img decoding=\"async\" width=\"300\" height=\"300\" src=\"https:\/\/www.v-label.com\/wp-content\/uploads\/2023\/03\/kruszwica.png\" alt=\"\" class=\"wp-image-52071\" \/><\/a><\/figure>\n<\/div>\n<\/div>\n","protected":false},"excerpt":{"rendered":"<p>Lunch w drodze nie musi ju\u017c by\u0107 kompromisem. Zdrowe, smaczne i wegetaria\u0144skie to motto wi\u0119kszo\u015bci g\u0142\u00f3wnych sprzedawc\u00f3w detalicznych, kt\u00f3rzy zape\u0142niaj\u0105 sekcje mro\u017conek ro\u015blinn\u0105 pizz\u0105 i oferuj\u0105 szeroki wachlarz kuchni, od gotowych zup dahl po chilli sin carne.<\/p>\n","protected":false},"author":5,"featured_media":17223,"parent":8522,"menu_order":0,"comment_status":"closed","ping_status":"closed","template":"","meta":{"_acf_changed":false,"_editorskit_title_hidden":false,"_editorskit_reading_time":1,"_editorskit_is_block_options_detached":false,"_editorskit_block_options_position":"{}","inline_featured_image":false,"_uag_custom_page_level_css":"","footnotes":""},"categories":[],"tags":[],"class_list":["post-11807","page","type-page","status-publish","has-post-thumbnail","hentry"],"acf":[],"uagb_featured_image_src":{"full":["https:\/\/www.v-label.com\/wp-content\/uploads\/2022\/12\/ready-meals-1280.jpg",1280,852,false],"thumbnail":["https:\/\/www.v-label.com\/wp-content\/uploads\/2022\/12\/ready-meals-1280-500x333.jpg",500,333,true],"medium":["https:\/\/www.v-label.com\/wp-content\/uploads\/2022\/12\/ready-meals-1280-300x200.jpg",300,200,true],"medium_large":["https:\/\/www.v-label.com\/wp-content\/uploads\/2022\/12\/ready-meals-1280-768x511.jpg",768,511,true],"large":["https:\/\/www.v-label.com\/wp-content\/uploads\/2022\/12\/ready-meals-1280-1024x682.jpg",1024,682,true],"1536x1536":["https:\/\/www.v-label.com\/wp-content\/uploads\/2022\/12\/ready-meals-1280.jpg",1280,852,false],"2048x2048":["https:\/\/www.v-label.com\/wp-content\/uploads\/2022\/12\/ready-meals-1280.jpg",1280,852,false],"preview":["https:\/\/www.v-label.com\/wp-content\/uploads\/2022\/12\/ready-meals-1280-904x720.jpg",904,720,true],"header":["https:\/\/www.v-label.com\/wp-content\/uploads\/2022\/12\/ready-meals-1280-1280x720.jpg",1280,720,true],"gform-image-choice-sm":["https:\/\/www.v-label.com\/wp-content\/uploads\/2022\/12\/ready-meals-1280.jpg",300,200,false],"gform-image-choice-md":["https:\/\/www.v-label.com\/wp-content\/uploads\/2022\/12\/ready-meals-1280.jpg",400,266,false],"gform-image-choice-lg":["https:\/\/www.v-label.com\/wp-content\/uploads\/2022\/12\/ready-meals-1280.jpg",600,399,false]},"uagb_author_info":{"display_name":"Can Aslan","author_link":"https:\/\/www.v-label.com\/pl"},"uagb_comment_info":0,"uagb_excerpt":"Lunch w drodze nie musi ju\u017c by\u0107 kompromisem. Zdrowe, smaczne i wegetaria\u0144skie to motto wi\u0119kszo\u015bci g\u0142\u00f3wnych sprzedawc\u00f3w detalicznych, kt\u00f3rzy zape\u0142niaj\u0105 sekcje mro\u017conek ro\u015blinn\u0105 pizz\u0105 i oferuj\u0105 szeroki wachlarz kuchni, od gotowych zup dahl po chilli sin carne.","_links":{"self":[{"href":"https:\/\/www.v-label.com\/pl\/wp-json\/wp\/v2\/pages\/11807","targetHints":{"allow":["GET"]}}],"collection":[{"href":"https:\/\/www.v-label.com\/pl\/wp-json\/wp\/v2\/pages"}],"about":[{"href":"https:\/\/www.v-label.com\/pl\/wp-json\/wp\/v2\/types\/page"}],"author":[{"embeddable":true,"href":"https:\/\/www.v-label.com\/pl\/wp-json\/wp\/v2\/users\/5"}],"replies":[{"embeddable":true,"href":"https:\/\/www.v-label.com\/pl\/wp-json\/wp\/v2\/comments?post=11807"}],"version-history":[{"count":5,"href":"https:\/\/www.v-label.com\/pl\/wp-json\/wp\/v2\/pages\/11807\/revisions"}],"predecessor-version":[{"id":52141,"href":"https:\/\/www.v-label.com\/pl\/wp-json\/wp\/v2\/pages\/11807\/revisions\/52141"}],"up":[{"embeddable":true,"href":"https:\/\/www.v-label.com\/pl\/wp-json\/wp\/v2\/pages\/8522"}],"wp:featuredmedia":[{"embeddable":true,"href":"https:\/\/www.v-label.com\/pl\/wp-json\/wp\/v2\/media\/17223"}],"wp:attachment":[{"href":"https:\/\/www.v-label.com\/pl\/wp-json\/wp\/v2\/media?parent=11807"}],"wp:term":[{"taxonomy":"category","embeddable":true,"href":"https:\/\/www.v-label.com\/pl\/wp-json\/wp\/v2\/categories?post=11807"},{"taxonomy":"post_tag","embeddable":true,"href":"https:\/\/www.v-label.com\/pl\/wp-json\/wp\/v2\/tags?post=11807"}],"curies":[{"name":"wp","href":"https:\/\/api.w.org\/{rel}","templated":true}]}}