{"id":11829,"date":"2022-09-13T11:07:09","date_gmt":"2022-09-13T09:07:09","guid":{"rendered":"https:\/\/www.v-label.com\/general-information\/certified-products\/beverages\/"},"modified":"2023-03-15T12:44:59","modified_gmt":"2023-03-15T11:44:59","slug":"beverages","status":"publish","type":"page","link":"https:\/\/www.v-label.com\/pl\/general-information\/certified-products\/beverages\/","title":{"rendered":"Napoje"},"content":{"rendered":"\n<p>Uwa\u017caj na ukryte sk\u0142adniki pochodzenia zwierz\u0119cego w Twoim ulubionym napoju! Dowiedz si\u0119, kt\u00f3re soki nie zawieraj\u0105 niewega\u0144skiego D3, kt\u00f3re wina nie s\u0105 rafinowane ani filtrowane przez bia\u0142ka zwierz\u0119ce i upewnij si\u0119, \u017ce Tw\u00f3j nap\u00f3j gazowany jest w 100% pochodzenia ro\u015blinnego.<\/p>\n\n\n\n<div class=\"wp-block-columns are-vertically-aligned-center is-layout-flex wp-container-core-columns-is-layout-9d6595d7 wp-block-columns-is-layout-flex\">\n<div class=\"wp-block-column is-vertically-aligned-center is-layout-flow wp-block-column-is-layout-flow\">\n<figure class=\"wp-block-image aligncenter size-medium\"><a href=\"https:\/\/old-distillery.pl\/\" target=\"_blank\" rel=\"noreferrer noopener\"><img decoding=\"async\" width=\"300\" height=\"300\" src=\"https:\/\/www.v-label.com\/wp-content\/uploads\/2022\/12\/olddistillery-300x300.png\" alt=\"\" class=\"wp-image-14786\" srcset=\"https:\/\/www.v-label.com\/wp-content\/uploads\/2022\/12\/olddistillery-300x300.png 300w, https:\/\/www.v-label.com\/wp-content\/uploads\/2022\/12\/olddistillery-500x500.png 500w, https:\/\/www.v-label.com\/wp-content\/uploads\/2022\/12\/olddistillery.png 600w\" sizes=\"(max-width: 300px) 100vw, 300px\" \/><\/a><\/figure>\n<\/div>\n\n\n\n<div class=\"wp-block-column is-vertically-aligned-center is-layout-flow wp-block-column-is-layout-flow\">\n<figure class=\"wp-block-image aligncenter size-medium\"><a href=\"https:\/\/www.henkell-freixenet.pl\/\" target=\"_blank\" rel=\"noreferrer noopener\"><img decoding=\"async\" width=\"300\" height=\"300\" src=\"https:\/\/www.v-label.com\/wp-content\/uploads\/2022\/12\/henkel-300x300.png\" alt=\"\" class=\"wp-image-14766\" srcset=\"https:\/\/www.v-label.com\/wp-content\/uploads\/2022\/12\/henkel-300x300.png 300w, https:\/\/www.v-label.com\/wp-content\/uploads\/2022\/12\/henkel-500x500.png 500w, https:\/\/www.v-label.com\/wp-content\/uploads\/2022\/12\/henkel.png 600w\" sizes=\"(max-width: 300px) 100vw, 300px\" \/><\/a><\/figure>\n<\/div>\n\n\n\n<div class=\"wp-block-column is-vertically-aligned-center is-layout-flow wp-block-column-is-layout-flow\">\n<figure class=\"wp-block-image aligncenter size-full\"><a href=\"https:\/\/trzechkumpli.pl\/\" target=\"_blank\" rel=\"noreferrer noopener\"><img decoding=\"async\" width=\"300\" height=\"300\" src=\"https:\/\/www.v-label.com\/wp-content\/uploads\/2023\/03\/trzechkumpli.png\" alt=\"\" class=\"wp-image-52285\" \/><\/a><\/figure>\n<\/div>\n<\/div>\n\n\n\n<div class=\"wp-block-columns are-vertically-aligned-center is-layout-flex wp-container-core-columns-is-layout-9d6595d7 wp-block-columns-is-layout-flex\">\n<div class=\"wp-block-column is-vertically-aligned-center is-layout-flow wp-block-column-is-layout-flow\">\n<figure class=\"wp-block-image aligncenter size-full\"><a href=\"https:\/\/foodcovita.com\/tag-produktu\/food\/\" target=\"_blank\" rel=\"noreferrer noopener\"><img decoding=\"async\" width=\"300\" height=\"300\" src=\"https:\/\/www.v-label.com\/wp-content\/uploads\/2023\/03\/foodcovita.png\" alt=\"\" class=\"wp-image-52249\" \/><\/a><\/figure>\n<\/div>\n\n\n\n<div class=\"wp-block-column is-vertically-aligned-center is-layout-flow wp-block-column-is-layout-flow\">\n<figure class=\"wp-block-image aligncenter size-full\"><a href=\"https:\/\/drinkid.eu\/pl\/\" target=\"_blank\" rel=\"noreferrer noopener\"><img decoding=\"async\" width=\"300\" height=\"300\" src=\"https:\/\/www.v-label.com\/wp-content\/uploads\/2023\/03\/drinkid.png\" alt=\"\" class=\"wp-image-52214\" \/><\/a><\/figure>\n<\/div>\n\n\n\n<div class=\"wp-block-column is-vertically-aligned-center is-layout-flow wp-block-column-is-layout-flow\">\n<figure class=\"wp-block-image aligncenter size-full\"><a href=\"https:\/\/winnicalibiaz.pl\/\" target=\"_blank\" rel=\"noreferrer noopener\"><img decoding=\"async\" width=\"300\" height=\"300\" src=\"https:\/\/www.v-label.com\/wp-content\/uploads\/2023\/03\/libiaz.png\" alt=\"\" class=\"wp-image-52322\" \/><\/a><\/figure>\n<\/div>\n<\/div>\n","protected":false},"excerpt":{"rendered":"<p>Uwa\u017caj na ukryte sk\u0142adniki pochodzenia zwierz\u0119cego w Twoim ulubionym napoju! Dowiedz si\u0119, kt\u00f3re soki nie zawieraj\u0105 niewega\u0144skiego D3, kt\u00f3re wina nie s\u0105 rafinowane ani filtrowane przez bia\u0142ka zwierz\u0119ce i upewnij si\u0119, \u017ce Tw\u00f3j nap\u00f3j gazowany jest w 100% pochodzenia ro\u015blinnego.<\/p>\n","protected":false},"author":5,"featured_media":17303,"parent":8522,"menu_order":0,"comment_status":"closed","ping_status":"closed","template":"","meta":{"_acf_changed":false,"_editorskit_title_hidden":false,"_editorskit_reading_time":1,"_editorskit_is_block_options_detached":false,"_editorskit_block_options_position":"{}","inline_featured_image":false,"_uag_custom_page_level_css":"","footnotes":""},"categories":[],"tags":[],"class_list":["post-11829","page","type-page","status-publish","has-post-thumbnail","hentry"],"acf":[],"uagb_featured_image_src":{"full":["https:\/\/www.v-label.com\/wp-content\/uploads\/2022\/12\/beverages-1280.jpg",1280,853,false],"thumbnail":["https:\/\/www.v-label.com\/wp-content\/uploads\/2022\/12\/beverages-1280-500x333.jpg",500,333,true],"medium":["https:\/\/www.v-label.com\/wp-content\/uploads\/2022\/12\/beverages-1280-300x200.jpg",300,200,true],"medium_large":["https:\/\/www.v-label.com\/wp-content\/uploads\/2022\/12\/beverages-1280-768x512.jpg",768,512,true],"large":["https:\/\/www.v-label.com\/wp-content\/uploads\/2022\/12\/beverages-1280-1024x682.jpg",1024,682,true],"1536x1536":["https:\/\/www.v-label.com\/wp-content\/uploads\/2022\/12\/beverages-1280.jpg",1280,853,false],"2048x2048":["https:\/\/www.v-label.com\/wp-content\/uploads\/2022\/12\/beverages-1280.jpg",1280,853,false],"preview":["https:\/\/www.v-label.com\/wp-content\/uploads\/2022\/12\/beverages-1280-904x720.jpg",904,720,true],"header":["https:\/\/www.v-label.com\/wp-content\/uploads\/2022\/12\/beverages-1280-1280x720.jpg",1280,720,true],"gform-image-choice-sm":["https:\/\/www.v-label.com\/wp-content\/uploads\/2022\/12\/beverages-1280.jpg",300,200,false],"gform-image-choice-md":["https:\/\/www.v-label.com\/wp-content\/uploads\/2022\/12\/beverages-1280.jpg",400,267,false],"gform-image-choice-lg":["https:\/\/www.v-label.com\/wp-content\/uploads\/2022\/12\/beverages-1280.jpg",600,400,false]},"uagb_author_info":{"display_name":"Can Aslan","author_link":"https:\/\/www.v-label.com\/pl"},"uagb_comment_info":0,"uagb_excerpt":"Uwa\u017caj na ukryte sk\u0142adniki pochodzenia zwierz\u0119cego w Twoim ulubionym napoju! Dowiedz si\u0119, kt\u00f3re soki nie zawieraj\u0105 niewega\u0144skiego D3, kt\u00f3re wina nie s\u0105 rafinowane ani filtrowane przez bia\u0142ka zwierz\u0119ce i upewnij si\u0119, \u017ce Tw\u00f3j nap\u00f3j gazowany jest w 100% pochodzenia ro\u015blinnego.","_links":{"self":[{"href":"https:\/\/www.v-label.com\/pl\/wp-json\/wp\/v2\/pages\/11829","targetHints":{"allow":["GET"]}}],"collection":[{"href":"https:\/\/www.v-label.com\/pl\/wp-json\/wp\/v2\/pages"}],"about":[{"href":"https:\/\/www.v-label.com\/pl\/wp-json\/wp\/v2\/types\/page"}],"author":[{"embeddable":true,"href":"https:\/\/www.v-label.com\/pl\/wp-json\/wp\/v2\/users\/5"}],"replies":[{"embeddable":true,"href":"https:\/\/www.v-label.com\/pl\/wp-json\/wp\/v2\/comments?post=11829"}],"version-history":[{"count":4,"href":"https:\/\/www.v-label.com\/pl\/wp-json\/wp\/v2\/pages\/11829\/revisions"}],"predecessor-version":[{"id":52358,"href":"https:\/\/www.v-label.com\/pl\/wp-json\/wp\/v2\/pages\/11829\/revisions\/52358"}],"up":[{"embeddable":true,"href":"https:\/\/www.v-label.com\/pl\/wp-json\/wp\/v2\/pages\/8522"}],"wp:featuredmedia":[{"embeddable":true,"href":"https:\/\/www.v-label.com\/pl\/wp-json\/wp\/v2\/media\/17303"}],"wp:attachment":[{"href":"https:\/\/www.v-label.com\/pl\/wp-json\/wp\/v2\/media?parent=11829"}],"wp:term":[{"taxonomy":"category","embeddable":true,"href":"https:\/\/www.v-label.com\/pl\/wp-json\/wp\/v2\/categories?post=11829"},{"taxonomy":"post_tag","embeddable":true,"href":"https:\/\/www.v-label.com\/pl\/wp-json\/wp\/v2\/tags?post=11829"}],"curies":[{"name":"wp","href":"https:\/\/api.w.org\/{rel}","templated":true}]}}