{"id":35446,"date":"2022-09-18T00:15:53","date_gmt":"2022-09-17T22:15:53","guid":{"rendered":"https:\/\/www.v-label.com\/events\/plant-based-dairy\/"},"modified":"2026-02-18T09:47:35","modified_gmt":"2026-02-18T08:47:35","slug":"plant-based-dairy","status":"publish","type":"page","link":"https:\/\/www.v-label.com\/pl\/events\/plant-based-dairy\/","title":{"rendered":"V-Label\u2019s Food Industry Guide: Plant-Based Dairy"},"content":{"rendered":"\n<div class=\"wp-block-media-text has-media-on-the-right is-stacked-on-mobile is-vertically-aligned-top\"><div class=\"wp-block-media-text__content\">\n<h4 class=\"wp-block-heading\"><strong>Opportunities, consumer insights, and trends<\/strong><\/h4>\n\n\n\n<p>Plant-based dairy products are the future of food. Already worth US$1.4 billion in 2019, the vegan alternatives to cheese, butter, creams, ice cream, spreads, dips, and drinks are still on the rise. The global vegan cheese market size is expected to grow at a compound annual growth rate of 12.8% over the next six years.&nbsp;<\/p>\n<\/div><figure class=\"wp-block-media-text__media\"><img decoding=\"async\" width=\"1024\" height=\"558\" src=\"https:\/\/www.v-label.com\/wp-content\/uploads\/2022\/09\/plant-based-dairy-webinar-2048x1116-1-1024x558.png\" alt=\"\" class=\"wp-image-2565 size-full\" srcset=\"https:\/\/www.v-label.com\/wp-content\/uploads\/2022\/09\/plant-based-dairy-webinar-2048x1116-1-1024x558.png 1024w, https:\/\/www.v-label.com\/wp-content\/uploads\/2022\/09\/plant-based-dairy-webinar-2048x1116-1-300x163.png 300w, https:\/\/www.v-label.com\/wp-content\/uploads\/2022\/09\/plant-based-dairy-webinar-2048x1116-1-500x272.png 500w, https:\/\/www.v-label.com\/wp-content\/uploads\/2022\/09\/plant-based-dairy-webinar-2048x1116-1-768x419.png 768w, https:\/\/www.v-label.com\/wp-content\/uploads\/2022\/09\/plant-based-dairy-webinar-2048x1116-1-1536x837.png 1536w, https:\/\/www.v-label.com\/wp-content\/uploads\/2022\/09\/plant-based-dairy-webinar-2048x1116-1.png 2048w\" sizes=\"(max-width: 1024px) 100vw, 1024px\" \/><\/figure><\/div>\n\n\n\n<p>Learn everything you need to know about the different plant-based dairy alternatives and challenges as we discuss with several market-leading dairy-free brands during our upcoming webinar on September 29nd from 3:00 pm to 4:00 pm.<\/p>\n\n\n\n<p>Along with Michael Hughes, Head of Research and Insight at&nbsp;<a href=\"https:\/\/fmcggurus.com\/\" target=\"_blank\" rel=\"noopener\">FMCG Gurus<\/a>, we explored the latest consumer insights.&nbsp;<a href=\"https:\/\/fmcggurus.com\/\" target=\"_blank\" rel=\"noopener\">FMCG Gurus<\/a>&nbsp;provides market research and insight into consumer attitudes and behaviors across the food, beverage, and supplement markets around the world. FMCG Gurus are dedicated to being a world leader in consumer insights and market research.<\/p>\n\n\n\n<figure class=\"wp-block-embed is-type-video is-provider-youtube wp-block-embed-youtube wp-embed-aspect-16-9 wp-has-aspect-ratio\"><div class=\"wp-block-embed__wrapper\">\n <div class=\"brlbs-cmpnt-container brlbs-cmpnt-content-blocker brlbs-cmpnt-with-individual-styles\" data-borlabs-cookie-content-blocker-id=\"youtube-content-blocker\" data-borlabs-cookie-content=\"PGlmcmFtZSBjbGFzcz0ieW91dHViZS1wbGF5ZXIiIHR5cGU9InRleHQvaHRtbCIgIHRpdGxlPSJWLUxhYmVsJiMwMzk7cyBGb29kIEluZHVzdHJ5IEd1aWRlOiBQbGFudC1CYXNlZCBEYWlyeSIgd2lkdGg9IjUwMCIgaGVpZ2h0PSIyODEiIHNyYz0iaHR0cHM6Ly93d3cueW91dHViZS1ub2Nvb2tpZS5jb20vZW1iZWQvOVRzazJlNmdjdVk\/ZmVhdHVyZT1vZW1iZWQiIGZyYW1lYm9yZGVyPSIwIiBhbGxvdz0iYWNjZWxlcm9tZXRlcjsgYXV0b3BsYXk7IGNsaXBib2FyZC13cml0ZTsgZW5jcnlwdGVkLW1lZGlhOyBneXJvc2NvcGU7IHBpY3R1cmUtaW4tcGljdHVyZTsgd2ViLXNoYXJlIiByZWZlcnJlcnBvbGljeT0ic3RyaWN0LW9yaWdpbi13aGVuLWNyb3NzLW9yaWdpbiIgYWxsb3dmdWxsc2NyZWVuPjwvaWZyYW1lPg==\"><div class=\"brlbs-cmpnt-cb-preset-c brlbs-cmpnt-cb-youtube\"> <div class=\"brlbs-cmpnt-cb-thumbnail\" style=\"background-image: url('https:\/\/www.v-label.com\/wp-content\/uploads\/borlabs-cookie\/1\/yt_9Tsk2e6gcuY_hqdefault.jpg')\"><\/div> <div class=\"brlbs-cmpnt-cb-main\"> <div class=\"brlbs-cmpnt-cb-play-button\"><\/div> <div class=\"brlbs-cmpnt-cb-content\"> <p class=\"brlbs-cmpnt-cb-description\">Aktualnie wy\u015bwietlana jest tre\u015b\u0107 zast\u0119pcza z <strong>YouTube<\/strong>. Aby uzyska\u0107 dost\u0119p do rzeczywistej tre\u015bci, kliknij poni\u017cszy przycisk. Pami\u0119taj, \u017ce spowoduje to udost\u0119pnienie danych zewn\u0119trznym operatorom.<\/p> <a class=\"brlbs-cmpnt-cb-provider-toggle\" href=\"#\" data-borlabs-cookie-show-provider-information role=\"button\">Wi\u0119cej informacji<\/a> <\/div> <div class=\"brlbs-cmpnt-cb-buttons\"> <a class=\"brlbs-cmpnt-cb-btn\" href=\"#\" data-borlabs-cookie-unblock role=\"button\">Odblokuj tre\u015b\u0107<\/a> <a class=\"brlbs-cmpnt-cb-btn\" href=\"#\" data-borlabs-cookie-accept-service role=\"button\" style=\"display: inherit\">Zaakceptuj wymagan\u0105 us\u0142ug\u0119 i odblokuj tre\u015bci<\/a> <\/div> <\/div> <\/div><\/div>\n<\/div><\/figure>\n\n\n\n<h3 class=\"wp-block-heading\">About V-Label<\/h3>\n\n\n\n<p><em>Across the globe, more than 70,000 products from more than 4,800 licensees now carry V-Label. V-Label, established in Switzerland in 1996, is an internationally recognized, registered seal for labeling vegan and vegetarian products and services. It is a reliable, go-to shopping guide for consumers.<\/em><\/p>\n\n\n\n<figure class=\"wp-block-image aligncenter size-large\"><img decoding=\"async\" width=\"1024\" height=\"558\" src=\"https:\/\/www.v-label.com\/wp-content\/uploads\/2022\/09\/plant-based-dairy-webinar-2048x1116-1-1024x558.png\" alt=\"\" class=\"wp-image-2565\" srcset=\"https:\/\/www.v-label.com\/wp-content\/uploads\/2022\/09\/plant-based-dairy-webinar-2048x1116-1-1024x558.png 1024w, https:\/\/www.v-label.com\/wp-content\/uploads\/2022\/09\/plant-based-dairy-webinar-2048x1116-1-300x163.png 300w, https:\/\/www.v-label.com\/wp-content\/uploads\/2022\/09\/plant-based-dairy-webinar-2048x1116-1-500x272.png 500w, https:\/\/www.v-label.com\/wp-content\/uploads\/2022\/09\/plant-based-dairy-webinar-2048x1116-1-768x419.png 768w, https:\/\/www.v-label.com\/wp-content\/uploads\/2022\/09\/plant-based-dairy-webinar-2048x1116-1-1536x837.png 1536w, https:\/\/www.v-label.com\/wp-content\/uploads\/2022\/09\/plant-based-dairy-webinar-2048x1116-1.png 2048w\" sizes=\"(max-width: 1024px) 100vw, 1024px\" \/><\/figure>\n","protected":false},"excerpt":{"rendered":"<p>Opportunities, consumer insights, and trends Plant-based dairy products are the future of food. Already worth US$1.4 billion in 2019, the vegan alternatives to cheese, butter, creams, ice cream, spreads, dips, and drinks are still on the rise. The global vegan cheese market size is expected to grow at a compound annual growth rate of 12.8% [&hellip;]<\/p>\n","protected":false},"author":5,"featured_media":0,"parent":35297,"menu_order":0,"comment_status":"closed","ping_status":"closed","template":"","meta":{"_acf_changed":false,"_editorskit_title_hidden":false,"_editorskit_reading_time":0,"_editorskit_is_block_options_detached":false,"_editorskit_block_options_position":"{}","inline_featured_image":false,"_uag_custom_page_level_css":"","footnotes":""},"categories":[],"tags":[361],"class_list":["post-35446","page","type-page","status-publish","hentry","tag-webinar-food-pl"],"acf":[],"uagb_featured_image_src":{"full":false,"thumbnail":false,"medium":false,"medium_large":false,"large":false,"1536x1536":false,"2048x2048":false,"preview":false,"header":false,"gform-image-choice-sm":false,"gform-image-choice-md":false,"gform-image-choice-lg":false},"uagb_author_info":{"display_name":"Can Aslan","author_link":"https:\/\/www.v-label.com\/pl"},"uagb_comment_info":0,"uagb_excerpt":"Opportunities, consumer insights, and trends Plant-based dairy products are the future of food. Already worth US$1.4 billion in 2019, the vegan alternatives to cheese, butter, creams, ice cream, spreads, dips, and drinks are still on the rise. The global vegan cheese market size is expected to grow at a compound annual growth rate of 12.8%&hellip;","_links":{"self":[{"href":"https:\/\/www.v-label.com\/pl\/wp-json\/wp\/v2\/pages\/35446","targetHints":{"allow":["GET"]}}],"collection":[{"href":"https:\/\/www.v-label.com\/pl\/wp-json\/wp\/v2\/pages"}],"about":[{"href":"https:\/\/www.v-label.com\/pl\/wp-json\/wp\/v2\/types\/page"}],"author":[{"embeddable":true,"href":"https:\/\/www.v-label.com\/pl\/wp-json\/wp\/v2\/users\/5"}],"replies":[{"embeddable":true,"href":"https:\/\/www.v-label.com\/pl\/wp-json\/wp\/v2\/comments?post=35446"}],"version-history":[{"count":3,"href":"https:\/\/www.v-label.com\/pl\/wp-json\/wp\/v2\/pages\/35446\/revisions"}],"predecessor-version":[{"id":112839,"href":"https:\/\/www.v-label.com\/pl\/wp-json\/wp\/v2\/pages\/35446\/revisions\/112839"}],"up":[{"embeddable":true,"href":"https:\/\/www.v-label.com\/pl\/wp-json\/wp\/v2\/pages\/35297"}],"wp:attachment":[{"href":"https:\/\/www.v-label.com\/pl\/wp-json\/wp\/v2\/media?parent=35446"}],"wp:term":[{"taxonomy":"category","embeddable":true,"href":"https:\/\/www.v-label.com\/pl\/wp-json\/wp\/v2\/categories?post=35446"},{"taxonomy":"post_tag","embeddable":true,"href":"https:\/\/www.v-label.com\/pl\/wp-json\/wp\/v2\/tags?post=35446"}],"curies":[{"name":"wp","href":"https:\/\/api.w.org\/{rel}","templated":true}]}}