{"id":39522,"date":"2022-05-24T16:39:56","date_gmt":"2022-05-24T14:39:56","guid":{"rendered":"https:\/\/www.v-label.com\/?page_id=39522"},"modified":"2022-12-27T17:46:14","modified_gmt":"2022-12-27T16:46:14","slug":"data-privacy","status":"publish","type":"page","link":"https:\/\/www.v-label.com\/pl\/data-privacy\/","title":{"rendered":"Ochrona danych"},"content":{"rendered":"\n<p>Korzystanie z tej witryny jest stale mo\u017cliwe bez podawania danych osobowych. Gdyby dane te mia\u0142yby\u0107 jednak zbierane, nast\u0105pi to tylko w formie dobrowolnego ich podania przez u\u017cytkownika strony. Bez udzielenia wyra\u017anej zgody przez u\u017cytkownika nie nast\u0105pi dalsze przekazywanie danych osobowych osobom trzecim.<\/p>\n\n\n\n<p>Spos\u00f3b zbierania danych osobowych, ich zakres i cel wykorzystania s\u0105 zgodne z ustaleniami prawa ochrony danych osobowych w Polsce.<\/p>\n\n\n\n<p>Nale\u017cy pami\u0119ta\u0107 i\u017c mimo zachowania du\u017cej dba\u0142o\u015bci o ochron\u0119 danych przez w\u0142a\u015bciciela strony, przekazywanie danych osobowych w Internecie zawsze wi\u0105\u017ce si\u0119 z ryzykiem wynikaj\u0105cym z luk w zabezpieczeniach. Ca\u0142kowite zapewnienie u\u017cytkownika o ochronie danych osobowych nie jest zatem mo\u017cliwe.<\/p>\n\n\n\n<h2 class=\"has-text-align-center wp-block-heading\">Transfer danych (Server Log Files)<\/h2>\n\n\n\n<p>Podczas korzystania z witryny internetowej nast\u0119puje automatyczny transfer danych z przegl\u0105darki u\u017cytkownika na serwer. Przedmiotem tego transferu s\u0105 anonimowe dane dost\u0119pu bez odniesienia do danych osobowych, takie jak data, godzina, rodzaj przegl\u0105darki, ilo\u015b\u0107 i rodzaj wy\u015bwietlonych danych czy adres IP. Zapisywanie tych danych odbywa si\u0119 oddzielnie od zapisywania ewentualnych innych danych udost\u0119pnionych w ramach korzystania przez u\u017cytkownika z danej witryny. Dane te nie mog\u0105 zosta\u0107 u\u017cyte do identyfikacji konkretnej osoby. Zbieranie tych danych odbywa si\u0119 jedynie w celu badania zachowania u\u017cytkownik\u00f3w na stronie i dla cel\u00f3w statystycznych. Po odpowiedniej ocenie tych danych zostaj\u0105 one usuni\u0119te.<\/p>\n\n\n\n<h2 class=\"has-text-align-center wp-block-heading\">Cookies<\/h2>\n\n\n\n<p>W celu zapewnienia jako\u015bci oraz poszerzenia funkcjonalno\u015bci oferty on-line, na witrynie u\u017cywane s\u0105 tzw. plik\u00f3w cookie. S\u0105 to pliki tekstowe, gromadzone na komputerze u\u017cytkownika. Dzi\u0119ki plikom cookie mo\u017cna okre\u015bli\u0107 liczb\u0119 odwiedzin stron. Informacje te s\u0105 u\u017cywane wy\u0142\u0105cznie w celu poprawy jako\u015bci u\u017cytkowania stron internetowych i w celach statystycznych.<\/p>\n\n\n\n<h2 class=\"has-text-align-center wp-block-heading\">Dane inwentaryzacyjne<\/h2>\n\n\n\n<p>Przy tworzeniu, rozszerzeniu zawarto\u015bci lub zmianie stosunk\u00f3w umownych pobierane s\u0105 i wykorzystywane w niezb\u0119dnym zakresie dane osobowe u\u017cytkownika, tzw. dane inwentaryzacyjne.<\/p>\n\n\n\n<p>Z regu\u0142y nie nast\u0119puje przekazywanie danych ani udzielanie informacji osobom trzecim. W przypadku zarz\u0105dzenia w\u0142a\u015bciwych instytucji w\u0142a\u015bciciel strony ma obowi\u0105zek udzieli\u0107 informacji o danych osobowych, o ile jest to konieczne dla cel\u00f3w post\u0119powania karnego, bezpiecze\u0144stwa publicznego lub realizacji innych prawnych obowi\u0105zk\u00f3w.<\/p>\n\n\n\n<h2 class=\"has-text-align-center wp-block-heading\">Dane u\u017cytkowe<\/h2>\n\n\n\n<p>O ile jest taka konieczno\u015b\u0107, pobierane i wykorzystywane s\u0105 tzw. dane u\u017cytkowe. S\u0105 to dane osobowe, kt\u00f3re umo\u017cliwiaj\u0105 korzystanie z danej oferty internetowej i rozliczenie. Pobierane s\u0105 dane kt\u00f3re obejmuj\u0105 czas i zakres korzystania przez u\u017cytkownika z danej oferty oraz dane identyfikacyjne u\u017cytkownika<\/p>\n\n\n\n<p>Nale\u017cy zwr\u00f3ci\u0107 uwag\u0119, \u017ce w celach reklamowych i do bada\u0144 rynkowych oraz w celach kszta\u0142towania oferty on-line dozwolone jest generowanie profili u\u017cytkowych, tj. zestawienia danych o przebiegu wizyty na stronie. Profile te nie daj\u0105 dodatkowych informacji o u\u017cytkowniku i nie s\u0105 \u0142\u0105czone z innymi pobranymi danymi, tak\u017ce identyfikacja u\u017cytkownika to\u017csamo\u015bci jest na ich podstawie niemo\u017cliwa. U\u017cytkownik ma prawo w ka\u017cdej chwili odm\u00f3wi\u0107 takiego wykorzystania jego danych u\u017cytkowych.<\/p>\n\n\n\n<h2 class=\"has-text-align-center wp-block-heading\">Dane do newslettera<\/h2>\n\n\n\n<p>W przypadku zam\u00f3wienia newsletter oferowanego na stronie, u\u017cytkownik podaje sw\u00f3j adres e-mail (jednocze\u015bnie r\u00f3wnolegle zapisuje si\u0119 adres IP urz\u0105dzenia u\u017cytkownika). Inne dane nie s\u0105 pobierane. Dane te s\u0105 wykorzystywane wy\u0142\u0105cznie w celu wysy\u0142ki zam\u00f3wionych materia\u0142\u00f3w i nie s\u0105 przekazywane osobom trzecim.<\/p>\n\n\n\n<p>W ka\u017cdej chwili u\u017cytkownik mo\u017ce cofn\u0105\u0107 swoj\u0105 zgod\u0119 na gromadzenie danych, adresu e-mail oraz ich wykorzystaniu w celu wysy\u0142ki newslettera, np. poprzez link do rezygnacji zawarty w ka\u017cdym newsletterze.<\/p>\n\n\n\n<h2 class=\"has-text-align-center wp-block-heading\">Prawo do informacji<\/h2>\n\n\n\n<p>U\u017cytkownik ma prawo za\u017c\u0105da\u0107 od w\u0142a\u015bciciela strony informacji o pobieranych danych oraz \u017c\u0105da\u0107 ich zawieszenia, skasowania lub poprawienia je\u015bli wyst\u0119puj\u0105 w nich niezgodno\u015bci. Udzielenie informacji jest mo\u017cliwe zar\u00f3wno telefonicznie jak i drog\u0105 elektroniczn\u0105.<\/p>\n\n\n\n<h2 class=\"has-text-align-center wp-block-heading\">Zmiany w o\u015bwiadczeniu o ochronie prywatno\u015bci<\/h2>\n\n\n\n<p>W przypadku wprowadzenia zmian w o\u015bwiadczeniu o ochronie prywatno\u015bci, b\u0119d\u0105 one zawsze dost\u0119pne na tej stronie.<\/p>\n\n\n\n<h2 class=\"has-text-align-center wp-block-heading\">O\u015bwiadczenie o ochronie prywatno\u015bci \u2013 Google Analytics<\/h2>\n\n\n\n<p>Strona korzysta z us\u0142ug Google Analytics \u2013 internetowego narz\u0119dzia do analizy statystyk stron internetowych udost\u0119pnionego przez firm\u0119 Google Inc. Analiza sposobu korzystania ze strony przez u\u017cytkownika jest mo\u017cliwa dzi\u0119ki plikom \u201eCookie\u201d, kt\u00f3re s\u0105 zapisywane na komputerze u\u017cytkownika, a nast\u0119pnie wysy\u0142ane z informacj\u0105 o zachowaniu u\u017cytkownika do Google Inc. Na og\u00f3\u0142 do Google Inc. przekazywana jest skr\u00f3cona wersja adresu IP, w wyj\u0105tkowych przypadkach mo\u017ce to by\u0107 ca\u0142y adres IP. Nazlecenie w\u0142a\u015bciciela strony Google wykorzystuje te informacje do stworzenia raportu o zachowaniu u\u017cytkownik\u00f3w na stronach w\u0142a\u015bciciela. Ustalony przez Google adres IP nie jest \u0142\u0105czony z innymi danymi Google. Je\u015bli u\u017cytkownik nie \u017cyczy sobie zapisywania plik\u00f3w cookie na swoim komputerze, mo\u017ce zmieni\u0107 jego ustawienia. Niestety mo\u017ce to spowodowa\u0107 ograniczenie mo\u017cliwo\u015bci korzystania z danej strony www.<\/p>\n\n\n\n<p>Je\u015bli maskowanie adresu IP (IP-Masking) przez wprowadzenie kodu \u201cgat._anonymizeIp ( ) ;\u201d nie nast\u0105pi automatycznie, pobrane dane b\u0119d\u0105 traktowane poufnie, zgodnie z obowi\u0105zuj\u0105cym prawem o ochronie danych osobowych i warunkami korzystania z Google, kt\u00f3re nie pozwalaj\u0105 na przekazywanie przez Google danych osobowych.<\/p>\n\n\n\r\n<section id=\"cta-block_7646c608610610d445dbcb0da5efceb8\" class=\"wp-block-cta alignfull aligncenter\" style=\"background-image: url(https:\/\/www.v-label.com\/wp-content\/uploads\/2022\/09\/cta-kontakt2.jpeg);\">\r\n\t<div class=\"row\">\r\n\t\t<div class=\"medium-8 medium-centered column\">\r\n\t\t\t\t\t\t\t<h2>Napisz do nas!<\/h2>\r\n\t\t\t\t\t\t\t\t\t\t<p><p>Je\u015bli jeste\u015b zainteresowany ofert\u0105 czy te\u017c masz og\u00f3lne pytania: skontaktuj si\u0119 z nami! Z przyjemno\u015bci\u0105 przyjmiemy ka\u017cd\u0105 wiadomo\u015b\u0107.<\/p>\n<\/p>\r\n\t\t\t\r\n\t\t\t<div class=\"wp-block-buttons\">\r\n\t\t\t\t\t\t\t\t\t\t<a href=\"https:\/\/www.v-label.com\/get-in-touch\/\" class=\"wp-block-button__link\">Napisz do nas<\/a>\r\n\t\t\t\t\t\t\t\t\t\t\t\t<\/div>\r\n\r\n\t\t<\/div>\r\n\t<\/div>\r\n<\/section>","protected":false},"excerpt":{"rendered":"<p>Korzystanie z tej witryny jest stale mo\u017cliwe bez podawania danych osobowych. Gdyby dane te mia\u0142yby\u0107 jednak zbierane, nast\u0105pi to tylko w formie dobrowolnego ich podania przez u\u017cytkownika strony. Bez udzielenia wyra\u017anej zgody przez u\u017cytkownika nie nast\u0105pi dalsze przekazywanie danych osobowych osobom trzecim. Spos\u00f3b zbierania danych osobowych, ich zakres i cel wykorzystania s\u0105 zgodne z ustaleniami [&hellip;]<\/p>\n","protected":false},"author":5,"featured_media":17801,"parent":0,"menu_order":0,"comment_status":"closed","ping_status":"closed","template":"","meta":{"_acf_changed":false,"_editorskit_title_hidden":false,"_editorskit_reading_time":0,"_editorskit_is_block_options_detached":false,"_editorskit_block_options_position":"{}","inline_featured_image":false,"_uag_custom_page_level_css":"","footnotes":""},"categories":[],"tags":[],"class_list":["post-39522","page","type-page","status-publish","has-post-thumbnail","hentry"],"acf":[],"uagb_featured_image_src":{"full":["https:\/\/www.v-label.com\/wp-content\/uploads\/2022\/12\/v-label-customer-area-1.jpg",1000,610,false],"thumbnail":["https:\/\/www.v-label.com\/wp-content\/uploads\/2022\/12\/adobestock-199227716-preview-500x305.jpeg",500,305,true],"medium":["https:\/\/www.v-label.com\/wp-content\/uploads\/2022\/12\/adobestock-199227716-preview-300x183.jpeg",300,183,true],"medium_large":["https:\/\/www.v-label.com\/wp-content\/uploads\/2022\/12\/adobestock-199227716-preview-768x468.jpeg",768,468,true],"large":["https:\/\/www.v-label.com\/wp-content\/uploads\/2022\/12\/v-label-customer-area-1.jpg",1000,610,false],"1536x1536":["https:\/\/www.v-label.com\/wp-content\/uploads\/2022\/12\/v-label-customer-area-1.jpg",1000,610,false],"2048x2048":["https:\/\/www.v-label.com\/wp-content\/uploads\/2022\/12\/v-label-customer-area-1.jpg",1000,610,false],"preview":["https:\/\/www.v-label.com\/wp-content\/uploads\/2022\/12\/adobestock-199227716-preview-904x610.jpeg",904,610,true],"header":["https:\/\/www.v-label.com\/wp-content\/uploads\/2022\/12\/v-label-customer-area-1.jpg",1000,610,false],"gform-image-choice-sm":["https:\/\/www.v-label.com\/wp-content\/uploads\/2022\/12\/v-label-customer-area-1.jpg",300,183,false],"gform-image-choice-md":["https:\/\/www.v-label.com\/wp-content\/uploads\/2022\/12\/v-label-customer-area-1.jpg",400,244,false],"gform-image-choice-lg":["https:\/\/www.v-label.com\/wp-content\/uploads\/2022\/12\/v-label-customer-area-1.jpg",600,366,false]},"uagb_author_info":{"display_name":"Can Aslan","author_link":"https:\/\/www.v-label.com\/pl"},"uagb_comment_info":0,"uagb_excerpt":"Korzystanie z tej witryny jest stale mo\u017cliwe bez podawania danych osobowych. Gdyby dane te mia\u0142yby\u0107 jednak zbierane, nast\u0105pi to tylko w formie dobrowolnego ich podania przez u\u017cytkownika strony. Bez udzielenia wyra\u017anej zgody przez u\u017cytkownika nie nast\u0105pi dalsze przekazywanie danych osobowych osobom trzecim. Spos\u00f3b zbierania danych osobowych, ich zakres i cel wykorzystania s\u0105 zgodne z ustaleniami&hellip;","_links":{"self":[{"href":"https:\/\/www.v-label.com\/pl\/wp-json\/wp\/v2\/pages\/39522","targetHints":{"allow":["GET"]}}],"collection":[{"href":"https:\/\/www.v-label.com\/pl\/wp-json\/wp\/v2\/pages"}],"about":[{"href":"https:\/\/www.v-label.com\/pl\/wp-json\/wp\/v2\/types\/page"}],"author":[{"embeddable":true,"href":"https:\/\/www.v-label.com\/pl\/wp-json\/wp\/v2\/users\/5"}],"replies":[{"embeddable":true,"href":"https:\/\/www.v-label.com\/pl\/wp-json\/wp\/v2\/comments?post=39522"}],"version-history":[{"count":2,"href":"https:\/\/www.v-label.com\/pl\/wp-json\/wp\/v2\/pages\/39522\/revisions"}],"predecessor-version":[{"id":39547,"href":"https:\/\/www.v-label.com\/pl\/wp-json\/wp\/v2\/pages\/39522\/revisions\/39547"}],"wp:featuredmedia":[{"embeddable":true,"href":"https:\/\/www.v-label.com\/pl\/wp-json\/wp\/v2\/media\/17801"}],"wp:attachment":[{"href":"https:\/\/www.v-label.com\/pl\/wp-json\/wp\/v2\/media?parent=39522"}],"wp:term":[{"taxonomy":"category","embeddable":true,"href":"https:\/\/www.v-label.com\/pl\/wp-json\/wp\/v2\/categories?post=39522"},{"taxonomy":"post_tag","embeddable":true,"href":"https:\/\/www.v-label.com\/pl\/wp-json\/wp\/v2\/tags?post=39522"}],"curies":[{"name":"wp","href":"https:\/\/api.w.org\/{rel}","templated":true}]}}