{"id":52786,"date":"2023-03-22T12:57:19","date_gmt":"2023-03-22T11:57:19","guid":{"rendered":"https:\/\/www.v-label.com\/?page_id=52786"},"modified":"2023-03-22T13:28:10","modified_gmt":"2023-03-22T12:28:10","slug":"zdrowie","status":"publish","type":"page","link":"https:\/\/www.v-label.com\/pl\/general-information\/certified-products\/zdrowie\/","title":{"rendered":"Zdrowie"},"content":{"rendered":"\n<p>Korzystaj z bogatej oferty suplement\u00f3w wega\u0144skich od naszych partner\u00f3w.<\/p>\n\n\n\n<div class=\"wp-block-columns are-vertically-aligned-center is-layout-flex wp-container-core-columns-is-layout-9d6595d7 wp-block-columns-is-layout-flex\">\n<div class=\"wp-block-column is-vertically-aligned-center is-layout-flow wp-block-column-is-layout-flow\">\n<figure class=\"wp-block-image aligncenter size-full\"><a href=\"https:\/\/olini.pl\/\" target=\"_blank\" rel=\"noreferrer noopener\"><img decoding=\"async\" width=\"240\" height=\"240\" src=\"https:\/\/www.v-label.com\/wp-content\/uploads\/2023\/03\/olini.png\" alt=\"\" class=\"wp-image-52826\" \/><\/a><\/figure>\n<\/div>\n\n\n\n<div class=\"wp-block-column is-vertically-aligned-center is-layout-flow wp-block-column-is-layout-flow\">\n<figure class=\"wp-block-image aligncenter size-full\"><a href=\"https:\/\/hempoland.eu\/\" target=\"_blank\" rel=\"noreferrer noopener\"><img decoding=\"async\" width=\"240\" height=\"240\" src=\"https:\/\/www.v-label.com\/wp-content\/uploads\/2023\/03\/hempoland.png\" alt=\"\" class=\"wp-image-52790\" \/><\/a><\/figure>\n<\/div>\n\n\n\n<div class=\"wp-block-column is-vertically-aligned-center is-layout-flow wp-block-column-is-layout-flow\">\n<figure class=\"wp-block-image aligncenter size-medium\"><a href=\"https:\/\/healthlabs.pl\/\" target=\"_blank\" rel=\"noreferrer noopener\"><img decoding=\"async\" width=\"300\" height=\"300\" src=\"https:\/\/www.v-label.com\/wp-content\/uploads\/2022\/12\/healthlabs-300x300.png\" alt=\"\" class=\"wp-image-14910\" srcset=\"https:\/\/www.v-label.com\/wp-content\/uploads\/2022\/12\/healthlabs-300x300.png 300w, https:\/\/www.v-label.com\/wp-content\/uploads\/2022\/12\/healthlabs-500x500.png 500w, https:\/\/www.v-label.com\/wp-content\/uploads\/2022\/12\/healthlabs.png 600w\" sizes=\"(max-width: 300px) 100vw, 300px\" \/><\/a><\/figure>\n<\/div>\n\n\n\n<div class=\"wp-block-column is-vertically-aligned-center is-layout-flow wp-block-column-is-layout-flow\">\n<figure class=\"wp-block-image aligncenter size-medium\"><a href=\"https:\/\/skotansa.pl\/\" target=\"_blank\" rel=\"noreferrer noopener\"><img decoding=\"async\" width=\"300\" height=\"300\" src=\"https:\/\/www.v-label.com\/wp-content\/uploads\/2022\/12\/skotan-300x300.png\" alt=\"\" class=\"wp-image-14970\" srcset=\"https:\/\/www.v-label.com\/wp-content\/uploads\/2022\/12\/skotan-300x300.png 300w, https:\/\/www.v-label.com\/wp-content\/uploads\/2022\/12\/skotan-500x500.png 500w, https:\/\/www.v-label.com\/wp-content\/uploads\/2022\/12\/skotan.png 600w\" sizes=\"(max-width: 300px) 100vw, 300px\" \/><\/a><\/figure>\n<\/div>\n<\/div>\n","protected":false},"excerpt":{"rendered":"<p>Korzystaj z bogatej oferty suplement\u00f3w wega\u0144skich od naszych partner\u00f3w.<\/p>\n","protected":false},"author":9,"featured_media":0,"parent":8522,"menu_order":0,"comment_status":"closed","ping_status":"closed","template":"","meta":{"_acf_changed":false,"_editorskit_title_hidden":false,"_editorskit_reading_time":1,"_editorskit_is_block_options_detached":false,"_editorskit_block_options_position":"{}","inline_featured_image":false,"_uag_custom_page_level_css":"","footnotes":""},"categories":[],"tags":[],"class_list":["post-52786","page","type-page","status-publish","hentry"],"acf":[],"uagb_featured_image_src":{"full":false,"thumbnail":false,"medium":false,"medium_large":false,"large":false,"1536x1536":false,"2048x2048":false,"preview":false,"header":false,"gform-image-choice-sm":false,"gform-image-choice-md":false,"gform-image-choice-lg":false},"uagb_author_info":{"display_name":"Przemek","author_link":"https:\/\/www.v-label.com\/pl"},"uagb_comment_info":0,"uagb_excerpt":"Korzystaj z bogatej oferty suplement\u00f3w wega\u0144skich od naszych partner\u00f3w.","_links":{"self":[{"href":"https:\/\/www.v-label.com\/pl\/wp-json\/wp\/v2\/pages\/52786","targetHints":{"allow":["GET"]}}],"collection":[{"href":"https:\/\/www.v-label.com\/pl\/wp-json\/wp\/v2\/pages"}],"about":[{"href":"https:\/\/www.v-label.com\/pl\/wp-json\/wp\/v2\/types\/page"}],"author":[{"embeddable":true,"href":"https:\/\/www.v-label.com\/pl\/wp-json\/wp\/v2\/users\/9"}],"replies":[{"embeddable":true,"href":"https:\/\/www.v-label.com\/pl\/wp-json\/wp\/v2\/comments?post=52786"}],"version-history":[{"count":4,"href":"https:\/\/www.v-label.com\/pl\/wp-json\/wp\/v2\/pages\/52786\/revisions"}],"predecessor-version":[{"id":52862,"href":"https:\/\/www.v-label.com\/pl\/wp-json\/wp\/v2\/pages\/52786\/revisions\/52862"}],"up":[{"embeddable":true,"href":"https:\/\/www.v-label.com\/pl\/wp-json\/wp\/v2\/pages\/8522"}],"wp:attachment":[{"href":"https:\/\/www.v-label.com\/pl\/wp-json\/wp\/v2\/media?parent=52786"}],"wp:term":[{"taxonomy":"category","embeddable":true,"href":"https:\/\/www.v-label.com\/pl\/wp-json\/wp\/v2\/categories?post=52786"},{"taxonomy":"post_tag","embeddable":true,"href":"https:\/\/www.v-label.com\/pl\/wp-json\/wp\/v2\/tags?post=52786"}],"curies":[{"name":"wp","href":"https:\/\/api.w.org\/{rel}","templated":true}]}}