{"id":59558,"date":"2022-09-18T19:26:22","date_gmt":"2022-09-18T17:26:22","guid":{"rendered":"https:\/\/www.v-label.com\/about-us\/historia-v-label\/"},"modified":"2026-01-27T18:16:35","modified_gmt":"2026-01-27T17:16:35","slug":"historia-v-label","status":"publish","type":"page","link":"https:\/\/www.v-label.com\/pl\/o-nas\/historia-v-label\/","title":{"rendered":"Historia V-Label"},"content":{"rendered":"\n<h3 class=\"wp-block-heading has-text-align-left\">Obecnie V-Label dla produkt\u00f3w i us\u0142ug wegetaria\u0144skich i wega\u0144skich jest najbardziej rozpoznawalnym znakiem tego rodzaju. Jak to si\u0119 sta\u0142o? <\/h3>\n\n<div class=\"wp-block-uagb-content-timeline uagb-timeline__outer-wrap uagb-block-b96a1dfc-b6e3-49eb-9e14-5b3cf37c2af1 uagb-timeline__content-wrap uagb-timeline__center-block  uagb-timeline__arrow-center uagb-timeline\">\n<article class=\"wp-block-uagb-content-timeline-child uagb-timeline__field uagb-timeline-child-9294f32e-7128-4208-aadc-7baf4180977e uagb-timeline__right\"><div class=\"uagb-timeline__marker out-view-uagb-timeline__icon\"><svg xmlns=\"https:\/\/www.w3.org\/2000\/svg\" viewbox=\"0 0 512 512\"><path d=\"M512 165.4c0 127.9-70.05 235.3-175.3 270.1c-20.04 7.938-41.83 12.46-64.69 12.46c-64.9 0-125.2-36.51-155.7-94.47c-54.13 49.93-68.71 107-68.96 108.1C44.72 472.6 34.87 480 24.02 480c-1.844 0-3.727-.2187-5.602-.6562c-12.89-3.098-20.84-16.08-17.75-28.96c9.598-39.5 90.47-226.4 335.3-226.4C344.8 224 352 216.8 352 208S344.8 192 336 192C228.6 192 151 226.6 96.29 267.6c.1934-10.82 1.242-21.84 3.535-33.05c13.47-65.81 66.04-119 131.4-134.2c28.33-6.562 55.68-6.013 80.93-.0054c56 13.32 118.2-7.412 149.3-61.24c5.664-9.828 20.02-9.516 24.66 .8282C502.7 76.76 512 121.9 512 165.4z\"><\/path><\/svg><\/div><div class=\"uagb-timeline__day-new uagb-timeline__day-right uagb-timeline__events-inner-new\"><div class=\"uagb-timeline__events-inner--content\"><div class=\"uagb-timeline__date-hide uagb-timeline__inner-date-new\">1976<\/div><p class=\"uagb-timeline__heading\"><\/p><p class=\"uagb-timeline-desc-content\">\u201eV\u201d narodzi\u0142o si\u0119. Od tego czasu jest u\u017cywane przez AVI, W\u0142oskie Stowarzyszenie Wegetaria\u0144skie, we W\u0142oszech. <\/p><div class=\"uagb-timeline__arrow\"><\/div><\/div><\/div><div class=\"uagb-timeline__date-new\">1976<\/div><\/article>\n\n\n\n<article class=\"wp-block-uagb-content-timeline-child uagb-timeline__field uagb-timeline-child-b6d30a2a-a11b-4a68-a847-019d6cb4f61d uagb-timeline__left\"><div class=\"uagb-timeline__marker out-view-uagb-timeline__icon\"><svg xmlns=\"https:\/\/www.w3.org\/2000\/svg\" viewbox=\"0 0 512 512\"><path d=\"M512 165.4c0 127.9-70.05 235.3-175.3 270.1c-20.04 7.938-41.83 12.46-64.69 12.46c-64.9 0-125.2-36.51-155.7-94.47c-54.13 49.93-68.71 107-68.96 108.1C44.72 472.6 34.87 480 24.02 480c-1.844 0-3.727-.2187-5.602-.6562c-12.89-3.098-20.84-16.08-17.75-28.96c9.598-39.5 90.47-226.4 335.3-226.4C344.8 224 352 216.8 352 208S344.8 192 336 192C228.6 192 151 226.6 96.29 267.6c.1934-10.82 1.242-21.84 3.535-33.05c13.47-65.81 66.04-119 131.4-134.2c28.33-6.562 55.68-6.013 80.93-.0054c56 13.32 118.2-7.412 149.3-61.24c5.664-9.828 20.02-9.516 24.66 .8282C502.7 76.76 512 121.9 512 165.4z\"><\/path><\/svg><\/div><div class=\"uagb-timeline__day-new uagb-timeline__day-left uagb-timeline__events-inner-new\"><div class=\"uagb-timeline__events-inner--content\"><div class=\"uagb-timeline__date-hide uagb-timeline__inner-date-new\">1985<\/div><p class=\"uagb-timeline__heading\"><\/p><p class=\"uagb-timeline-desc-content\">V-Label (nazwany &#8222;li\u015b\u0107iem&#8221;) by\u0142 promowany jako mi\u0119dzynarodowy symbol dla wegetaria\u0144skich i wega\u0144skich stowarzysze\u0144 na pierwszym Europejskim Kongresie Wegetaria\u0144skim, kt\u00f3ry odby\u0142 si\u0119 we W\u0142oszech i od tego czasu jest u\u017cywany w logo EVU.<\/p><div class=\"uagb-timeline__arrow\"><\/div><\/div><\/div><div class=\"uagb-timeline__date-new\">1985<\/div><\/article>\n\n\n\n<article class=\"wp-block-uagb-content-timeline-child uagb-timeline__field uagb-timeline-child-67c132a4-ccc7-446a-ab98-8fec8a704a30 uagb-timeline__right\"><div class=\"uagb-timeline__marker out-view-uagb-timeline__icon\"><svg xmlns=\"https:\/\/www.w3.org\/2000\/svg\" viewbox=\"0 0 512 512\"><path d=\"M512 165.4c0 127.9-70.05 235.3-175.3 270.1c-20.04 7.938-41.83 12.46-64.69 12.46c-64.9 0-125.2-36.51-155.7-94.47c-54.13 49.93-68.71 107-68.96 108.1C44.72 472.6 34.87 480 24.02 480c-1.844 0-3.727-.2187-5.602-.6562c-12.89-3.098-20.84-16.08-17.75-28.96c9.598-39.5 90.47-226.4 335.3-226.4C344.8 224 352 216.8 352 208S344.8 192 336 192C228.6 192 151 226.6 96.29 267.6c.1934-10.82 1.242-21.84 3.535-33.05c13.47-65.81 66.04-119 131.4-134.2c28.33-6.562 55.68-6.013 80.93-.0054c56 13.32 118.2-7.412 149.3-61.24c5.664-9.828 20.02-9.516 24.66 .8282C502.7 76.76 512 121.9 512 165.4z\"><\/path><\/svg><\/div><div class=\"uagb-timeline__day-new uagb-timeline__day-right uagb-timeline__events-inner-new\"><div class=\"uagb-timeline__events-inner--content\"><div class=\"uagb-timeline__date-hide uagb-timeline__inner-date-new\">1996<\/div><p class=\"uagb-timeline__heading\"><\/p><p class=\"uagb-timeline-desc-content\">Dzisiejsze logo V-Label pochodzi od litery V (&#8222;li\u015b\u0107&#8221;) i zosta\u0142a po raz pierwszy u\u017cyta w Szwajcarii do certyfikacji produkt\u00f3w i us\u0142ug Swissveg.<\/p><div class=\"uagb-timeline__arrow\"><\/div><\/div><\/div><div class=\"uagb-timeline__date-new\">1996<\/div><\/article>\n\n\n\n<article class=\"wp-block-uagb-content-timeline-child uagb-timeline__field uagb-timeline-child-80b2bf35-1676-4f1d-a011-a5a17a65a33a uagb-timeline__left\"><div class=\"uagb-timeline__marker out-view-uagb-timeline__icon\"><svg xmlns=\"https:\/\/www.w3.org\/2000\/svg\" viewbox=\"0 0 512 512\"><path d=\"M512 165.4c0 127.9-70.05 235.3-175.3 270.1c-20.04 7.938-41.83 12.46-64.69 12.46c-64.9 0-125.2-36.51-155.7-94.47c-54.13 49.93-68.71 107-68.96 108.1C44.72 472.6 34.87 480 24.02 480c-1.844 0-3.727-.2187-5.602-.6562c-12.89-3.098-20.84-16.08-17.75-28.96c9.598-39.5 90.47-226.4 335.3-226.4C344.8 224 352 216.8 352 208S344.8 192 336 192C228.6 192 151 226.6 96.29 267.6c.1934-10.82 1.242-21.84 3.535-33.05c13.47-65.81 66.04-119 131.4-134.2c28.33-6.562 55.68-6.013 80.93-.0054c56 13.32 118.2-7.412 149.3-61.24c5.664-9.828 20.02-9.516 24.66 .8282C502.7 76.76 512 121.9 512 165.4z\"><\/path><\/svg><\/div><div class=\"uagb-timeline__day-new uagb-timeline__day-left uagb-timeline__events-inner-new\"><div class=\"uagb-timeline__events-inner--content\"><div class=\"uagb-timeline__date-hide uagb-timeline__inner-date-new\">1999<\/div><p class=\"uagb-timeline__heading\"><\/p><p class=\"uagb-timeline-desc-content\">V-Label zosta\u0142 zaprezentowany na kongresie EVU, kt\u00f3ry odby\u0142 si\u0119 w Szwajcarii, aby rozpocz\u0105\u0107 wsp\u00f3\u0142prac\u0119 europejsk\u0105.<\/p><div class=\"uagb-timeline__arrow\"><\/div><\/div><\/div><div class=\"uagb-timeline__date-new\">1999<\/div><\/article>\n\n\n\n<article class=\"wp-block-uagb-content-timeline-child uagb-timeline__field uagb-timeline-child-9f284d61-a4a9-4181-a753-33206d95e0f0 uagb-timeline__right\"><div class=\"uagb-timeline__marker out-view-uagb-timeline__icon\"><svg xmlns=\"https:\/\/www.w3.org\/2000\/svg\" viewbox=\"0 0 512 512\"><path d=\"M512 165.4c0 127.9-70.05 235.3-175.3 270.1c-20.04 7.938-41.83 12.46-64.69 12.46c-64.9 0-125.2-36.51-155.7-94.47c-54.13 49.93-68.71 107-68.96 108.1C44.72 472.6 34.87 480 24.02 480c-1.844 0-3.727-.2187-5.602-.6562c-12.89-3.098-20.84-16.08-17.75-28.96c9.598-39.5 90.47-226.4 335.3-226.4C344.8 224 352 216.8 352 208S344.8 192 336 192C228.6 192 151 226.6 96.29 267.6c.1934-10.82 1.242-21.84 3.535-33.05c13.47-65.81 66.04-119 131.4-134.2c28.33-6.562 55.68-6.013 80.93-.0054c56 13.32 118.2-7.412 149.3-61.24c5.664-9.828 20.02-9.516 24.66 .8282C502.7 76.76 512 121.9 512 165.4z\"><\/path><\/svg><\/div><div class=\"uagb-timeline__day-new uagb-timeline__day-right uagb-timeline__events-inner-new\"><div class=\"uagb-timeline__events-inner--content\"><div class=\"uagb-timeline__date-hide uagb-timeline__inner-date-new\">2019<\/div><p class=\"uagb-timeline__heading\"><\/p><p class=\"uagb-timeline-desc-content\">Marka zyska\u0142a og\u00f3lno\u015bwiatowy zasi\u0119g dzi\u0119ki wsp\u00f3\u0142pracy V-Label GmbH i V-Label Italia.<\/p><div class=\"uagb-timeline__arrow\"><\/div><\/div><\/div><div class=\"uagb-timeline__date-new\">2019<\/div><\/article>\n<div class=\"uagb-timeline__line\"><div class=\"uagb-timeline__line__inner\"><\/div><\/div><\/div>\n\n<h2 class=\"wp-block-heading has-text-align-center\">Pocz\u0105tki s\u0142ynnego znaku V<\/h2>\n\n<p>Ju\u017c w latach 70. dzisiejsza litera V z li\u015bciem w prawym g\u00f3rnym rogu zacz\u0119\u0142a by\u0107 u\u017cywana jako symbol wegetaria\u0144skiego stylu \u017cycia. \u201eV\u201d zosta\u0142o po raz pierwszy u\u017cyte we W\u0142oszech przez AVI jako logo ich organizacji. Znak sta\u0142 si\u0119 znany na arenie mi\u0119dzynarodowej g\u0142\u00f3wnie dzi\u0119ki prezentacji na pierwszym Europejskim Kongresie Wegetaria\u0144skim w 1985 roku. W tym samym roku powsta\u0142a Europejska Unia Wegetaria\u0144ska (EVU), kt\u00f3ra od tego czasu uczyni\u0142a V integraln\u0105 cz\u0119\u015bci\u0105 swojego logo. Obecnie coraz wi\u0119cej instytucji na ca\u0142ym \u015bwiecie u\u017cywa go jako cz\u0119\u015bci swojego logo, mocno ugruntowuj\u0105c jego pozycj\u0119 na scenie wegetaria\u0144skiej i wega\u0144skiej.    <\/p>\n\n<h2 class=\"wp-block-heading has-text-align-center\">Pierwsze certyfikacje<\/h2>\n\n<p>W 1996 roku dzisiejszy <a href=\"http:\/\/www.swissveg.ch\" target=\"_blank\" data-type=\"URL\" data-id=\"www.swissveg.ch\" rel=\"noreferrer noopener\">Swissveg<\/a> (w\u00f3wczas jeszcze pod nazw\u0105 Schweizerische Vereinigung f\u00fcr Vegetarismus SVV) zrobi\u0142 pierwszy krok w kierunku zastosowania V r\u00f3wnie\u017c jako oznaczenia produktu. W nast\u0119pnym roku na rynek szwajcarski trafi\u0142a pierwsza linia alternatyw mi\u0119sa oznaczona znakiem V-Label. By\u0142a to marka w\u0142asna Migro (najwi\u0119kszego sprzedawcy detalicznego w Szwajcarii), linia produkt\u00f3w Cornatur odnios\u0142a wielki sukces przy wsparciu Swissveg. <\/p>\n\n<h2 class=\"wp-block-heading has-text-align-center\">Umi\u0119dzynarodowienie<\/h2>\n\n<p>Jako prezes Swissveg i EVU, a tak\u017ce inicjator V-Label, Renato Pichler przedstawi\u0142 projekt na Europejskim Kongresie Wegetaria\u0144skim w Szwajcarii w 1999 roku. Wszystkie organizacje zosta\u0142y zaproszone do wprowadzenia wsp\u00f3lnego projektu w swoim kraju. Od tego czasu w ca\u0142ej Europie pojawia si\u0119 coraz wi\u0119cej krajowych jednostek certyfikuj\u0105cych. Praktycznie wszystkie te organizacje do\u0142\u0105czy\u0142y do projektu V-Label.   <\/p>\n\n<p>Aby podkre\u015bli\u0107 niezale\u017cny charakter V-Label, zminimalizowa\u0107 ryzyko ekonomiczne i zapewni\u0107 trwa\u0142o\u015b\u0107 projektu w d\u0142u\u017cszej perspektywie, od 2008 roku prawami do znaku towarowego zarz\u0105dza powo\u0142ana specjalnie w tym celu firma V-Label GmbH w Szwajcarii. By\u0142o to r\u00f3wnie\u017c konieczne, aby organizacje non-profit mog\u0142y lepiej uczestniczy\u0107 w projekcie (w wielu krajach przepisy prawne i\/lub podatkowe zabraniaj\u0105 organizacjom non-profit administrowania znakami jako\u015bci). Bardzo z\u0142o\u017cony (i kosztowny) obszar mi\u0119dzynarodowej ochrony znak\u00f3w towarowych m\u00f3g\u0142by zatem zosta\u0107 zlecony na zewn\u0105trz.  <\/p>\n\n<p>Od 2019 roku wsp\u00f3\u0142pracujemy z V-Label Italia.<\/p>\n\n<h2 class=\"wp-block-heading has-text-align-center\">Obecna sytuacja<\/h2>\n\n<p>V-Label stale si\u0119 rozwija. Wszystkie decyzje podejmowane s\u0105 we wsp\u00f3\u0142pracy z uczestnicz\u0105cymi organizacjami wegetaria\u0144skimi i wega\u0144skimi (np. Swissveg, ProVeg International, Vegan Society Austria, \u2026). Poniewa\u017c wi\u0119kszo\u015b\u0107 proces\u00f3w certyfikacyjnych odbywa si\u0119 lokalnie w poszczeg\u00f3lnych krajach, wi\u0119kszo\u015b\u0107 dochod\u00f3w pozostaje lokalna (zwykle oko\u0142o 90 procent). W ten spos\u00f3b prace kontrolne mog\u0105 by\u0107 prowadzone profesjonalnie, a organizacje lokalne mog\u0105 by\u0107 wspierane. Niewielka cz\u0119\u015b\u0107 przychod\u00f3w trafia do V-Label GmbH w Winterthur w celu utrzymania ochrony marki i rozszerzenia jej na inne kraje i o nowe kategorie produkt\u00f3w. Ponadto dochody z V-Label finansuj\u0105 mi\u0119dzynarodow\u0105 reklam\u0119 oraz obs\u0142ug\u0119 mi\u0119dzynarodowej strony internetowej, baz danych, a tak\u017ce koordynacj\u0119 niezb\u0119dn\u0105 do zapewnienia jednakowej surowo\u015bci kontroli jako\u015bci we wszystkich krajach. Umowa z EVU gwarantuje, \u017ce mi\u0119dzynarodowe relacje i sieci organizacji r\u00f3wnie\u017c skorzystaj\u0105 z V-Label.      <\/p>\n\n<h2 class=\"wp-block-heading has-text-align-center\">Przysz\u0142o\u015b\u0107 V-Label<\/h2>\n\n<p>W Europie V-Label ugruntowa\u0142 swoj\u0105 pozycj\u0119 przede wszystkim w sektorze spo\u017cywczym. Wed\u0142ug bada\u0144 ze Szwajcarii i Niemiec od lat jest najbardziej znan\u0105 mark\u0105 w tym sektorze. V-Label jest obecnie wprowadzany r\u00f3wnie\u017c w bran\u017cy gastronomicznej i kosmetycznej. W \u015blad za nimi p\u00f3jd\u0105 \u015brodki czysto\u015bci i inne produkty niespo\u017cywcze.   <\/p>\n\n<p>Jednocze\u015bnie marka rozwija si\u0119 r\u00f3wnie\u017c poza Europ\u0105, a popyt na V-Label jest szczeg\u00f3lnie wysoki w Ameryce \u0141aci\u0144skiej i Azji.<\/p>\n\n<h2 class=\"wp-block-heading has-text-align-center\">sytuacja, w kt\u00f3rej wszyscy wygrywaj\u0105<\/h2>\n\n<p>V-Label promuje lokalne organizacje zorientowane na weganizm, innowacyjnych producent\u00f3w oraz europejski i mi\u0119dzynarodowy ruch w kierunku ro\u015blinnego stylu \u017cycia oraz poprawia jako\u015b\u0107 \u017cycia wszystkich wegetarian i wegan poprzez przejrzysty i \u015bci\u015ble kontrolowany proces certyfikacji. Promuje r\u00f3wnie\u017c mi\u0119dzynarodow\u0105 wsp\u00f3\u0142prac\u0119 mi\u0119dzy organizacjami. Jako taki, V-Label jest jednym z najbardziej warto\u015bciowych i odnosz\u0105cych sukcesy projekt\u00f3w \u015bwiatowego ruchu wegetaria\u0144skiego\/wega\u0144skiego.  <\/p>\n\n<p>Wed\u0142ug kilku bada\u0144 przeprowadzonych w ostatnich latach w Europie \u015arodkowej, V-Label jest obecnie najbardziej znanym oznaczeniem produkt\u00f3w wegetaria\u0144skich i wega\u0144skich. W Szwajcarii 97% wegan i 50% og\u00f3lnej populacji rozpoznaje V-Label (dla por\u00f3wnania: vegan flower (wega\u0144ski kwiat) rozpoznaje tylko 15% populacji). <\/p>\n","protected":false},"excerpt":{"rendered":"<p>Obecnie V-Label dla produkt\u00f3w i us\u0142ug wegetaria\u0144skich i wega\u0144skich jest najbardziej rozpoznawalnym znakiem tego rodzaju. Jak to si\u0119 sta\u0142o? Pocz\u0105tki s\u0142ynnego znaku V Ju\u017c w latach 70. dzisiejsza litera V z li\u015bciem w prawym g\u00f3rnym rogu zacz\u0119\u0142a by\u0107 u\u017cywana jako symbol wegetaria\u0144skiego stylu \u017cycia. \u201eV\u201d zosta\u0142o po raz pierwszy u\u017cyte we W\u0142oszech przez AVI jako [&hellip;]<\/p>\n","protected":false},"author":5,"featured_media":6583,"parent":8679,"menu_order":0,"comment_status":"closed","ping_status":"closed","template":"","meta":{"_acf_changed":false,"_editorskit_title_hidden":false,"_editorskit_reading_time":0,"_editorskit_is_block_options_detached":false,"_editorskit_block_options_position":"{}","inline_featured_image":false,"_uag_custom_page_level_css":"","footnotes":""},"categories":[],"tags":[],"class_list":["post-59558","page","type-page","status-publish","has-post-thumbnail","hentry"],"acf":[],"uagb_featured_image_src":{"full":["https:\/\/www.v-label.com\/wp-content\/uploads\/2022\/09\/shutterstock-554080540-2000x600-1.jpeg",2000,600,false],"thumbnail":["https:\/\/www.v-label.com\/wp-content\/uploads\/2022\/09\/shutterstock-554080540-2000x600-1-500x150.jpeg",500,150,true],"medium":["https:\/\/www.v-label.com\/wp-content\/uploads\/2022\/09\/shutterstock-554080540-2000x600-1-300x90.jpeg",300,90,true],"medium_large":["https:\/\/www.v-label.com\/wp-content\/uploads\/2022\/09\/shutterstock-554080540-2000x600-1-768x230.jpeg",768,230,true],"large":["https:\/\/www.v-label.com\/wp-content\/uploads\/2022\/09\/shutterstock-554080540-2000x600-1-1024x307.jpeg",1024,307,true],"1536x1536":["https:\/\/www.v-label.com\/wp-content\/uploads\/2022\/09\/shutterstock-554080540-2000x600-1-1536x461.jpeg",1536,461,true],"2048x2048":["https:\/\/www.v-label.com\/wp-content\/uploads\/2022\/09\/shutterstock-554080540-2000x600-1.jpeg",2000,600,false],"preview":["https:\/\/www.v-label.com\/wp-content\/uploads\/2022\/09\/shutterstock-554080540-2000x600-1-904x720.jpeg",904,720,true],"header":["https:\/\/www.v-label.com\/wp-content\/uploads\/2022\/09\/shutterstock-554080540-2000x600-1-2000x720.jpeg",2000,720,true],"gform-image-choice-sm":["https:\/\/www.v-label.com\/wp-content\/uploads\/2022\/09\/shutterstock-554080540-2000x600-1.jpeg",300,90,false],"gform-image-choice-md":["https:\/\/www.v-label.com\/wp-content\/uploads\/2022\/09\/shutterstock-554080540-2000x600-1.jpeg",400,120,false],"gform-image-choice-lg":["https:\/\/www.v-label.com\/wp-content\/uploads\/2022\/09\/shutterstock-554080540-2000x600-1.jpeg",600,180,false]},"uagb_author_info":{"display_name":"Can Aslan","author_link":"https:\/\/www.v-label.com\/pl"},"uagb_comment_info":0,"uagb_excerpt":"Obecnie V-Label dla produkt\u00f3w i us\u0142ug wegetaria\u0144skich i wega\u0144skich jest najbardziej rozpoznawalnym znakiem tego rodzaju. Jak to si\u0119 sta\u0142o? Pocz\u0105tki s\u0142ynnego znaku V Ju\u017c w latach 70. dzisiejsza litera V z li\u015bciem w prawym g\u00f3rnym rogu zacz\u0119\u0142a by\u0107 u\u017cywana jako symbol wegetaria\u0144skiego stylu \u017cycia. \u201eV\u201d zosta\u0142o po raz pierwszy u\u017cyte we W\u0142oszech przez AVI jako&hellip;","_links":{"self":[{"href":"https:\/\/www.v-label.com\/pl\/wp-json\/wp\/v2\/pages\/59558","targetHints":{"allow":["GET"]}}],"collection":[{"href":"https:\/\/www.v-label.com\/pl\/wp-json\/wp\/v2\/pages"}],"about":[{"href":"https:\/\/www.v-label.com\/pl\/wp-json\/wp\/v2\/types\/page"}],"author":[{"embeddable":true,"href":"https:\/\/www.v-label.com\/pl\/wp-json\/wp\/v2\/users\/5"}],"replies":[{"embeddable":true,"href":"https:\/\/www.v-label.com\/pl\/wp-json\/wp\/v2\/comments?post=59558"}],"version-history":[{"count":5,"href":"https:\/\/www.v-label.com\/pl\/wp-json\/wp\/v2\/pages\/59558\/revisions"}],"predecessor-version":[{"id":111580,"href":"https:\/\/www.v-label.com\/pl\/wp-json\/wp\/v2\/pages\/59558\/revisions\/111580"}],"up":[{"embeddable":true,"href":"https:\/\/www.v-label.com\/pl\/wp-json\/wp\/v2\/pages\/8679"}],"wp:featuredmedia":[{"embeddable":true,"href":"https:\/\/www.v-label.com\/pl\/wp-json\/wp\/v2\/media\/6583"}],"wp:attachment":[{"href":"https:\/\/www.v-label.com\/pl\/wp-json\/wp\/v2\/media?parent=59558"}],"wp:term":[{"taxonomy":"category","embeddable":true,"href":"https:\/\/www.v-label.com\/pl\/wp-json\/wp\/v2\/categories?post=59558"},{"taxonomy":"post_tag","embeddable":true,"href":"https:\/\/www.v-label.com\/pl\/wp-json\/wp\/v2\/tags?post=59558"}],"curies":[{"name":"wp","href":"https:\/\/api.w.org\/{rel}","templated":true}]}}