{"id":7898,"date":"2022-05-30T16:16:14","date_gmt":"2022-05-30T14:16:14","guid":{"rendered":"https:\/\/www.v-label.com\/info-for-producers\/"},"modified":"2024-07-09T15:30:05","modified_gmt":"2024-07-09T13:30:05","slug":"info-for-producers","status":"publish","type":"page","link":"https:\/\/www.v-label.com\/pl\/info-for-producers\/","title":{"rendered":"Informacje dla producent\u00f3w"},"content":{"rendered":"\n<p>Obecnie ponad <strong>70 000 produkt\u00f3w<\/strong> od ponad <strong>4 800 licencjobiorc\u00f3w<\/strong> na ca\u0142ym \u015bwiecie posiada V-Label, znak jako\u015bci przyznawany towarom i us\u0142ugom wega\u0144skim oraz wegetaria\u0144skim. To uznawane na ca\u0142ym \u015bwiecie oznaczenie pozwala klientom na szybk\u0105 identyfikacj\u0119 wybor\u00f3w ro\u015blinnych.<\/p>\n\n\n\n<h3 class=\"wp-block-heading has-text-align-center has-greenlightultra-background-color has-background\">Je\u015bli jeste\u015b producentem, oto dlaczego warto rozwa\u017cy\u0107 uzyskanie certyfikatu V-Label:<\/h3>\n\n\n\n<p><strong>Zdobywaj nowe rynki.<\/strong> Jako, \u017ce po\u0142owa populacji w krajach takich jak Niemcy, Hiszpania czy Polska uwa\u017ca si\u0119 za fleksitarian, istnieje zr\u00f3\u017cnicowana, szybko rosn\u0105ca baza klient\u00f3w poszukuj\u0105cych produkt\u00f3w wega\u0144skich i wegetaria\u0144skich z r\u00f3\u017cnych powod\u00f3w, od zdrowia po warto\u015bci etyczne.<\/p>\n\n\n\n<p><strong>Zwi\u0119ksz swoj\u0105 widoczno\u015b\u0107.<\/strong> Poka\u017c swoje produkty ludziom i u\u0142atw im dokonywanie zakup\u00f3w dzi\u0119ki wysoce wiarygodnemu i powszechnie rozpoznawalnemu oznaczeniu.<\/p>\n\n\n\n<p><strong>Zdob\u0105d\u017a zaufanie.<\/strong> Nie trzeba m\u00f3wi\u0107 wi\u0119cej: V-Label m\u00f3wi to za Ciebie. Jego reputacja i uznanie jako profesjonalnego, niezale\u017cnego znaku jako\u015bci i wyznacznika trend\u00f3w w bran\u017cy przyci\u0105ga klient\u00f3w.<\/p>\n\n\n\n<div class=\"wp-block-buttons alignwide is-content-justification-center is-layout-flex wp-container-core-buttons-is-layout-16018d1d wp-block-buttons-is-layout-flex\">\n<div class=\"wp-block-button\"><a class=\"wp-block-button__link wp-element-button\" href=\"https:\/\/www.v-label.com\/pl\/for-business\/get-certified\/\" rel=\"noopener\">Zdob\u0105d\u017a certyfikat<\/a><\/div>\n\n\n\n<div class=\"wp-block-button\"><a class=\"wp-block-button__link wp-element-button\" href=\"https:\/\/www.v-label.com\/pl\/for-business\/benefits\/\">Odkryj wi\u0119cej korzy\u015bci<\/a><\/div>\n<\/div>\n\n\n\n<div class=\"wp-block-columns are-vertically-aligned-center is-layout-flex wp-container-core-columns-is-layout-9d6595d7 wp-block-columns-is-layout-flex\">\n<div class=\"wp-block-column is-vertically-aligned-center is-layout-flow wp-block-column-is-layout-flow\">\n<figure class=\"wp-block-image size-full\"><img decoding=\"async\" width=\"720\" height=\"482\" src=\"https:\/\/www.v-label.com\/wp-content\/uploads\/2022\/09\/b2b-info-page-1.webp\" alt=\"\" class=\"wp-image-876\" srcset=\"https:\/\/www.v-label.com\/wp-content\/uploads\/2022\/09\/b2b-info-page-1.webp 720w, https:\/\/www.v-label.com\/wp-content\/uploads\/2022\/09\/b2b-info-page-1-300x201.webp 300w\" sizes=\"(max-width: 720px) 100vw, 720px\" \/><\/figure>\n<\/div>\n\n\n\n<div class=\"wp-block-column is-vertically-aligned-center is-layout-flow wp-block-column-is-layout-flow\">\n<figure class=\"wp-block-image size-full\"><img decoding=\"async\" width=\"720\" height=\"497\" src=\"https:\/\/www.v-label.com\/wp-content\/uploads\/2022\/09\/b2b-info-page-2.webp\" alt=\"\" class=\"wp-image-879\" srcset=\"https:\/\/www.v-label.com\/wp-content\/uploads\/2022\/09\/b2b-info-page-2.webp 720w, https:\/\/www.v-label.com\/wp-content\/uploads\/2022\/09\/b2b-info-page-2-300x207.webp 300w\" sizes=\"(max-width: 720px) 100vw, 720px\" \/><\/figure>\n<\/div>\n\n\n\n<div class=\"wp-block-column is-vertically-aligned-center is-layout-flow wp-block-column-is-layout-flow\">\n<figure class=\"wp-block-image size-full\"><img decoding=\"async\" width=\"720\" height=\"482\" src=\"https:\/\/www.v-label.com\/wp-content\/uploads\/2022\/09\/b2b-info-page-3.webp\" alt=\"\" class=\"wp-image-860\" srcset=\"https:\/\/www.v-label.com\/wp-content\/uploads\/2022\/09\/b2b-info-page-3.webp 720w, https:\/\/www.v-label.com\/wp-content\/uploads\/2022\/09\/b2b-info-page-3-300x201.webp 300w\" sizes=\"(max-width: 720px) 100vw, 720px\" \/><\/figure>\n<\/div>\n<\/div>\n\n\n\n<h3 class=\"wp-block-heading\"><strong>Zdob\u0105d\u017a certyfikat<\/strong><\/h3>\n\n\n\n<p><strong>Gotowy, aby zwi\u0119kszy\u0107 widoczno\u015b\u0107 swoich wega\u0144skich i wegetaria\u0144skich produkt\u00f3w? <\/strong>Dzi\u0119ki V-Label klienci b\u0119d\u0105 mogli na pierwszy rzut oka zidentyfikowa\u0107 twoje produkty jako wega\u0144skie lub wegetaria\u0144skie kupuj\u0105c je bez wahania i bez zastanawiania si\u0119 nad ich wega\u0144skim lub wegetaria\u0144skim sk\u0142adem.<\/p>\n\n\n\n<p>Z biznesowego punktu widzenia, wsp\u00f3\u0142praca z liderem w bran\u017cy, takim jak V-Label zwi\u0119ksza Twoj\u0105 wiarygodno\u015b\u0107 i przejrzysto\u015b\u0107 w oznaczaniu produkt\u00f3w jako wegetaria\u0144skie i wega\u0144skie. V-Label to prosty i niezawodny przewodnik dla klient\u00f3w, kt\u00f3ry pomo\u017ce im w podejmowaniu dobrych, zr\u00f3wnowa\u017conych i sp\u00f3jnych decyzji zakupowych.<\/p>\n\n\n\n<div class=\"wp-block-buttons alignwide is-content-justification-center is-layout-flex wp-container-core-buttons-is-layout-16018d1d wp-block-buttons-is-layout-flex\">\n<div class=\"wp-block-button\"><a class=\"wp-block-button__link wp-element-button\" href=\"https:\/\/www.v-label.com\/pl\/for-business\/get-certified\/\" rel=\"noopener\">Uzyskaj certyfikat V-Label<\/a><\/div>\n<\/div>\n\n\n\n<h3 class=\"wp-block-heading\"><strong>Kryteria i cz\u0119sto zadawane pytania<\/strong><\/h3>\n\n\n\n<p>Znajd\u017a odpowiedzi na niekt\u00f3re pytania dotycz\u0105ce V-Label, nad kt\u00f3rymi mo\u017cesz si\u0119 zastanawia\u0107.<\/p>\n\n\n\n<div class=\"wp-block-buttons alignwide is-content-justification-center is-layout-flex wp-container-core-buttons-is-layout-16018d1d wp-block-buttons-is-layout-flex\">\n<div class=\"wp-block-button\"><a class=\"wp-block-button__link wp-element-button\" href=\"https:\/\/www.v-label.com\/pl\/faqs\/\">Zapoznaj si\u0119 z cz\u0119sto zadawanymi pytaniami<\/a><\/div>\n<\/div>\n","protected":false},"excerpt":{"rendered":"<p>Obecnie ponad 70 000 produkt\u00f3w od ponad 4 800 licencjobiorc\u00f3w na ca\u0142ym \u015bwiecie posiada V-Label, znak jako\u015bci przyznawany towarom i us\u0142ugom wega\u0144skim oraz wegetaria\u0144skim. To uznawane na ca\u0142ym \u015bwiecie oznaczenie pozwala klientom na szybk\u0105 identyfikacj\u0119 wybor\u00f3w ro\u015blinnych. Je\u015bli jeste\u015b producentem, oto dlaczego warto rozwa\u017cy\u0107 uzyskanie certyfikatu V-Label: Zdobywaj nowe rynki. Jako, \u017ce po\u0142owa populacji w [&hellip;]<\/p>\n","protected":false},"author":5,"featured_media":39763,"parent":0,"menu_order":0,"comment_status":"closed","ping_status":"closed","template":"","meta":{"_acf_changed":false,"_editorskit_title_hidden":false,"_editorskit_reading_time":0,"_editorskit_is_block_options_detached":false,"_editorskit_block_options_position":"{}","inline_featured_image":false,"_uag_custom_page_level_css":"","footnotes":""},"categories":[],"tags":[],"class_list":["post-7898","page","type-page","status-publish","has-post-thumbnail","hentry"],"acf":[],"uagb_featured_image_src":{"full":["https:\/\/www.v-label.com\/wp-content\/uploads\/2022\/12\/v-label-info-for-producers.jpg",1280,870,false],"thumbnail":["https:\/\/www.v-label.com\/wp-content\/uploads\/2022\/12\/v-label-info-for-producers-500x340.jpg",500,340,true],"medium":["https:\/\/www.v-label.com\/wp-content\/uploads\/2022\/12\/v-label-info-for-producers-300x204.jpg",300,204,true],"medium_large":["https:\/\/www.v-label.com\/wp-content\/uploads\/2022\/12\/v-label-info-for-producers-768x522.jpg",768,522,true],"large":["https:\/\/www.v-label.com\/wp-content\/uploads\/2022\/12\/v-label-info-for-producers-1024x696.jpg",1024,696,true],"1536x1536":["https:\/\/www.v-label.com\/wp-content\/uploads\/2022\/12\/v-label-info-for-producers.jpg",1280,870,false],"2048x2048":["https:\/\/www.v-label.com\/wp-content\/uploads\/2022\/12\/v-label-info-for-producers.jpg",1280,870,false],"preview":["https:\/\/www.v-label.com\/wp-content\/uploads\/2022\/12\/v-label-info-for-producers-904x720.jpg",904,720,true],"header":["https:\/\/www.v-label.com\/wp-content\/uploads\/2022\/12\/v-label-info-for-producers-1280x720.jpg",1280,720,true],"gform-image-choice-sm":["https:\/\/www.v-label.com\/wp-content\/uploads\/2022\/12\/v-label-info-for-producers.jpg",300,204,false],"gform-image-choice-md":["https:\/\/www.v-label.com\/wp-content\/uploads\/2022\/12\/v-label-info-for-producers.jpg",400,272,false],"gform-image-choice-lg":["https:\/\/www.v-label.com\/wp-content\/uploads\/2022\/12\/v-label-info-for-producers.jpg",600,408,false]},"uagb_author_info":{"display_name":"Can Aslan","author_link":"https:\/\/www.v-label.com\/pl"},"uagb_comment_info":0,"uagb_excerpt":"Obecnie ponad 70 000 produkt\u00f3w od ponad 4 800 licencjobiorc\u00f3w na ca\u0142ym \u015bwiecie posiada V-Label, znak jako\u015bci przyznawany towarom i us\u0142ugom wega\u0144skim oraz wegetaria\u0144skim. To uznawane na ca\u0142ym \u015bwiecie oznaczenie pozwala klientom na szybk\u0105 identyfikacj\u0119 wybor\u00f3w ro\u015blinnych. Je\u015bli jeste\u015b producentem, oto dlaczego warto rozwa\u017cy\u0107 uzyskanie certyfikatu V-Label: Zdobywaj nowe rynki. Jako, \u017ce po\u0142owa populacji w&hellip;","_links":{"self":[{"href":"https:\/\/www.v-label.com\/pl\/wp-json\/wp\/v2\/pages\/7898","targetHints":{"allow":["GET"]}}],"collection":[{"href":"https:\/\/www.v-label.com\/pl\/wp-json\/wp\/v2\/pages"}],"about":[{"href":"https:\/\/www.v-label.com\/pl\/wp-json\/wp\/v2\/types\/page"}],"author":[{"embeddable":true,"href":"https:\/\/www.v-label.com\/pl\/wp-json\/wp\/v2\/users\/5"}],"replies":[{"embeddable":true,"href":"https:\/\/www.v-label.com\/pl\/wp-json\/wp\/v2\/comments?post=7898"}],"version-history":[{"count":6,"href":"https:\/\/www.v-label.com\/pl\/wp-json\/wp\/v2\/pages\/7898\/revisions"}],"predecessor-version":[{"id":83911,"href":"https:\/\/www.v-label.com\/pl\/wp-json\/wp\/v2\/pages\/7898\/revisions\/83911"}],"wp:featuredmedia":[{"embeddable":true,"href":"https:\/\/www.v-label.com\/pl\/wp-json\/wp\/v2\/media\/39763"}],"wp:attachment":[{"href":"https:\/\/www.v-label.com\/pl\/wp-json\/wp\/v2\/media?parent=7898"}],"wp:term":[{"taxonomy":"category","embeddable":true,"href":"https:\/\/www.v-label.com\/pl\/wp-json\/wp\/v2\/categories?post=7898"},{"taxonomy":"post_tag","embeddable":true,"href":"https:\/\/www.v-label.com\/pl\/wp-json\/wp\/v2\/tags?post=7898"}],"curies":[{"name":"wp","href":"https:\/\/api.w.org\/{rel}","templated":true}]}}