{"id":7955,"date":"2022-05-30T16:16:29","date_gmt":"2022-05-30T14:16:29","guid":{"rendered":"https:\/\/www.v-label.com\/info-for-producers\/benefits\/"},"modified":"2024-07-09T15:30:27","modified_gmt":"2024-07-09T13:30:27","slug":"benefits","status":"publish","type":"page","link":"https:\/\/www.v-label.com\/pl\/info-for-producers\/benefits\/","title":{"rendered":"Korzy\u015bci"},"content":{"rendered":"\n<p>Klienci na ca\u0142ym \u015bwiecie coraz cz\u0119\u015bciej wybieraj\u0105 produkty pochodzenia ro\u015blinnego z r\u00f3\u017cnych powod\u00f3w, od zdrowia po nietolerancj\u0119 na r\u00f3\u017cnego rodzaju pokaramy, wygod\u0119, etyk\u0119 lub po prostu dlatego, \u017ce ich dzieci je lubi\u0105. Jako, \u017ce weganizm staje si\u0119 coraz bardziej rozpowszechniony, tak\u017ce rz\u0105dy oraz liczne organizacje zwracaj\u0105 na ten temat uwag\u0119. Staje si\u0119 oczywiste, \u017ce nie b\u0119dzie mo\u017cna osi\u0105gn\u0105\u0107 cel\u00f3w Paryskiego porozumienia klimatycznego, do czego zobowi\u0105za\u0142y si\u0119 prawie wszystkie rz\u0105dy, bez ograniczenia spo\u017cycia mi\u0119sa. Wszystko to nap\u0119dza niezb\u0119dny ekosystem dla producent\u00f3w, umo\u017cliwiaj\u0105cy im opracowywanie innowacyjnych i zr\u00f3wnowa\u017conych alternatyw. Zdob\u0105d\u017a siln\u0105 pozycj\u0119 na tym stale rosn\u0105cym rynku ju\u017c dzi\u015b i w nadchodz\u0105cych latach dzi\u0119ki V-Label.<\/p>\n\n\n\n<div class=\"wp-block-media-text is-stacked-on-mobile is-vertically-aligned-center is-image-fill\"><figure class=\"wp-block-media-text__media\" style=\"background-image:url(https:\/\/www.v-label.com\/wp-content\/uploads\/2022\/12\/v-label-consumers-favorite.jpg);background-position:62% 53%\"><img decoding=\"async\" src=\"https:\/\/www.v-label.com\/wp-content\/uploads\/2022\/12\/v-label-consumers-favorite.jpg\" alt=\"\" class=\"wp-image-39649 size-full\"\/><\/figure><div class=\"wp-block-media-text__content\">\n<h3 class=\"wp-block-heading\"><strong><strong><strong>Preferowany wyb\u00f3r konsument\u00f3w<\/strong><\/strong><\/strong><\/h3>\n\n\n\n<p>W Niemczech, wed\u0142ug renomowanego G\u00fctesiegel Monitor 2020, V-Label znajduje si\u0119 na 8 miejscu pod wzgl\u0119dem popularno\u015bci i jest 3 najbardziej zaufanym znakiem jako\u015bci \u017cywno\u015bci. W Unii Europejskiej V-Label jest obecnie najbardziej znanym oznaczeniem produkt\u00f3w wegetaria\u0144skich oraz wega\u0144skich. V-Label certyfikowa\u0142 ponad 70 000 produkt\u00f3w na ca\u0142ym \u015bwiecie i cieszy si\u0119 szerokim poparciem spo\u0142eczno\u015bci wegan i wegetarian. Dzi\u0119ki \u0142atwo zrozumia\u0142ej kategoryzacji produkt\u00f3w jako wega\u0144skie lub wegetaria\u0144skie, V-Label to szybki i niezawodny spos\u00f3b na poinformowanie ludzi o tym, co kupuj\u0105.<\/p>\n<\/div><\/div>\n\n\n\n<div style=\"height:30px\" aria-hidden=\"true\" class=\"wp-block-spacer\"><\/div>\n\n\n\n<div class=\"wp-block-media-text is-stacked-on-mobile is-vertically-aligned-center is-image-fill\"><figure class=\"wp-block-media-text__media\" style=\"background-image:url(https:\/\/www.v-label.com\/wp-content\/uploads\/2022\/12\/v-label-global-recognition.jpg);background-position:50% 50%\"><img decoding=\"async\" width=\"1280\" height=\"959\" src=\"https:\/\/www.v-label.com\/wp-content\/uploads\/2022\/12\/v-label-global-recognition.jpg\" alt=\"\" class=\"wp-image-17595 size-full\" srcset=\"https:\/\/www.v-label.com\/wp-content\/uploads\/2022\/12\/v-label-global-recognition.jpg 1280w, https:\/\/www.v-label.com\/wp-content\/uploads\/2022\/12\/v-label-global-recognition-300x225.jpg 300w, https:\/\/www.v-label.com\/wp-content\/uploads\/2022\/12\/v-label-global-recognition-1024x767.jpg 1024w, https:\/\/www.v-label.com\/wp-content\/uploads\/2022\/12\/v-label-global-recognition-500x375.jpg 500w, https:\/\/www.v-label.com\/wp-content\/uploads\/2022\/12\/v-label-global-recognition-768x575.jpg 768w\" sizes=\"(max-width: 1280px) 100vw, 1280px\" \/><\/figure><div class=\"wp-block-media-text__content\">\n<h3 class=\"wp-block-heading\"><strong><strong><strong>Uznanie na ca\u0142ym \u015bwiecie<\/strong><\/strong><\/strong><\/h3>\n\n\n\n<p>Za\u0142o\u017cony 25 lat temu w Szwajcarii V-Label zdoby\u0142 czo\u0142owe miejsce w potwierdzaniu jako\u015bci produkt\u00f3w i us\u0142ug wega\u0144skich oraz wegetaria\u0144skich. Dzi\u0119ki V-Label posiadasz jeden certyfikat, doskonale rozpoznawany na \u015bwiatowych rynkach. Od Berlina po Buenos Aires ma\u0142o prawdopodobne jest, \u017ce oko \u015bwiadomego konsumenta przegapi \u017c\u00f3\u0142ty kolor na tle zielonych i ziemistych opakowa\u0144 ekologicznych.<\/p>\n<\/div><\/div>\n\n\n\n<div style=\"height:30px\" aria-hidden=\"true\" class=\"wp-block-spacer\"><\/div>\n\n\n\n<div class=\"wp-block-media-text is-stacked-on-mobile is-vertically-aligned-center is-image-fill\"><figure class=\"wp-block-media-text__media\" style=\"background-image:url(https:\/\/www.v-label.com\/wp-content\/uploads\/2022\/12\/v-label-business-partnerships.jpg);background-position:50% 50%\"><img decoding=\"async\" width=\"1280\" height=\"853\" src=\"https:\/\/www.v-label.com\/wp-content\/uploads\/2022\/12\/v-label-business-partnerships.jpg\" alt=\"\" class=\"wp-image-17615 size-full\" srcset=\"https:\/\/www.v-label.com\/wp-content\/uploads\/2022\/12\/v-label-business-partnerships.jpg 1280w, https:\/\/www.v-label.com\/wp-content\/uploads\/2022\/12\/v-label-business-partnerships-300x200.jpg 300w, https:\/\/www.v-label.com\/wp-content\/uploads\/2022\/12\/v-label-business-partnerships-1024x682.jpg 1024w, https:\/\/www.v-label.com\/wp-content\/uploads\/2022\/12\/v-label-business-partnerships-500x333.jpg 500w, https:\/\/www.v-label.com\/wp-content\/uploads\/2022\/12\/v-label-business-partnerships-768x512.jpg 768w\" sizes=\"(max-width: 1280px) 100vw, 1280px\" \/><\/figure><div class=\"wp-block-media-text__content\">\n<h3 class=\"wp-block-heading\"><strong><strong><strong>Partnerstwo biznesowe<\/strong><\/strong><\/strong><\/h3>\n\n\n\n<p>B\u0119d\u0105c jedynym \u015bwiatowym organem certyfikuj\u0105cym, kt\u00f3ry posiada lokalnych przedstawicieli w ponad 50 krajach (oraz obs\u0142ug\u0105 klienta w ponad 30 j\u0119zykach), V-Label zaprasza Ci\u0119 w podr\u00f3\u017c daleko wykraczaj\u0105c\u0105 poza uzyskanie certyfikatu. Co by to oznacza\u0142o dla Twojej firmy, gdyby\u015b dysponowa\u0142 narz\u0119dziami do budowania biznesu, takimi jak wiedza rynkowa, analiza jako\u015bciowa, doradztwo w zakresie sk\u0142adnik\u00f3w, partnerzy reklamowi i inne wskaz\u00f3wki? Wprowadzasz nowy produkt lub wchodzisz na rynek wega\u0144ski po raz pierwszy? Ch\u0119tnie nakierujemy ci\u0119 na ekspert\u00f3w (specjalist\u00f3w w dziedzinie technologii \u017cywno\u015bci, prawa \u017cywno\u015bciowego, zarz\u0105dzania jako\u015bci\u0105, kosmetologii, marketingu, biotechnologii, \u017cywienia, bada\u0144 rynku i konsument\u00f3w i nie tylko) oraz kontakt\u00f3w w bran\u017cy i spo\u0142eczno\u015bci wega\u0144skiej.<\/p>\n<\/div><\/div>\n\n\n\n<div style=\"height:30px\" aria-hidden=\"true\" class=\"wp-block-spacer\"><\/div>\n\n\n\n<div class=\"wp-block-media-text is-stacked-on-mobile is-vertically-aligned-center is-image-fill\"><figure class=\"wp-block-media-text__media\" style=\"background-image:url(https:\/\/www.v-label.com\/wp-content\/uploads\/2022\/12\/v-label-inclusive-approach.jpg);background-position:12% 52%\"><img decoding=\"async\" width=\"1280\" height=\"854\" src=\"https:\/\/www.v-label.com\/wp-content\/uploads\/2022\/12\/v-label-inclusive-approach.jpg\" alt=\"\" class=\"wp-image-17635 size-full\" srcset=\"https:\/\/www.v-label.com\/wp-content\/uploads\/2022\/12\/v-label-inclusive-approach.jpg 1280w, https:\/\/www.v-label.com\/wp-content\/uploads\/2022\/12\/v-label-inclusive-approach-300x200.jpg 300w, https:\/\/www.v-label.com\/wp-content\/uploads\/2022\/12\/v-label-inclusive-approach-1024x683.jpg 1024w, https:\/\/www.v-label.com\/wp-content\/uploads\/2022\/12\/v-label-inclusive-approach-500x334.jpg 500w, https:\/\/www.v-label.com\/wp-content\/uploads\/2022\/12\/v-label-inclusive-approach-768x512.jpg 768w\" sizes=\"(max-width: 1280px) 100vw, 1280px\" \/><\/figure><div class=\"wp-block-media-text__content\">\n<h3 class=\"wp-block-heading\"><strong><strong><strong>Podej\u015bcie integracyjne<\/strong><\/strong><\/strong><\/h3>\n\n\n\n<p>Dostarczaj\u0105c producentom certyfikaty zar\u00f3wno wega\u0144skie, jak i wegetaria\u0144skie w oparciu o dok\u0142adne kontrole i zarz\u0105dzanie jako\u015bci\u0105, V-Label jest przeznaczony dla ka\u017cdego rodzaju dzia\u0142alno\u015bci, od wega\u0144skich start-up\u00f3w po mi\u0119dzynarodowe firmy, takie jak Unilever, Nestl\u00e9 czy Danone. W po\u0142\u0105czeniu z rozpoznaniem gospodarczym jest to realna opcja dla firm, kt\u00f3re nie s\u0105 zorientowane g\u0142\u00f3wnie na produkcj\u0119 produkt\u00f3w ro\u015blinnych, ale chc\u0105 s\u0142u\u017cy\u0107 rosn\u0105cej populacji fleksitarian. Opr\u00f3cz \u017cywno\u015bci V-Label funkcjonuje w bran\u017cach takich jak moda, kosmetyki, gastronomia, \u015brodki czysto\u015bci i nie tylko.<\/p>\n<\/div><\/div>\n","protected":false},"excerpt":{"rendered":"<p>Klienci na ca\u0142ym \u015bwiecie coraz cz\u0119\u015bciej wybieraj\u0105 produkty pochodzenia ro\u015blinnego z r\u00f3\u017cnych powod\u00f3w, od zdrowia po nietolerancj\u0119 na r\u00f3\u017cnego rodzaju pokaramy, wygod\u0119, etyk\u0119 lub po prostu dlatego, \u017ce ich dzieci je lubi\u0105. Jako, \u017ce weganizm staje si\u0119 coraz bardziej rozpowszechniony, tak\u017ce rz\u0105dy oraz liczne organizacje zwracaj\u0105 na ten temat uwag\u0119. Staje si\u0119 oczywiste, \u017ce nie [&hellip;]<\/p>\n","protected":false},"author":5,"featured_media":17558,"parent":7898,"menu_order":0,"comment_status":"closed","ping_status":"closed","template":"","meta":{"_acf_changed":false,"_editorskit_title_hidden":false,"_editorskit_reading_time":0,"_editorskit_is_block_options_detached":false,"_editorskit_block_options_position":"{}","inline_featured_image":false,"_uag_custom_page_level_css":"","footnotes":""},"categories":[],"tags":[],"class_list":["post-7955","page","type-page","status-publish","has-post-thumbnail","hentry"],"acf":[],"uagb_featured_image_src":{"full":["https:\/\/www.v-label.com\/wp-content\/uploads\/2022\/12\/v-label-benefits.jpg",1280,878,false],"thumbnail":["https:\/\/www.v-label.com\/wp-content\/uploads\/2022\/12\/v-label-benefits-500x343.jpg",500,343,true],"medium":["https:\/\/www.v-label.com\/wp-content\/uploads\/2022\/12\/v-label-benefits-300x206.jpg",300,206,true],"medium_large":["https:\/\/www.v-label.com\/wp-content\/uploads\/2022\/12\/v-label-benefits-768x527.jpg",768,527,true],"large":["https:\/\/www.v-label.com\/wp-content\/uploads\/2022\/12\/v-label-benefits-1024x702.jpg",1024,702,true],"1536x1536":["https:\/\/www.v-label.com\/wp-content\/uploads\/2022\/12\/v-label-benefits.jpg",1280,878,false],"2048x2048":["https:\/\/www.v-label.com\/wp-content\/uploads\/2022\/12\/v-label-benefits.jpg",1280,878,false],"preview":["https:\/\/www.v-label.com\/wp-content\/uploads\/2022\/12\/v-label-benefits-904x720.jpg",904,720,true],"header":["https:\/\/www.v-label.com\/wp-content\/uploads\/2022\/12\/v-label-benefits-1280x720.jpg",1280,720,true],"gform-image-choice-sm":["https:\/\/www.v-label.com\/wp-content\/uploads\/2022\/12\/v-label-benefits.jpg",300,206,false],"gform-image-choice-md":["https:\/\/www.v-label.com\/wp-content\/uploads\/2022\/12\/v-label-benefits.jpg",400,274,false],"gform-image-choice-lg":["https:\/\/www.v-label.com\/wp-content\/uploads\/2022\/12\/v-label-benefits.jpg",600,412,false]},"uagb_author_info":{"display_name":"Can Aslan","author_link":"https:\/\/www.v-label.com\/pl"},"uagb_comment_info":0,"uagb_excerpt":"Klienci na ca\u0142ym \u015bwiecie coraz cz\u0119\u015bciej wybieraj\u0105 produkty pochodzenia ro\u015blinnego z r\u00f3\u017cnych powod\u00f3w, od zdrowia po nietolerancj\u0119 na r\u00f3\u017cnego rodzaju pokaramy, wygod\u0119, etyk\u0119 lub po prostu dlatego, \u017ce ich dzieci je lubi\u0105. Jako, \u017ce weganizm staje si\u0119 coraz bardziej rozpowszechniony, tak\u017ce rz\u0105dy oraz liczne organizacje zwracaj\u0105 na ten temat uwag\u0119. Staje si\u0119 oczywiste, \u017ce nie&hellip;","_links":{"self":[{"href":"https:\/\/www.v-label.com\/pl\/wp-json\/wp\/v2\/pages\/7955","targetHints":{"allow":["GET"]}}],"collection":[{"href":"https:\/\/www.v-label.com\/pl\/wp-json\/wp\/v2\/pages"}],"about":[{"href":"https:\/\/www.v-label.com\/pl\/wp-json\/wp\/v2\/types\/page"}],"author":[{"embeddable":true,"href":"https:\/\/www.v-label.com\/pl\/wp-json\/wp\/v2\/users\/5"}],"replies":[{"embeddable":true,"href":"https:\/\/www.v-label.com\/pl\/wp-json\/wp\/v2\/comments?post=7955"}],"version-history":[{"count":5,"href":"https:\/\/www.v-label.com\/pl\/wp-json\/wp\/v2\/pages\/7955\/revisions"}],"predecessor-version":[{"id":83912,"href":"https:\/\/www.v-label.com\/pl\/wp-json\/wp\/v2\/pages\/7955\/revisions\/83912"}],"up":[{"embeddable":true,"href":"https:\/\/www.v-label.com\/pl\/wp-json\/wp\/v2\/pages\/7898"}],"wp:featuredmedia":[{"embeddable":true,"href":"https:\/\/www.v-label.com\/pl\/wp-json\/wp\/v2\/media\/17558"}],"wp:attachment":[{"href":"https:\/\/www.v-label.com\/pl\/wp-json\/wp\/v2\/media?parent=7955"}],"wp:term":[{"taxonomy":"category","embeddable":true,"href":"https:\/\/www.v-label.com\/pl\/wp-json\/wp\/v2\/categories?post=7955"},{"taxonomy":"post_tag","embeddable":true,"href":"https:\/\/www.v-label.com\/pl\/wp-json\/wp\/v2\/tags?post=7955"}],"curies":[{"name":"wp","href":"https:\/\/api.w.org\/{rel}","templated":true}]}}