{"id":8019,"date":"2022-05-30T16:14:53","date_gmt":"2022-05-30T14:14:53","guid":{"rendered":"https:\/\/www.v-label.com\/branches\/"},"modified":"2023-01-23T10:11:01","modified_gmt":"2023-01-23T09:11:01","slug":"branches","status":"publish","type":"page","link":"https:\/\/www.v-label.com\/pl\/branches\/","title":{"rendered":"Informacje Og\u00f3lne"},"content":{"rendered":"\n<p>\u015awiatowy rynek sk\u0142adnik\u00f3w pochodzenia ro\u015blinnego od wielu lat cieszy si\u0119 rekordow\u0105 sprzeda\u017c\u0105 i<strong> oczekuje si\u0119, \u017ce b\u0119dzie r\u00f3s\u0142 <\/strong>w tempie 8,94% rocznie w latach 2019-2025. Podczas gdy w 2018 r. jego przychody wyceniono na 10,66 mld dolar\u00f3w, przewiduje si\u0119, \u017ce do 2027 r. <strong>osi\u0105gnie 27,98 mld dolar\u00f3w.<\/strong><\/p>\n\n\n\n<p>Na ca\u0142ym \u015bwiecie konsumenci coraz cz\u0119\u015bciej poszukuj\u0105 zdrowych, etycznych produkt\u00f3w w atrakcyjnych cenach, kt\u00f3re maj\u0105 niewielki wp\u0142yw na \u015brodowisko, co <strong>nap\u0119dza popyt <\/strong>na wega\u0144skie i wegetaria\u0144skie alternatywy. Coraz wi\u0119cej firm dostrzega korzy\u015bci p\u0142yn\u0105ce z zaspokojenia rosn\u0105cego zapotrzebowania rynku na szereg r\u00f3\u017cnorodnych, wysokiej jako\u015bci produkt\u00f3w pochodzenia ro\u015blinnego.<\/p>\n\n\n\n<p>Konsumenci coraz cz\u0119\u015bciej domagaj\u0105 si\u0119 r\u00f3wnie\u017c przejrzysto\u015bci etykiet. Chc\u0105 m\u00f3c szybko i pewnie identyfikowa\u0107 produkty wega\u0144skie i wegetaria\u0144skie. G\u00fctesiegel Monitor uzna\u0142a V-Label jako jedno z trzech najbardziej zaufanych oznacze\u0144 \u017cywno\u015bci w Niemczech w 2020 roku. Oznaczenia niezale\u017cnych organizacji daj\u0105 konsumentom wi\u0119ksze zaufanie ni\u017c oznaczenia w\u0142asne producenta &#8211; tylko w Niemczech 60% spo\u0142ecze\u0144stwa uwa\u017ca, \u017ce niezale\u017cne organizacje przeprowadzaj\u0105 bardziej rzetelne kontrole ni\u017c marki w\u0142asne.<\/p>\n\n\n\r\n<ul id=\"pagelinks-block_f9b5fda7c479ba8fc8c001b5dc2786bd\" class=\"wp-block-pagelinks alignwide\">\r\n\t\t\t\t\t\t<li>\r\n\t\t\t\t<article>\r\n\t\t\t\t\t\t\t\t\t\t\t<a href=\"https:\/\/www.v-label.com\/pl\/branches\/cosmetics\/\" class=\"post_thumbnail\">\r\n\t\t\t\t\t\t\t<img decoding=\"async\" width=\"904\" height=\"720\" src=\"https:\/\/www.v-label.com\/wp-content\/uploads\/2022\/12\/cosmetics-1280-904x720.jpg\" class=\"attachment-preview size-preview wp-post-image\" alt=\"\" \/>\t\t\t\t\t\t<\/a>\r\n\t\t\t\t\t\t\t\t\t\t<div class=\"inner\">\r\n\t\t\t\t\t\t<div class=\"inner_top\">\r\n\t\t\t\t\t\t\t<header>\r\n\t\t\t\t\t\t\t\t<h3>\r\n\t\t\t\t\t\t\t\t\t<a href=\"https:\/\/www.v-label.com\/pl\/branches\/cosmetics\/\">Kosmetyki i \u015brodki czysto\u015bci<\/a>\r\n\t\t\t\t\t\t\t\t<\/h3>\r\n\t\t\t\t\t\t\t\t\t\t\t\t\t\t\t<\/header>\r\n\t\t\t\t\t\t\t\t\t\t\t\t\t\t\t<div class=\"excerpt\">\r\n\t\t\t\t\t\t\t\t\t<p>Wygoda, dba\u0142o\u015b\u0107 o zdrowie i coraz g\u0142o\u015bniejsze wo\u0142anie o &#8222;pi\u0119kno wolne od okrucie\u0144stwa&#8221;. Wed\u0142ug raportu Vegan Cosmetics Market Size, Share &amp; Trends Analysis Report z 2018 roku s\u0105 to trzy g\u0142\u00f3wne powody, dla kt\u00f3rych wielko\u015b\u0107 globalnego rynku kosmetyk\u00f3w wega\u0144skich do 2025 roku osi\u0105gnie 20,8 miliard\u00f3w dolar\u00f3w, rosn\u0105c w tempie 6,3%. W Europie maj\u0105cej znacz\u0105cy udzia\u0142 [&hellip;]<\/p>\r\n\t\t\t\t\t\t\t\t<\/div>\r\n\t\t\t\t\t\t\t\t\t\t\t\t\t<\/div>\r\n\t\t\t\t\t\t<a href=\"https:\/\/www.v-label.com\/pl\/branches\/cosmetics\/\" class=\"read_more\">Read more<\/a>\r\n\t\t\t\t\t<\/div>\r\n\t\t\t\t<\/article>\r\n\t\t\t<\/li>\r\n\t\t\t\t\t<li>\r\n\t\t\t\t<article>\r\n\t\t\t\t\t\t\t\t\t\t\t<a href=\"https:\/\/www.v-label.com\/pl\/branches\/food\/\" class=\"post_thumbnail\">\r\n\t\t\t\t\t\t\t<img decoding=\"async\" width=\"904\" height=\"720\" src=\"https:\/\/www.v-label.com\/wp-content\/uploads\/2022\/12\/v-label-food-sector-904x720.jpg\" class=\"attachment-preview size-preview wp-post-image\" alt=\"\" \/>\t\t\t\t\t\t<\/a>\r\n\t\t\t\t\t\t\t\t\t\t<div class=\"inner\">\r\n\t\t\t\t\t\t<div class=\"inner_top\">\r\n\t\t\t\t\t\t\t<header>\r\n\t\t\t\t\t\t\t\t<h3>\r\n\t\t\t\t\t\t\t\t\t<a href=\"https:\/\/www.v-label.com\/pl\/branches\/food\/\">\u017bywno\u015b\u0107<\/a>\r\n\t\t\t\t\t\t\t\t<\/h3>\r\n\t\t\t\t\t\t\t\t\t\t\t\t\t\t\t<\/header>\r\n\t\t\t\t\t\t\t\t\t\t\t\t\t\t\t<div class=\"excerpt\">\r\n\t\t\t\t\t\t\t\t\t<p>Czy wiesz, \u017ce wed\u0142ug Euromonitor International, rynek produkt\u00f3w pochodzenia ro\u015blinnego w Europie Zachodniej podwoi\u0142 si\u0119 w ci\u0105gu ostatniej dekady, stanowi\u0105c 38,5% \u0142\u0105cznych \u015bwiatowych przychod\u00f3w z tego rynku? Oczekuje si\u0119, \u017ce \u015bwiatowy rynek \u017cywno\u015bci pochodzenia ro\u015blinnego b\u0119dzie r\u00f3s\u0142 w tempie 8,94%. Sam sektor bia\u0142ka ro\u015blinnego przyspieszy o 18% do 2025 roku osi\u0105gaj\u0105c pr\u00f3g 28 miliard\u00f3w dolar\u00f3w. [&hellip;]<\/p>\r\n\t\t\t\t\t\t\t\t<\/div>\r\n\t\t\t\t\t\t\t\t\t\t\t\t\t<\/div>\r\n\t\t\t\t\t\t<a href=\"https:\/\/www.v-label.com\/pl\/branches\/food\/\" class=\"read_more\">Read more<\/a>\r\n\t\t\t\t\t<\/div>\r\n\t\t\t\t<\/article>\r\n\t\t\t<\/li>\r\n\t\t\t\t\t<li>\r\n\t\t\t\t<article>\r\n\t\t\t\t\t\t\t\t\t\t\t<a href=\"https:\/\/www.v-label.com\/pl\/branches\/gastronomy\/\" class=\"post_thumbnail\">\r\n\t\t\t\t\t\t\t<img decoding=\"async\" width=\"904\" height=\"720\" src=\"https:\/\/www.v-label.com\/wp-content\/uploads\/2022\/12\/gastronomy-1280-904x720.jpg\" class=\"attachment-preview size-preview wp-post-image\" alt=\"\" \/>\t\t\t\t\t\t<\/a>\r\n\t\t\t\t\t\t\t\t\t\t<div class=\"inner\">\r\n\t\t\t\t\t\t<div class=\"inner_top\">\r\n\t\t\t\t\t\t\t<header>\r\n\t\t\t\t\t\t\t\t<h3>\r\n\t\t\t\t\t\t\t\t\t<a href=\"https:\/\/www.v-label.com\/pl\/branches\/gastronomy\/\">Gastronomia<\/a>\r\n\t\t\t\t\t\t\t\t<\/h3>\r\n\t\t\t\t\t\t\t\t\t\t\t\t\t\t\t<\/header>\r\n\t\t\t\t\t\t\t\t\t\t\t\t\t\t\t<div class=\"excerpt\">\r\n\t\t\t\t\t\t\t\t\t<p>Od cateringu pude\u0142kowego przez ekskluzywne restauracje, bistra i pop-upy &#8211; zmiany w bran\u017cy gastronomicznej s\u0105 niemal takie same jak w handlu detalicznym \u017cywno\u015bci\u0105. Wed\u0142ug analizy Global Variability in Fruit and Vegetable Consumption przeprowadzonej na podstawie danych z \u015awiatowych Bada\u0144 Zdrowia WHO, w ci\u0105gu ostatniej dekady konsumenci w wieku poni\u017cej 40 lat zwi\u0119kszyli spo\u017cycie \u015bwie\u017cych warzyw [&hellip;]<\/p>\r\n\t\t\t\t\t\t\t\t<\/div>\r\n\t\t\t\t\t\t\t\t\t\t\t\t\t<\/div>\r\n\t\t\t\t\t\t<a href=\"https:\/\/www.v-label.com\/pl\/branches\/gastronomy\/\" class=\"read_more\">Read more<\/a>\r\n\t\t\t\t\t<\/div>\r\n\t\t\t\t<\/article>\r\n\t\t\t<\/li>\r\n\t\t\t\t\t<li>\r\n\t\t\t\t<article>\r\n\t\t\t\t\t\t\t\t\t\t\t<a href=\"https:\/\/www.v-label.com\/pl\/branches\/non-food\/\" class=\"post_thumbnail\">\r\n\t\t\t\t\t\t\t<img decoding=\"async\" width=\"904\" height=\"692\" src=\"https:\/\/www.v-label.com\/wp-content\/uploads\/2022\/12\/v-label-non-food-sectors-904x692.jpg\" class=\"attachment-preview size-preview wp-post-image\" alt=\"\" \/>\t\t\t\t\t\t<\/a>\r\n\t\t\t\t\t\t\t\t\t\t<div class=\"inner\">\r\n\t\t\t\t\t\t<div class=\"inner_top\">\r\n\t\t\t\t\t\t\t<header>\r\n\t\t\t\t\t\t\t\t<h3>\r\n\t\t\t\t\t\t\t\t\t<a href=\"https:\/\/www.v-label.com\/pl\/branches\/non-food\/\">Produkty Niespo\u017cywcze<\/a>\r\n\t\t\t\t\t\t\t\t<\/h3>\r\n\t\t\t\t\t\t\t\t\t\t\t\t\t\t\t<\/header>\r\n\t\t\t\t\t\t\t\t\t\t\t\t\t\t\t<div class=\"excerpt\">\r\n\t\t\t\t\t\t\t\t\t<p>Bran\u017ca, kt\u00f3ra b\u0119dzie rozwija\u0107 si\u0119 w nadchodz\u0105cych latach to wega\u0144ska i wolna od okrucie\u0144stwa moda, kt\u00f3ra ju\u017c uznawana jest za atrakcyjn\u0105 i luksusow\u0105. \u015awiatowy rynek wega\u0144skiej mody damskiej zosta\u0142 wyceniony na 396,3 mld dolar\u00f3w w 2019 roku. Wed\u0142ug Statista.com mo\u017cemy spodziewa\u0107 si\u0119, \u017ce do 2027 roku b\u0119dzie r\u00f3s\u0142 w tempie 13,6%. Rynek sk\u00f3r wega\u0144skich jest [&hellip;]<\/p>\r\n\t\t\t\t\t\t\t\t<\/div>\r\n\t\t\t\t\t\t\t\t\t\t\t\t\t<\/div>\r\n\t\t\t\t\t\t<a href=\"https:\/\/www.v-label.com\/pl\/branches\/non-food\/\" class=\"read_more\">Read more<\/a>\r\n\t\t\t\t\t<\/div>\r\n\t\t\t\t<\/article>\r\n\t\t\t<\/li>\r\n\t\t\t<\/ul>","protected":false},"excerpt":{"rendered":"<p>\u015awiatowy rynek sk\u0142adnik\u00f3w pochodzenia ro\u015blinnego od wielu lat cieszy si\u0119 rekordow\u0105 sprzeda\u017c\u0105 i oczekuje si\u0119, \u017ce b\u0119dzie r\u00f3s\u0142 w tempie 8,94% rocznie w latach 2019-2025. Podczas gdy w 2018 r. jego przychody wyceniono na 10,66 mld dolar\u00f3w, przewiduje si\u0119, \u017ce do 2027 r. osi\u0105gnie 27,98 mld dolar\u00f3w. Na ca\u0142ym \u015bwiecie konsumenci coraz cz\u0119\u015bciej poszukuj\u0105 zdrowych, [&hellip;]<\/p>\n","protected":false},"author":5,"featured_media":16977,"parent":0,"menu_order":0,"comment_status":"closed","ping_status":"closed","template":"","meta":{"_acf_changed":false,"_editorskit_title_hidden":false,"_editorskit_reading_time":0,"_editorskit_is_block_options_detached":false,"_editorskit_block_options_position":"{}","inline_featured_image":false,"_uag_custom_page_level_css":"","footnotes":""},"categories":[],"tags":[],"class_list":["post-8019","page","type-page","status-publish","has-post-thumbnail","hentry"],"acf":[],"uagb_featured_image_src":{"full":["https:\/\/www.v-label.com\/wp-content\/uploads\/2022\/12\/v-label-general-info-sectors.jpg",1280,716,false],"thumbnail":["https:\/\/www.v-label.com\/wp-content\/uploads\/2022\/12\/v-label-general-info-sectors-500x280.jpg",500,280,true],"medium":["https:\/\/www.v-label.com\/wp-content\/uploads\/2022\/12\/v-label-general-info-sectors-300x168.jpg",300,168,true],"medium_large":["https:\/\/www.v-label.com\/wp-content\/uploads\/2022\/12\/v-label-general-info-sectors-768x430.jpg",768,430,true],"large":["https:\/\/www.v-label.com\/wp-content\/uploads\/2022\/12\/v-label-general-info-sectors-1024x573.jpg",1024,573,true],"1536x1536":["https:\/\/www.v-label.com\/wp-content\/uploads\/2022\/12\/v-label-general-info-sectors.jpg",1280,716,false],"2048x2048":["https:\/\/www.v-label.com\/wp-content\/uploads\/2022\/12\/v-label-general-info-sectors.jpg",1280,716,false],"preview":["https:\/\/www.v-label.com\/wp-content\/uploads\/2022\/12\/v-label-general-info-sectors-904x716.jpg",904,716,true],"header":["https:\/\/www.v-label.com\/wp-content\/uploads\/2022\/12\/v-label-general-info-sectors.jpg",1280,716,false],"gform-image-choice-sm":["https:\/\/www.v-label.com\/wp-content\/uploads\/2022\/12\/v-label-general-info-sectors.jpg",300,168,false],"gform-image-choice-md":["https:\/\/www.v-label.com\/wp-content\/uploads\/2022\/12\/v-label-general-info-sectors.jpg",400,224,false],"gform-image-choice-lg":["https:\/\/www.v-label.com\/wp-content\/uploads\/2022\/12\/v-label-general-info-sectors.jpg",600,336,false]},"uagb_author_info":{"display_name":"Can Aslan","author_link":"https:\/\/www.v-label.com\/pl"},"uagb_comment_info":0,"uagb_excerpt":"\u015awiatowy rynek sk\u0142adnik\u00f3w pochodzenia ro\u015blinnego od wielu lat cieszy si\u0119 rekordow\u0105 sprzeda\u017c\u0105 i oczekuje si\u0119, \u017ce b\u0119dzie r\u00f3s\u0142 w tempie 8,94% rocznie w latach 2019-2025. Podczas gdy w 2018 r. jego przychody wyceniono na 10,66 mld dolar\u00f3w, przewiduje si\u0119, \u017ce do 2027 r. osi\u0105gnie 27,98 mld dolar\u00f3w. Na ca\u0142ym \u015bwiecie konsumenci coraz cz\u0119\u015bciej poszukuj\u0105 zdrowych,&hellip;","_links":{"self":[{"href":"https:\/\/www.v-label.com\/pl\/wp-json\/wp\/v2\/pages\/8019","targetHints":{"allow":["GET"]}}],"collection":[{"href":"https:\/\/www.v-label.com\/pl\/wp-json\/wp\/v2\/pages"}],"about":[{"href":"https:\/\/www.v-label.com\/pl\/wp-json\/wp\/v2\/types\/page"}],"author":[{"embeddable":true,"href":"https:\/\/www.v-label.com\/pl\/wp-json\/wp\/v2\/users\/5"}],"replies":[{"embeddable":true,"href":"https:\/\/www.v-label.com\/pl\/wp-json\/wp\/v2\/comments?post=8019"}],"version-history":[{"count":7,"href":"https:\/\/www.v-label.com\/pl\/wp-json\/wp\/v2\/pages\/8019\/revisions"}],"predecessor-version":[{"id":42851,"href":"https:\/\/www.v-label.com\/pl\/wp-json\/wp\/v2\/pages\/8019\/revisions\/42851"}],"wp:featuredmedia":[{"embeddable":true,"href":"https:\/\/www.v-label.com\/pl\/wp-json\/wp\/v2\/media\/16977"}],"wp:attachment":[{"href":"https:\/\/www.v-label.com\/pl\/wp-json\/wp\/v2\/media?parent=8019"}],"wp:term":[{"taxonomy":"category","embeddable":true,"href":"https:\/\/www.v-label.com\/pl\/wp-json\/wp\/v2\/categories?post=8019"},{"taxonomy":"post_tag","embeddable":true,"href":"https:\/\/www.v-label.com\/pl\/wp-json\/wp\/v2\/tags?post=8019"}],"curies":[{"name":"wp","href":"https:\/\/api.w.org\/{rel}","templated":true}]}}