{"id":8058,"date":"2022-05-30T16:15:29","date_gmt":"2022-05-30T14:15:29","guid":{"rendered":"https:\/\/www.v-label.com\/branches\/cosmetics\/"},"modified":"2023-01-23T10:51:56","modified_gmt":"2023-01-23T09:51:56","slug":"cosmetics","status":"publish","type":"page","link":"https:\/\/www.v-label.com\/pl\/branches\/cosmetics\/","title":{"rendered":"Kosmetyki i \u015brodki czysto\u015bci"},"content":{"rendered":"\n<p>Wygoda, dba\u0142o\u015b\u0107 o zdrowie i coraz g\u0142o\u015bniejsze wo\u0142anie o &#8222;pi\u0119kno wolne od okrucie\u0144stwa&#8221;. Wed\u0142ug raportu Vegan Cosmetics Market Size, Share &amp; Trends Analysis Report z 2018 roku s\u0105 to trzy g\u0142\u00f3wne powody, dla kt\u00f3rych wielko\u015b\u0107 globalnego rynku kosmetyk\u00f3w wega\u0144skich do 2025 roku osi\u0105gnie 20,8 miliard\u00f3w dolar\u00f3w, rosn\u0105c w tempie 6,3%.<\/p>\n\n\n\n<p>W Europie maj\u0105cej znacz\u0105cy udzia\u0142 w rynku obserwujemy gwa\u0142towny wzrost popytu na produkty nietestowane na zwierz\u0119tach. Od piel\u0119gnacji sk\u00f3ry po dezodoranty i szampony, coraz wi\u0119cej konsument\u00f3w podczas zakup\u00f3w szuka produkt\u00f3w wega\u0144skich.<\/p>\n\n\n\n<p>Poniewa\u017c kosmetyki wega\u0144skie nadal s\u0105 nowo\u015bci\u0105, konsumenci s\u0105 bardzo podatni na oznaczenia \u015bwiadcz\u0105ce o tym, \u017ce wybieraj\u0105 produkty wega\u0144skie lub wegetaria\u0144skie. Czy wiesz, \u017ce wed\u0142ug The Vegan Society 19% os\u00f3b sprawdza, czy ich kosmetyki s\u0105 testowane na zwierz\u0119tach? Spraw, aby ta cecha Twojego produktu by\u0142a widoczna dzi\u0119ki V-Label i by Tw\u00f3j produkt sta\u0142 si\u0119 naturalnym wyborem klient\u00f3w!<\/p>\n\n\n\n<p>Najwyra\u017aniej nie tylko na rynku kosmetyk\u00f3w przy\u015bpiesza rozw\u00f3j obszaru alternatyw wega\u0144skich i wegetaria\u0144skich &#8211; jest nim r\u00f3wnie\u017c rynek \u015brodk\u00f3w czysto\u015bci! Wyr\u00f3\u017cnij \u015brodki czyszcz\u0105ce twojej produkcji dzi\u0119ki przyci\u0105gaj\u0105cemu wzrok oznaczeniu V-Label.<\/p>\n\n\n\n<div class=\"wp-block-buttons is-content-justification-center is-layout-flex wp-container-core-buttons-is-layout-16018d1d wp-block-buttons-is-layout-flex\">\n<div class=\"wp-block-button\"><a class=\"wp-block-button__link wp-element-button\" href=\"https:\/\/www.v-label.com\/pl\/for-business\/get-certified\/\">Uzyskaj certyfikat V-Label<\/a><\/div>\n<\/div>\n","protected":false},"excerpt":{"rendered":"<p>Wygoda, dba\u0142o\u015b\u0107 o zdrowie i coraz g\u0142o\u015bniejsze wo\u0142anie o &#8222;pi\u0119kno wolne od okrucie\u0144stwa&#8221;. Wed\u0142ug raportu Vegan Cosmetics Market Size, Share &amp; Trends Analysis Report z 2018 roku s\u0105 to trzy g\u0142\u00f3wne powody, dla kt\u00f3rych wielko\u015b\u0107 globalnego rynku kosmetyk\u00f3w wega\u0144skich do 2025 roku osi\u0105gnie 20,8 miliard\u00f3w dolar\u00f3w, rosn\u0105c w tempie 6,3%. W Europie maj\u0105cej znacz\u0105cy udzia\u0142 [&hellip;]<\/p>\n","protected":false},"author":5,"featured_media":17283,"parent":8019,"menu_order":0,"comment_status":"closed","ping_status":"closed","template":"","meta":{"_acf_changed":false,"_editorskit_title_hidden":false,"_editorskit_reading_time":0,"_editorskit_is_block_options_detached":false,"_editorskit_block_options_position":"{}","inline_featured_image":false,"_uag_custom_page_level_css":"","footnotes":""},"categories":[],"tags":[],"class_list":["post-8058","page","type-page","status-publish","has-post-thumbnail","hentry"],"acf":[],"uagb_featured_image_src":{"full":["https:\/\/www.v-label.com\/wp-content\/uploads\/2022\/12\/cosmetics-1280.jpg",1280,868,false],"thumbnail":["https:\/\/www.v-label.com\/wp-content\/uploads\/2022\/12\/cosmetics-1280-500x339.jpg",500,339,true],"medium":["https:\/\/www.v-label.com\/wp-content\/uploads\/2022\/12\/cosmetics-1280-300x203.jpg",300,203,true],"medium_large":["https:\/\/www.v-label.com\/wp-content\/uploads\/2022\/12\/cosmetics-1280-768x521.jpg",768,521,true],"large":["https:\/\/www.v-label.com\/wp-content\/uploads\/2022\/12\/cosmetics-1280-1024x694.jpg",1024,694,true],"1536x1536":["https:\/\/www.v-label.com\/wp-content\/uploads\/2022\/12\/cosmetics-1280.jpg",1280,868,false],"2048x2048":["https:\/\/www.v-label.com\/wp-content\/uploads\/2022\/12\/cosmetics-1280.jpg",1280,868,false],"preview":["https:\/\/www.v-label.com\/wp-content\/uploads\/2022\/12\/cosmetics-1280-904x720.jpg",904,720,true],"header":["https:\/\/www.v-label.com\/wp-content\/uploads\/2022\/12\/cosmetics-1280-1280x720.jpg",1280,720,true],"gform-image-choice-sm":["https:\/\/www.v-label.com\/wp-content\/uploads\/2022\/12\/cosmetics-1280.jpg",300,203,false],"gform-image-choice-md":["https:\/\/www.v-label.com\/wp-content\/uploads\/2022\/12\/cosmetics-1280.jpg",400,271,false],"gform-image-choice-lg":["https:\/\/www.v-label.com\/wp-content\/uploads\/2022\/12\/cosmetics-1280.jpg",600,407,false]},"uagb_author_info":{"display_name":"Can Aslan","author_link":"https:\/\/www.v-label.com\/pl"},"uagb_comment_info":0,"uagb_excerpt":"Wygoda, dba\u0142o\u015b\u0107 o zdrowie i coraz g\u0142o\u015bniejsze wo\u0142anie o &#8222;pi\u0119kno wolne od okrucie\u0144stwa&#8221;. Wed\u0142ug raportu Vegan Cosmetics Market Size, Share &amp; Trends Analysis Report z 2018 roku s\u0105 to trzy g\u0142\u00f3wne powody, dla kt\u00f3rych wielko\u015b\u0107 globalnego rynku kosmetyk\u00f3w wega\u0144skich do 2025 roku osi\u0105gnie 20,8 miliard\u00f3w dolar\u00f3w, rosn\u0105c w tempie 6,3%. W Europie maj\u0105cej znacz\u0105cy udzia\u0142&hellip;","_links":{"self":[{"href":"https:\/\/www.v-label.com\/pl\/wp-json\/wp\/v2\/pages\/8058","targetHints":{"allow":["GET"]}}],"collection":[{"href":"https:\/\/www.v-label.com\/pl\/wp-json\/wp\/v2\/pages"}],"about":[{"href":"https:\/\/www.v-label.com\/pl\/wp-json\/wp\/v2\/types\/page"}],"author":[{"embeddable":true,"href":"https:\/\/www.v-label.com\/pl\/wp-json\/wp\/v2\/users\/5"}],"replies":[{"embeddable":true,"href":"https:\/\/www.v-label.com\/pl\/wp-json\/wp\/v2\/comments?post=8058"}],"version-history":[{"count":11,"href":"https:\/\/www.v-label.com\/pl\/wp-json\/wp\/v2\/pages\/8058\/revisions"}],"predecessor-version":[{"id":42867,"href":"https:\/\/www.v-label.com\/pl\/wp-json\/wp\/v2\/pages\/8058\/revisions\/42867"}],"up":[{"embeddable":true,"href":"https:\/\/www.v-label.com\/pl\/wp-json\/wp\/v2\/pages\/8019"}],"wp:featuredmedia":[{"embeddable":true,"href":"https:\/\/www.v-label.com\/pl\/wp-json\/wp\/v2\/media\/17283"}],"wp:attachment":[{"href":"https:\/\/www.v-label.com\/pl\/wp-json\/wp\/v2\/media?parent=8058"}],"wp:term":[{"taxonomy":"category","embeddable":true,"href":"https:\/\/www.v-label.com\/pl\/wp-json\/wp\/v2\/categories?post=8058"},{"taxonomy":"post_tag","embeddable":true,"href":"https:\/\/www.v-label.com\/pl\/wp-json\/wp\/v2\/tags?post=8058"}],"curies":[{"name":"wp","href":"https:\/\/api.w.org\/{rel}","templated":true}]}}