{"id":8092,"date":"2022-05-30T16:15:11","date_gmt":"2022-05-30T14:15:11","guid":{"rendered":"https:\/\/www.v-label.com\/branches\/food\/"},"modified":"2023-03-08T11:36:11","modified_gmt":"2023-03-08T10:36:11","slug":"food","status":"publish","type":"page","link":"https:\/\/www.v-label.com\/pl\/branches\/food\/","title":{"rendered":"\u017bywno\u015b\u0107"},"content":{"rendered":"\n<p>Czy wiesz, \u017ce wed\u0142ug Euromonitor International, rynek produkt\u00f3w pochodzenia ro\u015blinnego w Europie Zachodniej podwoi\u0142 si\u0119 w ci\u0105gu ostatniej dekady, stanowi\u0105c 38,5% \u0142\u0105cznych \u015bwiatowych przychod\u00f3w z tego rynku?<\/p>\n\n\n\n<p>Oczekuje si\u0119, \u017ce \u015bwiatowy rynek \u017cywno\u015bci pochodzenia ro\u015blinnego b\u0119dzie r\u00f3s\u0142 w tempie 8,94%. Sam sektor bia\u0142ka ro\u015blinnego <strong>przyspieszy o 18%<\/strong> do 2025 roku osi\u0105gaj\u0105c pr\u00f3g 28 miliard\u00f3w dolar\u00f3w. Ci\u0105g\u0142e powstawanie nowych wega\u0144skich start-up\u00f3w ju\u017c potwierdza te statystyki. Start&#8217;upy koncentruj\u0105 si\u0119 na zaspokajaniu rosn\u0105cego popytu na wega\u0144skie alternatywy: wo\u0142owiny, ryb, sera, mleka, jogurtu, jaj, wyrob\u00f3w cukierniczych, witamin i suplement\u00f3w, z kt\u00f3rych ka\u017cda jest dynamicznie rozwijaj\u0105c\u0105 si\u0119 nisz\u0105. Ponadto ro\u015blinne alternatywy trafiaj\u0105 do tradycyjnych sieci handlowych, a uznani producenci \u017cywno\u015bci wprowadzaj\u0105 wega\u0144skie oraz wegetaria\u0144skie linie produkt\u00f3w.<\/p>\n\n\n\n<p>Co ciekawe, to dopiero pocz\u0105tek. Wed\u0142ug ProVeg International rosn\u0105ce inwestycje w innowacje technologiczne zapewni\u0105, \u017ce smak, konsystencja oraz tekstura produkt\u00f3w ro\u015blinnych b\u0119d\u0105 poprawia\u0107 si\u0119 wraz z dalszym rozwojem w zakresie sk\u0142adnik\u00f3w i przetwarzania. V-Label to najbardziej rozpoznawalne oznaczenie w segmencie \u017cywno\u015bci wega\u0144skiej i wegetaria\u0144skiej.<\/p>\n\n\n\n<div class=\"wp-block-buttons is-content-justification-center is-layout-flex wp-container-core-buttons-is-layout-16018d1d wp-block-buttons-is-layout-flex\">\n<div class=\"wp-block-button\"><a class=\"wp-block-button__link wp-element-button\" href=\"https:\/\/www.v-label.com\/pl\/for-business\/get-certified\/\">Uzyskaj certyfikat V-Label<\/a><\/div>\n<\/div>\n","protected":false},"excerpt":{"rendered":"<p>Czy wiesz, \u017ce wed\u0142ug Euromonitor International, rynek produkt\u00f3w pochodzenia ro\u015blinnego w Europie Zachodniej podwoi\u0142 si\u0119 w ci\u0105gu ostatniej dekady, stanowi\u0105c 38,5% \u0142\u0105cznych \u015bwiatowych przychod\u00f3w z tego rynku? Oczekuje si\u0119, \u017ce \u015bwiatowy rynek \u017cywno\u015bci pochodzenia ro\u015blinnego b\u0119dzie r\u00f3s\u0142 w tempie 8,94%. Sam sektor bia\u0142ka ro\u015blinnego przyspieszy o 18% do 2025 roku osi\u0105gaj\u0105c pr\u00f3g 28 miliard\u00f3w dolar\u00f3w. [&hellip;]<\/p>\n","protected":false},"author":5,"featured_media":16998,"parent":8019,"menu_order":0,"comment_status":"closed","ping_status":"closed","template":"","meta":{"_acf_changed":false,"_editorskit_title_hidden":false,"_editorskit_reading_time":0,"_editorskit_is_block_options_detached":false,"_editorskit_block_options_position":"{}","inline_featured_image":false,"_uag_custom_page_level_css":"","footnotes":""},"categories":[],"tags":[],"class_list":["post-8092","page","type-page","status-publish","has-post-thumbnail","hentry"],"acf":[],"uagb_featured_image_src":{"full":["https:\/\/www.v-label.com\/wp-content\/uploads\/2022\/12\/v-label-food-sector.jpg",1280,857,false],"thumbnail":["https:\/\/www.v-label.com\/wp-content\/uploads\/2022\/12\/v-label-food-sector-500x335.jpg",500,335,true],"medium":["https:\/\/www.v-label.com\/wp-content\/uploads\/2022\/12\/v-label-food-sector-300x201.jpg",300,201,true],"medium_large":["https:\/\/www.v-label.com\/wp-content\/uploads\/2022\/12\/v-label-food-sector-768x514.jpg",768,514,true],"large":["https:\/\/www.v-label.com\/wp-content\/uploads\/2022\/12\/v-label-food-sector-1024x686.jpg",1024,686,true],"1536x1536":["https:\/\/www.v-label.com\/wp-content\/uploads\/2022\/12\/v-label-food-sector.jpg",1280,857,false],"2048x2048":["https:\/\/www.v-label.com\/wp-content\/uploads\/2022\/12\/v-label-food-sector.jpg",1280,857,false],"preview":["https:\/\/www.v-label.com\/wp-content\/uploads\/2022\/12\/v-label-food-sector-904x720.jpg",904,720,true],"header":["https:\/\/www.v-label.com\/wp-content\/uploads\/2022\/12\/v-label-food-sector-1280x720.jpg",1280,720,true],"gform-image-choice-sm":["https:\/\/www.v-label.com\/wp-content\/uploads\/2022\/12\/v-label-food-sector.jpg",300,201,false],"gform-image-choice-md":["https:\/\/www.v-label.com\/wp-content\/uploads\/2022\/12\/v-label-food-sector.jpg",400,268,false],"gform-image-choice-lg":["https:\/\/www.v-label.com\/wp-content\/uploads\/2022\/12\/v-label-food-sector.jpg",600,402,false]},"uagb_author_info":{"display_name":"Can Aslan","author_link":"https:\/\/www.v-label.com\/pl"},"uagb_comment_info":0,"uagb_excerpt":"Czy wiesz, \u017ce wed\u0142ug Euromonitor International, rynek produkt\u00f3w pochodzenia ro\u015blinnego w Europie Zachodniej podwoi\u0142 si\u0119 w ci\u0105gu ostatniej dekady, stanowi\u0105c 38,5% \u0142\u0105cznych \u015bwiatowych przychod\u00f3w z tego rynku? Oczekuje si\u0119, \u017ce \u015bwiatowy rynek \u017cywno\u015bci pochodzenia ro\u015blinnego b\u0119dzie r\u00f3s\u0142 w tempie 8,94%. Sam sektor bia\u0142ka ro\u015blinnego przyspieszy o 18% do 2025 roku osi\u0105gaj\u0105c pr\u00f3g 28 miliard\u00f3w dolar\u00f3w.&hellip;","_links":{"self":[{"href":"https:\/\/www.v-label.com\/pl\/wp-json\/wp\/v2\/pages\/8092","targetHints":{"allow":["GET"]}}],"collection":[{"href":"https:\/\/www.v-label.com\/pl\/wp-json\/wp\/v2\/pages"}],"about":[{"href":"https:\/\/www.v-label.com\/pl\/wp-json\/wp\/v2\/types\/page"}],"author":[{"embeddable":true,"href":"https:\/\/www.v-label.com\/pl\/wp-json\/wp\/v2\/users\/5"}],"replies":[{"embeddable":true,"href":"https:\/\/www.v-label.com\/pl\/wp-json\/wp\/v2\/comments?post=8092"}],"version-history":[{"count":17,"href":"https:\/\/www.v-label.com\/pl\/wp-json\/wp\/v2\/pages\/8092\/revisions"}],"predecessor-version":[{"id":50262,"href":"https:\/\/www.v-label.com\/pl\/wp-json\/wp\/v2\/pages\/8092\/revisions\/50262"}],"up":[{"embeddable":true,"href":"https:\/\/www.v-label.com\/pl\/wp-json\/wp\/v2\/pages\/8019"}],"wp:featuredmedia":[{"embeddable":true,"href":"https:\/\/www.v-label.com\/pl\/wp-json\/wp\/v2\/media\/16998"}],"wp:attachment":[{"href":"https:\/\/www.v-label.com\/pl\/wp-json\/wp\/v2\/media?parent=8092"}],"wp:term":[{"taxonomy":"category","embeddable":true,"href":"https:\/\/www.v-label.com\/pl\/wp-json\/wp\/v2\/categories?post=8092"},{"taxonomy":"post_tag","embeddable":true,"href":"https:\/\/www.v-label.com\/pl\/wp-json\/wp\/v2\/tags?post=8092"}],"curies":[{"name":"wp","href":"https:\/\/api.w.org\/{rel}","templated":true}]}}