{"id":8126,"date":"2022-05-30T16:15:42","date_gmt":"2022-05-30T14:15:42","guid":{"rendered":"https:\/\/www.v-label.com\/branches\/gastronomy\/"},"modified":"2023-03-08T11:39:05","modified_gmt":"2023-03-08T10:39:05","slug":"gastronomy","status":"publish","type":"page","link":"https:\/\/www.v-label.com\/pl\/branches\/gastronomy\/","title":{"rendered":"Gastronomia"},"content":{"rendered":"\n<p>Od cateringu pude\u0142kowego przez ekskluzywne restauracje, bistra i pop-upy &#8211; zmiany w bran\u017cy gastronomicznej s\u0105 niemal takie same jak w handlu detalicznym \u017cywno\u015bci\u0105. Wed\u0142ug analizy Global Variability in Fruit and Vegetable Consumption przeprowadzonej na podstawie danych z \u015awiatowych Bada\u0144 Zdrowia WHO, w ci\u0105gu ostatniej dekady konsumenci w wieku poni\u017cej 40 lat zwi\u0119kszyli spo\u017cycie \u015bwie\u017cych warzyw o 52%.Tylko w 2021 roku <strong>ponad 500 000 os\u00f3b do\u0142\u0105czy\u0142o do Veganuary<\/strong>, a pizza kalafiorowa, warzywne burgery czy bezmi\u0119sne klopsiki s\u0105 obecnie uwa\u017cane za podstawowe produkty. Ponadto, wed\u0142ug The Vegan Society, \u015bwiatowa, szeroko rozumiana gastronomia, w ci\u0105gu ostatnich 12 miesi\u0119cy odnotowa\u0142a 123% wzrost liczby opcji zwi\u0105zanych z weganizmem.<\/p>\n\n\n\n<p>Ludzie wybieraj\u0105 nie tylko wega\u0144skie jedzenie &#8211; wybieraj\u0105 tak\u017ce wega\u0144skie podr\u00f3\u017ce. Ponad 500 obiekt\u00f3w noclegowych na ca\u0142ym \u015bwiecie spe\u0142nia wymogi<strong> \u201ewega\u0144skiego hotelu&#8221;.<\/strong> Etyczny hotel to znacznie wi\u0119cej ni\u017c ro\u015blinny all-inclusive: hotele, pensjonaty czy statki wycieczkowe proponuj\u0105 wega\u0144ski wypoczynek &#8222;od dywanu po dach&#8221;, sprz\u0105tane wy\u0142\u0105cznie wega\u0144skimi produktami, kt\u00f3re nie by\u0142y testowane na zwierz\u0119tach.<\/p>\n\n\n\n<div class=\"wp-block-buttons is-content-justification-center is-layout-flex wp-container-core-buttons-is-layout-16018d1d wp-block-buttons-is-layout-flex\">\n<div class=\"wp-block-button\"><a class=\"wp-block-button__link wp-element-button\" href=\"https:\/\/www.v-label.com\/pl\/for-business\/get-certified\/\">Uzyskaj certyfikat V-Label<\/a><\/div>\n<\/div>\n","protected":false},"excerpt":{"rendered":"<p>Od cateringu pude\u0142kowego przez ekskluzywne restauracje, bistra i pop-upy &#8211; zmiany w bran\u017cy gastronomicznej s\u0105 niemal takie same jak w handlu detalicznym \u017cywno\u015bci\u0105. Wed\u0142ug analizy Global Variability in Fruit and Vegetable Consumption przeprowadzonej na podstawie danych z \u015awiatowych Bada\u0144 Zdrowia WHO, w ci\u0105gu ostatniej dekady konsumenci w wieku poni\u017cej 40 lat zwi\u0119kszyli spo\u017cycie \u015bwie\u017cych warzyw [&hellip;]<\/p>\n","protected":false},"author":5,"featured_media":17866,"parent":8019,"menu_order":0,"comment_status":"closed","ping_status":"closed","template":"","meta":{"_acf_changed":false,"_editorskit_title_hidden":false,"_editorskit_reading_time":0,"_editorskit_is_block_options_detached":false,"_editorskit_block_options_position":"{}","inline_featured_image":false,"_uag_custom_page_level_css":"","footnotes":""},"categories":[],"tags":[],"class_list":["post-8126","page","type-page","status-publish","has-post-thumbnail","hentry"],"acf":[],"uagb_featured_image_src":{"full":["https:\/\/www.v-label.com\/wp-content\/uploads\/2022\/12\/gastronomy-1280.jpg",1280,854,false],"thumbnail":["https:\/\/www.v-label.com\/wp-content\/uploads\/2022\/12\/gastronomy-1280-500x334.jpg",500,334,true],"medium":["https:\/\/www.v-label.com\/wp-content\/uploads\/2022\/12\/gastronomy-1280-300x200.jpg",300,200,true],"medium_large":["https:\/\/www.v-label.com\/wp-content\/uploads\/2022\/12\/gastronomy-1280-768x512.jpg",768,512,true],"large":["https:\/\/www.v-label.com\/wp-content\/uploads\/2022\/12\/gastronomy-1280-1024x683.jpg",1024,683,true],"1536x1536":["https:\/\/www.v-label.com\/wp-content\/uploads\/2022\/12\/gastronomy-1280.jpg",1280,854,false],"2048x2048":["https:\/\/www.v-label.com\/wp-content\/uploads\/2022\/12\/gastronomy-1280.jpg",1280,854,false],"preview":["https:\/\/www.v-label.com\/wp-content\/uploads\/2022\/12\/gastronomy-1280-904x720.jpg",904,720,true],"header":["https:\/\/www.v-label.com\/wp-content\/uploads\/2022\/12\/gastronomy-1280-1280x720.jpg",1280,720,true],"gform-image-choice-sm":["https:\/\/www.v-label.com\/wp-content\/uploads\/2022\/12\/gastronomy-1280.jpg",300,200,false],"gform-image-choice-md":["https:\/\/www.v-label.com\/wp-content\/uploads\/2022\/12\/gastronomy-1280.jpg",400,267,false],"gform-image-choice-lg":["https:\/\/www.v-label.com\/wp-content\/uploads\/2022\/12\/gastronomy-1280.jpg",600,400,false]},"uagb_author_info":{"display_name":"Can Aslan","author_link":"https:\/\/www.v-label.com\/pl"},"uagb_comment_info":0,"uagb_excerpt":"Od cateringu pude\u0142kowego przez ekskluzywne restauracje, bistra i pop-upy &#8211; zmiany w bran\u017cy gastronomicznej s\u0105 niemal takie same jak w handlu detalicznym \u017cywno\u015bci\u0105. Wed\u0142ug analizy Global Variability in Fruit and Vegetable Consumption przeprowadzonej na podstawie danych z \u015awiatowych Bada\u0144 Zdrowia WHO, w ci\u0105gu ostatniej dekady konsumenci w wieku poni\u017cej 40 lat zwi\u0119kszyli spo\u017cycie \u015bwie\u017cych warzyw&hellip;","_links":{"self":[{"href":"https:\/\/www.v-label.com\/pl\/wp-json\/wp\/v2\/pages\/8126","targetHints":{"allow":["GET"]}}],"collection":[{"href":"https:\/\/www.v-label.com\/pl\/wp-json\/wp\/v2\/pages"}],"about":[{"href":"https:\/\/www.v-label.com\/pl\/wp-json\/wp\/v2\/types\/page"}],"author":[{"embeddable":true,"href":"https:\/\/www.v-label.com\/pl\/wp-json\/wp\/v2\/users\/5"}],"replies":[{"embeddable":true,"href":"https:\/\/www.v-label.com\/pl\/wp-json\/wp\/v2\/comments?post=8126"}],"version-history":[{"count":10,"href":"https:\/\/www.v-label.com\/pl\/wp-json\/wp\/v2\/pages\/8126\/revisions"}],"predecessor-version":[{"id":50264,"href":"https:\/\/www.v-label.com\/pl\/wp-json\/wp\/v2\/pages\/8126\/revisions\/50264"}],"up":[{"embeddable":true,"href":"https:\/\/www.v-label.com\/pl\/wp-json\/wp\/v2\/pages\/8019"}],"wp:featuredmedia":[{"embeddable":true,"href":"https:\/\/www.v-label.com\/pl\/wp-json\/wp\/v2\/media\/17866"}],"wp:attachment":[{"href":"https:\/\/www.v-label.com\/pl\/wp-json\/wp\/v2\/media?parent=8126"}],"wp:term":[{"taxonomy":"category","embeddable":true,"href":"https:\/\/www.v-label.com\/pl\/wp-json\/wp\/v2\/categories?post=8126"},{"taxonomy":"post_tag","embeddable":true,"href":"https:\/\/www.v-label.com\/pl\/wp-json\/wp\/v2\/tags?post=8126"}],"curies":[{"name":"wp","href":"https:\/\/api.w.org\/{rel}","templated":true}]}}