{"id":8160,"date":"2022-05-30T16:15:52","date_gmt":"2022-05-30T14:15:52","guid":{"rendered":"https:\/\/www.v-label.com\/branches\/non-food\/"},"modified":"2023-01-23T10:56:31","modified_gmt":"2023-01-23T09:56:31","slug":"non-food","status":"publish","type":"page","link":"https:\/\/www.v-label.com\/pl\/branches\/non-food\/","title":{"rendered":"Produkty Niespo\u017cywcze"},"content":{"rendered":"\n<p>Bran\u017ca, kt\u00f3ra b\u0119dzie rozwija\u0107 si\u0119 w nadchodz\u0105cych latach to wega\u0144ska i wolna od okrucie\u0144stwa moda, kt\u00f3ra ju\u017c uznawana jest za atrakcyjn\u0105 i luksusow\u0105. \u015awiatowy rynek wega\u0144skiej mody damskiej zosta\u0142 wyceniony na 396,3 mld dolar\u00f3w w 2019 roku. Wed\u0142ug Statista.com mo\u017cemy spodziewa\u0107 si\u0119, \u017ce do 2027 roku b\u0119dzie r\u00f3s\u0142 w tempie 13,6%. Rynek sk\u00f3r wega\u0144skich jest si\u0142\u0105 nap\u0119dow\u0105 bran\u017cy, g\u0142\u00f3wnie ze wzgl\u0119du na post\u0119p technologiczny, kt\u00f3ry pozwala na doskonalenie nowych materia\u0142\u00f3w i wyd\u0142u\u017cenie \u017cywotno\u015bci sk\u00f3ry wega\u0144skiej. Zamiast sk\u00f3ry na bazie plastiku, coraz cz\u0119\u015bciej widzimy bardziej zr\u00f3wnowa\u017cone, naturalne tkaniny z tak r\u00f3\u017cnorodnych \u017ar\u00f3de\u0142, jak li\u015bcie ananasa, fermentowane dro\u017cd\u017ce, produkty uboczne przemys\u0142u winiarskiego czy grzyby. Opracowywane s\u0105 r\u00f3wnie\u017c alternatywy dla we\u0142ny i jedwabiu, oparte na w\u0142\u00f3knach celulozowych, a tak\u017ce r\u00f3\u017cnych materia\u0142ach pozyskanych z recyklingu, kt\u00f3re przekszta\u0142cane s\u0105 w coraz bardziej popularne wega\u0144skie ubrania sportowe.<\/p>\n\n\n\n<p>Nie chodzi tylko o odzie\u017c, torebki oraz buty. Inne bran\u017ce niespo\u017cywcze r\u00f3wnie\u017c staj\u0105 przed wyzwaniem i inspirowane s\u0105 do tworzenia wega\u0144skich produkt\u00f3w wolnych od okrucie\u0144stwa (ksi\u0105\u017cek, bi\u017cuterii lub \u015bwiec). Oznaczenie produktu jako wega\u0144skiego lub wegetaria\u0144skiego jest uznawane za wyj\u0105tkow\u0105 cech\u0119 produktu i co\u015b co wyr\u00f3\u017cnia go na tle innych. Pomaga r\u00f3wnie\u017c konsumentom znale\u017a\u0107 bezpieczn\u0105, zr\u00f3wnowa\u017con\u0105 odzie\u017c na stronach e-commerce lub w sklepach detalicznych.<\/p>\n\n\n\n<div class=\"wp-block-buttons is-content-justification-center is-layout-flex wp-container-core-buttons-is-layout-16018d1d wp-block-buttons-is-layout-flex\">\n<div class=\"wp-block-button\"><a class=\"wp-block-button__link wp-element-button\" href=\"https:\/\/www.v-label.com\/pl\/for-business\/get-certified\/\">Uzyskaj certyfikat V-Label<\/a><\/div>\n<\/div>\n","protected":false},"excerpt":{"rendered":"<p>Bran\u017ca, kt\u00f3ra b\u0119dzie rozwija\u0107 si\u0119 w nadchodz\u0105cych latach to wega\u0144ska i wolna od okrucie\u0144stwa moda, kt\u00f3ra ju\u017c uznawana jest za atrakcyjn\u0105 i luksusow\u0105. \u015awiatowy rynek wega\u0144skiej mody damskiej zosta\u0142 wyceniony na 396,3 mld dolar\u00f3w w 2019 roku. Wed\u0142ug Statista.com mo\u017cemy spodziewa\u0107 si\u0119, \u017ce do 2027 roku b\u0119dzie r\u00f3s\u0142 w tempie 13,6%. Rynek sk\u00f3r wega\u0144skich jest [&hellip;]<\/p>\n","protected":false},"author":5,"featured_media":17120,"parent":8019,"menu_order":0,"comment_status":"closed","ping_status":"closed","template":"","meta":{"_acf_changed":false,"_editorskit_title_hidden":false,"_editorskit_reading_time":0,"_editorskit_is_block_options_detached":false,"_editorskit_block_options_position":"{}","inline_featured_image":false,"_uag_custom_page_level_css":"","footnotes":""},"categories":[],"tags":[],"class_list":["post-8160","page","type-page","status-publish","has-post-thumbnail","hentry"],"acf":[],"uagb_featured_image_src":{"full":["https:\/\/www.v-label.com\/wp-content\/uploads\/2022\/12\/v-label-non-food-sectors.jpg",1280,692,false],"thumbnail":["https:\/\/www.v-label.com\/wp-content\/uploads\/2022\/12\/v-label-non-food-sectors-500x270.jpg",500,270,true],"medium":["https:\/\/www.v-label.com\/wp-content\/uploads\/2022\/12\/v-label-non-food-sectors-300x162.jpg",300,162,true],"medium_large":["https:\/\/www.v-label.com\/wp-content\/uploads\/2022\/12\/v-label-non-food-sectors-768x415.jpg",768,415,true],"large":["https:\/\/www.v-label.com\/wp-content\/uploads\/2022\/12\/v-label-non-food-sectors-1024x554.jpg",1024,554,true],"1536x1536":["https:\/\/www.v-label.com\/wp-content\/uploads\/2022\/12\/v-label-non-food-sectors.jpg",1280,692,false],"2048x2048":["https:\/\/www.v-label.com\/wp-content\/uploads\/2022\/12\/v-label-non-food-sectors.jpg",1280,692,false],"preview":["https:\/\/www.v-label.com\/wp-content\/uploads\/2022\/12\/v-label-non-food-sectors-904x692.jpg",904,692,true],"header":["https:\/\/www.v-label.com\/wp-content\/uploads\/2022\/12\/v-label-non-food-sectors.jpg",1280,692,false],"gform-image-choice-sm":["https:\/\/www.v-label.com\/wp-content\/uploads\/2022\/12\/v-label-non-food-sectors.jpg",300,162,false],"gform-image-choice-md":["https:\/\/www.v-label.com\/wp-content\/uploads\/2022\/12\/v-label-non-food-sectors.jpg",400,216,false],"gform-image-choice-lg":["https:\/\/www.v-label.com\/wp-content\/uploads\/2022\/12\/v-label-non-food-sectors.jpg",600,324,false]},"uagb_author_info":{"display_name":"Can Aslan","author_link":"https:\/\/www.v-label.com\/pl"},"uagb_comment_info":0,"uagb_excerpt":"Bran\u017ca, kt\u00f3ra b\u0119dzie rozwija\u0107 si\u0119 w nadchodz\u0105cych latach to wega\u0144ska i wolna od okrucie\u0144stwa moda, kt\u00f3ra ju\u017c uznawana jest za atrakcyjn\u0105 i luksusow\u0105. \u015awiatowy rynek wega\u0144skiej mody damskiej zosta\u0142 wyceniony na 396,3 mld dolar\u00f3w w 2019 roku. Wed\u0142ug Statista.com mo\u017cemy spodziewa\u0107 si\u0119, \u017ce do 2027 roku b\u0119dzie r\u00f3s\u0142 w tempie 13,6%. Rynek sk\u00f3r wega\u0144skich jest&hellip;","_links":{"self":[{"href":"https:\/\/www.v-label.com\/pl\/wp-json\/wp\/v2\/pages\/8160","targetHints":{"allow":["GET"]}}],"collection":[{"href":"https:\/\/www.v-label.com\/pl\/wp-json\/wp\/v2\/pages"}],"about":[{"href":"https:\/\/www.v-label.com\/pl\/wp-json\/wp\/v2\/types\/page"}],"author":[{"embeddable":true,"href":"https:\/\/www.v-label.com\/pl\/wp-json\/wp\/v2\/users\/5"}],"replies":[{"embeddable":true,"href":"https:\/\/www.v-label.com\/pl\/wp-json\/wp\/v2\/comments?post=8160"}],"version-history":[{"count":4,"href":"https:\/\/www.v-label.com\/pl\/wp-json\/wp\/v2\/pages\/8160\/revisions"}],"predecessor-version":[{"id":35022,"href":"https:\/\/www.v-label.com\/pl\/wp-json\/wp\/v2\/pages\/8160\/revisions\/35022"}],"up":[{"embeddable":true,"href":"https:\/\/www.v-label.com\/pl\/wp-json\/wp\/v2\/pages\/8019"}],"wp:featuredmedia":[{"embeddable":true,"href":"https:\/\/www.v-label.com\/pl\/wp-json\/wp\/v2\/media\/17120"}],"wp:attachment":[{"href":"https:\/\/www.v-label.com\/pl\/wp-json\/wp\/v2\/media?parent=8160"}],"wp:term":[{"taxonomy":"category","embeddable":true,"href":"https:\/\/www.v-label.com\/pl\/wp-json\/wp\/v2\/categories?post=8160"},{"taxonomy":"post_tag","embeddable":true,"href":"https:\/\/www.v-label.com\/pl\/wp-json\/wp\/v2\/tags?post=8160"}],"curies":[{"name":"wp","href":"https:\/\/api.w.org\/{rel}","templated":true}]}}