{"id":8430,"date":"2022-05-30T16:16:01","date_gmt":"2022-05-30T14:16:01","guid":{"rendered":"https:\/\/www.v-label.com\/general-information\/"},"modified":"2023-03-08T11:48:26","modified_gmt":"2023-03-08T10:48:26","slug":"general-information","status":"publish","type":"page","link":"https:\/\/www.v-label.com\/pl\/general-information\/","title":{"rendered":"Informacje Og\u00f3lne"},"content":{"rendered":"\n<h2 class=\"has-text-align-center wp-block-heading\"><strong>Informacje dla konsument\u00f3w<\/strong><\/h2>\n\n\n\n<p>Jeste\u015b weganinem, wegetarianinem, fleksitarianem, redukujesz spo\u017cycie pokarmu pochodzenia zwierz\u0119cego, czy po prostu chcesz pog\u0142\u0119bi\u0107 swoj\u0105 wiedz\u0119? Jako, \u017ce odwiedzi\u0142e\u015b t\u0119 stron\u0119, prawdopodobnie chcesz sprawiedliwego, zr\u00f3wnowa\u017conego (i smacznego!) \u015bwiata. Jeste\u015bmy z Tob\u0105, a naszym sposobem, aby przyczyni\u0107 si\u0119 do realizacji tego scenariusza, jest rozpowszechnianie i u\u0142atwianie rozpoznawania produkt\u00f3w wega\u0144skich oraz wegetaria\u0144skich.<\/p>\n\n\n\n<p>V-Label to uznawana na ca\u0142ym \u015bwiecie etykieta wegetaria\u0144skich lub wega\u0144skich produkt\u00f3w jest sprzymierze\u0144cem w uczynieniu twojego \u017cycia bardziej opartym na produktach pochodzenia ro\u015blinnego i \u015bwiadomych zakupach.<\/p>\n\n\n\n<p>V-Label to prosty i \u0142atwy do zrozumienia codzienny przewodnik, kt\u00f3ry oszcz\u0119dza czas i pomaga w podejmowaniu decyzji. Podczas nast\u0119pnych zakup\u00f3w szukaj przyci\u0105gaj\u0105cego wzrok \u017c\u00f3\u0142tego logo: na pierwszy rzut oka dowiesz si\u0119, kt\u00f3re produkty s\u0105 sprawdzone i tym samym s\u0105 bezpiecznym wyborem!<\/p>\n\n\n\n<p><strong>Niezawodny i godny zaufania.<\/strong> Kupuj\u0105c produkt lub us\u0142ug\u0119 ze znakiem V-Label, mo\u017cesz polega\u0107 na uczciwych, znormalizowanych kryteriach maj\u0105cych mi\u0119dzynarodowe zastosowanie dla wega\u0144skich oraz wegetaria\u0144skich produkt\u00f3w. Nie musisz martwi\u0107 si\u0119 niejasnymi oznaczeniami na opakowaniach. V-Label za\u0142o\u017cony w 1996 roku w Szwajcarii, jest niekwestionowanym liderem rynku.<\/p>\n\n\n\n<div class=\"wp-block-buttons is-content-justification-center is-layout-flex wp-container-core-buttons-is-layout-16018d1d wp-block-buttons-is-layout-flex\">\n<div class=\"wp-block-button\"><a class=\"wp-block-button__link wp-element-button\" href=\"https:\/\/www.v-label.com\/pl\/general-information\/certified-products\/\"><strong>Certyfikowane produkty<\/strong><\/a><\/div>\n\n\n\n<div class=\"wp-block-button\"><a class=\"wp-block-button__link wp-element-button\" href=\"https:\/\/www.v-label.com\/pl\/report-a-misuse\/\"><strong>Zg\u0142o\u015b nadu\u017cycie<\/strong><\/a><\/div>\n<\/div>\n\n\n\n<h3 class=\"has-text-align-center wp-block-heading\"><strong><strong>Co wspieramy?<\/strong><\/strong><\/h3>\n\n\n\n<p>Kupuj\u0105c produkt lub us\u0142ug\u0119 \u015bwiadczon\u0105 przez V-Label masz pewno\u015b\u0107, \u017ce:<\/p>\n\n\n\n<ul class=\"wp-block-list\">\n<li>Je\u015bli produkt oznaczony jest jako wega\u0144ski, to na \u017cadnym etapie produkcji nie u\u017cyto sk\u0142adnik\u00f3w pochodzenia zwierz\u0119cego. Dotyczy to tak\u017ce dodatk\u00f3w, substancji pomocniczych i aromat\u00f3w. Kontrole nie ko\u0144cz\u0105 si\u0119 na li\u015bcie sk\u0142adnik\u00f3w, ale obejmuj\u0105 nawet substancje, kt\u00f3rych nie trzeba deklarowa\u0107 na opakowaniu jak biotechnologiczne po\u017cywki hodowlane czy substancje pomocnicze. Dzi\u0119ki temu mo\u017cesz mie\u0107 pewno\u015b\u0107, \u017ce sok jab\u0142kowy czy wino nie by\u0142y klarowane \u017celatyn\u0105, w procesie produkcji cukru nie u\u017cyto m\u0105czki kostnej, a chleb nie zawiera cysteiny ze \u015bwi\u0144skiej szczeciny.<\/li>\n\n\n\n<li>W przypadku produkt\u00f3w oznaczonych jako wegetaria\u0144skie, dozwolone s\u0105 tylko mleko, siara bydl\u0119ca, jaja z wy\u0142\u0105czeniem jaj z chowu klatkowego, mi\u00f3d, wosk pszczeli, propolis lub t\u0142uszcz z we\u0142ny \u017cywych owiec i produkty pochodne.<\/li>\n\n\n\n<li>Wszystkie etapy produkcji nale\u017cy zaprojektowa\u0107 w taki spos\u00f3b, aby niezamierzone \u015blady substancji niewega\u0144skich lub niewegetaria\u0144skich w produkcie ko\u0144cowym zosta\u0142y ograniczone do minimum.<\/li>\n\n\n\n<li>\u017badne testy na zwierz\u0119tach nie by\u0142y i nie b\u0119d\u0105 przeprowadzane w odniesieniu do produktu ko\u0144cowego, jak r\u00f3wnie\u017c dla poszczeg\u00f3lnych sk\u0142adnik\u00f3w, substancji pomocniczych i innych substancji u\u017cywanych do produkcji, je\u015bli zosta\u0142y opracowane dla produktu ko\u0144cowego.<\/li>\n<\/ul>\n\n\n\n<p>Doch\u00f3d z op\u0142at licencyjnych jest wykorzystywany g\u0142\u00f3wnie do finansowania organizacji pozarz\u0105dowych i projekt\u00f3w zajmuj\u0105cych si\u0119 prawami zwierz\u0105t oraz promocj\u0105 i edukacj\u0105 w ramach ro\u015blinnego od\u017cywiania.<\/p>\n\n\n\n<div class=\"wp-block-columns are-vertically-aligned-center is-layout-flex wp-container-core-columns-is-layout-9d6595d7 wp-block-columns-is-layout-flex\">\n<div class=\"wp-block-column is-vertically-aligned-center is-layout-flow wp-block-column-is-layout-flow\">\n<figure class=\"wp-block-image size-full\"><img decoding=\"async\" width=\"720\" height=\"497\" src=\"https:\/\/www.v-label.com\/wp-content\/uploads\/2022\/09\/b2b-info-page-2.webp\" alt=\"\" class=\"wp-image-879\" srcset=\"https:\/\/www.v-label.com\/wp-content\/uploads\/2022\/09\/b2b-info-page-2.webp 720w, https:\/\/www.v-label.com\/wp-content\/uploads\/2022\/09\/b2b-info-page-2-300x207.webp 300w\" sizes=\"(max-width: 720px) 100vw, 720px\" \/><\/figure>\n<\/div>\n\n\n\n<div class=\"wp-block-column is-vertically-aligned-center is-layout-flow wp-block-column-is-layout-flow\">\n<figure class=\"wp-block-image size-full\"><img decoding=\"async\" width=\"720\" height=\"482\" src=\"https:\/\/www.v-label.com\/wp-content\/uploads\/2022\/09\/b2b-info-page-1.webp\" alt=\"\" class=\"wp-image-876\" srcset=\"https:\/\/www.v-label.com\/wp-content\/uploads\/2022\/09\/b2b-info-page-1.webp 720w, https:\/\/www.v-label.com\/wp-content\/uploads\/2022\/09\/b2b-info-page-1-300x201.webp 300w\" sizes=\"(max-width: 720px) 100vw, 720px\" \/><\/figure>\n<\/div>\n\n\n\n<div class=\"wp-block-column is-vertically-aligned-center is-layout-flow wp-block-column-is-layout-flow\">\n<figure class=\"wp-block-image size-full\"><img decoding=\"async\" width=\"720\" height=\"482\" src=\"https:\/\/www.v-label.com\/wp-content\/uploads\/2022\/09\/b2b-info-page-3.webp\" alt=\"\" class=\"wp-image-860\" srcset=\"https:\/\/www.v-label.com\/wp-content\/uploads\/2022\/09\/b2b-info-page-3.webp 720w, https:\/\/www.v-label.com\/wp-content\/uploads\/2022\/09\/b2b-info-page-3-300x201.webp 300w\" sizes=\"(max-width: 720px) 100vw, 720px\" \/><\/figure>\n<\/div>\n<\/div>\n","protected":false},"excerpt":{"rendered":"<p>Informacje dla konsument\u00f3w Jeste\u015b weganinem, wegetarianinem, fleksitarianem, redukujesz spo\u017cycie pokarmu pochodzenia zwierz\u0119cego, czy po prostu chcesz pog\u0142\u0119bi\u0107 swoj\u0105 wiedz\u0119? Jako, \u017ce odwiedzi\u0142e\u015b t\u0119 stron\u0119, prawdopodobnie chcesz sprawiedliwego, zr\u00f3wnowa\u017conego (i smacznego!) \u015bwiata. Jeste\u015bmy z Tob\u0105, a naszym sposobem, aby przyczyni\u0107 si\u0119 do realizacji tego scenariusza, jest rozpowszechnianie i u\u0142atwianie rozpoznawania produkt\u00f3w wega\u0144skich oraz wegetaria\u0144skich. V-Label to [&hellip;]<\/p>\n","protected":false},"author":5,"featured_media":17182,"parent":0,"menu_order":0,"comment_status":"closed","ping_status":"closed","template":"","meta":{"_acf_changed":false,"_editorskit_title_hidden":false,"_editorskit_reading_time":0,"_editorskit_is_block_options_detached":false,"_editorskit_block_options_position":"{}","inline_featured_image":false,"_uag_custom_page_level_css":"","footnotes":""},"categories":[],"tags":[],"class_list":["post-8430","page","type-page","status-publish","has-post-thumbnail","hentry"],"acf":[],"uagb_featured_image_src":{"full":["https:\/\/www.v-label.com\/wp-content\/uploads\/2022\/12\/v-label-general-info-consumers.jpg",1280,738,false],"thumbnail":["https:\/\/www.v-label.com\/wp-content\/uploads\/2022\/12\/v-label-general-info-consumers-500x288.jpg",500,288,true],"medium":["https:\/\/www.v-label.com\/wp-content\/uploads\/2022\/12\/v-label-general-info-consumers-300x173.jpg",300,173,true],"medium_large":["https:\/\/www.v-label.com\/wp-content\/uploads\/2022\/12\/v-label-general-info-consumers-768x443.jpg",768,443,true],"large":["https:\/\/www.v-label.com\/wp-content\/uploads\/2022\/12\/v-label-general-info-consumers-1024x590.jpg",1024,590,true],"1536x1536":["https:\/\/www.v-label.com\/wp-content\/uploads\/2022\/12\/v-label-general-info-consumers.jpg",1280,738,false],"2048x2048":["https:\/\/www.v-label.com\/wp-content\/uploads\/2022\/12\/v-label-general-info-consumers.jpg",1280,738,false],"preview":["https:\/\/www.v-label.com\/wp-content\/uploads\/2022\/12\/v-label-general-info-consumers-904x720.jpg",904,720,true],"header":["https:\/\/www.v-label.com\/wp-content\/uploads\/2022\/12\/v-label-general-info-consumers-1280x720.jpg",1280,720,true],"gform-image-choice-sm":["https:\/\/www.v-label.com\/wp-content\/uploads\/2022\/12\/v-label-general-info-consumers.jpg",300,173,false],"gform-image-choice-md":["https:\/\/www.v-label.com\/wp-content\/uploads\/2022\/12\/v-label-general-info-consumers.jpg",400,231,false],"gform-image-choice-lg":["https:\/\/www.v-label.com\/wp-content\/uploads\/2022\/12\/v-label-general-info-consumers.jpg",600,346,false]},"uagb_author_info":{"display_name":"Can Aslan","author_link":"https:\/\/www.v-label.com\/pl"},"uagb_comment_info":0,"uagb_excerpt":"Informacje dla konsument\u00f3w Jeste\u015b weganinem, wegetarianinem, fleksitarianem, redukujesz spo\u017cycie pokarmu pochodzenia zwierz\u0119cego, czy po prostu chcesz pog\u0142\u0119bi\u0107 swoj\u0105 wiedz\u0119? Jako, \u017ce odwiedzi\u0142e\u015b t\u0119 stron\u0119, prawdopodobnie chcesz sprawiedliwego, zr\u00f3wnowa\u017conego (i smacznego!) \u015bwiata. Jeste\u015bmy z Tob\u0105, a naszym sposobem, aby przyczyni\u0107 si\u0119 do realizacji tego scenariusza, jest rozpowszechnianie i u\u0142atwianie rozpoznawania produkt\u00f3w wega\u0144skich oraz wegetaria\u0144skich. V-Label to&hellip;","_links":{"self":[{"href":"https:\/\/www.v-label.com\/pl\/wp-json\/wp\/v2\/pages\/8430","targetHints":{"allow":["GET"]}}],"collection":[{"href":"https:\/\/www.v-label.com\/pl\/wp-json\/wp\/v2\/pages"}],"about":[{"href":"https:\/\/www.v-label.com\/pl\/wp-json\/wp\/v2\/types\/page"}],"author":[{"embeddable":true,"href":"https:\/\/www.v-label.com\/pl\/wp-json\/wp\/v2\/users\/5"}],"replies":[{"embeddable":true,"href":"https:\/\/www.v-label.com\/pl\/wp-json\/wp\/v2\/comments?post=8430"}],"version-history":[{"count":8,"href":"https:\/\/www.v-label.com\/pl\/wp-json\/wp\/v2\/pages\/8430\/revisions"}],"predecessor-version":[{"id":50268,"href":"https:\/\/www.v-label.com\/pl\/wp-json\/wp\/v2\/pages\/8430\/revisions\/50268"}],"wp:featuredmedia":[{"embeddable":true,"href":"https:\/\/www.v-label.com\/pl\/wp-json\/wp\/v2\/media\/17182"}],"wp:attachment":[{"href":"https:\/\/www.v-label.com\/pl\/wp-json\/wp\/v2\/media?parent=8430"}],"wp:term":[{"taxonomy":"category","embeddable":true,"href":"https:\/\/www.v-label.com\/pl\/wp-json\/wp\/v2\/categories?post=8430"},{"taxonomy":"post_tag","embeddable":true,"href":"https:\/\/www.v-label.com\/pl\/wp-json\/wp\/v2\/tags?post=8430"}],"curies":[{"name":"wp","href":"https:\/\/api.w.org\/{rel}","templated":true}]}}