{"id":8522,"date":"2022-09-09T10:47:40","date_gmt":"2022-09-09T08:47:40","guid":{"rendered":"https:\/\/www.v-label.com\/general-information\/certified-products\/"},"modified":"2024-07-09T15:30:44","modified_gmt":"2024-07-09T13:30:44","slug":"certified-products","status":"publish","type":"page","link":"https:\/\/www.v-label.com\/pl\/general-information\/certified-products\/","title":{"rendered":"Certyfikowane Produkty"},"content":{"rendered":"\n<p>Jako, \u017ce produkcja \u017cywno\u015bci jest odpowiedzialna za jedn\u0105 czwart\u0105 \u015bwiatowej emisji gaz\u00f3w cieplarnianych a coraz wi\u0119cej os\u00f3b niepokoi si\u0119 zmianami klimatycznymi, ostatnie badania pokazuj\u0105, \u017ce je\u015bli chcesz zmniejszy\u0107 w\u0142asn\u0105 emisj\u0119 gaz\u00f3w cieplarnianych, powiniene\u015b<strong> skupi\u0107 si\u0119 na tym, co jesz, a nie sk\u0105d pochodzi twoja \u017cywno\u015b\u0107.<\/strong><a href=\"https:\/\/ourworldindata.org\/food-choice-vs-eating-local#licence\" target=\"_blank\" rel=\"noopener\"><sup>1<\/sup><\/a><\/p>\n\n\n\n<p>Mo\u017cesz, ale nie musisz by\u0107 100% weganinem, aby cieszy\u0107 si\u0119 rosn\u0105c\u0105 r\u00f3\u017cnorodno\u015bci\u0105 opcji ro\u015blinnych. Wega\u0144ska oraz wegetaria\u0144ska \u017cywno\u015b\u0107 jest zdrowa, syc\u0105ca, wygodna, \u0142atwa w przygotowaniu i apetycznie wygl\u0105daj\u0105ca. Poza wyborem etycznego i zr\u00f3wnowa\u017conego rozwoju to r\u00f3wnie\u017c wyraz w\u0142asnej to\u017csamo\u015bci.<\/p>\n\n\n\n<p>V-Label znajduje si\u0119 obecnie na ponad 70 000 produktach. Oto szeroki wyb\u00f3r certyfikowanych produkt\u00f3w, kt\u00f3re mog\u0105 by\u0107 inspiracj\u0105 podczas kolejnych zakup\u00f3w.<\/p>\n\n\n\n<h3 class=\"wp-block-heading has-text-align-center\"><strong>Spraw by tw\u00f3j zakup mia\u0142 znaczenie<\/strong><\/h3>\n\n\n\n<div class=\"wp-block-group alignwide is-content-justification-center is-nowrap is-layout-flex wp-container-core-group-is-layout-499140ed wp-block-group-is-layout-flex\">\n<figure class=\"wp-block-image size-thumbnail is-resized\"><img decoding=\"async\" width=\"500\" height=\"500\" src=\"https:\/\/www.v-label.com\/wp-content\/uploads\/2022\/07\/logo-vlabel-favicon-500x500.png\" alt=\"\" class=\"wp-image-331\" style=\"width:50px;height:50px\" srcset=\"https:\/\/www.v-label.com\/wp-content\/uploads\/2022\/07\/logo-vlabel-favicon-500x500.png 500w, https:\/\/www.v-label.com\/wp-content\/uploads\/2022\/07\/logo-vlabel-favicon-300x300.png 300w, https:\/\/www.v-label.com\/wp-content\/uploads\/2022\/07\/logo-vlabel-favicon-768x768.png 768w, https:\/\/www.v-label.com\/wp-content\/uploads\/2022\/07\/logo-vlabel-favicon.png 852w\" sizes=\"(max-width: 500px) 100vw, 500px\" \/><\/figure>\n<\/div>\n\n\n\n<div class=\"wp-block-columns is-layout-flex wp-container-core-columns-is-layout-9d6595d7 wp-block-columns-is-layout-flex\">\n<div class=\"wp-block-column is-layout-flow wp-block-column-is-layout-flow\">\n<figure class=\"wp-block-image size-medium\"><img decoding=\"async\" width=\"300\" height=\"200\" src=\"https:\/\/www.v-label.com\/wp-content\/uploads\/2022\/12\/meat-alternatives-1280-300x200.jpg\" alt=\"\" class=\"wp-image-17403\" srcset=\"https:\/\/www.v-label.com\/wp-content\/uploads\/2022\/12\/meat-alternatives-1280-300x200.jpg 300w, https:\/\/www.v-label.com\/wp-content\/uploads\/2022\/12\/meat-alternatives-1280-1024x682.jpg 1024w, https:\/\/www.v-label.com\/wp-content\/uploads\/2022\/12\/meat-alternatives-1280-500x333.jpg 500w, https:\/\/www.v-label.com\/wp-content\/uploads\/2022\/12\/meat-alternatives-1280-768x511.jpg 768w, https:\/\/www.v-label.com\/wp-content\/uploads\/2022\/12\/meat-alternatives-1280.jpg 1280w\" sizes=\"(max-width: 300px) 100vw, 300px\" \/><\/figure>\n\n\n\n<h2 class=\"wp-block-heading\"><a href=\"https:\/\/www.v-label.com\/pl\/general-information\/certified-products\/meat-alternatives\/\" data-type=\"page\" data-id=\"1016\"><strong>Alterntywy dla mi\u0119sa<\/strong><\/a><\/h2>\n\n\n\n<p>Prze\u0142om w zakresie sk\u0142adu, do\u0142\u0105czenie do  g\u0142\u00f3wnego nurtu sprzeda\u017cy i niesko\u0144czone mo\u017cliwo\u015bci rozwoju. To trzy powody, dla kt\u00f3rych alternatywy dla mi\u0119sa nie tylko odnotowuj\u0105 gwa\u0142towny wzrost, ale tak\u017ce przybli\u017caj\u0105 nowy spos\u00f3b od\u017cywiania w przysz\u0142o\u015bci. <\/p>\n<\/div>\n\n\n\n<div class=\"wp-block-column is-layout-flow wp-block-column-is-layout-flow\">\n<figure class=\"wp-block-image size-medium\"><img decoding=\"async\" width=\"300\" height=\"200\" src=\"https:\/\/www.v-label.com\/wp-content\/uploads\/2022\/12\/milk-alternatives-1280-300x200.jpg\" alt=\"\" class=\"wp-image-17886\" srcset=\"https:\/\/www.v-label.com\/wp-content\/uploads\/2022\/12\/milk-alternatives-1280-300x200.jpg 300w, https:\/\/www.v-label.com\/wp-content\/uploads\/2022\/12\/milk-alternatives-1280-1024x682.jpg 1024w, https:\/\/www.v-label.com\/wp-content\/uploads\/2022\/12\/milk-alternatives-1280-500x333.jpg 500w, https:\/\/www.v-label.com\/wp-content\/uploads\/2022\/12\/milk-alternatives-1280-768x512.jpg 768w, https:\/\/www.v-label.com\/wp-content\/uploads\/2022\/12\/milk-alternatives-1280.jpg 1280w\" sizes=\"(max-width: 300px) 100vw, 300px\" \/><\/figure>\n\n\n\n<h2 class=\"wp-block-heading\"><a href=\"https:\/\/www.v-label.com\/pl\/general-information\/certified-products\/dairy-alternatives\/\" data-type=\"page\" data-id=\"1325\"><strong>Alternatywy dla nabia\u0142u<\/strong><\/a><\/h2>\n\n\n\n<p>Przej\u015bcie z napoju sojowego na nap\u00f3j owsiany, migda\u0142owy i kokosowy by\u0142o dopiero pocz\u0105tkiem rewolucji ro\u015blinnej w mleczarstwie. Wybieraj wed\u0142ug w\u0142asnego uznania: jogurty w r\u00f3\u017cnych wariantach, od greckich po pitne. Pyszne ro\u015blinne lody, mas\u0142a, serki kanapkowe oraz ser w plasterkach!<\/p>\n<\/div>\n\n\n\n<div class=\"wp-block-column is-layout-flow wp-block-column-is-layout-flow\">\n<figure class=\"wp-block-image size-medium\"><img decoding=\"async\" width=\"300\" height=\"200\" src=\"https:\/\/www.v-label.com\/wp-content\/uploads\/2022\/12\/ready-meals-1280-300x200.jpg\" alt=\"\" class=\"wp-image-17223\" srcset=\"https:\/\/www.v-label.com\/wp-content\/uploads\/2022\/12\/ready-meals-1280-300x200.jpg 300w, https:\/\/www.v-label.com\/wp-content\/uploads\/2022\/12\/ready-meals-1280-1024x682.jpg 1024w, https:\/\/www.v-label.com\/wp-content\/uploads\/2022\/12\/ready-meals-1280-500x333.jpg 500w, https:\/\/www.v-label.com\/wp-content\/uploads\/2022\/12\/ready-meals-1280-768x511.jpg 768w, https:\/\/www.v-label.com\/wp-content\/uploads\/2022\/12\/ready-meals-1280.jpg 1280w\" sizes=\"(max-width: 300px) 100vw, 300px\" \/><\/figure>\n\n\n\n<h2 class=\"wp-block-heading\"><a id=\"1327\" href=\"https:\/\/www.v-label.com\/pl\/general-information\/certified-products\/ready-made-meals\/\" class=\"ek-link\"><strong>Gotowe posi\u0142ki<\/strong><\/a><a id=\"1327\" href=\"https:\/\/www.v-label.com\/pl\/general-information\/certified-products\/ready-made-meals\/\" class=\"ek-link\"><strong> <\/strong><\/a><a id=\"1327\" href=\"https:\/\/www.v-label.com\/pl\/general-information\/certified-products\/ready-made-meals\/\" class=\"ek-link\"><strong>i<\/strong><\/a><a id=\"1327\" href=\"https:\/\/www.v-label.com\/pl\/general-information\/certified-products\/ready-made-meals\/\" class=\"ek-link\"><strong> <\/strong><\/a><a id=\"1327\" href=\"https:\/\/www.v-label.com\/pl\/general-information\/certified-products\/ready-made-meals\/\" class=\"ek-link\"><strong>d<\/strong><\/a><a id=\"1327\" href=\"https:\/\/www.v-label.com\/pl\/general-information\/certified-products\/ready-made-meals\/\" class=\"ek-link\"><strong>o<\/strong><\/a><a id=\"1327\" href=\"https:\/\/www.v-label.com\/pl\/general-information\/certified-products\/ready-made-meals\/\" class=\"ek-link\"><strong>d<\/strong><\/a><a id=\"1327\" href=\"https:\/\/www.v-label.com\/pl\/general-information\/certified-products\/ready-made-meals\/\" class=\"ek-link\"><strong>a<\/strong><\/a><a id=\"1327\" href=\"https:\/\/www.v-label.com\/pl\/general-information\/certified-products\/ready-made-meals\/\" class=\"ek-link\"><strong>t<\/strong><\/a><a id=\"1327\" href=\"https:\/\/www.v-label.com\/pl\/general-information\/certified-products\/ready-made-meals\/\" class=\"ek-link\"><strong>k<\/strong><\/a><a href=\"https:\/\/www.v-label.com\/pl\/general-information\/certified-products\/ready-made-meals\/\" id=\"1327\" class=\"ek-link\"><strong>i<\/strong><\/a><\/h2>\n\n\n\n<p>Lunch w drodze nie musi ju\u017c by\u0107 nudny. Zdrowe, smaczne i ro\u015blinne to motto wi\u0119kszo\u015bci g\u0142\u00f3wnych sprzedawc\u00f3w detalicznych, kt\u00f3rzy zape\u0142niaj\u0105 sekcje mro\u017conek ro\u015blinn\u0105 pizz\u0105 i oferuj\u0105 szeroki wachlarz wyboru, od gotowych zup dahl po chilli sin carne.<\/p>\n<\/div>\n<\/div>\n\n\n\n<div class=\"wp-block-columns is-layout-flex wp-container-core-columns-is-layout-9d6595d7 wp-block-columns-is-layout-flex\">\n<div class=\"wp-block-column is-layout-flow wp-block-column-is-layout-flow\">\n<figure class=\"wp-block-image size-medium\"><img decoding=\"async\" width=\"300\" height=\"200\" src=\"https:\/\/www.v-label.com\/wp-content\/uploads\/2022\/12\/sweets-1280-300x200.jpg\" alt=\"\" class=\"wp-image-17323\" srcset=\"https:\/\/www.v-label.com\/wp-content\/uploads\/2022\/12\/sweets-1280-300x200.jpg 300w, https:\/\/www.v-label.com\/wp-content\/uploads\/2022\/12\/sweets-1280-1024x682.jpg 1024w, https:\/\/www.v-label.com\/wp-content\/uploads\/2022\/12\/sweets-1280-500x333.jpg 500w, https:\/\/www.v-label.com\/wp-content\/uploads\/2022\/12\/sweets-1280-768x512.jpg 768w, https:\/\/www.v-label.com\/wp-content\/uploads\/2022\/12\/sweets-1280.jpg 1280w\" sizes=\"(max-width: 300px) 100vw, 300px\" \/><\/figure>\n\n\n\n<h2 class=\"wp-block-heading\"><a id=\"1329\" href=\"https:\/\/www.v-label.com\/pl\/general-information\/certified-products\/sweets\/\" class=\"ek-link\"><strong>S\u0142odycze<\/strong><\/a><\/h2>\n\n\n\n<p>Sprawd\u017a, czy Twoje ulubione przek\u0105ski s\u0105 naprawd\u0119 wegetaria\u0144skie czy wega\u0144skie i zaopatrz swoj\u0105 spi\u017carni\u0119 w ro\u015blinn\u0105 czekolad\u0119, ciastka, chipsy i batony! Warty uwagi jest tak\u017ce rynek wypiek\u00f3w, na kt\u00f3rym wega\u0144skie ciasta, rogaliki, a nawet paszteciki s\u0105 niez\u0142\u0105 gratk\u0105.<\/p>\n<\/div>\n\n\n\n<div class=\"wp-block-column is-layout-flow wp-block-column-is-layout-flow\">\n<figure class=\"wp-block-image size-medium\"><img decoding=\"async\" width=\"300\" height=\"200\" src=\"https:\/\/www.v-label.com\/wp-content\/uploads\/2022\/12\/beverages-1280-300x200.jpg\" alt=\"\" class=\"wp-image-17303\" srcset=\"https:\/\/www.v-label.com\/wp-content\/uploads\/2022\/12\/beverages-1280-300x200.jpg 300w, https:\/\/www.v-label.com\/wp-content\/uploads\/2022\/12\/beverages-1280-1024x682.jpg 1024w, https:\/\/www.v-label.com\/wp-content\/uploads\/2022\/12\/beverages-1280-500x333.jpg 500w, https:\/\/www.v-label.com\/wp-content\/uploads\/2022\/12\/beverages-1280-768x512.jpg 768w, https:\/\/www.v-label.com\/wp-content\/uploads\/2022\/12\/beverages-1280.jpg 1280w\" sizes=\"(max-width: 300px) 100vw, 300px\" \/><\/figure>\n\n\n\n<h2 class=\"wp-block-heading\"><a href=\"https:\/\/www.v-label.com\/pl\/general-information\/certified-products\/beverages\/\" data-type=\"page\" data-id=\"1331\"><strong>Napoje<\/strong><\/a><\/h2>\n\n\n\n<p>Uwa\u017caj na ukryte sk\u0142adniki pochodzenia zwierz\u0119cego w Twoim ulubionym napoju. Dowiedz si\u0119, kt\u00f3re soki nie zawieraj\u0105 niewega\u0144skiej witaminy D3, kt\u00f3re wina nie s\u0105 filtrowane przez bia\u0142ka zwierz\u0119ce i upewnij si\u0119, \u017ce Tw\u00f3j nap\u00f3j gazowany jest w 100% pochodzenia ro\u015blinnego.<\/p>\n<\/div>\n\n\n\n<div class=\"wp-block-column is-layout-flow wp-block-column-is-layout-flow\">\n<figure class=\"wp-block-image size-medium\"><img decoding=\"async\" width=\"300\" height=\"203\" src=\"https:\/\/www.v-label.com\/wp-content\/uploads\/2022\/12\/cosmetics-1280-300x203.jpg\" alt=\"\" class=\"wp-image-17283\" srcset=\"https:\/\/www.v-label.com\/wp-content\/uploads\/2022\/12\/cosmetics-1280-300x203.jpg 300w, https:\/\/www.v-label.com\/wp-content\/uploads\/2022\/12\/cosmetics-1280-1024x694.jpg 1024w, https:\/\/www.v-label.com\/wp-content\/uploads\/2022\/12\/cosmetics-1280-500x339.jpg 500w, https:\/\/www.v-label.com\/wp-content\/uploads\/2022\/12\/cosmetics-1280-768x521.jpg 768w, https:\/\/www.v-label.com\/wp-content\/uploads\/2022\/12\/cosmetics-1280.jpg 1280w\" sizes=\"(max-width: 300px) 100vw, 300px\" \/><\/figure>\n\n\n\n<h2 class=\"wp-block-heading\"><a href=\"https:\/\/www.v-label.com\/pl\/general-information\/certified-products\/cosmetics\/\" data-type=\"page\" data-id=\"1333\"><strong>Kosmetyki<\/strong><\/a><\/h2>\n\n\n\n<p>Zacznij swoj\u0105 codzienn\u0105 piel\u0119gnacj\u0119 w oparciu o nasz\u0105 ofert\u0119 wega\u0144skich produkt\u00f3w do piel\u0119gnacji w\u0142os\u00f3w i cia\u0142a. Od balsam\u00f3w po tusze do rz\u0119s &#8211; wybieraj spo\u015br\u00f3d marek wykorzystuj\u0105cych wy\u0142\u0105cznie sk\u0142adniki mineralne lub ro\u015blinne.<\/p>\n<\/div>\n<\/div>\n\n\n\n<div class=\"wp-block-columns is-layout-flex wp-container-core-columns-is-layout-9d6595d7 wp-block-columns-is-layout-flex\">\n<div class=\"wp-block-column is-layout-flow wp-block-column-is-layout-flow\">\n<figure class=\"wp-block-image size-full\"><img decoding=\"async\" width=\"1280\" height=\"854\" src=\"https:\/\/www.v-label.com\/wp-content\/uploads\/2022\/12\/non-foods-1280.jpg\" alt=\"\" class=\"wp-image-17908\" srcset=\"https:\/\/www.v-label.com\/wp-content\/uploads\/2022\/12\/non-foods-1280.jpg 1280w, https:\/\/www.v-label.com\/wp-content\/uploads\/2022\/12\/non-foods-1280-300x200.jpg 300w, https:\/\/www.v-label.com\/wp-content\/uploads\/2022\/12\/non-foods-1280-1024x683.jpg 1024w, https:\/\/www.v-label.com\/wp-content\/uploads\/2022\/12\/non-foods-1280-500x334.jpg 500w, https:\/\/www.v-label.com\/wp-content\/uploads\/2022\/12\/non-foods-1280-768x512.jpg 768w\" sizes=\"(max-width: 1280px) 100vw, 1280px\" \/><\/figure>\n\n\n\n<h2 class=\"wp-block-heading\"><a href=\"https:\/\/www.v-label.com\/pl\/general-information\/certified-products\/non-food\/\" data-type=\"page\" data-id=\"1337\"><strong>Produkty niespo\u017cywcze<\/strong><\/a><\/h2>\n\n\n\n<p>Poszerz sw\u00f3j \u015bwiat dzi\u0119ki naszemu przewodnikowi po wega\u0144skich rozwi\u0105zaniach: od ksi\u0105\u017cek, kt\u00f3re czytasz, odzie\u017cy, tekstyli\u00f3w i po\u015bcieli.<\/p>\n<\/div>\n\n\n\n<div class=\"wp-block-column is-layout-flow wp-block-column-is-layout-flow\">\n<figure class=\"wp-block-image size-full\"><img decoding=\"async\" width=\"1280\" height=\"854\" src=\"https:\/\/www.v-label.com\/wp-content\/uploads\/2022\/12\/gastronomy-1280.jpg\" alt=\"\" class=\"wp-image-17866\" srcset=\"https:\/\/www.v-label.com\/wp-content\/uploads\/2022\/12\/gastronomy-1280.jpg 1280w, https:\/\/www.v-label.com\/wp-content\/uploads\/2022\/12\/gastronomy-1280-300x200.jpg 300w, https:\/\/www.v-label.com\/wp-content\/uploads\/2022\/12\/gastronomy-1280-1024x683.jpg 1024w, https:\/\/www.v-label.com\/wp-content\/uploads\/2022\/12\/gastronomy-1280-500x334.jpg 500w, https:\/\/www.v-label.com\/wp-content\/uploads\/2022\/12\/gastronomy-1280-768x512.jpg 768w\" sizes=\"(max-width: 1280px) 100vw, 1280px\" \/><\/figure>\n\n\n\n<h2 class=\"wp-block-heading\"><a href=\"https:\/\/www.v-label.com\/pl\/general-information\/certified-products\/gastronomy\/\" data-type=\"page\" data-id=\"1339\"><strong>Gastronomia<\/strong><\/a><\/h2>\n\n\n\n<p>Wyjd\u017a na miasto bez obaw: powiemy Ci, kt\u00f3re restauracje, bistra i kawiarnie opieraj\u0105 si\u0119 na produktach ro\u015blinnych (i kt\u00f3re odwiedzi\u0107!) oraz dok\u0105d podr\u00f3\u017cowa\u0107, aby znale\u017a\u0107 wega\u0144ski hotel lub prze\u017cycia. Pomo\u017cemy Ci znale\u017a\u0107 ro\u015blinny lub wegetaria\u0144ski catering.<\/p>\n<\/div>\n\n\n\n<div class=\"wp-block-column is-layout-flow wp-block-column-is-layout-flow\">\n<figure class=\"wp-block-image size-full\"><img decoding=\"async\" width=\"300\" height=\"200\" src=\"https:\/\/www.v-label.com\/wp-content\/uploads\/2023\/03\/suple.jpg\" alt=\"\" class=\"wp-image-52713\"\/><\/figure>\n\n\n\n<h2 class=\"wp-block-heading\"><a href=\"https:\/\/www.v-label.com\/pl\/general-information\/certified-products\/zdrowie\" class=\"ek-link\"><strong>Zdrowie<\/strong><\/a><\/h2>\n\n\n\n<p>Poznaj firmy posiadaj\u0105ce w ofercie wega\u0144skie suplementy. Bogate w witaminy mieszanki, olejki CBD i wiele innych.<\/p>\n<\/div>\n<\/div>\n","protected":false},"excerpt":{"rendered":"<p>Jako, \u017ce produkcja \u017cywno\u015bci jest odpowiedzialna za jedn\u0105 czwart\u0105 \u015bwiatowej emisji gaz\u00f3w cieplarnianych a coraz wi\u0119cej os\u00f3b niepokoi si\u0119 zmianami klimatycznymi, ostatnie badania pokazuj\u0105, \u017ce je\u015bli chcesz zmniejszy\u0107 w\u0142asn\u0105 emisj\u0119 gaz\u00f3w cieplarnianych, powiniene\u015b skupi\u0107 si\u0119 na tym, co jesz, a nie sk\u0105d pochodzi twoja \u017cywno\u015b\u0107.1 Mo\u017cesz, ale nie musisz by\u0107 100% weganinem, aby cieszy\u0107 si\u0119 [&hellip;]<\/p>\n","protected":false},"author":5,"featured_media":17203,"parent":8430,"menu_order":0,"comment_status":"closed","ping_status":"closed","template":"","meta":{"_acf_changed":false,"_editorskit_title_hidden":false,"_editorskit_reading_time":2,"_editorskit_is_block_options_detached":false,"_editorskit_block_options_position":"{}","inline_featured_image":false,"_uag_custom_page_level_css":"","footnotes":""},"categories":[],"tags":[],"class_list":["post-8522","page","type-page","status-publish","has-post-thumbnail","hentry"],"acf":[],"uagb_featured_image_src":{"full":["https:\/\/www.v-label.com\/wp-content\/uploads\/2022\/12\/v-label-cert-products.jpg",2000,1339,false],"thumbnail":["https:\/\/www.v-label.com\/wp-content\/uploads\/2022\/12\/v-label-cert-products-500x335.jpg",500,335,true],"medium":["https:\/\/www.v-label.com\/wp-content\/uploads\/2022\/12\/v-label-cert-products-300x201.jpg",300,201,true],"medium_large":["https:\/\/www.v-label.com\/wp-content\/uploads\/2022\/12\/v-label-cert-products-768x514.jpg",768,514,true],"large":["https:\/\/www.v-label.com\/wp-content\/uploads\/2022\/12\/v-label-cert-products-1024x686.jpg",1024,686,true],"1536x1536":["https:\/\/www.v-label.com\/wp-content\/uploads\/2022\/12\/v-label-cert-products-1536x1028.jpg",1536,1028,true],"2048x2048":["https:\/\/www.v-label.com\/wp-content\/uploads\/2022\/12\/v-label-cert-products.jpg",2000,1339,false],"preview":["https:\/\/www.v-label.com\/wp-content\/uploads\/2022\/12\/v-label-cert-products-904x720.jpg",904,720,true],"header":["https:\/\/www.v-label.com\/wp-content\/uploads\/2022\/12\/v-label-cert-products-2000x720.jpg",2000,720,true],"gform-image-choice-sm":["https:\/\/www.v-label.com\/wp-content\/uploads\/2022\/12\/v-label-cert-products.jpg",300,201,false],"gform-image-choice-md":["https:\/\/www.v-label.com\/wp-content\/uploads\/2022\/12\/v-label-cert-products.jpg",400,268,false],"gform-image-choice-lg":["https:\/\/www.v-label.com\/wp-content\/uploads\/2022\/12\/v-label-cert-products.jpg",600,402,false]},"uagb_author_info":{"display_name":"Can Aslan","author_link":"https:\/\/www.v-label.com\/pl"},"uagb_comment_info":0,"uagb_excerpt":"Jako, \u017ce produkcja \u017cywno\u015bci jest odpowiedzialna za jedn\u0105 czwart\u0105 \u015bwiatowej emisji gaz\u00f3w cieplarnianych a coraz wi\u0119cej os\u00f3b niepokoi si\u0119 zmianami klimatycznymi, ostatnie badania pokazuj\u0105, \u017ce je\u015bli chcesz zmniejszy\u0107 w\u0142asn\u0105 emisj\u0119 gaz\u00f3w cieplarnianych, powiniene\u015b skupi\u0107 si\u0119 na tym, co jesz, a nie sk\u0105d pochodzi twoja \u017cywno\u015b\u0107.1 Mo\u017cesz, ale nie musisz by\u0107 100% weganinem, aby cieszy\u0107 si\u0119&hellip;","_links":{"self":[{"href":"https:\/\/www.v-label.com\/pl\/wp-json\/wp\/v2\/pages\/8522","targetHints":{"allow":["GET"]}}],"collection":[{"href":"https:\/\/www.v-label.com\/pl\/wp-json\/wp\/v2\/pages"}],"about":[{"href":"https:\/\/www.v-label.com\/pl\/wp-json\/wp\/v2\/types\/page"}],"author":[{"embeddable":true,"href":"https:\/\/www.v-label.com\/pl\/wp-json\/wp\/v2\/users\/5"}],"replies":[{"embeddable":true,"href":"https:\/\/www.v-label.com\/pl\/wp-json\/wp\/v2\/comments?post=8522"}],"version-history":[{"count":16,"href":"https:\/\/www.v-label.com\/pl\/wp-json\/wp\/v2\/pages\/8522\/revisions"}],"predecessor-version":[{"id":83913,"href":"https:\/\/www.v-label.com\/pl\/wp-json\/wp\/v2\/pages\/8522\/revisions\/83913"}],"up":[{"embeddable":true,"href":"https:\/\/www.v-label.com\/pl\/wp-json\/wp\/v2\/pages\/8430"}],"wp:featuredmedia":[{"embeddable":true,"href":"https:\/\/www.v-label.com\/pl\/wp-json\/wp\/v2\/media\/17203"}],"wp:attachment":[{"href":"https:\/\/www.v-label.com\/pl\/wp-json\/wp\/v2\/media?parent=8522"}],"wp:term":[{"taxonomy":"category","embeddable":true,"href":"https:\/\/www.v-label.com\/pl\/wp-json\/wp\/v2\/categories?post=8522"},{"taxonomy":"post_tag","embeddable":true,"href":"https:\/\/www.v-label.com\/pl\/wp-json\/wp\/v2\/tags?post=8522"}],"curies":[{"name":"wp","href":"https:\/\/api.w.org\/{rel}","templated":true}]}}