{"id":8630,"date":"2022-05-30T16:16:08","date_gmt":"2022-05-30T14:16:08","guid":{"rendered":"https:\/\/www.v-label.com\/faqs\/"},"modified":"2023-01-23T10:03:46","modified_gmt":"2023-01-23T09:03:46","slug":"faqs","status":"publish","type":"page","link":"https:\/\/www.v-label.com\/pl\/faqs\/","title":{"rendered":"FAQ"},"content":{"rendered":"\n<h3 class=\"has-text-align-center wp-block-heading\">Znajd\u017a odpowiedzi na niekt\u00f3re pytania dotycz\u0105ce V-Label.<\/h3>\n\n\n\r\n<section id=\"accordion-block_e0783efeb9d5bfa33f33ef947f0344db\" class=\"wp-block-accordion\">\r\n\t\t\t<button class=\"toggle_open\" id=\"button_toggle\">Expand all<\/button>\r\n\t\t<ul class=\"posts_list_accordion\">\r\n\t\t\t\t\t\t\t<li>\r\n\t\t\t\t\t\t\t\t\t\t\t\t\t\t\t\t\t<h4 id=\"\">Jakie korzy\u015bci daje V-Label w por\u00f3wnaniu z innymi &quot;wege&quot; znakami jako\u015bci?<i class=\"icon-angle-down\"><\/i><\/h4>\r\n\t\t\t\t\t\t\t\t\t\t\t\t\t\t\t\t<div class=\"accordion_text\"><p>Wiele przedsi\u0119biorstw i producent\u00f3w stosuje dla swoich produkt\u00f3w samodzielnie stworzone znaki maj\u0105ce podkre\u015bli\u0107 jako\u015b\u0107 produktu. Na podstawie w\u0142asnej wiedzy tworz\u0105 w\u0142asne kryteria dla produkt\u00f3w przeznaczonych dla wegetarian i wegan. Kryteria te jednak w zwi\u0105zku z brakiem jednoznacznej definicji wegetarianizmu i weganizmu w r\u00f3\u017cnych przedsi\u0119biorstwach mog\u0105 nie by\u0107 jednorodne. To co jest uznane za wega\u0144skie lub wegetaria\u0144skie dla jednego przedsi\u0119biorstwa mo\u017ce nie by\u0107 uwzgl\u0119dniane przez inne przedsi\u0119biorstwo. Brak wiedzy dotycz\u0105cej poszczeg\u00f3lnych sk\u0142adnik\u00f3w \u017cywno\u015bci, dodatk\u00f3w do \u017cywno\u015bci, oraz istotnych element\u00f3w samego procesu produkcji tego typu \u017cywno\u015bci sprzyja b\u0142\u0119dnemu oznaczaniu \u017cywno\u015bci dla wegan i wegetarian. Znaki nadawane przez w\u0142a\u015bcicieli przedsi\u0119biorstw w\u0142asnym produktom, nie podlegaj\u0105 kontroli przez niezale\u017cne instytucje. Konsument w takiej sytuacji musi wi\u0119c opiera\u0107 si\u0119 wy\u0142\u0105cznie na deklaracji producenta w ocenie czysto\u015bci danego produktu, pod wzgl\u0119dem obecno\u015bci sk\u0142adnik\u00f3w pochodzenia zwierz\u0119cego. Sytuacja ta spowodowa\u0142a, \u017ce konsumenci coraz cz\u0119\u015bciej zacz\u0119li jasno deklarowa\u0107 potrzeb\u0119 oznakowania produkt\u00f3w dla wegetarian i wegan jasnymi, jednorodnymi i rzetelnymi oznaczeniami niezwi\u0105zanymi bezpo\u015brednio z danym producentem.<\/p>\n<p>Do dzi\u015b nie istnieje na rynku europejskim prawnie wi\u0105\u017c\u0105ca definicja poj\u0119\u0107 \u201ewega\u0144skie\u201d i \u201ewegetaria\u0144skie\u201d. Obecnie klarowno\u015b\u0107 oznakowania wega\u0144skich i wegetaria\u0144skich produkt\u00f3w oferuje dzi\u0119ki jednolitym kryteriom znak V-Label. Umo\u017cliwia on producentom przeniesienie kontroli nad badaniem czysto\u015bci sk\u0142adu produkt\u00f3w i uzyskania gwarancji jako\u015bci oferowanych przez nich wega\u0144skich i wegetaria\u0144skich towar\u00f3w i us\u0142ug przez niezale\u017cn\u0105 od nich jednostk\u0119 zrzeszaj\u0105ca wiele stowarzysze\u0144 wega\u0144skich i wegetaria\u0144skich w Europie.<\/p>\n<p>Na rynku w Europie V-Label jest jedynym, niezale\u017cnym znakiem dla produkt\u00f3w wegetaria\u0144skich i wega\u0144skich o tak du\u017cym zasi\u0119gu terytorialnym i historii dzia\u0142alno\u015bci.<\/p>\n<\/div>\r\n\t\t\t\t\t\t\t\t\t<\/li>\r\n\t\t\t\t\t\t\t<li>\r\n\t\t\t\t\t\t\t\t\t\t\t\t\t\t\t\t\t<h4 id=\"\">Dlaczego nie wystarczy spojrzenie na list\u0119 sk\u0142adnik\u00f3w?<i class=\"icon-angle-down\"><\/i><\/h4>\r\n\t\t\t\t\t\t\t\t\t\t\t\t\t\t\t\t<div class=\"accordion_text\"><p>Samo sprawdzenie sk\u0142adu produktu na etykiecie nie daje pe\u0142nej gwarancji, co do braku obecno\u015bci w produkcie sk\u0142adnik\u00f3w pochodzenia zwierz\u0119cego. Niekt\u00f3re sk\u0142adniki \u017cywno\u015bci na etykietach s\u0105 opisywane E-symbolami, kt\u00f3re dla wielu konsumentom s\u0105 trudne do rozpoznania. Z kolei inne sk\u0142adniki wymienione na etykiecie jedynie z nazwy jasno nie wskazuj\u0105 czy s\u0105 pochodzenia ro\u015blinnego, czy zwierz\u0119cego.<\/p>\n<p>Sk\u0142adniki i dodatki pochodzenia zwierz\u0119cego mog\u0105 kry\u0107 si\u0119 nie tylko na etykietach- pod symbolem E lub nieprecyzyjn\u0105 nazw\u0105, lecz mog\u0105 tak\u017ce wyst\u0119powa\u0107 na niekt\u00f3rych etapach procesu produkcji o czym przedsi\u0119biorca nie musi informowa\u0107 na opakowaniu. Pomocnicze substancje stosowane w procesie produkcji (z wy\u0142\u0105czeniem sytuacji gdy u\u017cyt\u0105 substancj\u0105 pomocnicz\u0105 jest substancja alergenna zgodnie z rozporz\u0105dzeniem UE nr 1169 \/2011) pochodzenia zwierz\u0119cego nie musz\u0105 by\u0107 wykazywane na li\u015bcie sk\u0142adnik\u00f3w, poniewa\u017c s\u0105 stosowane w przetwarzaniu wy\u0142\u0105cznie przej\u015bciowo na danym etapie procesu i nie wyst\u0119puj\u0105 w produkcie ko\u0144cowym lub wyst\u0119puj\u0105 w nim w \u015bladowych ilo\u015bciach. Ze wzgl\u0119du jednak, na fakt u\u017cycia sk\u0142adnik\u00f3w pochodzenia zwierz\u0119cego w procesie technologicznym, tego typu produkty zgodnie z kryteriami V-label nie zosta\u0142yby sklasyfikowane jako wega\u0144skie lub nawet wegetaria\u0144skie o ile pozyskanie tych sk\u0142adnik\u00f3w wi\u0105za\u0142oby si\u0119 ze \u015bmierci\u0105 lub cierpieniem zwierz\u0105t.<br \/>\nInnym zagro\u017ceniem dla konsumenta wybieraj\u0105cego wega\u0144skie lub wegetaria\u0144skie produkty s\u0105 zmiany w oryginalnej recepturze produktu, kt\u00f3re mog\u0105 prowadzi\u0107 do tego, \u017ce pierwotnie wega\u0144ski\/wegetaria\u0144ski produkt, niepostrze\u017cenie dla klienta zaczyna zawiera\u0107 odzwierz\u0119ce sk\u0142adniki.<br \/>\nSk\u0142ad produkt\u00f3w licencjonowanych przez V-Label jest po pierwsze sprawdzany na ka\u017cdym etapie produkcji- wszystkie sk\u0142adniki oraz dodatki u\u017cyte nawet przej\u015bciowo w procesie produkcji s\u0105 sprawdzane, ponadto o ka\u017cdej zmianie w procesie produkcji przedsi\u0119biorca ma obowi\u0105zek poinformowa\u0107 zesp\u00f3\u0142 ds. certyfikacji. V-Label jest wi\u0119c szybk\u0105 i pewn\u0105 pomoc\u0105, dzi\u0119ki kt\u00f3rej czytanie listy sk\u0142adnik\u00f3w w celu oceny zawarto\u015bci sk\u0142adnik\u00f3w pochodzenia zwierz\u0119cego jest zwyczajnie zb\u0119dne.<\/p>\n<p>Przyk\u0142ady substancji pomocniczych pochodzenia zwierz\u0119cego o kt\u00f3rych producent nie ma obowi\u0105zku<br \/>\ninformowania na etykiecie:<\/p>\n<ul>\n<li>\u017celatyna, (karuk otrzymywany z p\u0119cherzy rybich stosowany przy klarowaniu sok\u00f3w owocowych oraz win)<\/li>\n<li>L-cysteina (otrzymywana z pi\u00f3r lub pierza, stosowana jako dodatek ulepszaj\u0105cy przy produkcji pieczywa)<\/li>\n<li>kastoreum (wydzielina z gruczo\u0142\u00f3w sk\u00f3rnych bobra), pi\u017cmo i inne aromaty pochodzenia zwierz\u0119cego<\/li>\n<li>witamina D pozyskiwana z lanoliny z owczej we\u0142ny (martwych zwierz\u0105t)<\/li>\n<li>karmin pozyskiwany z czerwc\u00f3w grupy pluskwiak\u00f3w stosowany w przemy\u015ble jako barwnik,np. w napojach<\/li>\n<li>podpuszczka ekstrahowana z \u017co\u0142\u0105dk\u00f3w ciel\u0119cych, stosowana do produkcji sera<\/li>\n<li>szelak substancja pozyskiwana z wydzieliny owad\u00f3w stosowana np. do pokrycia dra\u017cetek<\/li>\n<\/ul>\n<\/div>\r\n\t\t\t\t\t\t\t\t\t<\/li>\r\n\t\t\t\t\t\t\t<li>\r\n\t\t\t\t\t\t\t\t\t\t\t\t\t\t\t\t\t<h4 id=\"\">Wed\u0142ug jakich kryteri\u00f3w produkty zostaj\u0105 oznaczone jako wega\u0144skie lub wegetaria\u0144skie znakiem V-label?<i class=\"icon-angle-down\"><\/i><\/h4>\r\n\t\t\t\t\t\t\t\t\t\t\t\t\t\t\t\t<div class=\"accordion_text\"><p>Definicja poj\u0119\u0107 \u201ewega\u0144ski\u201d i \u201ewegetaria\u0144ski\u201d, kt\u00f3ra jest podstaw\u0105 dla V-Label odpowiada propozycji definicji tych poj\u0119\u0107 z XII konferencji Ministra ochrony konsument\u00f3w (z dnia 22 kwietnia 2016).<\/p>\n<p><strong>Wegetaria\u0144skie<\/strong><\/p>\n<p>Wegetaria\u0144skie s\u0105 te produkty spo\u017cywcze, kt\u00f3re nie s\u0105 wytwarzane ze zwierz\u0105t czy te\u017c z cz\u0119\u015bci zwierz\u0105t z uwzgl\u0119dnieniem wszystkich etap\u00f3w produkcji i przetwarzania. Artyku\u0142y spo\u017cywcze i inne produkty, kt\u00f3re powstaj\u0105 przy pomocy \u017cywych zwierz\u0105t lub produkt\u00f3w odzwierz\u0119cych uznaje si\u0119 za wegetaria\u0144skie.<\/p>\n<p><strong>Wega\u0144skie<\/strong><\/p>\n<p>Wega\u0144skie s\u0105 te artyku\u0142y spo\u017cywcze i produkty, kt\u00f3re nie s\u0105 wytwarzane ze zwierz\u0105t czy te\u017c z cz\u0119\u015bci zwierz\u0105t na \u017cadnym etapie produkcji i przetwarzania. By zosta\u0142y one uznane za wega\u0144skie, nie mog\u0105 te\u017c powstawa\u0107 przy pomocy \u017cywych zwierz\u0105t i produkt\u00f3w pochodzenia zwierz\u0119cego. Zostaj\u0105 przy tym uwzgl\u0119dnione wszystkie etapy produkcji i przetwarzania.<\/p>\n<p><strong>Dodatkowe kryteria V-Label<\/strong><\/p>\n<p>Oznaczenie V-Label nie zostanie przyznane produktom, kt\u00f3re wykazuj\u0105 nast\u0119puj\u0105ce w\u0142a\u015bciwo\u015bci:<\/p>\n<ul>\n<li>Produkty kt\u00f3re opisane s\u0105 jako GMO (zawieraj\u0105 sk\u0142adniki genetycznie modyfikowane)<\/li>\n<li>Produkty, kt\u00f3re zawieraj\u0105 jaja z chowu klatkowego (\u0142\u0105cznie ze \u201dwzbogaconymi systemami klatkowymi\u201d i chowem w ma\u0142ych grupach)<\/li>\n<\/ul>\n<p><strong>Opakowanie<\/strong><\/p>\n<p>Oznakowanie V-Label nie wyklucza produkt\u00f3w, kt\u00f3rych opakowanie zawiera sk\u0142adniki pochodzenia zwierz\u0119cego. Zaleca si\u0119 jednak dobrowoln\u0105 rezygnacj\u0119 producent\u00f3w z tego typu rodzaj\u00f3w opakowa\u0144.<\/p>\n<p><strong>Nawo\u017cenie i uprawa<\/strong><\/p>\n<p>W procesie licencjonowania znakiem V-Label uwzgl\u0119dnia si\u0119 produkty i sk\u0142adniki od momentu zbioru.<br \/>\nNawo\u017cenie gruntu, na kt\u00f3rym uprawiane s\u0105 surowce u\u017cywane do produkcji, nie stanowi obszaru poddawanego analizie dla uzyskania V-Label. Zaleca si\u0119 jednak by preferowa\u0107 sk\u0142adniki pochodz\u0105ce z wega\u0144skich upraw oraz dobrowoln\u0105 rezygnacj\u0119 z odzwierz\u0119cych sk\u0142adnik\u00f3w nawoz\u00f3w.<\/p>\n<p><strong>&#8222;Produkt mo\u017ce zawiera\u0107&#8230;&#8221; \/ \u015aladowe ilo\u015bci i zanieczyszczenia<\/strong><\/p>\n<p>Umieszczenie na opakowaniu informacji o mo\u017cliwo\u015bci zanieczyszczenia produktu w procesie produkcyjnym innymi sk\u0142adnikami ni\u017c alergenami jest informacj\u0105 podawan\u0105 przez producenta dobrowolnie. Poprzez zamieszczenie tego typu informacji producent zabezpiecza si\u0119 przed prawnymi konsekwencjami w razie wyst\u0105pienia u konsumenta reakcji alergicznej na dany sk\u0142adnik. Informacja podana na opakowaniu o mo\u017cliwo\u015bci wyst\u0105pienia sk\u0142adnik\u00f3w odzwierz\u0119cych nie oznacza, \u017ce w ko\u0144cowym produkcie faktycznie s\u0105 zawarte te sk\u0142adniki. Ta informacja wskazuje tylko na mo\u017cliwo\u015b\u0107 zaistnienia ryzyka zanieczyszczenia w minimalnym zakresie i przy zachowaniu wszelkich niezb\u0119dnych \u015brodk\u00f3w zaradczych w tym zasad dobrej praktyki higienicznej i dobrej praktyki produkcyjnej maj\u0105cych m.in. na celu uniemo\u017cliwienie wyst\u0105pienia zanieczyszczenia.<\/p>\n<p>Produkty z informacj\u0105 o mo\u017cliwo\u015bci wyst\u0119powania sk\u0142adnik\u00f3w pochodzenia zwierz\u0119cego odpowiadaj\u0105 kryteriom V-Label, o ile podczas ca\u0142ego procesu wytwarzania sk\u0142adniki te, nie zosta\u0142y dodane celowo oraz proces produkcyjny zosta\u0142 tak zaplanowany i w ten spos\u00f3b przeprowadzony, aby zminimalizowa\u0107 ryzyko niezamierzonego zanieczyszczenie produktu przez niero\u015blinne sk\u0142adniki. Zanieczyszczenie odzwierz\u0119cymi sk\u0142adnikami w ko\u0144cowym produkcie wyra\u017cone jest jako suma wszystkich tego rodzaju sk\u0142adnik\u00f3w wyst\u0119puj\u0105cych w produkcie. Wed\u0142ug kryteri\u00f3w V-Label nie mo\u017ce wynosi\u0107 wi\u0119cej ni\u017c 0,1 % (1 g\/kg). Dla poszczeg\u00f3lnych grup produkt\u00f3w mog\u0105 obowi\u0105zywa\u0107 inne regulacje, opieraj\u0105ce si\u0119 na technicznie mo\u017cliwej do uzyskania granicy wykrywalno\u015bci.<\/p>\n<p><strong>Przyk\u0142ady<\/strong><\/p>\n<p>Oznakowanie V-Label nie zostaje przyznane produktom, kt\u00f3re zawieraj\u0105 nast\u0119puj\u0105ce sk\u0142adniki:<\/p>\n<ul>\n<li>produkty uboju<\/li>\n<li>t\u0142uszcze rybne, cz\u0119\u015bci ryb i innych zwierz\u0105t morskich<\/li>\n<li>aromaty pochodzenia zwierz\u0119cego (z wyj\u0105tkiem aromat\u00f3w na bazie mleka)<\/li>\n<li>inne jaja ni\u017c jaja drobiu (np. kawior)<\/li>\n<li>przetwory mleczne, w kt\u00f3rych u\u017cyto zwierz\u0119cej podpuszczki<\/li>\n<li>mleczko pszczele<\/li>\n<li>barwniki ze sk\u0142adnik\u00f3w zwierz\u0119cych (np. prawdziwy karmin)<\/li>\n<li>cukier wybielany w\u0119glem kostnym<\/li>\n<li>no\u015bniki i substancje pomocnicze uzyskane z produkt\u00f3w zwierz\u0119cych<\/li>\n<li>substancje klaruj\u0105ce pochodzenia zwierz\u0119cego (np. \u017celatyna, p\u0119cherz p\u0142awny).<\/li>\n<\/ul>\n<p>V-Label w kategorii \u201ewega\u0144skie\u201d zostaje przyznany tylko je\u015bli produkty s\u0105 ponadto wolne od produkt\u00f3w odzwierz\u0119cych takich jak np.:<\/p>\n<ul>\n<li>jaja<\/li>\n<li>mi\u00f3d<\/li>\n<li>przetwory mleczne<\/li>\n<li>wosk zwierz\u0119cy<\/li>\n<li>barwniki odzwierz\u0119ce<\/li>\n<li>no\u015bniki i substancje pomocnicze ze sk\u0142adnik\u00f3w odzwierz\u0119cych<\/li>\n<li>substancje klaruj\u0105ce ze sk\u0142adnik\u00f3w odzwierz\u0119cych (np. bia\u0142ko jajka)<\/li>\n<\/ul>\n<\/div>\r\n\t\t\t\t\t\t\t\t\t<\/li>\r\n\t\t\t\t\t\t\t<li>\r\n\t\t\t\t\t\t\t\t\t\t\t\t\t\t\t\t\t<h4 id=\"\">Na jakiej podstawie artyku\u0142y \u017cywno\u015bciowe s\u0105 klasyfikowane jako wega\u0144skie lub wegetaria\u0144skie?<i class=\"icon-angle-down\"><\/i><\/h4>\r\n\t\t\t\t\t\t\t\t\t\t\t\t\t\t\t\t<div class=\"accordion_text\"><p>Firmy, kt\u00f3re chc\u0105 uzyska\u0107 licencj\u0119 V-Label dla swoich produkt\u00f3w, musz\u0105 ujawni\u0107 przed licencjodawc\u0105 pe\u0142en sk\u0142ad tych produkt\u00f3w, proces produkcji oraz wszystkie zastosowane substancje pomocnicze. Na podstawie tych informacji oraz ewentualnie przeprowadzonej inspekcji zak\u0142adu produkcyjnego, produkty i artyku\u0142y \u017cywno\u015bciowe zostaj\u0105 sklasyfikowane jako wegetaria\u0144skie lub wega\u0144skie.<\/p>\n<\/div>\r\n\t\t\t\t\t\t\t\t\t<\/li>\r\n\t\t\t\t\t\t\t<li>\r\n\t\t\t\t\t\t\t\t\t\t\t\t\t\t\t\t\t<h4 id=\"\">Jak mo\u017cna stwierdzi\u0107, \u017ce producent spe\u0142nia wymagania V-Label?<i class=\"icon-angle-down\"><\/i><\/h4>\r\n\t\t\t\t\t\t\t\t\t\t\t\t\t\t\t\t<div class=\"accordion_text\"><p>V-Label zastrzega sobie prawo do podj\u0119cia dzia\u0142a\u0144 dla zapewnienia jako\u015bci produktu oraz zapewnienia wiarygodno\u015bci. Zmiany w recepturze albo procesie produkcyjnym artyku\u0142\u00f3w spo\u017cywczych i produkt\u00f3w oznaczonych V-Label musz\u0105 by\u0107 niezw\u0142ocznie zg\u0142aszane zespo\u0142owi V-Label. Po otrzymaniu takiej informacji zesp\u00f3\u0142 V-label podejmuje odpowiednie kroki w celu zapewnienia gwarancji jako\u015bci danego produktu.<\/p>\n<\/div>\r\n\t\t\t\t\t\t\t\t\t<\/li>\r\n\t\t\t\t\t\t\t<li>\r\n\t\t\t\t\t\t\t\t\t\t\t\t\t\t\t\t\t<h4 id=\"\">Kiedy oznakowanie symbolem V-Label nie ma sensu?<i class=\"icon-angle-down\"><\/i><\/h4>\r\n\t\t\t\t\t\t\t\t\t\t\t\t\t\t\t\t<div class=\"accordion_text\"><p>Nie dla wszystkich artyku\u0142\u00f3w spo\u017cywczych oznakowanie symbolem V-Label ma sens.<br \/>\nProdukty jednorodne takie jak herbaty, przyprawy, woda mineralna i surowe produkty jak nieprzetworzone warzywa, s\u0105 na og\u00f3\u0142 ro\u015blinne i nie musz\u0105 by\u0107 oznakowane. W odniesieniu do tego typu produkt\u00f3w, w przypadku kt\u00f3rych zak\u0142ada si\u0119, \u017ce wi\u0119kszo\u015b\u0107 por\u00f3wnywalnych artyku\u0142\u00f3w spo\u017cywczych zachowuje cechy odpowiednie dla produkt\u00f3w wegetaria\u0144skich b\u0105d\u017a wega\u0144skich, nie powinno mie\u0107 miejsca specjalne wyr\u00f3\u017cnienie ich pod tym wzgl\u0119dem w ramach reklamy i promocji danego artyku\u0142u. Nie jest to jednak przeszkoda w stosowaniu etykiety V- Label dla tego typu produkt\u00f3w z zastrze\u017ceniem, \u017ce symbolika V-Label nie powinna by\u0107 w\u00f3wczas wykorzystywana jako element szczeg\u00f3lnie wyr\u00f3\u017cniaj\u0105cy w promocji i reklamie danego artyku\u0142u. W handlu artyku\u0142ami spo\u017cywczymi zakaz reklamy w oparciu o oczywisto\u015b\u0107 jest \u015bci\u015ble powi\u0105zany z wynikaj\u0105cym z tego wprowadzaniem konsumenta w b\u0142\u0105d.<\/p>\n<\/div>\r\n\t\t\t\t\t\t\t\t\t<\/li>\r\n\t\t\t\t\t\t\t<li>\r\n\t\t\t\t\t\t\t\t\t\t\t\t\t\t\t\t\t<h4 id=\"\">Jakich koszt\u00f3w zwi\u0105zanych z licencjonowaniem V-Label mog\u0105 si\u0119 spodziewa\u0107 przedsi\u0119biorstwa?<i class=\"icon-angle-down\"><\/i><\/h4>\r\n\t\t\t\t\t\t\t\t\t\t\t\t\t\t\t\t<div class=\"accordion_text\"><p>Stosowanie symbolu V-Label wi\u0105\u017ce si\u0119 z roczn\u0105 op\u0142at\u0105 licencyjn\u0105 i jednorazow\u0105 op\u0142at\u0105 za kontrol\u0119.<\/p>\n<\/div>\r\n\t\t\t\t\t\t\t\t\t<\/li>\r\n\t\t\t\t\t\t\t<li>\r\n\t\t\t\t\t\t\t\t\t\t\t\t\t\t\t\t\t<h4 id=\"\">Ile czasu zajmuje wydanie licencji?<i class=\"icon-angle-down\"><\/i><\/h4>\r\n\t\t\t\t\t\t\t\t\t\t\t\t\t\t\t\t<div class=\"accordion_text\"><p>Proces nadawania licencji podzielony jest na 5 krok\u00f3w: Po pierwszym zapytaniu ze strony przedsi\u0119biorstwa nast\u0119puje przes\u0142anie oferty ze strony V-Label. Oferta konstruowana jest na podstawie danych uzyskanych od danej firmy. Po zaakceptowaniu przez przedsi\u0119biorstwo oferty, zesp\u00f3\u0142 V-Label przesy\u0142a dalsze wytyczne. S\u0105 to szczeg\u00f3\u0142owe informacj\u0119 o konieczno\u015bci dos\u0142ania dalszych dokument\u00f3w niezb\u0119dnych do oceny produktu. W przypadku gdy produkt spe\u0142nia wszystkie kryteria, producent jest o tym informowany i zostaje przes\u0142ana do niego umowa licencyjna. Po jej podpisaniu przez obie strony nast\u0119puj\u0119 przyznanie licencji V-Label. Ko\u0144cowym etapem jest zatwierdzenie projektu opakowania, a producent otrzymuje kopi\u0119 umowy oraz wymogi i specyfikacje dotycz\u0105ce stosowania znaku.<\/p>\n<p>W przypadku standardowego procesu licencjonowania nale\u017cy liczy\u0107 si\u0119 z 2 do 8 tygodniami okresu oczekiwania, a\u017c do ostatecznego zezwolenia na u\u017cywanie znaku V-Label. Mo\u017cliwe jest te\u017c nadawanie licencji w trybie pilnym. Wniosek jest wtedy traktowany priorytetowo, a jego sprawdzenie i proces weryfikacji nast\u0119puje w ci\u0105gu 10 dni roboczych od pierwszego zapytania.<\/p>\n<\/div>\r\n\t\t\t\t\t\t\t\t\t<\/li>\r\n\t\t\t\t\t\t\t<li>\r\n\t\t\t\t\t\t\t\t\t\t\t\t\t\t\t\t\t<h4 id=\"\">Jakie elementy umowy otrzymuje przedsi\u0119biorstwo?<i class=\"icon-angle-down\"><\/i><\/h4>\r\n\t\t\t\t\t\t\t\t\t\t\t\t\t\t\t\t<div class=\"accordion_text\"><p><strong>Data wa\u017cno\u015bci<\/strong><\/p>\n<p>Umowa licencyjna V-Label zawierana jest na 12 miesi\u0119cy. Umowa zostaje automatycznie przed\u0142u\u017cona, je\u015bli w okresie do 3 miesi\u0119cy przed up\u0142ywem terminu trwania umowy, nie zostanie ona pisemnie wypowiedziana.<\/p>\n<p><strong>Licencja<\/strong><\/p>\n<p>Po pozytywnym sfinalizowaniu procesu licencjonowania dla ka\u017cdego produktu zostaje wydany dokument licencyjny o odpowiedniej kategorii.<\/p>\n<\/div>\r\n\t\t\t\t\t\t\t\t\t<\/li>\r\n\t\t\t\t\t\t\t<li>\r\n\t\t\t\t\t\t\t\t\t\t\t\t\t\t\t\t\t<h4 id=\"\">Jakie informacje od przedsi\u0119biorstwa s\u0105 potrzebne do otrzymania licencji?<i class=\"icon-angle-down\"><\/i><\/h4>\r\n\t\t\t\t\t\t\t\t\t\t\t\t\t\t\t\t<div class=\"accordion_text\"><p>Do przygotowania oferty dla przedsi\u0119biorstwa, wymagane s\u0105 mi\u0119dzy innymi nast\u0119puj\u0105ce informacje:<\/p>\n<ul>\n<li>Roczny obr\u00f3t ca\u0142kowity przedsi\u0119biorstwa<\/li>\n<li>Liczba produkt\u00f3w, kt\u00f3re maj\u0105 otrzyma\u0107 licencj\u0119<\/li>\n<li>Obr\u00f3t netto z ostatnich 12 miesi\u0119cy dla produkt\u00f3w kt\u00f3re maj\u0105 otrzyma\u0107 licencj\u0119<\/li>\n<li>W przypadku nowych produkt\u00f3w: planowany obr\u00f3t netto w nadchodz\u0105cych 12 miesi\u0105cach<\/li>\n<li>Klienci produkt\u00f3w, kt\u00f3re maj\u0105 otrzyma\u0107 licencj\u0119 (sieci handlowe).<\/li>\n<\/ul>\n<\/div>\r\n\t\t\t\t\t\t\t\t\t<\/li>\r\n\t\t\t\t\t<\/ul>\r\n\t<\/section>","protected":false},"excerpt":{"rendered":"<p>Znajd\u017a odpowiedzi na niekt\u00f3re pytania dotycz\u0105ce V-Label.<\/p>\n","protected":false},"author":5,"featured_media":17162,"parent":0,"menu_order":0,"comment_status":"closed","ping_status":"closed","template":"","meta":{"_acf_changed":false,"_editorskit_title_hidden":false,"_editorskit_reading_time":0,"_editorskit_is_block_options_detached":false,"_editorskit_block_options_position":"{}","inline_featured_image":false,"_uag_custom_page_level_css":"","footnotes":""},"categories":[],"tags":[],"class_list":["post-8630","page","type-page","status-publish","has-post-thumbnail","hentry"],"acf":[],"uagb_featured_image_src":{"full":["https:\/\/www.v-label.com\/wp-content\/uploads\/2022\/12\/v-label-faqs.jpg",1280,743,false],"thumbnail":["https:\/\/www.v-label.com\/wp-content\/uploads\/2022\/12\/v-label-faqs-500x290.jpg",500,290,true],"medium":["https:\/\/www.v-label.com\/wp-content\/uploads\/2022\/12\/v-label-faqs-300x174.jpg",300,174,true],"medium_large":["https:\/\/www.v-label.com\/wp-content\/uploads\/2022\/12\/v-label-faqs-768x446.jpg",768,446,true],"large":["https:\/\/www.v-label.com\/wp-content\/uploads\/2022\/12\/v-label-faqs-1024x594.jpg",1024,594,true],"1536x1536":["https:\/\/www.v-label.com\/wp-content\/uploads\/2022\/12\/v-label-faqs.jpg",1280,743,false],"2048x2048":["https:\/\/www.v-label.com\/wp-content\/uploads\/2022\/12\/v-label-faqs.jpg",1280,743,false],"preview":["https:\/\/www.v-label.com\/wp-content\/uploads\/2022\/12\/v-label-faqs-904x720.jpg",904,720,true],"header":["https:\/\/www.v-label.com\/wp-content\/uploads\/2022\/12\/v-label-faqs-1280x720.jpg",1280,720,true],"gform-image-choice-sm":["https:\/\/www.v-label.com\/wp-content\/uploads\/2022\/12\/v-label-faqs.jpg",300,174,false],"gform-image-choice-md":["https:\/\/www.v-label.com\/wp-content\/uploads\/2022\/12\/v-label-faqs.jpg",400,232,false],"gform-image-choice-lg":["https:\/\/www.v-label.com\/wp-content\/uploads\/2022\/12\/v-label-faqs.jpg",600,348,false]},"uagb_author_info":{"display_name":"Can Aslan","author_link":"https:\/\/www.v-label.com\/pl"},"uagb_comment_info":0,"uagb_excerpt":"Znajd\u017a odpowiedzi na niekt\u00f3re pytania dotycz\u0105ce V-Label.","_links":{"self":[{"href":"https:\/\/www.v-label.com\/pl\/wp-json\/wp\/v2\/pages\/8630","targetHints":{"allow":["GET"]}}],"collection":[{"href":"https:\/\/www.v-label.com\/pl\/wp-json\/wp\/v2\/pages"}],"about":[{"href":"https:\/\/www.v-label.com\/pl\/wp-json\/wp\/v2\/types\/page"}],"author":[{"embeddable":true,"href":"https:\/\/www.v-label.com\/pl\/wp-json\/wp\/v2\/users\/5"}],"replies":[{"embeddable":true,"href":"https:\/\/www.v-label.com\/pl\/wp-json\/wp\/v2\/comments?post=8630"}],"version-history":[{"count":17,"href":"https:\/\/www.v-label.com\/pl\/wp-json\/wp\/v2\/pages\/8630\/revisions"}],"predecessor-version":[{"id":42846,"href":"https:\/\/www.v-label.com\/pl\/wp-json\/wp\/v2\/pages\/8630\/revisions\/42846"}],"wp:featuredmedia":[{"embeddable":true,"href":"https:\/\/www.v-label.com\/pl\/wp-json\/wp\/v2\/media\/17162"}],"wp:attachment":[{"href":"https:\/\/www.v-label.com\/pl\/wp-json\/wp\/v2\/media?parent=8630"}],"wp:term":[{"taxonomy":"category","embeddable":true,"href":"https:\/\/www.v-label.com\/pl\/wp-json\/wp\/v2\/categories?post=8630"},{"taxonomy":"post_tag","embeddable":true,"href":"https:\/\/www.v-label.com\/pl\/wp-json\/wp\/v2\/tags?post=8630"}],"curies":[{"name":"wp","href":"https:\/\/api.w.org\/{rel}","templated":true}]}}