{"id":9376,"date":"2022-05-30T16:56:50","date_gmt":"2022-05-30T14:56:50","guid":{"rendered":"https:\/\/www.v-label.com\/press-materials\/"},"modified":"2023-10-16T14:14:54","modified_gmt":"2023-10-16T12:14:54","slug":"press-materials","status":"publish","type":"page","link":"https:\/\/www.v-label.com\/pl\/press-materials\/","title":{"rendered":"Materia\u0142y prasowe"},"content":{"rendered":"\n<h3 class=\"wp-block-heading has-text-align-center\">Wykorzystaj nasz wyb\u00f3r obraz\u00f3w i logo zwi\u0105zanych z V-Label do swoich dzia\u0142a\u0144 medialnych.<\/h3>\n\n\n\n<h2 class=\"wp-block-heading has-text-align-center\">Wersje V-Label<\/h2>\n\n\n\n<div class=\"wp-block-columns is-layout-flex wp-container-core-columns-is-layout-9d6595d7 wp-block-columns-is-layout-flex\">\n<div class=\"wp-block-column is-layout-flow wp-block-column-is-layout-flow\">\n<section id=\"download-block_7a44fd86313014c26c04a617ddc9c9e6\" class=\"wp-block-download\">\n\t\t\t<div class=\"inner\">\n\t\t\t\t\t\t<a href=\"https:\/\/www.v-label.com\/wp-content\/uploads\/2022\/12\/v-label-vegan-color-1.png\" class=\"post_thumbnail\" download>\n\t\t\t\t<img decoding=\"async\" src=\"https:\/\/www.v-label.com\/wp-content\/uploads\/2022\/12\/v-label-vegan-color-1-375x500.png\" alt=\"V-Label Vegan\">\n\t\t\t<\/a>\n\t\t\t<h4>V-Label Vegan<\/h4>\n\t\t\t<p class=\"meta\">\n\t\t\t\tPNG, 61,06 KB\t\t\t<\/p>\n\t\t<\/div>\n\t\t<a href=\"https:\/\/www.v-label.com\/wp-content\/uploads\/2022\/12\/v-label-vegan-color-1.png\" download>\n\t\t\t<button class=\"wp-block-button__link\">Download<\/button>\n\t\t<\/a>\n\t<\/section><\/div>\n\n\n\n<div class=\"wp-block-column is-layout-flow wp-block-column-is-layout-flow\">\n<section id=\"download-block_93dff6d1da6720ba06b70f51201e9ca5\" class=\"wp-block-download\">\n\t\t\t<div class=\"inner\">\n\t\t\t\t\t\t<a href=\"https:\/\/www.v-label.com\/wp-content\/uploads\/2022\/12\/v-label-vegan-color.pdf\" class=\"post_thumbnail\" download>\n\t\t\t\t<img decoding=\"async\" src=\"https:\/\/www.v-label.com\/wp-content\/uploads\/2022\/12\/v-label-vegan-color-1-375x500.png\" alt=\"V-Label Vegan\">\n\t\t\t<\/a>\n\t\t\t<h4>V-Label Vegan<\/h4>\n\t\t\t<p class=\"meta\">\n\t\t\t\tPDF, 29,80 KB\t\t\t<\/p>\n\t\t<\/div>\n\t\t<a href=\"https:\/\/www.v-label.com\/wp-content\/uploads\/2022\/12\/v-label-vegan-color.pdf\" download>\n\t\t\t<button class=\"wp-block-button__link\">Download<\/button>\n\t\t<\/a>\n\t<\/section><\/div>\n\n\n\n<div class=\"wp-block-column is-layout-flow wp-block-column-is-layout-flow\">\n<section id=\"download-block_96773a9690610fee844455e33ffde941\" class=\"wp-block-download\">\n\t\t\t<div class=\"inner\">\n\t\t\t\t\t\t<a href=\"https:\/\/www.v-label.com\/wp-content\/uploads\/2022\/12\/v-label-vegan-color.eps\" class=\"post_thumbnail\" download>\n\t\t\t\t<img decoding=\"async\" src=\"https:\/\/www.v-label.com\/wp-content\/uploads\/2022\/12\/v-label-vegan-color-1-375x500.png\" alt=\"V-Label Vegan\">\n\t\t\t<\/a>\n\t\t\t<h4>V-Label Vegan<\/h4>\n\t\t\t<p class=\"meta\">\n\t\t\t\tEPS, 418,61 KB\t\t\t<\/p>\n\t\t<\/div>\n\t\t<a href=\"https:\/\/www.v-label.com\/wp-content\/uploads\/2022\/12\/v-label-vegan-color.eps\" download>\n\t\t\t<button class=\"wp-block-button__link\">Download<\/button>\n\t\t<\/a>\n\t<\/section><\/div>\n<\/div>\n\n\n\n<div class=\"wp-block-columns is-layout-flex wp-container-core-columns-is-layout-9d6595d7 wp-block-columns-is-layout-flex\">\n<div class=\"wp-block-column is-layout-flow wp-block-column-is-layout-flow\">\n<section id=\"download-block_dceecb2bb000a2e1d6af3f79f1bc6d9c\" class=\"wp-block-download\">\n\t\t\t<div class=\"inner\">\n\t\t\t\t\t\t<a href=\"https:\/\/www.v-label.com\/wp-content\/uploads\/2022\/12\/v-label-vegetarian-color-1.png\" class=\"post_thumbnail\" download>\n\t\t\t\t<img decoding=\"async\" src=\"https:\/\/www.v-label.com\/wp-content\/uploads\/2022\/12\/v-label-vegetarian-color-1-425x500.png\" alt=\"V-Label Vegetarian\">\n\t\t\t<\/a>\n\t\t\t<h4>V-Label Vegetarian<\/h4>\n\t\t\t<p class=\"meta\">\n\t\t\t\tPNG, 69,98 KB\t\t\t<\/p>\n\t\t<\/div>\n\t\t<a href=\"https:\/\/www.v-label.com\/wp-content\/uploads\/2022\/12\/v-label-vegetarian-color-1.png\" download>\n\t\t\t<button class=\"wp-block-button__link\">Download<\/button>\n\t\t<\/a>\n\t<\/section><\/div>\n\n\n\n<div class=\"wp-block-column is-layout-flow wp-block-column-is-layout-flow\">\n<section id=\"download-block_e6ec2c8c22b77b79ffee4102a248731b\" class=\"wp-block-download\">\n\t\t\t<div class=\"inner\">\n\t\t\t\t\t\t<a href=\"https:\/\/www.v-label.com\/wp-content\/uploads\/2022\/12\/v-label-vegetarian-color.pdf\" class=\"post_thumbnail\" download>\n\t\t\t\t<img decoding=\"async\" src=\"https:\/\/www.v-label.com\/wp-content\/uploads\/2022\/12\/v-label-vegetarian-color-1-425x500.png\" alt=\"V-Label Vegetarian\">\n\t\t\t<\/a>\n\t\t\t<h4>V-Label Vegetarian<\/h4>\n\t\t\t<p class=\"meta\">\n\t\t\t\tPDF, 30,17 KB\t\t\t<\/p>\n\t\t<\/div>\n\t\t<a href=\"https:\/\/www.v-label.com\/wp-content\/uploads\/2022\/12\/v-label-vegetarian-color.pdf\" download>\n\t\t\t<button class=\"wp-block-button__link\">Download<\/button>\n\t\t<\/a>\n\t<\/section><\/div>\n\n\n\n<div class=\"wp-block-column is-layout-flow wp-block-column-is-layout-flow\">\n<section id=\"download-block_2bcde7d5347bee17efa7d0db64618818\" class=\"wp-block-download\">\n\t\t\t<div class=\"inner\">\n\t\t\t\t\t\t<a href=\"https:\/\/www.v-label.com\/wp-content\/uploads\/2022\/12\/v-label-vegetarian-color.eps\" class=\"post_thumbnail\" download>\n\t\t\t\t<img decoding=\"async\" src=\"https:\/\/www.v-label.com\/wp-content\/uploads\/2022\/12\/v-label-vegetarian-color-1-425x500.png\" alt=\"V-Label Vegetarian\">\n\t\t\t<\/a>\n\t\t\t<h4>V-Label Vegetarian<\/h4>\n\t\t\t<p class=\"meta\">\n\t\t\t\tEPS, 420,68 KB\t\t\t<\/p>\n\t\t<\/div>\n\t\t<a href=\"https:\/\/www.v-label.com\/wp-content\/uploads\/2022\/12\/v-label-vegetarian-color.eps\" download>\n\t\t\t<button class=\"wp-block-button__link\">Download<\/button>\n\t\t<\/a>\n\t<\/section><\/div>\n<\/div>\n\n\n\n<div class=\"wp-block-columns is-layout-flex wp-container-core-columns-is-layout-9d6595d7 wp-block-columns-is-layout-flex\">\n<div class=\"wp-block-column is-layout-flow wp-block-column-is-layout-flow\">\n<section id=\"download-block_91e569dcc0b8bc018cd32d996aa76a4e\" class=\"wp-block-download\">\n\t\t\t<div class=\"inner\">\n\t\t\t\t\t\t<a href=\"https:\/\/www.v-label.com\/wp-content\/uploads\/2022\/12\/v-label-color-nocategory-2.png\" class=\"post_thumbnail\" download>\n\t\t\t\t<img decoding=\"async\" src=\"https:\/\/www.v-label.com\/wp-content\/uploads\/2022\/12\/v-label-color-nocategory-2-500x500.png\" alt=\"V-Label\">\n\t\t\t<\/a>\n\t\t\t<h4>V-Label<\/h4>\n\t\t\t<p class=\"meta\">\n\t\t\t\tPNG, 50,57 KB\t\t\t<\/p>\n\t\t<\/div>\n\t\t<a href=\"https:\/\/www.v-label.com\/wp-content\/uploads\/2022\/12\/v-label-color-nocategory-2.png\" download>\n\t\t\t<button class=\"wp-block-button__link\">Download<\/button>\n\t\t<\/a>\n\t<\/section><\/div>\n\n\n\n<div class=\"wp-block-column is-layout-flow wp-block-column-is-layout-flow\">\n<section id=\"download-block_4820511459261a2b44cedc2c5f60df65\" class=\"wp-block-download\">\n\t\t\t<div class=\"inner\">\n\t\t\t\t\t\t<a href=\"https:\/\/www.v-label.com\/wp-content\/uploads\/2022\/12\/v-label-color-nocategory.pdf\" class=\"post_thumbnail\" download>\n\t\t\t\t<img decoding=\"async\" src=\"https:\/\/www.v-label.com\/wp-content\/uploads\/2022\/12\/v-label-color-nocategory-2-500x500.png\" alt=\"V-Label\">\n\t\t\t<\/a>\n\t\t\t<h4>V-Label<\/h4>\n\t\t\t<p class=\"meta\">\n\t\t\t\tPDF, 29,13 KB\t\t\t<\/p>\n\t\t<\/div>\n\t\t<a href=\"https:\/\/www.v-label.com\/wp-content\/uploads\/2022\/12\/v-label-color-nocategory.pdf\" download>\n\t\t\t<button class=\"wp-block-button__link\">Download<\/button>\n\t\t<\/a>\n\t<\/section><\/div>\n\n\n\n<div class=\"wp-block-column is-layout-flow wp-block-column-is-layout-flow\">\n<section id=\"download-block_51cbc065297798d934fa9430d18434d9\" class=\"wp-block-download\">\n\t\t\t<div class=\"inner\">\n\t\t\t\t\t\t<a href=\"https:\/\/www.v-label.com\/wp-content\/uploads\/2022\/12\/v-label-color-nocategory.eps\" class=\"post_thumbnail\" download>\n\t\t\t\t<img decoding=\"async\" src=\"https:\/\/www.v-label.com\/wp-content\/uploads\/2022\/12\/v-label-color-nocategory-2-500x500.png\" alt=\"V-Label\">\n\t\t\t<\/a>\n\t\t\t<h4>V-Label<\/h4>\n\t\t\t<p class=\"meta\">\n\t\t\t\tEPS, 414,70 KB\t\t\t<\/p>\n\t\t<\/div>\n\t\t<a href=\"https:\/\/www.v-label.com\/wp-content\/uploads\/2022\/12\/v-label-color-nocategory.eps\" download>\n\t\t\t<button class=\"wp-block-button__link\">Download<\/button>\n\t\t<\/a>\n\t<\/section><\/div>\n<\/div>\n\n\n\n<h2 class=\"wp-block-heading has-text-align-center\">Pliki dodatkowe<\/h2>\n\n\n\n<div class=\"wp-block-columns is-layout-flex wp-container-core-columns-is-layout-9d6595d7 wp-block-columns-is-layout-flex\">\n<div class=\"wp-block-column is-layout-flow wp-block-column-is-layout-flow\">\n<section id=\"download-block_2a52394fcd1956a40a25797b0c0a4104\" class=\"wp-block-download\">\n\t\t\t<div class=\"inner\">\n\t\t\t\t\t\t<a href=\"https:\/\/www.v-label.com\/wp-content\/uploads\/2022\/09\/manual-for-licensees-int-fwcng08-v101-en-new-label.pdf\" class=\"post_thumbnail\" download>\n\t\t\t\t<img decoding=\"async\" src=\"https:\/\/www.v-label.com\/wp-content\/uploads\/2022\/09\/manual-thumbnail-352x500.png\" alt=\"V-Label Manual for Licensees\">\n\t\t\t<\/a>\n\t\t\t<h4>V-Label Manual for Licensees<\/h4>\n\t\t\t<p class=\"meta\">\n\t\t\t\tPDF, 1,35 MB\t\t\t<\/p>\n\t\t<\/div>\n\t\t<a href=\"https:\/\/www.v-label.com\/wp-content\/uploads\/2022\/09\/manual-for-licensees-int-fwcng08-v101-en-new-label.pdf\" download>\n\t\t\t<button class=\"wp-block-button__link\">Download<\/button>\n\t\t<\/a>\n\t<\/section><\/div>\n\n\n\n<div class=\"wp-block-column is-layout-flow wp-block-column-is-layout-flow\">\n<section id=\"download-block_a98b1446109ad4946087891e8d8be0e4\" class=\"wp-block-download\">\n\t\t\t<div class=\"inner\">\n\t\t\t\t\t\t<a href=\"https:\/\/www.v-label.com\/wp-content\/uploads\/2022\/09\/v-label-brochure-en.pdf\" class=\"post_thumbnail\" download>\n\t\t\t\t<img decoding=\"async\" src=\"https:\/\/www.v-label.com\/wp-content\/uploads\/2022\/09\/v-label-brochure-en-237x500.jpg\" alt=\"V-Label Brochure\">\n\t\t\t<\/a>\n\t\t\t<h4>V-Label Brochure<\/h4>\n\t\t\t<p class=\"meta\">\n\t\t\t\tPDF, 827,35 KB\t\t\t<\/p>\n\t\t<\/div>\n\t\t<a href=\"https:\/\/www.v-label.com\/wp-content\/uploads\/2022\/09\/v-label-brochure-en.pdf\" download>\n\t\t\t<button class=\"wp-block-button__link\">Download<\/button>\n\t\t<\/a>\n\t<\/section><\/div>\n\n\n\n<div class=\"wp-block-column is-layout-flow wp-block-column-is-layout-flow\">\n<section id=\"download-block_a4177bb01a73bec416e41e86c102a719\" class=\"wp-block-download\">\n\t\t\t<div class=\"inner\">\n\t\t\t\t\t\t<a href=\"https:\/\/www.v-label.com\/wp-content\/uploads\/2022\/09\/traces-en.pdf\" class=\"post_thumbnail\" download>\n\t\t\t\t<img decoding=\"async\" src=\"https:\/\/www.v-label.com\/wp-content\/uploads\/2022\/09\/traces-thumbnail-356x500.png\" alt=\"Information on Traces\">\n\t\t\t<\/a>\n\t\t\t<h4>Information on Traces<\/h4>\n\t\t\t<p class=\"meta\">\n\t\t\t\tPDF, 538,09 KB\t\t\t<\/p>\n\t\t<\/div>\n\t\t<a href=\"https:\/\/www.v-label.com\/wp-content\/uploads\/2022\/09\/traces-en.pdf\" download>\n\t\t\t<button class=\"wp-block-button__link\">Download<\/button>\n\t\t<\/a>\n\t<\/section><\/div>\n<\/div>\n\n\n\n<p class=\"has-small-font-size\"><em>Logo i etykiety wy\u015bwietlane na tej stronie s\u0105 chronione przepisami prawa w\u0142asno\u015bci intelektualnej, w tym prawami autorskimi i znakowymi. Je\u015bli chcesz u\u017cywa\u0107 naszego logo i etykiet do wy\u015bwietlania lub w inny spos\u00f3b w swoich produktach spo\u017cywczych\/niespo\u017cywczych, musisz uzyska\u0107 odpowiedni\u0105 licencj\u0119.<br>Ka\u017cde nieautoryzowane u\u017cycie jest surowo zabronione bez uzyskania odpowiedniej licencji. Nieautoryzowane u\u017cycie naszego logo i etykiet mo\u017ce skutkowa\u0107 konsekwencjami prawny, w tym, lecz nie ograniczaj\u0105c si\u0119 do odpowiedzialno\u015bci cywilnej, odszkodowania finansowego i \u015brodk\u00f3w zabezpieczaj\u0105cych. Zastrzegamy sobie prawo do podj\u0119cia odpowiednich dzia\u0142a\u0144 prawnych przeciwko osobom fizycznym lub podmiotom, kt\u00f3re zostan\u0105 uznane za naruszaj\u0105ce nasze prawa w\u0142asno\u015bci intelektualnej. <a href=\"https:\/\/www.v-label.com\/pl\/get-in-touch\/\" class=\"ek-link\">Prosimy o skontaktowanie si\u0119 z nami tutaj<\/a>, aby dowiedzie\u0107 si\u0119 o odpowiednich procedurach licencyjnych <a href=\"https:\/\/www.v-label.com\/pl\/get-certified\/\" class=\"ek-link\">lub uzyska\u0107 licencj\u0119 za po\u015brednictwem tego linku<\/a>.<\/em><\/p>\n","protected":false},"excerpt":{"rendered":"<p>Wykorzystaj nasz wyb\u00f3r obraz\u00f3w i logo zwi\u0105zanych z V-Label do swoich dzia\u0142a\u0144 medialnych. Wersje V-Label Pliki dodatkowe Logo i etykiety wy\u015bwietlane na tej stronie s\u0105 chronione przepisami prawa w\u0142asno\u015bci intelektualnej, w tym prawami autorskimi i znakowymi. Je\u015bli chcesz u\u017cywa\u0107 naszego logo i etykiet do wy\u015bwietlania lub w inny spos\u00f3b w swoich produktach spo\u017cywczych\/niespo\u017cywczych, musisz uzyska\u0107 [&hellip;]<\/p>\n","protected":false},"author":5,"featured_media":17708,"parent":0,"menu_order":0,"comment_status":"closed","ping_status":"closed","template":"","meta":{"_acf_changed":false,"_editorskit_title_hidden":false,"_editorskit_reading_time":0,"_editorskit_is_block_options_detached":false,"_editorskit_block_options_position":"{}","inline_featured_image":false,"_uag_custom_page_level_css":"","footnotes":""},"categories":[],"tags":[],"class_list":["post-9376","page","type-page","status-publish","has-post-thumbnail","hentry"],"acf":[],"uagb_featured_image_src":{"full":["https:\/\/www.v-label.com\/wp-content\/uploads\/2022\/12\/v-label-press-materials-1.jpg",1000,667,false],"thumbnail":["https:\/\/www.v-label.com\/wp-content\/uploads\/2022\/12\/adobestock-157240659-preview-500x334.jpeg",500,334,true],"medium":["https:\/\/www.v-label.com\/wp-content\/uploads\/2022\/12\/adobestock-157240659-preview-300x200.jpeg",300,200,true],"medium_large":["https:\/\/www.v-label.com\/wp-content\/uploads\/2022\/12\/adobestock-157240659-preview-768x512.jpeg",768,512,true],"large":["https:\/\/www.v-label.com\/wp-content\/uploads\/2022\/12\/v-label-press-materials-1.jpg",1000,667,false],"1536x1536":["https:\/\/www.v-label.com\/wp-content\/uploads\/2022\/12\/v-label-press-materials-1.jpg",1000,667,false],"2048x2048":["https:\/\/www.v-label.com\/wp-content\/uploads\/2022\/12\/v-label-press-materials-1.jpg",1000,667,false],"preview":["https:\/\/www.v-label.com\/wp-content\/uploads\/2022\/12\/adobestock-157240659-preview-904x667.jpeg",904,667,true],"header":["https:\/\/www.v-label.com\/wp-content\/uploads\/2022\/12\/v-label-press-materials-1.jpg",1000,667,false],"gform-image-choice-sm":["https:\/\/www.v-label.com\/wp-content\/uploads\/2022\/12\/v-label-press-materials-1.jpg",300,200,false],"gform-image-choice-md":["https:\/\/www.v-label.com\/wp-content\/uploads\/2022\/12\/v-label-press-materials-1.jpg",400,267,false],"gform-image-choice-lg":["https:\/\/www.v-label.com\/wp-content\/uploads\/2022\/12\/v-label-press-materials-1.jpg",600,400,false]},"uagb_author_info":{"display_name":"Can Aslan","author_link":"https:\/\/www.v-label.com\/pl"},"uagb_comment_info":0,"uagb_excerpt":"Wykorzystaj nasz wyb\u00f3r obraz\u00f3w i logo zwi\u0105zanych z V-Label do swoich dzia\u0142a\u0144 medialnych. Wersje V-Label Pliki dodatkowe Logo i etykiety wy\u015bwietlane na tej stronie s\u0105 chronione przepisami prawa w\u0142asno\u015bci intelektualnej, w tym prawami autorskimi i znakowymi. Je\u015bli chcesz u\u017cywa\u0107 naszego logo i etykiet do wy\u015bwietlania lub w inny spos\u00f3b w swoich produktach spo\u017cywczych\/niespo\u017cywczych, musisz uzyska\u0107&hellip;","_links":{"self":[{"href":"https:\/\/www.v-label.com\/pl\/wp-json\/wp\/v2\/pages\/9376","targetHints":{"allow":["GET"]}}],"collection":[{"href":"https:\/\/www.v-label.com\/pl\/wp-json\/wp\/v2\/pages"}],"about":[{"href":"https:\/\/www.v-label.com\/pl\/wp-json\/wp\/v2\/types\/page"}],"author":[{"embeddable":true,"href":"https:\/\/www.v-label.com\/pl\/wp-json\/wp\/v2\/users\/5"}],"replies":[{"embeddable":true,"href":"https:\/\/www.v-label.com\/pl\/wp-json\/wp\/v2\/comments?post=9376"}],"version-history":[{"count":4,"href":"https:\/\/www.v-label.com\/pl\/wp-json\/wp\/v2\/pages\/9376\/revisions"}],"predecessor-version":[{"id":69763,"href":"https:\/\/www.v-label.com\/pl\/wp-json\/wp\/v2\/pages\/9376\/revisions\/69763"}],"wp:featuredmedia":[{"embeddable":true,"href":"https:\/\/www.v-label.com\/pl\/wp-json\/wp\/v2\/media\/17708"}],"wp:attachment":[{"href":"https:\/\/www.v-label.com\/pl\/wp-json\/wp\/v2\/media?parent=9376"}],"wp:term":[{"taxonomy":"category","embeddable":true,"href":"https:\/\/www.v-label.com\/pl\/wp-json\/wp\/v2\/categories?post=9376"},{"taxonomy":"post_tag","embeddable":true,"href":"https:\/\/www.v-label.com\/pl\/wp-json\/wp\/v2\/tags?post=9376"}],"curies":[{"name":"wp","href":"https:\/\/api.w.org\/{rel}","templated":true}]}}