{"id":11419,"date":"2022-09-13T11:06:38","date_gmt":"2022-09-13T09:06:38","guid":{"rendered":"https:\/\/www.v-label.com\/general-information\/certified-products\/sweets\/"},"modified":"2023-03-04T09:51:41","modified_gmt":"2023-03-04T08:51:41","slug":"doces","status":"publish","type":"page","link":"https:\/\/www.v-label.com\/pt-pt\/informacao-geral-para-consumidores\/produtos-certificados\/doces\/","title":{"rendered":"Doces"},"content":{"rendered":"\n<p>Verifique se os seus aperitivos preferidos s\u00e3o realmente vegetarianos ou veganos e encha a sua despensa com chocolate, bolachas, batatas fritas e barras de base vegetal! E espere, h\u00e1 mais: tenha o mercado da pastelaria debaixo de olho. Bolos, croissants, ou at\u00e9 mesmo folhados de salsicha veganos &#8211; t\u00e3o bons quanto os originais!<\/p>\n\n\n\n<div class=\"wp-block-columns is-layout-flex wp-container-core-columns-is-layout-9d6595d7 wp-block-columns-is-layout-flex\">\n<div class=\"wp-block-column is-layout-flow wp-block-column-is-layout-flow\">\n<figure class=\"wp-block-image aligncenter size-medium\"><a href=\"https:\/\/www.carobworld.com\/pt\/\" target=\"_blank\" rel=\"noreferrer noopener\"><img decoding=\"async\" width=\"300\" height=\"172\" src=\"https:\/\/www.v-label.com\/wp-content\/uploads\/2022\/12\/logo-carob-300x172.png\" alt=\"\" class=\"wp-image-15134\" srcset=\"https:\/\/www.v-label.com\/wp-content\/uploads\/2022\/12\/logo-carob-300x172.png 300w, https:\/\/www.v-label.com\/wp-content\/uploads\/2022\/12\/logo-carob-500x287.png 500w, https:\/\/www.v-label.com\/wp-content\/uploads\/2022\/12\/logo-carob.png 600w\" sizes=\"(max-width: 300px) 100vw, 300px\" \/><\/a><\/figure>\n<\/div>\n<\/div>\n","protected":false},"excerpt":{"rendered":"<p>Verifique se os seus aperitivos preferidos s\u00e3o realmente vegetarianos ou veganos e encha a sua despensa com chocolate, bolachas, batatas fritas e barras de base vegetal! E espere, h\u00e1 mais: tenha o mercado da pastelaria debaixo de olho. Bolos, croissants, ou at\u00e9 mesmo folhados de salsicha veganos &#8211; t\u00e3o bons quanto os originais!<\/p>\n","protected":false},"author":5,"featured_media":17324,"parent":8523,"menu_order":0,"comment_status":"closed","ping_status":"closed","template":"","meta":{"_acf_changed":false,"_editorskit_title_hidden":false,"_editorskit_reading_time":0,"_editorskit_is_block_options_detached":false,"_editorskit_block_options_position":"{}","inline_featured_image":false,"_uag_custom_page_level_css":"","footnotes":""},"categories":[],"tags":[],"class_list":["post-11419","page","type-page","status-publish","has-post-thumbnail","hentry"],"acf":[],"uagb_featured_image_src":{"full":["https:\/\/www.v-label.com\/wp-content\/uploads\/2022\/12\/sweets-1280.jpg",1280,853,false],"thumbnail":["https:\/\/www.v-label.com\/wp-content\/uploads\/2022\/12\/sweets-1280-500x333.jpg",500,333,true],"medium":["https:\/\/www.v-label.com\/wp-content\/uploads\/2022\/12\/sweets-1280-300x200.jpg",300,200,true],"medium_large":["https:\/\/www.v-label.com\/wp-content\/uploads\/2022\/12\/sweets-1280-768x512.jpg",768,512,true],"large":["https:\/\/www.v-label.com\/wp-content\/uploads\/2022\/12\/sweets-1280-1024x682.jpg",1024,682,true],"1536x1536":["https:\/\/www.v-label.com\/wp-content\/uploads\/2022\/12\/sweets-1280.jpg",1280,853,false],"2048x2048":["https:\/\/www.v-label.com\/wp-content\/uploads\/2022\/12\/sweets-1280.jpg",1280,853,false],"preview":["https:\/\/www.v-label.com\/wp-content\/uploads\/2022\/12\/sweets-1280-904x720.jpg",904,720,true],"header":["https:\/\/www.v-label.com\/wp-content\/uploads\/2022\/12\/sweets-1280-1280x720.jpg",1280,720,true],"gform-image-choice-sm":["https:\/\/www.v-label.com\/wp-content\/uploads\/2022\/12\/sweets-1280.jpg",300,200,false],"gform-image-choice-md":["https:\/\/www.v-label.com\/wp-content\/uploads\/2022\/12\/sweets-1280.jpg",400,267,false],"gform-image-choice-lg":["https:\/\/www.v-label.com\/wp-content\/uploads\/2022\/12\/sweets-1280.jpg",600,400,false]},"uagb_author_info":{"display_name":"Can Aslan","author_link":"https:\/\/www.v-label.com\/pt-pt"},"uagb_comment_info":0,"uagb_excerpt":"Verifique se os seus aperitivos preferidos s\u00e3o realmente vegetarianos ou veganos e encha a sua despensa com chocolate, bolachas, batatas fritas e barras de base vegetal! E espere, h\u00e1 mais: tenha o mercado da pastelaria debaixo de olho. Bolos, croissants, ou at\u00e9 mesmo folhados de salsicha veganos &#8211; t\u00e3o bons quanto os originais!","_links":{"self":[{"href":"https:\/\/www.v-label.com\/pt-pt\/wp-json\/wp\/v2\/pages\/11419","targetHints":{"allow":["GET"]}}],"collection":[{"href":"https:\/\/www.v-label.com\/pt-pt\/wp-json\/wp\/v2\/pages"}],"about":[{"href":"https:\/\/www.v-label.com\/pt-pt\/wp-json\/wp\/v2\/types\/page"}],"author":[{"embeddable":true,"href":"https:\/\/www.v-label.com\/pt-pt\/wp-json\/wp\/v2\/users\/5"}],"replies":[{"embeddable":true,"href":"https:\/\/www.v-label.com\/pt-pt\/wp-json\/wp\/v2\/comments?post=11419"}],"version-history":[{"count":2,"href":"https:\/\/www.v-label.com\/pt-pt\/wp-json\/wp\/v2\/pages\/11419\/revisions"}],"predecessor-version":[{"id":49239,"href":"https:\/\/www.v-label.com\/pt-pt\/wp-json\/wp\/v2\/pages\/11419\/revisions\/49239"}],"up":[{"embeddable":true,"href":"https:\/\/www.v-label.com\/pt-pt\/wp-json\/wp\/v2\/pages\/8523"}],"wp:featuredmedia":[{"embeddable":true,"href":"https:\/\/www.v-label.com\/pt-pt\/wp-json\/wp\/v2\/media\/17324"}],"wp:attachment":[{"href":"https:\/\/www.v-label.com\/pt-pt\/wp-json\/wp\/v2\/media?parent=11419"}],"wp:term":[{"taxonomy":"category","embeddable":true,"href":"https:\/\/www.v-label.com\/pt-pt\/wp-json\/wp\/v2\/categories?post=11419"},{"taxonomy":"post_tag","embeddable":true,"href":"https:\/\/www.v-label.com\/pt-pt\/wp-json\/wp\/v2\/tags?post=11419"}],"curies":[{"name":"wp","href":"https:\/\/api.w.org\/{rel}","templated":true}]}}