{"id":11808,"date":"2022-09-13T11:06:00","date_gmt":"2022-09-13T09:06:00","guid":{"rendered":"https:\/\/www.v-label.com\/general-information\/certified-products\/ready-made-meals\/"},"modified":"2023-03-04T09:52:32","modified_gmt":"2023-03-04T08:52:32","slug":"refeicoes-prontas","status":"publish","type":"page","link":"https:\/\/www.v-label.com\/pt-pt\/informacao-geral-para-consumidores\/produtos-certificados\/refeicoes-prontas\/","title":{"rendered":"Refei\u00e7\u00f5es prontas"},"content":{"rendered":"\n<p>Os almo\u00e7os em viagem j\u00e1 n\u00e3o t\u00eam de ser um sacrif\u00edcio. \u201cSaud\u00e1vel, saboroso e vegetariano\u201d \u00e9 o lema da maioria dos grandes retalhistas, recheando sec\u00e7\u00f5es de congelados com pizzas \u00e0 base de plantas e oferecendo uma vasta gama de alternativas culin\u00e1rias j\u00e1 preparadas, desde sopas de lentilhas a chili sem carne.<\/p>\n\n\n\n<div class=\"wp-block-columns are-vertically-aligned-center is-layout-flex wp-container-core-columns-is-layout-9d6595d7 wp-block-columns-is-layout-flex\">\n<div class=\"wp-block-column is-vertically-aligned-center is-layout-flow wp-block-column-is-layout-flow\">\n<figure class=\"wp-block-image aligncenter size-medium\"><a href=\"https:\/\/biodharma.pt\/\" target=\"_blank\" rel=\"noreferrer noopener\"><img decoding=\"async\" width=\"300\" height=\"172\" src=\"https:\/\/www.v-label.com\/wp-content\/uploads\/2022\/12\/biodharma-logo-r1-300x172.png\" alt=\"\" class=\"wp-image-15054\" srcset=\"https:\/\/www.v-label.com\/wp-content\/uploads\/2022\/12\/biodharma-logo-r1-300x172.png 300w, https:\/\/www.v-label.com\/wp-content\/uploads\/2022\/12\/biodharma-logo-r1-500x286.png 500w, https:\/\/www.v-label.com\/wp-content\/uploads\/2022\/12\/biodharma-logo-r1.png 600w\" sizes=\"(max-width: 300px) 100vw, 300px\" \/><\/a><\/figure>\n<\/div>\n\n\n\n<div class=\"wp-block-column is-vertically-aligned-center is-layout-flow wp-block-column-is-layout-flow\">\n<figure class=\"wp-block-image aligncenter size-medium\"><a href=\"https:\/\/izidoro.pt\/vegan-nuggets\/\" target=\"_blank\" rel=\"noreferrer noopener\"><img decoding=\"async\" width=\"300\" height=\"89\" src=\"https:\/\/www.v-label.com\/wp-content\/uploads\/2022\/12\/logo-izidoro-rpng-300x89.png\" alt=\"\" class=\"wp-image-15154\" srcset=\"https:\/\/www.v-label.com\/wp-content\/uploads\/2022\/12\/logo-izidoro-rpng-300x89.png 300w, https:\/\/www.v-label.com\/wp-content\/uploads\/2022\/12\/logo-izidoro-rpng-500x148.png 500w, https:\/\/www.v-label.com\/wp-content\/uploads\/2022\/12\/logo-izidoro-rpng.png 600w\" sizes=\"(max-width: 300px) 100vw, 300px\" \/><\/a><\/figure>\n<\/div>\n<\/div>\n","protected":false},"excerpt":{"rendered":"<p>Os almo\u00e7os em viagem j\u00e1 n\u00e3o t\u00eam de ser um sacrif\u00edcio. \u201cSaud\u00e1vel, saboroso e vegetariano\u201d \u00e9 o lema da maioria dos grandes retalhistas, recheando sec\u00e7\u00f5es de congelados com pizzas \u00e0 base de plantas e oferecendo uma vasta gama de alternativas culin\u00e1rias j\u00e1 preparadas, desde sopas de lentilhas a chili sem carne.<\/p>\n","protected":false},"author":5,"featured_media":17224,"parent":8523,"menu_order":0,"comment_status":"closed","ping_status":"closed","template":"","meta":{"_acf_changed":false,"_editorskit_title_hidden":false,"_editorskit_reading_time":0,"_editorskit_is_block_options_detached":false,"_editorskit_block_options_position":"{}","inline_featured_image":false,"_uag_custom_page_level_css":"","footnotes":""},"categories":[],"tags":[],"class_list":["post-11808","page","type-page","status-publish","has-post-thumbnail","hentry"],"acf":[],"uagb_featured_image_src":{"full":["https:\/\/www.v-label.com\/wp-content\/uploads\/2022\/12\/ready-meals-1280.jpg",1280,852,false],"thumbnail":["https:\/\/www.v-label.com\/wp-content\/uploads\/2022\/12\/ready-meals-1280-500x333.jpg",500,333,true],"medium":["https:\/\/www.v-label.com\/wp-content\/uploads\/2022\/12\/ready-meals-1280-300x200.jpg",300,200,true],"medium_large":["https:\/\/www.v-label.com\/wp-content\/uploads\/2022\/12\/ready-meals-1280-768x511.jpg",768,511,true],"large":["https:\/\/www.v-label.com\/wp-content\/uploads\/2022\/12\/ready-meals-1280-1024x682.jpg",1024,682,true],"1536x1536":["https:\/\/www.v-label.com\/wp-content\/uploads\/2022\/12\/ready-meals-1280.jpg",1280,852,false],"2048x2048":["https:\/\/www.v-label.com\/wp-content\/uploads\/2022\/12\/ready-meals-1280.jpg",1280,852,false],"preview":["https:\/\/www.v-label.com\/wp-content\/uploads\/2022\/12\/ready-meals-1280-904x720.jpg",904,720,true],"header":["https:\/\/www.v-label.com\/wp-content\/uploads\/2022\/12\/ready-meals-1280-1280x720.jpg",1280,720,true],"gform-image-choice-sm":["https:\/\/www.v-label.com\/wp-content\/uploads\/2022\/12\/ready-meals-1280.jpg",300,200,false],"gform-image-choice-md":["https:\/\/www.v-label.com\/wp-content\/uploads\/2022\/12\/ready-meals-1280.jpg",400,266,false],"gform-image-choice-lg":["https:\/\/www.v-label.com\/wp-content\/uploads\/2022\/12\/ready-meals-1280.jpg",600,399,false]},"uagb_author_info":{"display_name":"Can Aslan","author_link":"https:\/\/www.v-label.com\/pt-pt"},"uagb_comment_info":0,"uagb_excerpt":"Os almo\u00e7os em viagem j\u00e1 n\u00e3o t\u00eam de ser um sacrif\u00edcio. \u201cSaud\u00e1vel, saboroso e vegetariano\u201d \u00e9 o lema da maioria dos grandes retalhistas, recheando sec\u00e7\u00f5es de congelados com pizzas \u00e0 base de plantas e oferecendo uma vasta gama de alternativas culin\u00e1rias j\u00e1 preparadas, desde sopas de lentilhas a chili sem carne.","_links":{"self":[{"href":"https:\/\/www.v-label.com\/pt-pt\/wp-json\/wp\/v2\/pages\/11808","targetHints":{"allow":["GET"]}}],"collection":[{"href":"https:\/\/www.v-label.com\/pt-pt\/wp-json\/wp\/v2\/pages"}],"about":[{"href":"https:\/\/www.v-label.com\/pt-pt\/wp-json\/wp\/v2\/types\/page"}],"author":[{"embeddable":true,"href":"https:\/\/www.v-label.com\/pt-pt\/wp-json\/wp\/v2\/users\/5"}],"replies":[{"embeddable":true,"href":"https:\/\/www.v-label.com\/pt-pt\/wp-json\/wp\/v2\/comments?post=11808"}],"version-history":[{"count":2,"href":"https:\/\/www.v-label.com\/pt-pt\/wp-json\/wp\/v2\/pages\/11808\/revisions"}],"predecessor-version":[{"id":15195,"href":"https:\/\/www.v-label.com\/pt-pt\/wp-json\/wp\/v2\/pages\/11808\/revisions\/15195"}],"up":[{"embeddable":true,"href":"https:\/\/www.v-label.com\/pt-pt\/wp-json\/wp\/v2\/pages\/8523"}],"wp:featuredmedia":[{"embeddable":true,"href":"https:\/\/www.v-label.com\/pt-pt\/wp-json\/wp\/v2\/media\/17224"}],"wp:attachment":[{"href":"https:\/\/www.v-label.com\/pt-pt\/wp-json\/wp\/v2\/media?parent=11808"}],"wp:term":[{"taxonomy":"category","embeddable":true,"href":"https:\/\/www.v-label.com\/pt-pt\/wp-json\/wp\/v2\/categories?post=11808"},{"taxonomy":"post_tag","embeddable":true,"href":"https:\/\/www.v-label.com\/pt-pt\/wp-json\/wp\/v2\/tags?post=11808"}],"curies":[{"name":"wp","href":"https:\/\/api.w.org\/{rel}","templated":true}]}}