{"id":11830,"date":"2022-09-13T11:07:09","date_gmt":"2022-09-13T09:07:09","guid":{"rendered":"https:\/\/www.v-label.com\/general-information\/certified-products\/beverages\/"},"modified":"2023-03-04T09:51:24","modified_gmt":"2023-03-04T08:51:24","slug":"bebidas","status":"publish","type":"page","link":"https:\/\/www.v-label.com\/pt-pt\/informacao-geral-para-consumidores\/produtos-certificados\/bebidas\/","title":{"rendered":"Bebidas"},"content":{"rendered":"\n<p>Cuidado com os animais na sua bebida preferida! Descubra que sumos n\u00e3o possuem vitamina D3, de origem animal, que vinhos n\u00e3o s\u00e3o refinados ou filtrados com prote\u00ednas animais e certifique-se de que o seu refrigerante \u00e9 100% de base vegetal.<\/p>\n\n\n\n<div class=\"wp-block-columns are-vertically-aligned-center is-layout-flex wp-container-core-columns-is-layout-9d6595d7 wp-block-columns-is-layout-flex\">\n<div class=\"wp-block-column is-vertically-aligned-center is-layout-flow wp-block-column-is-layout-flow\">\n<figure class=\"wp-block-image aligncenter size-medium\"><a href=\"https:\/\/adegadefavaios.pt\/\" target=\"_blank\" rel=\"noreferrer noopener\"><img decoding=\"async\" width=\"300\" height=\"226\" src=\"https:\/\/www.v-label.com\/wp-content\/uploads\/2022\/12\/adegadefavaios-300x226.png\" alt=\"\" class=\"wp-image-15034\" srcset=\"https:\/\/www.v-label.com\/wp-content\/uploads\/2022\/12\/adegadefavaios-300x226.png 300w, https:\/\/www.v-label.com\/wp-content\/uploads\/2022\/12\/adegadefavaios-500x377.png 500w, https:\/\/www.v-label.com\/wp-content\/uploads\/2022\/12\/adegadefavaios.png 600w\" sizes=\"(max-width: 300px) 100vw, 300px\" \/><\/a><\/figure>\n<\/div>\n\n\n\n<div class=\"wp-block-column is-vertically-aligned-center is-layout-flow wp-block-column-is-layout-flow\">\n<figure class=\"wp-block-image aligncenter size-medium\"><a href=\"https:\/\/aveledashop.pt\/\" target=\"_blank\" rel=\"noreferrer noopener\"><img decoding=\"async\" width=\"300\" height=\"105\" src=\"https:\/\/www.v-label.com\/wp-content\/uploads\/2022\/12\/logo-aveleda-white-300x105.png\" alt=\"\" class=\"wp-image-15114\" srcset=\"https:\/\/www.v-label.com\/wp-content\/uploads\/2022\/12\/logo-aveleda-white-300x105.png 300w, https:\/\/www.v-label.com\/wp-content\/uploads\/2022\/12\/logo-aveleda-white-500x174.png 500w, https:\/\/www.v-label.com\/wp-content\/uploads\/2022\/12\/logo-aveleda-white.png 600w\" sizes=\"(max-width: 300px) 100vw, 300px\" \/><\/a><\/figure>\n<\/div>\n\n\n\n<div class=\"wp-block-column is-vertically-aligned-center is-layout-flow wp-block-column-is-layout-flow\">\n<figure class=\"wp-block-image aligncenter size-medium\"><a href=\"https:\/\/www.gutsycaptain.eu\/\" target=\"_blank\" rel=\"noreferrer noopener\"><img decoding=\"async\" width=\"293\" height=\"300\" src=\"https:\/\/www.v-label.com\/wp-content\/uploads\/2022\/12\/gutsy-captain-logo-1-145x2x-293x300.png\" alt=\"\" class=\"wp-image-15094\" srcset=\"https:\/\/www.v-label.com\/wp-content\/uploads\/2022\/12\/gutsy-captain-logo-1-145x2x-293x300.png 293w, https:\/\/www.v-label.com\/wp-content\/uploads\/2022\/12\/gutsy-captain-logo-1-145x2x-488x500.png 488w, https:\/\/www.v-label.com\/wp-content\/uploads\/2022\/12\/gutsy-captain-logo-1-145x2x.png 600w\" sizes=\"(max-width: 293px) 100vw, 293px\" \/><\/a><\/figure>\n<\/div>\n<\/div>\n","protected":false},"excerpt":{"rendered":"<p>Cuidado com os animais na sua bebida preferida! Descubra que sumos n\u00e3o possuem vitamina D3, de origem animal, que vinhos n\u00e3o s\u00e3o refinados ou filtrados com prote\u00ednas animais e certifique-se de que o seu refrigerante \u00e9 100% de base vegetal.<\/p>\n","protected":false},"author":5,"featured_media":17304,"parent":8523,"menu_order":0,"comment_status":"closed","ping_status":"closed","template":"","meta":{"_acf_changed":false,"_editorskit_title_hidden":false,"_editorskit_reading_time":0,"_editorskit_is_block_options_detached":false,"_editorskit_block_options_position":"{}","inline_featured_image":false,"_uag_custom_page_level_css":"","footnotes":""},"categories":[],"tags":[],"class_list":["post-11830","page","type-page","status-publish","has-post-thumbnail","hentry"],"acf":[],"uagb_featured_image_src":{"full":["https:\/\/www.v-label.com\/wp-content\/uploads\/2022\/12\/beverages-1280.jpg",1280,853,false],"thumbnail":["https:\/\/www.v-label.com\/wp-content\/uploads\/2022\/12\/beverages-1280-500x333.jpg",500,333,true],"medium":["https:\/\/www.v-label.com\/wp-content\/uploads\/2022\/12\/beverages-1280-300x200.jpg",300,200,true],"medium_large":["https:\/\/www.v-label.com\/wp-content\/uploads\/2022\/12\/beverages-1280-768x512.jpg",768,512,true],"large":["https:\/\/www.v-label.com\/wp-content\/uploads\/2022\/12\/beverages-1280-1024x682.jpg",1024,682,true],"1536x1536":["https:\/\/www.v-label.com\/wp-content\/uploads\/2022\/12\/beverages-1280.jpg",1280,853,false],"2048x2048":["https:\/\/www.v-label.com\/wp-content\/uploads\/2022\/12\/beverages-1280.jpg",1280,853,false],"preview":["https:\/\/www.v-label.com\/wp-content\/uploads\/2022\/12\/beverages-1280-904x720.jpg",904,720,true],"header":["https:\/\/www.v-label.com\/wp-content\/uploads\/2022\/12\/beverages-1280-1280x720.jpg",1280,720,true],"gform-image-choice-sm":["https:\/\/www.v-label.com\/wp-content\/uploads\/2022\/12\/beverages-1280.jpg",300,200,false],"gform-image-choice-md":["https:\/\/www.v-label.com\/wp-content\/uploads\/2022\/12\/beverages-1280.jpg",400,267,false],"gform-image-choice-lg":["https:\/\/www.v-label.com\/wp-content\/uploads\/2022\/12\/beverages-1280.jpg",600,400,false]},"uagb_author_info":{"display_name":"Can Aslan","author_link":"https:\/\/www.v-label.com\/pt-pt"},"uagb_comment_info":0,"uagb_excerpt":"Cuidado com os animais na sua bebida preferida! Descubra que sumos n\u00e3o possuem vitamina D3, de origem animal, que vinhos n\u00e3o s\u00e3o refinados ou filtrados com prote\u00ednas animais e certifique-se de que o seu refrigerante \u00e9 100% de base vegetal.","_links":{"self":[{"href":"https:\/\/www.v-label.com\/pt-pt\/wp-json\/wp\/v2\/pages\/11830","targetHints":{"allow":["GET"]}}],"collection":[{"href":"https:\/\/www.v-label.com\/pt-pt\/wp-json\/wp\/v2\/pages"}],"about":[{"href":"https:\/\/www.v-label.com\/pt-pt\/wp-json\/wp\/v2\/types\/page"}],"author":[{"embeddable":true,"href":"https:\/\/www.v-label.com\/pt-pt\/wp-json\/wp\/v2\/users\/5"}],"replies":[{"embeddable":true,"href":"https:\/\/www.v-label.com\/pt-pt\/wp-json\/wp\/v2\/comments?post=11830"}],"version-history":[{"count":2,"href":"https:\/\/www.v-label.com\/pt-pt\/wp-json\/wp\/v2\/pages\/11830\/revisions"}],"predecessor-version":[{"id":49238,"href":"https:\/\/www.v-label.com\/pt-pt\/wp-json\/wp\/v2\/pages\/11830\/revisions\/49238"}],"up":[{"embeddable":true,"href":"https:\/\/www.v-label.com\/pt-pt\/wp-json\/wp\/v2\/pages\/8523"}],"wp:featuredmedia":[{"embeddable":true,"href":"https:\/\/www.v-label.com\/pt-pt\/wp-json\/wp\/v2\/media\/17304"}],"wp:attachment":[{"href":"https:\/\/www.v-label.com\/pt-pt\/wp-json\/wp\/v2\/media?parent=11830"}],"wp:term":[{"taxonomy":"category","embeddable":true,"href":"https:\/\/www.v-label.com\/pt-pt\/wp-json\/wp\/v2\/categories?post=11830"},{"taxonomy":"post_tag","embeddable":true,"href":"https:\/\/www.v-label.com\/pt-pt\/wp-json\/wp\/v2\/tags?post=11830"}],"curies":[{"name":"wp","href":"https:\/\/api.w.org\/{rel}","templated":true}]}}