{"id":7899,"date":"2022-05-30T16:16:14","date_gmt":"2022-05-30T14:16:14","guid":{"rendered":"https:\/\/www.v-label.com\/info-for-producers\/"},"modified":"2024-07-09T15:35:02","modified_gmt":"2024-07-09T13:35:02","slug":"informacoes-para-produtores","status":"publish","type":"page","link":"https:\/\/www.v-label.com\/pt-pt\/informacoes-para-produtores\/","title":{"rendered":"Informa\u00e7\u00f5es para produtores"},"content":{"rendered":"\n<p>O selo V-Label, um selo de qualidade atribu\u00eddo a servi\u00e7os e produtos vegetarianos e veganos, est\u00e1 presente em mais de <strong>50 mil produtos<\/strong> distribu\u00eddos por mais de <strong>4800 licen\u00e7as<\/strong> em todo o mundo. Este selo, reconhecido a n\u00edvel internacional, permite que consumidores em todo o mundo reconhe\u00e7am os produtos vegetarianos ou veganos \u00e0 primeira vista.<\/p>\n\n\n\n<h3 class=\"wp-block-heading has-text-align-center has-greenlightultra-background-color has-background\">Se \u00e9 um produtor, n\u00f3s damos-lhe todas as raz\u00f5es para considerar obter o selo V-Label:<\/h3>\n\n\n\n<p><strong>Conquiste novos mercados.<\/strong> Com metade da popula\u00e7\u00e3o a considerar-se flexitariana em pa\u00edses como a Alemanha, Espanha e Pol\u00f3nia, e mais de 10% da popula\u00e7\u00e3o a comprar ativamente este tipo de produtos, existe uma base de clientes diversificada e em r\u00e1pido crescimento que procura produtos vegetarianos e veganos, por motivos que v\u00e3o desde quest\u00f5es de sa\u00fade \u00e0 \u00e9tica.<\/p>\n\n\n\n<p><strong>Aumente a sua visibilidade.<\/strong> Coloque os seus produtos nas prateleiras e facilite o processo de compras ao apresentar um selo de elevada credibilidade e amplamente reconhecido.<\/p>\n\n\n\n<p><strong>Ganhe a confian\u00e7a dos consumidores.<\/strong> N\u00e3o h\u00e1 necessidade de dizer nada; a V-Label diz por si. A reputa\u00e7\u00e3o e reconhecimento do V-Label como um selo de qualidade independente e profissional, assim como um criador de tend\u00eancias do mercado, vende.<\/p>\n\n\n\n<div class=\"wp-block-buttons alignwide is-content-justification-center is-layout-flex wp-container-core-buttons-is-layout-16018d1d wp-block-buttons-is-layout-flex\">\n<div class=\"wp-block-button\"><a class=\"wp-block-button__link wp-element-button\" href=\"https:\/\/www.v-label.com\/pt-pt\/for-business\/get-certified\/\" rel=\"noopener\">Obtenha o selo V-Label<\/a><\/div>\n\n\n\n<div class=\"wp-block-button\"><a class=\"wp-block-button__link wp-element-button\" href=\"https:\/\/www.v-label.com\/pt-pt\/for-business\/benefits\/\">Conhe\u00e7a mais vantagens<\/a><\/div>\n<\/div>\n\n\n\n<div class=\"wp-block-columns are-vertically-aligned-center is-layout-flex wp-container-core-columns-is-layout-9d6595d7 wp-block-columns-is-layout-flex\">\n<div class=\"wp-block-column is-vertically-aligned-center is-layout-flow wp-block-column-is-layout-flow\">\n<figure class=\"wp-block-image size-full\"><img decoding=\"async\" width=\"720\" height=\"482\" src=\"https:\/\/www.v-label.com\/wp-content\/uploads\/2022\/09\/b2b-info-page-1.webp\" alt=\"\" class=\"wp-image-876\" srcset=\"https:\/\/www.v-label.com\/wp-content\/uploads\/2022\/09\/b2b-info-page-1.webp 720w, https:\/\/www.v-label.com\/wp-content\/uploads\/2022\/09\/b2b-info-page-1-300x201.webp 300w\" sizes=\"(max-width: 720px) 100vw, 720px\" \/><\/figure>\n<\/div>\n\n\n\n<div class=\"wp-block-column is-vertically-aligned-center is-layout-flow wp-block-column-is-layout-flow\">\n<figure class=\"wp-block-image size-full\"><img decoding=\"async\" width=\"720\" height=\"497\" src=\"https:\/\/www.v-label.com\/wp-content\/uploads\/2022\/09\/b2b-info-page-2.webp\" alt=\"\" class=\"wp-image-879\" srcset=\"https:\/\/www.v-label.com\/wp-content\/uploads\/2022\/09\/b2b-info-page-2.webp 720w, https:\/\/www.v-label.com\/wp-content\/uploads\/2022\/09\/b2b-info-page-2-300x207.webp 300w\" sizes=\"(max-width: 720px) 100vw, 720px\" \/><\/figure>\n<\/div>\n\n\n\n<div class=\"wp-block-column is-vertically-aligned-center is-layout-flow wp-block-column-is-layout-flow\">\n<figure class=\"wp-block-image size-full\"><img decoding=\"async\" width=\"720\" height=\"482\" src=\"https:\/\/www.v-label.com\/wp-content\/uploads\/2022\/09\/b2b-info-page-3.webp\" alt=\"\" class=\"wp-image-860\" srcset=\"https:\/\/www.v-label.com\/wp-content\/uploads\/2022\/09\/b2b-info-page-3.webp 720w, https:\/\/www.v-label.com\/wp-content\/uploads\/2022\/09\/b2b-info-page-3-300x201.webp 300w\" sizes=\"(max-width: 720px) 100vw, 720px\" \/><\/figure>\n<\/div>\n<\/div>\n\n\n\n<h3 class=\"wp-block-heading\"><strong>Obtenha o selo V-Label<\/strong><\/h3>\n\n\n\n<p><strong>Est\u00e1 preparado para aumentar a visibilidade dos seus produtos vegetarianos e veganos?<\/strong> O selo V-Label permite que os consumidores sejam capazes de reconhecer os seus produtos como vegetarianos ou veganos \u00e0 primeira vista, comprando-os sem hesita\u00e7\u00f5es e sem p\u00f4r a sua qualidade em causa.<\/p>\n\n\n\n<p>Do ponto de vista empresarial, a associa\u00e7\u00e3o a um l\u00edder da ind\u00fastria como o V-Label aumenta a sua transpar\u00eancia e credibilidade na rotulagem vegetariana e vegana. Para os seus consumidores, o selo V-Label \u00e9 um guia de compras simples e fi\u00e1vel que os ajuda a escolher de forma eficaz, sustent\u00e1vel e consistente.<\/p>\n\n\n\n<div class=\"wp-block-buttons alignwide is-content-justification-center is-layout-flex wp-container-core-buttons-is-layout-16018d1d wp-block-buttons-is-layout-flex\">\n<div class=\"wp-block-button\"><a class=\"wp-block-button__link wp-element-button\" href=\"https:\/\/www.v-label.com\/pt-pt\/for-business\/get-certified\/\" rel=\"noopener\">Obtenha o selo V-Label<\/a><\/div>\n<\/div>\n\n\n\n<h3 class=\"wp-block-heading\"><strong>Crit\u00e9rios e Perguntas Frequentes<\/strong><\/h3>\n\n\n\n<p>Encontre as respostas para algumas das perguntas que possa ter sobre o selo V-Label.<\/p>\n\n\n\n<div class=\"wp-block-buttons alignwide is-content-justification-center is-layout-flex wp-container-core-buttons-is-layout-16018d1d wp-block-buttons-is-layout-flex\">\n<div class=\"wp-block-button\"><a class=\"wp-block-button__link wp-element-button\" href=\"https:\/\/www.v-label.com\/pt-pt\/faqs\/\">Consulte as Perguntas Frequentes<\/a><\/div>\n<\/div>\n","protected":false},"excerpt":{"rendered":"<p>O selo V-Label, um selo de qualidade atribu\u00eddo a servi\u00e7os e produtos vegetarianos e veganos, est\u00e1 presente em mais de 50 mil produtos distribu\u00eddos por mais de 4800 licen\u00e7as em todo o mundo. Este selo, reconhecido a n\u00edvel internacional, permite que consumidores em todo o mundo reconhe\u00e7am os produtos vegetarianos ou veganos \u00e0 primeira vista. [&hellip;]<\/p>\n","protected":false},"author":5,"featured_media":39764,"parent":0,"menu_order":0,"comment_status":"closed","ping_status":"closed","template":"","meta":{"_acf_changed":false,"_editorskit_title_hidden":false,"_editorskit_reading_time":0,"_editorskit_is_block_options_detached":false,"_editorskit_block_options_position":"{}","inline_featured_image":false,"_uag_custom_page_level_css":"","footnotes":""},"categories":[],"tags":[],"class_list":["post-7899","page","type-page","status-publish","has-post-thumbnail","hentry"],"acf":[],"uagb_featured_image_src":{"full":["https:\/\/www.v-label.com\/wp-content\/uploads\/2022\/12\/v-label-info-for-producers.jpg",1280,870,false],"thumbnail":["https:\/\/www.v-label.com\/wp-content\/uploads\/2022\/12\/v-label-info-for-producers-500x340.jpg",500,340,true],"medium":["https:\/\/www.v-label.com\/wp-content\/uploads\/2022\/12\/v-label-info-for-producers-300x204.jpg",300,204,true],"medium_large":["https:\/\/www.v-label.com\/wp-content\/uploads\/2022\/12\/v-label-info-for-producers-768x522.jpg",768,522,true],"large":["https:\/\/www.v-label.com\/wp-content\/uploads\/2022\/12\/v-label-info-for-producers-1024x696.jpg",1024,696,true],"1536x1536":["https:\/\/www.v-label.com\/wp-content\/uploads\/2022\/12\/v-label-info-for-producers.jpg",1280,870,false],"2048x2048":["https:\/\/www.v-label.com\/wp-content\/uploads\/2022\/12\/v-label-info-for-producers.jpg",1280,870,false],"preview":["https:\/\/www.v-label.com\/wp-content\/uploads\/2022\/12\/v-label-info-for-producers-904x720.jpg",904,720,true],"header":["https:\/\/www.v-label.com\/wp-content\/uploads\/2022\/12\/v-label-info-for-producers-1280x720.jpg",1280,720,true],"gform-image-choice-sm":["https:\/\/www.v-label.com\/wp-content\/uploads\/2022\/12\/v-label-info-for-producers.jpg",300,204,false],"gform-image-choice-md":["https:\/\/www.v-label.com\/wp-content\/uploads\/2022\/12\/v-label-info-for-producers.jpg",400,272,false],"gform-image-choice-lg":["https:\/\/www.v-label.com\/wp-content\/uploads\/2022\/12\/v-label-info-for-producers.jpg",600,408,false]},"uagb_author_info":{"display_name":"Can Aslan","author_link":"https:\/\/www.v-label.com\/pt-pt"},"uagb_comment_info":0,"uagb_excerpt":"O selo V-Label, um selo de qualidade atribu\u00eddo a servi\u00e7os e produtos vegetarianos e veganos, est\u00e1 presente em mais de 50 mil produtos distribu\u00eddos por mais de 4800 licen\u00e7as em todo o mundo. Este selo, reconhecido a n\u00edvel internacional, permite que consumidores em todo o mundo reconhe\u00e7am os produtos vegetarianos ou veganos \u00e0 primeira vista.&hellip;","_links":{"self":[{"href":"https:\/\/www.v-label.com\/pt-pt\/wp-json\/wp\/v2\/pages\/7899","targetHints":{"allow":["GET"]}}],"collection":[{"href":"https:\/\/www.v-label.com\/pt-pt\/wp-json\/wp\/v2\/pages"}],"about":[{"href":"https:\/\/www.v-label.com\/pt-pt\/wp-json\/wp\/v2\/types\/page"}],"author":[{"embeddable":true,"href":"https:\/\/www.v-label.com\/pt-pt\/wp-json\/wp\/v2\/users\/5"}],"replies":[{"embeddable":true,"href":"https:\/\/www.v-label.com\/pt-pt\/wp-json\/wp\/v2\/comments?post=7899"}],"version-history":[{"count":5,"href":"https:\/\/www.v-label.com\/pt-pt\/wp-json\/wp\/v2\/pages\/7899\/revisions"}],"predecessor-version":[{"id":83934,"href":"https:\/\/www.v-label.com\/pt-pt\/wp-json\/wp\/v2\/pages\/7899\/revisions\/83934"}],"wp:featuredmedia":[{"embeddable":true,"href":"https:\/\/www.v-label.com\/pt-pt\/wp-json\/wp\/v2\/media\/39764"}],"wp:attachment":[{"href":"https:\/\/www.v-label.com\/pt-pt\/wp-json\/wp\/v2\/media?parent=7899"}],"wp:term":[{"taxonomy":"category","embeddable":true,"href":"https:\/\/www.v-label.com\/pt-pt\/wp-json\/wp\/v2\/categories?post=7899"},{"taxonomy":"post_tag","embeddable":true,"href":"https:\/\/www.v-label.com\/pt-pt\/wp-json\/wp\/v2\/tags?post=7899"}],"curies":[{"name":"wp","href":"https:\/\/api.w.org\/{rel}","templated":true}]}}