{"id":8020,"date":"2022-05-30T16:14:53","date_gmt":"2022-05-30T14:14:53","guid":{"rendered":"https:\/\/www.v-label.com\/branches\/"},"modified":"2023-03-04T09:48:46","modified_gmt":"2023-03-04T08:48:46","slug":"informacao-geral","status":"publish","type":"page","link":"https:\/\/www.v-label.com\/pt-pt\/informacao-geral\/","title":{"rendered":"Informa\u00e7\u00e3o Geral"},"content":{"rendered":"\n<p>O mercado mundial de ingredientes de base vegetal tem registado recordes de vendas ao longo dos anos e <strong>deve proceder a um crescimento<\/strong> anual de 8,94% entre 2019 e 2025. Em 2018, as receitas atingiram os 10,66 mil milh\u00f5es de d\u00f3lares e devem <strong>atingir os 27,98 mil milh\u00f5es em 2027<\/strong>.<\/p>\n\n\n\n<p>Os consumidores procuram cada vez mais produtos saud\u00e1veis, \u00e9ticos, econ\u00f3micos e com um impacto ambiental reduzido, o que est\u00e1 a <strong>impulsionar a procura<\/strong> de alternativas vegetarianas e veganas a n\u00edvel mundial. Cada vez mais empresas reconhecem os benef\u00edcios de satisfazer a crescente necessidade do mercado de fornecer produtos heterog\u00e9neos, de alta qualidade, sem origem animal.<\/p>\n\n\n\n<p>Os consumidores tamb\u00e9m apelam cada vez mais \u00e0 transpar\u00eancia na rotulagem. Querem ser capazes de identificar os produtos vegetarianos e veganos com rapidez e confian\u00e7a. Em 2020, o Selo de Aprova\u00e7\u00e3o Monitor classificou o selo V-Label como um dos tr\u00eas r\u00f3tulos alimentares de maior confian\u00e7a na Alemanha. A rotulagem realizada por organiza\u00e7\u00f5es independentes d\u00e1 aos consumidores uma maior confian\u00e7a do que os r\u00f3tulos produzidos pelos pr\u00f3prios fabricantes \u2013 s\u00f3 na Alemanha, 60% dos consumidores acreditam que uma institui\u00e7\u00e3o ambiental procede a inspe\u00e7\u00f5es mais consistentes do que marcas privadas.<\/p>\n\n\n\r\n<ul id=\"pagelinks-block_d0c802dd7371159366c54bf4519a17c6\" class=\"wp-block-pagelinks\">\r\n\t\t\t\t\t\t<li>\r\n\t\t\t\t<article>\r\n\t\t\t\t\t\t\t\t\t\t\t<a href=\"https:\/\/www.v-label.com\/pt-pt\/informacao-geral\/cosmeticos\/\" class=\"post_thumbnail\">\r\n\t\t\t\t\t\t\t<img decoding=\"async\" width=\"904\" height=\"720\" src=\"https:\/\/www.v-label.com\/wp-content\/uploads\/2022\/12\/cosmetics-1280-904x720.jpg\" class=\"attachment-preview size-preview wp-post-image\" alt=\"\" \/>\t\t\t\t\t\t<\/a>\r\n\t\t\t\t\t\t\t\t\t\t<div class=\"inner\">\r\n\t\t\t\t\t\t<div class=\"inner_top\">\r\n\t\t\t\t\t\t\t<header>\r\n\t\t\t\t\t\t\t\t<h3>\r\n\t\t\t\t\t\t\t\t\t<a href=\"https:\/\/www.v-label.com\/pt-pt\/informacao-geral\/cosmeticos\/\">Cosm\u00e9ticos e Agentes de limpeza<\/a>\r\n\t\t\t\t\t\t\t\t<\/h3>\r\n\t\t\t\t\t\t\t\t\t\t\t\t\t\t\t<\/header>\r\n\t\t\t\t\t\t\t\t\t\t\t\t\t\t\t<div class=\"excerpt\">\r\n\t\t\t\t\t\t\t\t\t<p>Conveni\u00eancia, cuidados com a sa\u00fade e um maior apelo a uma beleza livre de crueldade. Estas s\u00e3o as tr\u00eas principais raz\u00f5es pelas quais a dimens\u00e3o do mercado mundial de cosm\u00e9ticos veganos deve atingir os 20,8 mil milh\u00f5es de d\u00f3lares em 2025, crescendo a uma taxa de 6,3%, de acordo com o Cosmetics Market Size, Share [&hellip;]<\/p>\r\n\t\t\t\t\t\t\t\t<\/div>\r\n\t\t\t\t\t\t\t\t\t\t\t\t\t<\/div>\r\n\t\t\t\t\t\t<a href=\"https:\/\/www.v-label.com\/pt-pt\/informacao-geral\/cosmeticos\/\" class=\"read_more\">Ler mais<\/a>\r\n\t\t\t\t\t<\/div>\r\n\t\t\t\t<\/article>\r\n\t\t\t<\/li>\r\n\t\t\t\t\t<li>\r\n\t\t\t\t<article>\r\n\t\t\t\t\t\t\t\t\t\t\t<a href=\"https:\/\/www.v-label.com\/pt-pt\/informacao-geral\/comida\/\" class=\"post_thumbnail\">\r\n\t\t\t\t\t\t\t<img decoding=\"async\" width=\"904\" height=\"720\" src=\"https:\/\/www.v-label.com\/wp-content\/uploads\/2022\/12\/v-label-food-sector-904x720.jpg\" class=\"attachment-preview size-preview wp-post-image\" alt=\"\" \/>\t\t\t\t\t\t<\/a>\r\n\t\t\t\t\t\t\t\t\t\t<div class=\"inner\">\r\n\t\t\t\t\t\t<div class=\"inner_top\">\r\n\t\t\t\t\t\t\t<header>\r\n\t\t\t\t\t\t\t\t<h3>\r\n\t\t\t\t\t\t\t\t\t<a href=\"https:\/\/www.v-label.com\/pt-pt\/informacao-geral\/comida\/\">Comida<\/a>\r\n\t\t\t\t\t\t\t\t<\/h3>\r\n\t\t\t\t\t\t\t\t\t\t\t\t\t\t\t<\/header>\r\n\t\t\t\t\t\t\t\t\t\t\t\t\t\t\t<div class=\"excerpt\">\r\n\t\t\t\t\t\t\t\t\t<p>Sabia que, segundo o Euromonitor International, o mercado vegan e vegetariano na Europa Ocidental duplicou a sua dimens\u00e3o na \u00faltima d\u00e9cada, representando 38,5% do total da receita global? Enquanto o mercado mundial de alimentos de base vegetal deve crescer a uma taxa de 8,94%, o setor das proteaginosas deve aumentar 18%, atingindo o patamar dos [&hellip;]<\/p>\r\n\t\t\t\t\t\t\t\t<\/div>\r\n\t\t\t\t\t\t\t\t\t\t\t\t\t<\/div>\r\n\t\t\t\t\t\t<a href=\"https:\/\/www.v-label.com\/pt-pt\/informacao-geral\/comida\/\" class=\"read_more\">Ler mais<\/a>\r\n\t\t\t\t\t<\/div>\r\n\t\t\t\t<\/article>\r\n\t\t\t<\/li>\r\n\t\t\t\t\t<li>\r\n\t\t\t\t<article>\r\n\t\t\t\t\t\t\t\t\t\t\t<a href=\"https:\/\/www.v-label.com\/pt-pt\/informacao-geral\/gastronomia\/\" class=\"post_thumbnail\">\r\n\t\t\t\t\t\t\t<img decoding=\"async\" width=\"904\" height=\"720\" src=\"https:\/\/www.v-label.com\/wp-content\/uploads\/2022\/12\/gastronomy-1280-904x720.jpg\" class=\"attachment-preview size-preview wp-post-image\" alt=\"\" \/>\t\t\t\t\t\t<\/a>\r\n\t\t\t\t\t\t\t\t\t\t<div class=\"inner\">\r\n\t\t\t\t\t\t<div class=\"inner_top\">\r\n\t\t\t\t\t\t\t<header>\r\n\t\t\t\t\t\t\t\t<h3>\r\n\t\t\t\t\t\t\t\t\t<a href=\"https:\/\/www.v-label.com\/pt-pt\/informacao-geral\/gastronomia\/\">Gastronomia<\/a>\r\n\t\t\t\t\t\t\t\t<\/h3>\r\n\t\t\t\t\t\t\t\t\t\t\t\t\t\t\t<\/header>\r\n\t\t\t\t\t\t\t\t\t\t\t\t\t\t\t<div class=\"excerpt\">\r\n\t\t\t\t\t\t\t\t\t<p>Desde caf\u00e9s a restaurantes de alta gastronomia, bistr\u00f4s e pop-ups, a \u00e1rea da restaura\u00e7\u00e3o tem quase a mesma dimens\u00e3o do com\u00e9rcio a retalho de produtos alimentares. De acordo com o Global Variability in Fruit and Vegetable Consumption (Variabilidade Global no Consumo de Frutas e Vegetais), um estudo realizado com os dados do Inqu\u00e9rito Mundial da [&hellip;]<\/p>\r\n\t\t\t\t\t\t\t\t<\/div>\r\n\t\t\t\t\t\t\t\t\t\t\t\t\t<\/div>\r\n\t\t\t\t\t\t<a href=\"https:\/\/www.v-label.com\/pt-pt\/informacao-geral\/gastronomia\/\" class=\"read_more\">Ler mais<\/a>\r\n\t\t\t\t\t<\/div>\r\n\t\t\t\t<\/article>\r\n\t\t\t<\/li>\r\n\t\t\t\t\t<li>\r\n\t\t\t\t<article>\r\n\t\t\t\t\t\t\t\t\t\t\t<a href=\"https:\/\/www.v-label.com\/pt-pt\/informacao-geral\/nao-alimentares\/\" class=\"post_thumbnail\">\r\n\t\t\t\t\t\t\t<img decoding=\"async\" width=\"904\" height=\"692\" src=\"https:\/\/www.v-label.com\/wp-content\/uploads\/2022\/12\/v-label-non-food-sectors-904x692.jpg\" class=\"attachment-preview size-preview wp-post-image\" alt=\"\" \/>\t\t\t\t\t\t<\/a>\r\n\t\t\t\t\t\t\t\t\t\t<div class=\"inner\">\r\n\t\t\t\t\t\t<div class=\"inner_top\">\r\n\t\t\t\t\t\t\t<header>\r\n\t\t\t\t\t\t\t\t<h3>\r\n\t\t\t\t\t\t\t\t\t<a href=\"https:\/\/www.v-label.com\/pt-pt\/informacao-geral\/nao-alimentares\/\">Produtos N\u00e3o Alimentares<\/a>\r\n\t\t\t\t\t\t\t\t<\/h3>\r\n\t\t\t\t\t\t\t\t\t\t\t\t\t\t\t<\/header>\r\n\t\t\t\t\t\t\t\t\t\t\t\t\t\t\t<div class=\"excerpt\">\r\n\t\t\t\t\t\t\t\t\t<p>A moda vegana e livre de crueldade, uma ind\u00fastria em crescimento nos pr\u00f3ximos anos, \u00e9 j\u00e1 considerada interessante e glamorosa. Em 2019, o mercado mundial da moda vegana feminina teve uma avalia\u00e7\u00e3o de 396,3 mil milh\u00f5es de d\u00f3lares e deve crescer a uma taxa de 13,6% at\u00e9 2027, de acordo com o portal Statista.com. O [&hellip;]<\/p>\r\n\t\t\t\t\t\t\t\t<\/div>\r\n\t\t\t\t\t\t\t\t\t\t\t\t\t<\/div>\r\n\t\t\t\t\t\t<a href=\"https:\/\/www.v-label.com\/pt-pt\/informacao-geral\/nao-alimentares\/\" class=\"read_more\">Ler mais<\/a>\r\n\t\t\t\t\t<\/div>\r\n\t\t\t\t<\/article>\r\n\t\t\t<\/li>\r\n\t\t\t<\/ul>","protected":false},"excerpt":{"rendered":"<p>O mercado mundial de ingredientes de base vegetal tem registado recordes de vendas ao longo dos anos e deve proceder a um crescimento anual de 8,94% entre 2019 e 2025. Em 2018, as receitas atingiram os 10,66 mil milh\u00f5es de d\u00f3lares e devem atingir os 27,98 mil milh\u00f5es em 2027. Os consumidores procuram cada vez [&hellip;]<\/p>\n","protected":false},"author":5,"featured_media":16978,"parent":0,"menu_order":0,"comment_status":"closed","ping_status":"closed","template":"","meta":{"_acf_changed":false,"_editorskit_title_hidden":false,"_editorskit_reading_time":0,"_editorskit_is_block_options_detached":false,"_editorskit_block_options_position":"{}","inline_featured_image":false,"_uag_custom_page_level_css":"","footnotes":""},"categories":[],"tags":[],"class_list":["post-8020","page","type-page","status-publish","has-post-thumbnail","hentry"],"acf":[],"uagb_featured_image_src":{"full":["https:\/\/www.v-label.com\/wp-content\/uploads\/2022\/12\/v-label-general-info-sectors.jpg",1280,716,false],"thumbnail":["https:\/\/www.v-label.com\/wp-content\/uploads\/2022\/12\/v-label-general-info-sectors-500x280.jpg",500,280,true],"medium":["https:\/\/www.v-label.com\/wp-content\/uploads\/2022\/12\/v-label-general-info-sectors-300x168.jpg",300,168,true],"medium_large":["https:\/\/www.v-label.com\/wp-content\/uploads\/2022\/12\/v-label-general-info-sectors-768x430.jpg",768,430,true],"large":["https:\/\/www.v-label.com\/wp-content\/uploads\/2022\/12\/v-label-general-info-sectors-1024x573.jpg",1024,573,true],"1536x1536":["https:\/\/www.v-label.com\/wp-content\/uploads\/2022\/12\/v-label-general-info-sectors.jpg",1280,716,false],"2048x2048":["https:\/\/www.v-label.com\/wp-content\/uploads\/2022\/12\/v-label-general-info-sectors.jpg",1280,716,false],"preview":["https:\/\/www.v-label.com\/wp-content\/uploads\/2022\/12\/v-label-general-info-sectors-904x716.jpg",904,716,true],"header":["https:\/\/www.v-label.com\/wp-content\/uploads\/2022\/12\/v-label-general-info-sectors.jpg",1280,716,false],"gform-image-choice-sm":["https:\/\/www.v-label.com\/wp-content\/uploads\/2022\/12\/v-label-general-info-sectors.jpg",300,168,false],"gform-image-choice-md":["https:\/\/www.v-label.com\/wp-content\/uploads\/2022\/12\/v-label-general-info-sectors.jpg",400,224,false],"gform-image-choice-lg":["https:\/\/www.v-label.com\/wp-content\/uploads\/2022\/12\/v-label-general-info-sectors.jpg",600,336,false]},"uagb_author_info":{"display_name":"Can Aslan","author_link":"https:\/\/www.v-label.com\/pt-pt"},"uagb_comment_info":0,"uagb_excerpt":"O mercado mundial de ingredientes de base vegetal tem registado recordes de vendas ao longo dos anos e deve proceder a um crescimento anual de 8,94% entre 2019 e 2025. Em 2018, as receitas atingiram os 10,66 mil milh\u00f5es de d\u00f3lares e devem atingir os 27,98 mil milh\u00f5es em 2027. Os consumidores procuram cada vez&hellip;","_links":{"self":[{"href":"https:\/\/www.v-label.com\/pt-pt\/wp-json\/wp\/v2\/pages\/8020","targetHints":{"allow":["GET"]}}],"collection":[{"href":"https:\/\/www.v-label.com\/pt-pt\/wp-json\/wp\/v2\/pages"}],"about":[{"href":"https:\/\/www.v-label.com\/pt-pt\/wp-json\/wp\/v2\/types\/page"}],"author":[{"embeddable":true,"href":"https:\/\/www.v-label.com\/pt-pt\/wp-json\/wp\/v2\/users\/5"}],"replies":[{"embeddable":true,"href":"https:\/\/www.v-label.com\/pt-pt\/wp-json\/wp\/v2\/comments?post=8020"}],"version-history":[{"count":4,"href":"https:\/\/www.v-label.com\/pt-pt\/wp-json\/wp\/v2\/pages\/8020\/revisions"}],"predecessor-version":[{"id":10481,"href":"https:\/\/www.v-label.com\/pt-pt\/wp-json\/wp\/v2\/pages\/8020\/revisions\/10481"}],"wp:featuredmedia":[{"embeddable":true,"href":"https:\/\/www.v-label.com\/pt-pt\/wp-json\/wp\/v2\/media\/16978"}],"wp:attachment":[{"href":"https:\/\/www.v-label.com\/pt-pt\/wp-json\/wp\/v2\/media?parent=8020"}],"wp:term":[{"taxonomy":"category","embeddable":true,"href":"https:\/\/www.v-label.com\/pt-pt\/wp-json\/wp\/v2\/categories?post=8020"},{"taxonomy":"post_tag","embeddable":true,"href":"https:\/\/www.v-label.com\/pt-pt\/wp-json\/wp\/v2\/tags?post=8020"}],"curies":[{"name":"wp","href":"https:\/\/api.w.org\/{rel}","templated":true}]}}