{"id":8631,"date":"2022-05-30T16:16:08","date_gmt":"2022-05-30T14:16:08","guid":{"rendered":"https:\/\/www.v-label.com\/faqs\/"},"modified":"2023-02-27T15:34:30","modified_gmt":"2023-02-27T14:34:30","slug":"faqs","status":"publish","type":"page","link":"https:\/\/www.v-label.com\/pt-pt\/faqs\/","title":{"rendered":"FAQ"},"content":{"rendered":"\n<h3 class=\"has-text-align-center wp-block-heading\">Encontre as respostas para algumas das perguntas que possa ter sobre o selo V-Label.<\/h3>\n\n\n\r\n<section id=\"accordion-block_abe0ce1a469ec0a90afcb3e421aa91eb\" class=\"wp-block-accordion\">\r\n\t\t\t<button class=\"toggle_open\" id=\"button_toggle\">Expandir todos<\/button>\r\n\t\t<ul class=\"posts_list_accordion\">\r\n\t\t\t\t\t\t\t<li>\r\n\t\t\t\t\t\t\t\t\t\t\t\t\t\t\t\t\t<h4 id=\"\">Quais os benef\u00edcios que a V-Label oferece comparando com outros r\u00f3tulos vegetarianos?<i class=\"icon-angle-down\"><\/i><\/h4>\r\n\t\t\t\t\t\t\t\t\t\t\t\t\t\t\t\t<div class=\"accordion_text\"><p>Muitas empresas e produtores usam os seus pr\u00f3prios r\u00f3tulos vegetarianos para os seus produtos. Ao criarem esses r\u00f3tulos, no entanto, eles definem os seus pr\u00f3prios crit\u00e9rios para produtos veganos e vegetarianos, o que resulta em inconsist\u00eancias com outras empresas e produtores. A falta de compreens\u00e3o entre empresas, relativamente ao completo conhecimentos dos v\u00e1rios ingredientes utilizados e dos importantes crit\u00e9rios de produ\u00e7\u00e3o, pode levar a uma rotulagem incorreta. Esses r\u00f3tulos criados pelas mesmas empresas n\u00e3o s\u00e3o submetidos a auditorias por entidades independentes, o que significa que a rotulagem \u00e0s vezes pode passar despercebida pelos consumidores. Os consumidores muitas vezes pedem transpar\u00eancia para que possam identificar produtos veganos e vegetarianos com rapidez e confian\u00e7a.<\/p>\n<p>Atualmente, apenas a V-Label pode fornecer essa clareza na rotulagem de produtos gra\u00e7as aos crit\u00e9rios padronizados e na rotulagem de produtos vegetarianos e vegetarianos. A V-Label significa que eles podem atribuir a terceiros a responsabilidade pelas inspe\u00e7\u00f5es de garantia de qualidade dos seus produtos veganos e vegetarianos.<\/p>\n<p>Al\u00e9m disso, a V-Label \u00e9 o \u00fanico r\u00f3tulo independente da Europa nas categorias &#8220;vegana&#8221; e &#8220;vegetariana&#8221;.<\/p>\n<\/div>\r\n\t\t\t\t\t\t\t\t\t<\/li>\r\n\t\t\t\t\t\t\t<li>\r\n\t\t\t\t\t\t\t\t\t\t\t\t\t\t\t\t\t<h4 id=\"\">Por que n\u00e3o \u00e9 suficiente ler a lista de ingredientes?<i class=\"icon-angle-down\"><\/i><\/h4>\r\n\t\t\t\t\t\t\t\t\t\t\t\t\t\t\t\t<div class=\"accordion_text\"><p>Ler simplesmente a lista de ingredientes fornece pouca garantia de que um produto seja vegetariano ou vegano. Alguns ingredientes s\u00e3o especificados como n\u00fameros E, com os quais muitos consumidores n\u00e3o est\u00e3o familiarizados, enquanto outros n\u00e3o est\u00e3o listados porque n\u00e3o precisam ser declarados. Al\u00e9m disso, nem sempre \u00e9 claro se certos ingredientes s\u00e3o de origem vegetal ou animal, por exemplo, n\u00e3o \u00e9 usual certos aditivos utilizados na produ\u00e7\u00e3o, muitos dos quais de origem animal, serem inclu\u00eddos na lista de ingredientes.<\/p>\n<p>Altera\u00e7\u00f5es nas receitas podem significar que um produto previamente vegano ou vegetariano, possa, subitamente, conter produtos de origem animal sem que os consumidores percebam. N\u00e3o s\u00f3 os produtos licenciados pela V-Label s\u00e3o inspecionados para verifica\u00e7\u00e3o da sua composi\u00e7\u00e3o, mas tamb\u00e9m cada passo individual de produ\u00e7\u00e3o no desenvolvimento do produto \u00e9 igualmente escrutinado. Portanto, a V-Label \u00e9 um indicador r\u00e1pido e de confian\u00e7a que economiza aos consumidores o inc\u00f3modo de ter de ler atentamente a lista de ingredientes, que pode nem ser expl\u00edcita.<\/p>\n<\/div>\r\n\t\t\t\t\t\t\t\t\t<\/li>\r\n\t\t\t\t\t\t\t<li>\r\n\t\t\t\t\t\t\t\t\t\t\t\t\t\t\t\t\t<h4 id=\"\">Sob que crit\u00e9rios s\u00e3o os produtos com a V-Label marcados como veganos ou vegetarianos?<i class=\"icon-angle-down\"><\/i><\/h4>\r\n\t\t\t\t\t\t\t\t\t\t\t\t\t\t\t\t<div class=\"accordion_text\"><p>A defini\u00e7\u00e3o dos termos &#8220;vegano&#8221; e &#8220;vegetariano&#8221;, que a V-Label usa como base, cumpre a recomenda\u00e7\u00e3o especificada durante a 12\u00aa Confer\u00eancia da Prote\u00e7\u00e3o ao Consumidor realizada em 22 de abril de 2016.<\/p>\n<p><strong>Vegetariano<\/strong><\/p>\n<p>Alimentos e outros produtos que n\u00e3o cont\u00eam animais ou partes de animais s\u00e3o considerados vegetarianos. Isso leva em considera\u00e7\u00e3o todas as etapas de produ\u00e7\u00e3o e processamento. Os alimentos e outros produtos criados com a ajuda de animais vivos e produtos derivados de animais s\u00e3o considerados vegetarianos.<\/p>\n<p><strong>Vegano<\/strong><\/p>\n<p>Alimentos e outros produtos que n\u00e3o cont\u00eam animais ou partes de animais s\u00e3o considerados veganos. Para ser vegano, um g\u00e9nero aliment\u00edcio ou outro produto n\u00e3o deve ser produzido com a ajuda de animais vivos ou produtos derivados de animais. Isso leva em considera\u00e7\u00e3o todas as etapas de produ\u00e7\u00e3o e processamento.<\/p>\n<p><strong>Crit\u00e9rios adicionais da V-Label<\/strong><\/p>\n<p>A V-Label n\u00e3o \u00e9 licenciado nos seguintes casos:<\/p>\n<ul>\n<li>Produtos declarados como contendo OGM (organismos geneticamente modificados)<\/li>\n<li>Produtos que cont\u00eam ovos de galinhas criadas em jaulas (incluindo de sistemas de gaiolas melhoradas\/enriquecidas e de cria\u00e7\u00e3o em grupos pequenos)<\/li>\n<\/ul>\n<p><strong>Acondicionamento<\/strong><\/p>\n<p>A V-Label n\u00e3o exclui os produtos cuja embalagem cont\u00e9m produtos derivados de animais. No entanto, as empresas s\u00e3o encorajadas a evitar voluntariamente o uso de embalagens contendo produtos derivados de animais.<\/p>\n<p><strong>Fertiliza\u00e7\u00e3o e cultivo<\/strong><\/p>\n<p>O processo de licenciamento da V-Label para produtos e ingredientes abrange o per\u00edodo de colheita. Os fertilizantes utilizados no solo onde as mat\u00e9rias-primas, dos produtos V-Label, crescem, n\u00e3o constituem um crit\u00e9rio relevante. No entanto, as mat\u00e9rias-primas cultivadas a partir de agricultura org\u00e2nica e vegana devem ser preferidas e as empresas s\u00e3o encorajadas a evitar voluntariamente o uso de fertilizantes que cont\u00eam subst\u00e2ncias derivadas de animais.<\/p>\n<p><strong>Vest\u00edgios de ingredientes e contaminantes<\/strong><\/p>\n<p>As empresas decidem voluntariamente se devem ou n\u00e3o indicar nas embalagens a contamina\u00e7\u00e3o com alerg\u00e9nios ou produtos de origem animal que possam ocorrer no processo de produ\u00e7\u00e3o. Ao indicar a presen\u00e7a potencial de vest\u00edgios de ingredientes, as empresas salvaguardam-se contra quaisquer consequ\u00eancias legais na eventualidade de consumidores sofrerem rea\u00e7\u00f5es al\u00e9rgicas. No entanto, s\u00f3 porque esta informa\u00e7\u00e3o \u00e9 fornecida, n\u00e3o significa necessariamente que o produto final contenha ingredientes de origem animal; a informa\u00e7\u00e3o simplesmente adverte os consumidores sobre a possibilidade de contamina\u00e7\u00e3o m\u00ednima decorrente do processo de produ\u00e7\u00e3o.<br \/>\nOs produtos que cont\u00eam esta informa\u00e7\u00e3o v\u00e3o ao encontro dos crit\u00e9rios da V-Label e garantem que nenhum ingrediente de origem animal foi deliberadamente adicionado em qualquer momento da produ\u00e7\u00e3o. O processo de produ\u00e7\u00e3o deve ser projetado para excluir qualquer possibilidade de contamina\u00e7\u00e3o com ingredientes de origem animal.<br \/>\nDe acordo com os crit\u00e9rios da V-Label, a contamina\u00e7\u00e3o total com todos os componentes animais verific\u00e1veis no produto final n\u00e3o deve exceder 0,1% (1 g \/ kg). Outras regras baseadas num &#8220;limite de dete\u00e7\u00e3o tecnicamente vi\u00e1vel&#8221; podem ser aplicadas para determinados grupos de produtos.<\/p>\n<p><strong>Exemplos<\/strong><\/p>\n<p>O selo da V-Label nunca se concede para os seguintes produtos ou para produtos que cont\u00eam qualquer um dos seguintes ingredientes::<\/p>\n<ul>\n<li>Produtos de abate<\/li>\n<li>Gorduras de peixe, partes de peixe ou outros animais marinhos<\/li>\n<li>Aromas de origem animal (com a exce\u00e7\u00e3o de aromas \u00e0\/com\/de base de leite)<\/li>\n<li>Ovos, para al\u00e9m dos provenientes de aves de capoeira (p. ex., caviar)<\/li>\n<li>Produtos l\u00e1cteos em que coalho animal (renina\/quimosina) seja utilizado<\/li>\n<li>Geleia Real<\/li>\n<li>Corantes feitos a partir de ingredientes de origem animal (p. ex., cochonilha)<\/li>\n<li>A\u00e7\u00facares processados com ossos carbonizados de animais (carv\u00e3o de osso\/carv\u00e3o animal)<\/li>\n<li>Subst\u00e2ncias portadoras ou aditivos de origem animal<\/li>\n<li>Clarifica\u00e7\u00e3o com subst\u00e2ncias de origem animal (p. ex., gelatina, ictiocola, cola de peixe)<\/li>\n<\/ul>\n<p>O selo V-Label nas categorias \u201cvegano\u201d \u00e9 concedido apenas a produtos que tamb\u00e9m est\u00e3o livres de subst\u00e2ncias de origem animal como:<\/p>\n<ul>\n<li>Ovos<\/li>\n<li>Mel<\/li>\n<li>Produtos l\u00e1cteos e derivados do leite<\/li>\n<li>Cera animal<\/li>\n<li>Corantes feitos a partir de produtos de origem animal<\/li>\n<li>Clarifica\u00e7\u00e3o com subst\u00e2ncias de origem animal (p. ex., clara de ovo)<\/li>\n<\/ul>\n<\/div>\r\n\t\t\t\t\t\t\t\t\t<\/li>\r\n\t\t\t\t\t\t\t<li>\r\n\t\t\t\t\t\t\t\t\t\t\t\t\t\t\t\t\t<h4 id=\"\">Com base em que crit\u00e9rios \u00e9 que os alimentos e outros produtos s\u00e3o classificados como sendo \u201cveganos\u201d ou \u201cvegetarianos\u201d?<i class=\"icon-angle-down\"><\/i><\/h4>\r\n\t\t\t\t\t\t\t\t\t\t\t\t\t\t\t\t<div class=\"accordion_text\"><p>As empresas que desejam licenciar produtos com a V-Label s\u00e3o obrigadas a declarar ao licenciante a totalidade da composi\u00e7\u00e3o destes produtos assim como todos os aditivos usados durante o processamento dos mesmos. Com base nesta autodeclara\u00e7\u00e3o e ap\u00f3s uma inspe\u00e7\u00e3o pela equipa da V-Label, alimentos e outros produtos podem ser classificados como &#8220;veganos&#8221; ou &#8220;vegetarianos&#8221;.<\/p>\n<\/div>\r\n\t\t\t\t\t\t\t\t\t<\/li>\r\n\t\t\t\t\t\t\t<li>\r\n\t\t\t\t\t\t\t\t\t\t\t\t\t\t\t\t\t<h4 id=\"\">Que medidas s\u00e3o tomadas de forma a garantir que as empresas cumprem os requisitos da V-Label?<i class=\"icon-angle-down\"><\/i><\/h4>\r\n\t\t\t\t\t\t\t\t\t\t\t\t\t\t\t\t<div class=\"accordion_text\"><p>A equipa da V-Label reserva-se o direito de implementar medidas de controlo de qualidade que visam salvaguardar a credibilidade e os benef\u00edcios prometidos pela V-Label.<\/p>\n<p>Qualquer mudan\u00e7a de receita ou altera\u00e7\u00e3o nos processos envolvidos na produ\u00e7\u00e3o de alimentos e outros produtos que ostentam o selo V-Label deve ser imediatamente comunicada aos membros da equipa da V-Label respons\u00e1vel pela gest\u00e3o de qualidade.<\/p>\n<p>Uma vez que a empresa declarou as mudan\u00e7as relevantes, uma nova inspe\u00e7\u00e3o \u00e9 realizada.<\/p>\n<\/div>\r\n\t\t\t\t\t\t\t\t\t<\/li>\r\n\t\t\t\t\t\t\t<li>\r\n\t\t\t\t\t\t\t\t\t\t\t\t\t\t\t\t\t<h4 id=\"\">Existem casos em que n\u00e3o faz sentido que um produto apresente o selo V-Label?<i class=\"icon-angle-down\"><\/i><\/h4>\r\n\t\t\t\t\t\t\t\t\t\t\t\t\t\t\t\t<div class=\"accordion_text\"><p>N\u00e3o faz sentido que todos os produtos alimentares tenham o selo V-Label: os produtos de um \u00fanico componente, como ch\u00e1s, especiarias, \u00e1gua mineral e alimentos crus, como legumes crus, s\u00e3o sempre \u00e0 base de plantas e n\u00e3o precisam de ser rotulados especificamente como tal. Embora, por princ\u00edpio, n\u00e3o haja nada de errado ao anunciar um produto afirmando o que \u00e9 obviamente verdadeiro, n\u00e3o \u00e9 considerado aconselh\u00e1vel.<\/p>\n<\/div>\r\n\t\t\t\t\t\t\t\t\t<\/li>\r\n\t\t\t\t\t\t\t<li>\r\n\t\t\t\t\t\t\t\t\t\t\t\t\t\t\t\t\t<h4 id=\"\">Quais os custos que as empresas podem esperar pagar quando licenciam os seus produtos com a V-Label?<i class=\"icon-angle-down\"><\/i><\/h4>\r\n\t\t\t\t\t\t\t\t\t\t\t\t\t\t\t\t<div class=\"accordion_text\"><p>O uso da V-Label est\u00e1 sujeito a uma taxa de avalia\u00e7\u00e3o e uma taxa de licenciamento anual<\/p>\n<\/div>\r\n\t\t\t\t\t\t\t\t\t<\/li>\r\n\t\t\t\t\t\t\t<li>\r\n\t\t\t\t\t\t\t\t\t\t\t\t\t\t\t\t\t<h4 id=\"\">Quanto tempo poder\u00e1 levar a ser emitida uma licen\u00e7a?<i class=\"icon-angle-down\"><\/i><\/h4>\r\n\t\t\t\t\t\t\t\t\t\t\t\t\t\t\t\t<div class=\"accordion_text\"><p>O processo de licenciamento envolve 5 etapas. Ap\u00f3s uma empresa enviar um pedido inicial, uma proposta de or\u00e7amento \u00e9 emitida com base nos dados apresentados pela empresa. Ap\u00f3s o or\u00e7amento ser confirmado pela empresa, um contrato de licen\u00e7a \u00e9 assinado. Depois disso, o licenciante verifica todos os detalhes dos produtos. Ap\u00f3s um controle completo, e se o licenciante estiver satisfeito com o resultado, a licen\u00e7a V-Label \u00e9 emitida. Finalmente, o design da embalagem do produto \u00e9 verificado e aprovado para uso.<\/p>\n<p>Num processo de licenciamento padr\u00e3o, pode demorar entre 2 e 8 semanas at\u00e9 que a empresa finalmente receba aprova\u00e7\u00e3o para usar o selo V-Label. Tamb\u00e9m poder\u00e1 estar dispon\u00edvel um tipo de verifica\u00e7\u00e3o Expresso. Nesse caso, os candidatos recebem aten\u00e7\u00e3o priorit\u00e1ria e os controlos necess\u00e1rios s\u00e3o realizados dentro de, aproximadamente, dez dias \u00fateis, ap\u00f3s a rece\u00e7\u00e3o de toda a documenta\u00e7\u00e3o necess\u00e1ria.<\/p>\n<\/div>\r\n\t\t\t\t\t\t\t\t\t<\/li>\r\n\t\t\t\t\t\t\t<li>\r\n\t\t\t\t\t\t\t\t\t\t\t\t\t\t\t\t\t<h4 id=\"\">Qual a natureza do contrato para as empresas?<i class=\"icon-angle-down\"><\/i><\/h4>\r\n\t\t\t\t\t\t\t\t\t\t\t\t\t\t\t\t<div class=\"accordion_text\"><p><strong>Per\u00edodo de validade<\/strong><\/p>\n<p>A rela\u00e7\u00e3o contratual geralmente dura um ano.\u00a0A data de in\u00edcio do contrato est\u00e1 especificada no contrato. Uma data posterior pode ser especificada para levar em considera\u00e7\u00e3o, por exemplo, futuros lan\u00e7amentos de produtos. O contrato \u00e9 prorrogado automaticamente se n\u00e3o for notificado por escrito a inten\u00e7\u00e3o de o revogar, com pelo menos tr\u00eas meses de anteced\u00eancia face \u00e0 data de renova\u00e7\u00e3o de pagamento.<\/p>\n<p><strong>Certificado de licen\u00e7a<\/strong><\/p>\n<p>Ap\u00f3s o processo de licenciamento estar completo, um certificado de licen\u00e7a \u00e9 emitido para o produto na categoria correspondente.<\/p>\n<\/div>\r\n\t\t\t\t\t\t\t\t\t<\/li>\r\n\t\t\t\t\t<\/ul>\r\n\t<\/section>","protected":false},"excerpt":{"rendered":"<p>Encontre as respostas para algumas das perguntas que possa ter sobre o selo V-Label.<\/p>\n","protected":false},"author":5,"featured_media":17163,"parent":0,"menu_order":0,"comment_status":"closed","ping_status":"closed","template":"","meta":{"_acf_changed":false,"_editorskit_title_hidden":false,"_editorskit_reading_time":0,"_editorskit_is_block_options_detached":false,"_editorskit_block_options_position":"{}","inline_featured_image":false,"_uag_custom_page_level_css":"","footnotes":""},"categories":[],"tags":[],"class_list":["post-8631","page","type-page","status-publish","has-post-thumbnail","hentry"],"acf":[],"uagb_featured_image_src":{"full":["https:\/\/www.v-label.com\/wp-content\/uploads\/2022\/12\/v-label-faqs.jpg",1280,743,false],"thumbnail":["https:\/\/www.v-label.com\/wp-content\/uploads\/2022\/12\/v-label-faqs-500x290.jpg",500,290,true],"medium":["https:\/\/www.v-label.com\/wp-content\/uploads\/2022\/12\/v-label-faqs-300x174.jpg",300,174,true],"medium_large":["https:\/\/www.v-label.com\/wp-content\/uploads\/2022\/12\/v-label-faqs-768x446.jpg",768,446,true],"large":["https:\/\/www.v-label.com\/wp-content\/uploads\/2022\/12\/v-label-faqs-1024x594.jpg",1024,594,true],"1536x1536":["https:\/\/www.v-label.com\/wp-content\/uploads\/2022\/12\/v-label-faqs.jpg",1280,743,false],"2048x2048":["https:\/\/www.v-label.com\/wp-content\/uploads\/2022\/12\/v-label-faqs.jpg",1280,743,false],"preview":["https:\/\/www.v-label.com\/wp-content\/uploads\/2022\/12\/v-label-faqs-904x720.jpg",904,720,true],"header":["https:\/\/www.v-label.com\/wp-content\/uploads\/2022\/12\/v-label-faqs-1280x720.jpg",1280,720,true],"gform-image-choice-sm":["https:\/\/www.v-label.com\/wp-content\/uploads\/2022\/12\/v-label-faqs.jpg",300,174,false],"gform-image-choice-md":["https:\/\/www.v-label.com\/wp-content\/uploads\/2022\/12\/v-label-faqs.jpg",400,232,false],"gform-image-choice-lg":["https:\/\/www.v-label.com\/wp-content\/uploads\/2022\/12\/v-label-faqs.jpg",600,348,false]},"uagb_author_info":{"display_name":"Can Aslan","author_link":"https:\/\/www.v-label.com\/pt-pt"},"uagb_comment_info":0,"uagb_excerpt":"Encontre as respostas para algumas das perguntas que possa ter sobre o selo V-Label.","_links":{"self":[{"href":"https:\/\/www.v-label.com\/pt-pt\/wp-json\/wp\/v2\/pages\/8631","targetHints":{"allow":["GET"]}}],"collection":[{"href":"https:\/\/www.v-label.com\/pt-pt\/wp-json\/wp\/v2\/pages"}],"about":[{"href":"https:\/\/www.v-label.com\/pt-pt\/wp-json\/wp\/v2\/types\/page"}],"author":[{"embeddable":true,"href":"https:\/\/www.v-label.com\/pt-pt\/wp-json\/wp\/v2\/users\/5"}],"replies":[{"embeddable":true,"href":"https:\/\/www.v-label.com\/pt-pt\/wp-json\/wp\/v2\/comments?post=8631"}],"version-history":[{"count":6,"href":"https:\/\/www.v-label.com\/pt-pt\/wp-json\/wp\/v2\/pages\/8631\/revisions"}],"predecessor-version":[{"id":49247,"href":"https:\/\/www.v-label.com\/pt-pt\/wp-json\/wp\/v2\/pages\/8631\/revisions\/49247"}],"wp:featuredmedia":[{"embeddable":true,"href":"https:\/\/www.v-label.com\/pt-pt\/wp-json\/wp\/v2\/media\/17163"}],"wp:attachment":[{"href":"https:\/\/www.v-label.com\/pt-pt\/wp-json\/wp\/v2\/media?parent=8631"}],"wp:term":[{"taxonomy":"category","embeddable":true,"href":"https:\/\/www.v-label.com\/pt-pt\/wp-json\/wp\/v2\/categories?post=8631"},{"taxonomy":"post_tag","embeddable":true,"href":"https:\/\/www.v-label.com\/pt-pt\/wp-json\/wp\/v2\/tags?post=8631"}],"curies":[{"name":"wp","href":"https:\/\/api.w.org\/{rel}","templated":true}]}}