{"id":34368,"date":"2022-09-09T10:47:40","date_gmt":"2022-09-09T08:47:40","guid":{"rendered":"https:\/\/www.v-label.com\/certified-products\/"},"modified":"2024-07-11T10:53:11","modified_gmt":"2024-07-11T08:53:11","slug":"certified-products","status":"publish","type":"page","link":"https:\/\/www.v-label.com\/ro\/informatii-generale\/certified-products\/","title":{"rendered":"Produse Certificate"},"content":{"rendered":"\n<p>\u00centruc\u00e2t produc\u021bia de alimente este responsabil\u0103 pentru un sfert din emisiile de gaze cu efect de ser\u0103 la nivel mondial \u0219i tot mai mul\u021bi oameni sunt din ce \u00een ce mai preocupa\u021bi de schimb\u0103rile climatice, studii recente arat\u0103 c\u0103, dac\u0103 dori\u021bi s\u0103 reduce\u021bi emisiile personale de gaze cu efect de ser\u0103, ar trebui <strong>s\u0103 v\u0103 concentra\u021bi pe ceea ce m\u00e2nca\u021bi, mai degrab\u0103 dec\u00e2t dac\u0103 m\u00e2ncarea ta este local\u0103.<\/strong><a href=\"https:\/\/ourworldindata.org\/food-choice-vs-eating-local#licence\" target=\"_blank\" rel=\"noopener\"><sup>1<\/sup><\/a><\/p>\n\n\n\n<p>Po\u021bi, dar nu trebuie s\u0103 fii 100% vegan pentru a te bucura de varietatea \u00een plin\u0103 expansiune de op\u021biuni pe baz\u0103 de plante. M\u00e2ncarea vegan\u0103 \u0219i vegetarian\u0103 este s\u0103n\u0103toas\u0103, s\u0103\u021bioas\u0103, convenabil\u0103, u\u0219or de preparat \u0219i atr\u0103g\u0103toare. Pe l\u00e2ng\u0103 faptul c\u0103 este etic\u0103 \u0219i durabil\u0103, este o expresie a identit\u0103\u021bii de sine.<\/p>\n\n\n\n<p>V-Label este disponibil \u00een prezent pe mai mult de 70.000 de produse. Iat\u0103 o selec\u021bie fin\u0103 a unora dintre produsele certificate pentru a v\u0103 inspira urm\u0103toarea achizi\u021bie.<\/p>\n\n\n\n<h3 class=\"wp-block-heading has-text-align-center\"><strong>Face\u021bi achizi\u021bion\u0103rile dumneavoastr\u0103 s\u0103 conteze<\/strong><\/h3>\n\n\n\n<div class=\"wp-block-group alignwide is-content-justification-center is-nowrap is-layout-flex wp-container-core-group-is-layout-499140ed wp-block-group-is-layout-flex\">\n<figure class=\"wp-block-image size-thumbnail is-resized\"><img decoding=\"async\" width=\"500\" height=\"500\" src=\"https:\/\/www.v-label.com\/wp-content\/uploads\/2022\/07\/logo-vlabel-favicon-500x500.png\" alt=\"\" class=\"wp-image-331\" style=\"width:50px;height:50px\" srcset=\"https:\/\/www.v-label.com\/wp-content\/uploads\/2022\/07\/logo-vlabel-favicon-500x500.png 500w, https:\/\/www.v-label.com\/wp-content\/uploads\/2022\/07\/logo-vlabel-favicon-300x300.png 300w, https:\/\/www.v-label.com\/wp-content\/uploads\/2022\/07\/logo-vlabel-favicon-768x768.png 768w, https:\/\/www.v-label.com\/wp-content\/uploads\/2022\/07\/logo-vlabel-favicon.png 852w\" sizes=\"(max-width: 500px) 100vw, 500px\" \/><\/figure>\n<\/div>\n\n\n\n<div class=\"wp-block-columns is-layout-flex wp-container-core-columns-is-layout-9d6595d7 wp-block-columns-is-layout-flex\">\n<div class=\"wp-block-column is-layout-flow wp-block-column-is-layout-flow\">\n<figure class=\"wp-block-image size-full\"><img decoding=\"async\" width=\"1280\" height=\"852\" src=\"https:\/\/www.v-label.com\/wp-content\/uploads\/2022\/12\/meat-alternatives-1280.jpg\" alt=\"\" class=\"wp-image-17391\" srcset=\"https:\/\/www.v-label.com\/wp-content\/uploads\/2022\/12\/meat-alternatives-1280.jpg 1280w, https:\/\/www.v-label.com\/wp-content\/uploads\/2022\/12\/meat-alternatives-1280-300x200.jpg 300w, https:\/\/www.v-label.com\/wp-content\/uploads\/2022\/12\/meat-alternatives-1280-1024x682.jpg 1024w, https:\/\/www.v-label.com\/wp-content\/uploads\/2022\/12\/meat-alternatives-1280-500x333.jpg 500w, https:\/\/www.v-label.com\/wp-content\/uploads\/2022\/12\/meat-alternatives-1280-768x511.jpg 768w\" sizes=\"(max-width: 1280px) 100vw, 1280px\" \/><\/figure>\n\n\n\n<h2 class=\"wp-block-heading\"><a href=\"https:\/\/www.v-label.com\/ro\/general-information\/certified-products\/meat-alternatives\/\" data-type=\"URL\" data-id=\"https:\/\/www.v-label.com\/ro\/general-information\/certified-products\/meat-alternatives\/\"><strong>Alternative la carne<\/strong><\/a><\/h2>\n\n\n\n<p>Dezvoltarea ingredientelor, recunoa\u0219tere general\u0103 \u0219i posibilit\u0103\u021bi nesf\u00e2r\u0219ite de scalare. Trei motive pentru care alternativele de carne nu numai c\u0103 cresc exponen\u021bial, ci aduc \u0219i viitorul modului \u00een care vom consuma alimente mult mai aproape. R\u0103sfoi\u021bi \u0219i satisface\u021bi-v\u0103 papilele gustative!<\/p>\n<\/div>\n\n\n\n<div class=\"wp-block-column is-layout-flow wp-block-column-is-layout-flow\">\n<figure class=\"wp-block-image size-full\"><img decoding=\"async\" width=\"1280\" height=\"853\" src=\"https:\/\/www.v-label.com\/wp-content\/uploads\/2022\/12\/fish-alternatives-1280.jpg\" alt=\"\" class=\"wp-image-17371\" srcset=\"https:\/\/www.v-label.com\/wp-content\/uploads\/2022\/12\/fish-alternatives-1280.jpg 1280w, https:\/\/www.v-label.com\/wp-content\/uploads\/2022\/12\/fish-alternatives-1280-300x200.jpg 300w, https:\/\/www.v-label.com\/wp-content\/uploads\/2022\/12\/fish-alternatives-1280-1024x682.jpg 1024w, https:\/\/www.v-label.com\/wp-content\/uploads\/2022\/12\/fish-alternatives-1280-500x333.jpg 500w, https:\/\/www.v-label.com\/wp-content\/uploads\/2022\/12\/fish-alternatives-1280-768x512.jpg 768w\" sizes=\"(max-width: 1280px) 100vw, 1280px\" \/><\/figure>\n\n\n\n<h2 class=\"wp-block-heading\"><a href=\"https:\/\/www.v-label.com\/ro\/general-information\/certified-products\/fish-alternatives\/\" data-type=\"URL\" data-id=\"https:\/\/www.v-label.com\/ro\/general-information\/certified-products\/fish-alternatives\/\"><strong>Alternative la pe\u0219te<\/strong><\/a><\/h2>\n\n\n\n<p>Pe\u0219tele \u0219i fructele de mare pe baz\u0103 de plante nu sunt doar fileuri f\u0103r\u0103 pe\u0219te la masa ta de Cr\u0103ciun. Aceast\u0103 pia\u021b\u0103 interesant\u0103 de urm\u0103rit ofer\u0103 o varietate de m\u00e2nc\u0103ruri bogate \u00een proteine, de la cele de zi cu zi p\u00e2n\u0103 la cele de lux.<\/p>\n<\/div>\n\n\n\n<div class=\"wp-block-column is-layout-flow wp-block-column-is-layout-flow\">\n<figure class=\"wp-block-image size-full\"><img decoding=\"async\" width=\"1280\" height=\"853\" src=\"https:\/\/www.v-label.com\/wp-content\/uploads\/2022\/12\/milk-alternatives-1280.jpg\" alt=\"\" class=\"wp-image-17874\" srcset=\"https:\/\/www.v-label.com\/wp-content\/uploads\/2022\/12\/milk-alternatives-1280.jpg 1280w, https:\/\/www.v-label.com\/wp-content\/uploads\/2022\/12\/milk-alternatives-1280-300x200.jpg 300w, https:\/\/www.v-label.com\/wp-content\/uploads\/2022\/12\/milk-alternatives-1280-1024x682.jpg 1024w, https:\/\/www.v-label.com\/wp-content\/uploads\/2022\/12\/milk-alternatives-1280-500x333.jpg 500w, https:\/\/www.v-label.com\/wp-content\/uploads\/2022\/12\/milk-alternatives-1280-768x512.jpg 768w\" sizes=\"(max-width: 1280px) 100vw, 1280px\" \/><\/figure>\n\n\n\n<h2 class=\"wp-block-heading\"><a href=\"https:\/\/www.v-label.com\/ro\/general-information\/certified-products\/dairy-alternatives\/\" data-type=\"URL\" data-id=\"https:\/\/www.v-label.com\/ro\/general-information\/certified-products\/dairy-alternatives\/\"><strong>Alternative la lactate<\/strong><\/a><\/h2>\n\n\n\n<p>Trecerea de la soia la laptele de ov\u0103z, migdale \u0219i nuc\u0103 de cocos a fost doar \u00eenceputul revolu\u021biei lactatelor pe baz\u0103 de plante. Alege\u021bi dup\u0103 cum dori\u021bi: iaurturi \u00een formate convenabile, de la grecesc la cel de b\u0103ut. \u00cenghe\u021bat\u0103 delicioas\u0103 \u0219i prietenoas\u0103 cu mediul, unturi \u0219i tartinabile pentru micul dejun \u0219i br\u00e2nz\u0103 pe deasupra!<\/p>\n<\/div>\n<\/div>\n\n\n\n<div class=\"wp-block-columns is-layout-flex wp-container-core-columns-is-layout-9d6595d7 wp-block-columns-is-layout-flex\">\n<div class=\"wp-block-column is-layout-flow wp-block-column-is-layout-flow\">\n<figure class=\"wp-block-image size-full\"><img decoding=\"async\" width=\"1280\" height=\"852\" src=\"https:\/\/www.v-label.com\/wp-content\/uploads\/2022\/12\/ready-meals-1280.jpg\" alt=\"\" class=\"wp-image-17211\" srcset=\"https:\/\/www.v-label.com\/wp-content\/uploads\/2022\/12\/ready-meals-1280.jpg 1280w, https:\/\/www.v-label.com\/wp-content\/uploads\/2022\/12\/ready-meals-1280-300x200.jpg 300w, https:\/\/www.v-label.com\/wp-content\/uploads\/2022\/12\/ready-meals-1280-1024x682.jpg 1024w, https:\/\/www.v-label.com\/wp-content\/uploads\/2022\/12\/ready-meals-1280-500x333.jpg 500w, https:\/\/www.v-label.com\/wp-content\/uploads\/2022\/12\/ready-meals-1280-768x511.jpg 768w\" sizes=\"(max-width: 1280px) 100vw, 1280px\" \/><\/figure>\n\n\n\n<h2 class=\"wp-block-heading\"><a href=\"https:\/\/www.v-label.com\/ro\/general-information\/certified-products\/ready-made-meals\/\" data-type=\"URL\" data-id=\"https:\/\/www.v-label.com\/ro\/general-information\/certified-products\/ready-made-meals\/\"><strong>Mese gata preparate<\/strong><\/a><\/h2>\n\n\n\n<p>Pr\u00e2nzurile din mers nu mai trebuie s\u0103 fie un compromis. S\u0103n\u0103toas\u0103, gustoas\u0103 \u0219i plant based este motto-ul majorit\u0103\u021bii retailerilor mari, care umplu sec\u021biile congelate cu pizza pe baz\u0103 de plante \u0219i ofer\u0103 o gam\u0103 larg\u0103 de buc\u0103t\u0103rii, de la supe dahl gata preparate la chilli sin carne.<\/p>\n<\/div>\n\n\n\n<div class=\"wp-block-column is-layout-flow wp-block-column-is-layout-flow\">\n<figure class=\"wp-block-image size-full\"><img decoding=\"async\" width=\"1280\" height=\"853\" src=\"https:\/\/www.v-label.com\/wp-content\/uploads\/2022\/12\/sweets-1280.jpg\" alt=\"\" class=\"wp-image-17311\" srcset=\"https:\/\/www.v-label.com\/wp-content\/uploads\/2022\/12\/sweets-1280.jpg 1280w, https:\/\/www.v-label.com\/wp-content\/uploads\/2022\/12\/sweets-1280-300x200.jpg 300w, https:\/\/www.v-label.com\/wp-content\/uploads\/2022\/12\/sweets-1280-1024x682.jpg 1024w, https:\/\/www.v-label.com\/wp-content\/uploads\/2022\/12\/sweets-1280-500x333.jpg 500w, https:\/\/www.v-label.com\/wp-content\/uploads\/2022\/12\/sweets-1280-768x512.jpg 768w\" sizes=\"(max-width: 1280px) 100vw, 1280px\" \/><\/figure>\n\n\n\n<h2 class=\"wp-block-heading\"><a href=\"https:\/\/www.v-label.com\/ro\/general-information\/certified-products\/sweets\/\" data-type=\"URL\" data-id=\"https:\/\/www.v-label.com\/ro\/general-information\/certified-products\/sweets\/\"><strong>Dulciuri<\/strong><\/a><\/h2>\n\n\n\n<p>Verifica\u021bi dac\u0103 gust\u0103rile dumneavoastr\u0103 preferate sunt cu adev\u0103rat vegetariene sau vegane \u0219i aproviziona\u021bi-v\u0103 c\u0103mara cu ciocolat\u0103, biscui\u021bi, chipsuri \u0219i batoane plant based! \u0218i sta\u021bi, mai sunt: pia\u021ba de produse de patiserie este cea care trebuie urm\u0103rit\u0103, cu pr\u0103jituri vegane, cornuri sau chiar rulouri cu c\u00e2rna\u021bi care au un gust adev\u0103rat.<\/p>\n<\/div>\n\n\n\n<div class=\"wp-block-column is-layout-flow wp-block-column-is-layout-flow\">\n<figure class=\"wp-block-image size-full\"><img decoding=\"async\" width=\"1280\" height=\"853\" src=\"https:\/\/www.v-label.com\/wp-content\/uploads\/2022\/12\/beverages-1280.jpg\" alt=\"\" class=\"wp-image-17291\" srcset=\"https:\/\/www.v-label.com\/wp-content\/uploads\/2022\/12\/beverages-1280.jpg 1280w, https:\/\/www.v-label.com\/wp-content\/uploads\/2022\/12\/beverages-1280-300x200.jpg 300w, https:\/\/www.v-label.com\/wp-content\/uploads\/2022\/12\/beverages-1280-1024x682.jpg 1024w, https:\/\/www.v-label.com\/wp-content\/uploads\/2022\/12\/beverages-1280-500x333.jpg 500w, https:\/\/www.v-label.com\/wp-content\/uploads\/2022\/12\/beverages-1280-768x512.jpg 768w\" sizes=\"(max-width: 1280px) 100vw, 1280px\" \/><\/figure>\n\n\n\n<h2 class=\"wp-block-heading\"><a href=\"https:\/\/www.v-label.com\/ro\/general-information\/certified-products\/beverages\/\" data-type=\"URL\" data-id=\"https:\/\/www.v-label.com\/ro\/general-information\/certified-products\/beverages\/\"><strong>B\u0103uturi<\/strong><\/a><\/h2>\n\n\n\n<p>Ave\u021bi grij\u0103 la ingredientele de origine animalel\u0103 ascunse \u00een b\u0103utura dumneavoastr\u0103 preferat\u0103! Afla\u021bi ce sucuri nu con\u021bin D3 non-vegan, care vinuri nu sunt rafinate sau filtrate foilosind proteine animale \u0219i asigura\u021bi-v\u0103 c\u0103 sucul dvs. este 100% pe baz\u0103 de plante.<\/p>\n<\/div>\n<\/div>\n\n\n\n<div class=\"wp-block-columns is-layout-flex wp-container-core-columns-is-layout-9d6595d7 wp-block-columns-is-layout-flex\">\n<div class=\"wp-block-column is-layout-flow wp-block-column-is-layout-flow\">\n<figure class=\"wp-block-image size-full\"><img decoding=\"async\" width=\"1280\" height=\"868\" src=\"https:\/\/www.v-label.com\/wp-content\/uploads\/2022\/12\/cosmetics-1280.jpg\" alt=\"\" class=\"wp-image-17271\" srcset=\"https:\/\/www.v-label.com\/wp-content\/uploads\/2022\/12\/cosmetics-1280.jpg 1280w, https:\/\/www.v-label.com\/wp-content\/uploads\/2022\/12\/cosmetics-1280-300x203.jpg 300w, https:\/\/www.v-label.com\/wp-content\/uploads\/2022\/12\/cosmetics-1280-1024x694.jpg 1024w, https:\/\/www.v-label.com\/wp-content\/uploads\/2022\/12\/cosmetics-1280-500x339.jpg 500w, https:\/\/www.v-label.com\/wp-content\/uploads\/2022\/12\/cosmetics-1280-768x521.jpg 768w\" sizes=\"(max-width: 1280px) 100vw, 1280px\" \/><\/figure>\n\n\n\n<h2 class=\"wp-block-heading\"><a href=\"https:\/\/www.v-label.com\/ro\/general-information\/certified-products\/cosmetics\/\" data-type=\"URL\" data-id=\"https:\/\/www.v-label.com\/ro\/general-information\/certified-products\/cosmetics\/\"><strong>Cosmetice<\/strong><\/a><\/h2>\n\n\n\n<p>Face\u021bi-v\u0103 rutina de \u00eenfrumuse\u021bare cu selec\u021bia noastr\u0103 de \u00eengrijire vegan\u0103 a p\u0103rului \u0219i a pielii. De la creme hidratante la rimel, alege\u021bi dintre m\u0103rcile care folosesc ingrediente pur minerale sau pe baz\u0103 de plante.<\/p>\n<\/div>\n\n\n\n<div class=\"wp-block-column is-layout-flow wp-block-column-is-layout-flow\">\n<figure class=\"wp-block-image size-full\"><img decoding=\"async\" width=\"1280\" height=\"854\" src=\"https:\/\/www.v-label.com\/wp-content\/uploads\/2022\/12\/gastronomy-1280.jpg\" alt=\"\" class=\"wp-image-17854\" srcset=\"https:\/\/www.v-label.com\/wp-content\/uploads\/2022\/12\/gastronomy-1280.jpg 1280w, https:\/\/www.v-label.com\/wp-content\/uploads\/2022\/12\/gastronomy-1280-300x200.jpg 300w, https:\/\/www.v-label.com\/wp-content\/uploads\/2022\/12\/gastronomy-1280-1024x683.jpg 1024w, https:\/\/www.v-label.com\/wp-content\/uploads\/2022\/12\/gastronomy-1280-500x334.jpg 500w, https:\/\/www.v-label.com\/wp-content\/uploads\/2022\/12\/gastronomy-1280-768x512.jpg 768w\" sizes=\"(max-width: 1280px) 100vw, 1280px\" \/><\/figure>\n\n\n\n<h2 class=\"wp-block-heading\"><a href=\"https:\/\/www.v-label.com\/ro\/general-information\/certified-products\/gastronomy\/\" data-type=\"URL\" data-id=\"https:\/\/www.v-label.com\/ro\/general-information\/certified-products\/gastronomy\/\"><strong>Gastronomie<\/strong><\/a><\/h2>\n\n\n\n<p>Ie\u0219i\u021bi \u00een ora\u0219 f\u0103r\u0103 a fi nevoie s\u0103 face\u021bi compromisuri: v\u0103 spunem ce restaurante, bistrouri \u0219i cafenele sunt plant based (\u0219i merit\u0103 \u00eencercate!) \u0219i unde s\u0103 c\u0103l\u0103tori\u021bi pentru un hotel sau o experien\u021b\u0103 vegan\u0103.<\/p>\n<\/div>\n<\/div>\n","protected":false},"excerpt":{"rendered":"<p>\u00centruc\u00e2t produc\u021bia de alimente este responsabil\u0103 pentru un sfert din emisiile de gaze cu efect de ser\u0103 la nivel mondial \u0219i tot mai mul\u021bi oameni sunt din ce \u00een ce mai preocupa\u021bi de schimb\u0103rile climatice, studii recente arat\u0103 c\u0103, dac\u0103 dori\u021bi s\u0103 reduce\u021bi emisiile personale de gaze cu efect de ser\u0103, ar trebui s\u0103 v\u0103 [&hellip;]<\/p>\n","protected":false},"author":5,"featured_media":34373,"parent":34754,"menu_order":0,"comment_status":"closed","ping_status":"closed","template":"","meta":{"_acf_changed":false,"_editorskit_title_hidden":false,"_editorskit_reading_time":0,"_editorskit_is_block_options_detached":false,"_editorskit_block_options_position":"{}","inline_featured_image":false,"_uag_custom_page_level_css":"","footnotes":""},"categories":[],"tags":[],"class_list":["post-34368","page","type-page","status-publish","has-post-thumbnail","hentry"],"acf":[],"uagb_featured_image_src":{"full":["https:\/\/www.v-label.com\/wp-content\/uploads\/2022\/12\/v-label-cert-products.jpg",2000,1339,false],"thumbnail":["https:\/\/www.v-label.com\/wp-content\/uploads\/2022\/12\/v-label-cert-products-500x335.jpg",500,335,true],"medium":["https:\/\/www.v-label.com\/wp-content\/uploads\/2022\/12\/v-label-cert-products-300x201.jpg",300,201,true],"medium_large":["https:\/\/www.v-label.com\/wp-content\/uploads\/2022\/12\/v-label-cert-products-768x514.jpg",768,514,true],"large":["https:\/\/www.v-label.com\/wp-content\/uploads\/2022\/12\/v-label-cert-products-1024x686.jpg",1024,686,true],"1536x1536":["https:\/\/www.v-label.com\/wp-content\/uploads\/2022\/12\/v-label-cert-products-1536x1028.jpg",1536,1028,true],"2048x2048":["https:\/\/www.v-label.com\/wp-content\/uploads\/2022\/12\/v-label-cert-products.jpg",2000,1339,false],"preview":["https:\/\/www.v-label.com\/wp-content\/uploads\/2022\/12\/v-label-cert-products-904x720.jpg",904,720,true],"header":["https:\/\/www.v-label.com\/wp-content\/uploads\/2022\/12\/v-label-cert-products-2000x720.jpg",2000,720,true],"gform-image-choice-sm":["https:\/\/www.v-label.com\/wp-content\/uploads\/2022\/12\/v-label-cert-products.jpg",300,201,false],"gform-image-choice-md":["https:\/\/www.v-label.com\/wp-content\/uploads\/2022\/12\/v-label-cert-products.jpg",400,268,false],"gform-image-choice-lg":["https:\/\/www.v-label.com\/wp-content\/uploads\/2022\/12\/v-label-cert-products.jpg",600,402,false]},"uagb_author_info":{"display_name":"Can Aslan","author_link":"https:\/\/www.v-label.com\/ro"},"uagb_comment_info":0,"uagb_excerpt":"\u00centruc\u00e2t produc\u021bia de alimente este responsabil\u0103 pentru un sfert din emisiile de gaze cu efect de ser\u0103 la nivel mondial \u0219i tot mai mul\u021bi oameni sunt din ce \u00een ce mai preocupa\u021bi de schimb\u0103rile climatice, studii recente arat\u0103 c\u0103, dac\u0103 dori\u021bi s\u0103 reduce\u021bi emisiile personale de gaze cu efect de ser\u0103, ar trebui s\u0103 v\u0103&hellip;","_links":{"self":[{"href":"https:\/\/www.v-label.com\/ro\/wp-json\/wp\/v2\/pages\/34368","targetHints":{"allow":["GET"]}}],"collection":[{"href":"https:\/\/www.v-label.com\/ro\/wp-json\/wp\/v2\/pages"}],"about":[{"href":"https:\/\/www.v-label.com\/ro\/wp-json\/wp\/v2\/types\/page"}],"author":[{"embeddable":true,"href":"https:\/\/www.v-label.com\/ro\/wp-json\/wp\/v2\/users\/5"}],"replies":[{"embeddable":true,"href":"https:\/\/www.v-label.com\/ro\/wp-json\/wp\/v2\/comments?post=34368"}],"version-history":[{"count":2,"href":"https:\/\/www.v-label.com\/ro\/wp-json\/wp\/v2\/pages\/34368\/revisions"}],"predecessor-version":[{"id":83943,"href":"https:\/\/www.v-label.com\/ro\/wp-json\/wp\/v2\/pages\/34368\/revisions\/83943"}],"up":[{"embeddable":true,"href":"https:\/\/www.v-label.com\/ro\/wp-json\/wp\/v2\/pages\/34754"}],"wp:featuredmedia":[{"embeddable":true,"href":"https:\/\/www.v-label.com\/ro\/wp-json\/wp\/v2\/media\/34373"}],"wp:attachment":[{"href":"https:\/\/www.v-label.com\/ro\/wp-json\/wp\/v2\/media?parent=34368"}],"wp:term":[{"taxonomy":"category","embeddable":true,"href":"https:\/\/www.v-label.com\/ro\/wp-json\/wp\/v2\/categories?post=34368"},{"taxonomy":"post_tag","embeddable":true,"href":"https:\/\/www.v-label.com\/ro\/wp-json\/wp\/v2\/tags?post=34368"}],"curies":[{"name":"wp","href":"https:\/\/api.w.org\/{rel}","templated":true}]}}