{"id":34388,"date":"2022-09-13T11:07:37","date_gmt":"2022-09-13T09:07:37","guid":{"rendered":"https:\/\/www.v-label.com\/certified-products\/cosmetics\/"},"modified":"2022-12-26T16:31:06","modified_gmt":"2022-12-26T15:31:06","slug":"cosmetics","status":"publish","type":"page","link":"https:\/\/www.v-label.com\/ro\/informatii-generale\/certified-products\/cosmetics\/","title":{"rendered":"Cosmetice"},"content":{"rendered":"\n<p>Face\u021bi-v\u0103 rutina de \u00eenfrumuse\u021bare cu selec\u021bia noastr\u0103 de \u00eengrijire vegan\u0103 a p\u0103rului \u0219i a pielii. De la creme hidratante la rimel, alege\u021bi dintre m\u0103rcile care folosesc ingrediente pur minerale sau pe baz\u0103 de plante.<\/p>\n\n\n\n<div class=\"wp-block-columns are-vertically-aligned-center is-layout-flex wp-container-core-columns-is-layout-9d6595d7 wp-block-columns-is-layout-flex\">\n<div class=\"wp-block-column is-vertically-aligned-center is-layout-flow wp-block-column-is-layout-flow\">\n<figure class=\"wp-block-image aligncenter size-medium\"><a href=\"https:\/\/neraplant.ro\/\" target=\"_blank\" rel=\"noreferrer noopener\"><img decoding=\"async\" width=\"259\" height=\"300\" src=\"https:\/\/www.v-label.com\/wp-content\/uploads\/2022\/12\/neraplant-259x300.png\" alt=\"\" class=\"wp-image-38617\" srcset=\"https:\/\/www.v-label.com\/wp-content\/uploads\/2022\/12\/neraplant-259x300.png 259w, https:\/\/www.v-label.com\/wp-content\/uploads\/2022\/12\/neraplant-432x500.png 432w, https:\/\/www.v-label.com\/wp-content\/uploads\/2022\/12\/neraplant.png 518w\" sizes=\"(max-width: 259px) 100vw, 259px\" \/><\/a><\/figure>\n<\/div>\n<\/div>\n","protected":false},"excerpt":{"rendered":"<p>Face\u021bi-v\u0103 rutina de \u00eenfrumuse\u021bare cu selec\u021bia noastr\u0103 de \u00eengrijire vegan\u0103 a p\u0103rului \u0219i a pielii. De la creme hidratante la rimel, alege\u021bi dintre m\u0103rcile care folosesc ingrediente pur minerale sau pe baz\u0103 de plante.<\/p>\n","protected":false},"author":5,"featured_media":34389,"parent":34368,"menu_order":0,"comment_status":"closed","ping_status":"closed","template":"","meta":{"_acf_changed":false,"_editorskit_title_hidden":false,"_editorskit_reading_time":0,"_editorskit_is_block_options_detached":false,"_editorskit_block_options_position":"{}","inline_featured_image":false,"_uag_custom_page_level_css":"","footnotes":""},"categories":[],"tags":[],"class_list":["post-34388","page","type-page","status-publish","has-post-thumbnail","hentry"],"acf":[],"uagb_featured_image_src":{"full":["https:\/\/www.v-label.com\/wp-content\/uploads\/2022\/12\/cosmetics-1280-1.jpg",1280,868,false],"thumbnail":["https:\/\/www.v-label.com\/wp-content\/uploads\/2022\/12\/cosmetics-1280-1-500x339.jpg",500,339,true],"medium":["https:\/\/www.v-label.com\/wp-content\/uploads\/2022\/12\/cosmetics-1280-1-300x203.jpg",300,203,true],"medium_large":["https:\/\/www.v-label.com\/wp-content\/uploads\/2022\/12\/cosmetics-1280-1-768x521.jpg",768,521,true],"large":["https:\/\/www.v-label.com\/wp-content\/uploads\/2022\/12\/cosmetics-1280-1-1024x694.jpg",1024,694,true],"1536x1536":["https:\/\/www.v-label.com\/wp-content\/uploads\/2022\/12\/cosmetics-1280-1.jpg",1280,868,false],"2048x2048":["https:\/\/www.v-label.com\/wp-content\/uploads\/2022\/12\/cosmetics-1280-1.jpg",1280,868,false],"preview":["https:\/\/www.v-label.com\/wp-content\/uploads\/2022\/12\/cosmetics-1280-1-904x720.jpg",904,720,true],"header":["https:\/\/www.v-label.com\/wp-content\/uploads\/2022\/12\/cosmetics-1280-1-1280x720.jpg",1280,720,true],"gform-image-choice-sm":["https:\/\/www.v-label.com\/wp-content\/uploads\/2022\/12\/cosmetics-1280-1.jpg",300,203,false],"gform-image-choice-md":["https:\/\/www.v-label.com\/wp-content\/uploads\/2022\/12\/cosmetics-1280-1.jpg",400,271,false],"gform-image-choice-lg":["https:\/\/www.v-label.com\/wp-content\/uploads\/2022\/12\/cosmetics-1280-1.jpg",600,407,false]},"uagb_author_info":{"display_name":"Can Aslan","author_link":"https:\/\/www.v-label.com\/ro"},"uagb_comment_info":0,"uagb_excerpt":"Face\u021bi-v\u0103 rutina de \u00eenfrumuse\u021bare cu selec\u021bia noastr\u0103 de \u00eengrijire vegan\u0103 a p\u0103rului \u0219i a pielii. De la creme hidratante la rimel, alege\u021bi dintre m\u0103rcile care folosesc ingrediente pur minerale sau pe baz\u0103 de plante.","_links":{"self":[{"href":"https:\/\/www.v-label.com\/ro\/wp-json\/wp\/v2\/pages\/34388","targetHints":{"allow":["GET"]}}],"collection":[{"href":"https:\/\/www.v-label.com\/ro\/wp-json\/wp\/v2\/pages"}],"about":[{"href":"https:\/\/www.v-label.com\/ro\/wp-json\/wp\/v2\/types\/page"}],"author":[{"embeddable":true,"href":"https:\/\/www.v-label.com\/ro\/wp-json\/wp\/v2\/users\/5"}],"replies":[{"embeddable":true,"href":"https:\/\/www.v-label.com\/ro\/wp-json\/wp\/v2\/comments?post=34388"}],"version-history":[{"count":1,"href":"https:\/\/www.v-label.com\/ro\/wp-json\/wp\/v2\/pages\/34388\/revisions"}],"predecessor-version":[{"id":38775,"href":"https:\/\/www.v-label.com\/ro\/wp-json\/wp\/v2\/pages\/34388\/revisions\/38775"}],"up":[{"embeddable":true,"href":"https:\/\/www.v-label.com\/ro\/wp-json\/wp\/v2\/pages\/34368"}],"wp:featuredmedia":[{"embeddable":true,"href":"https:\/\/www.v-label.com\/ro\/wp-json\/wp\/v2\/media\/34389"}],"wp:attachment":[{"href":"https:\/\/www.v-label.com\/ro\/wp-json\/wp\/v2\/media?parent=34388"}],"wp:term":[{"taxonomy":"category","embeddable":true,"href":"https:\/\/www.v-label.com\/ro\/wp-json\/wp\/v2\/categories?post=34388"},{"taxonomy":"post_tag","embeddable":true,"href":"https:\/\/www.v-label.com\/ro\/wp-json\/wp\/v2\/tags?post=34388"}],"curies":[{"name":"wp","href":"https:\/\/api.w.org\/{rel}","templated":true}]}}