{"id":34390,"date":"2022-09-13T11:07:09","date_gmt":"2022-09-13T09:07:09","guid":{"rendered":"https:\/\/www.v-label.com\/certified-products\/beverages\/"},"modified":"2022-12-26T16:30:04","modified_gmt":"2022-12-26T15:30:04","slug":"beverages","status":"publish","type":"page","link":"https:\/\/www.v-label.com\/ro\/informatii-generale\/certified-products\/beverages\/","title":{"rendered":"B\u0103uturi"},"content":{"rendered":"\n<p>Ave\u021bi grij\u0103 la ingredientele de origine animalel\u0103 ascunse \u00een b\u0103utura dumneavoastr\u0103 preferat\u0103! Afla\u021bi ce sucuri nu con\u021bin D3 non-vegan, care vinuri nu sunt rafinate sau filtrate foilosind proteine animale \u0219i asigura\u021bi-v\u0103 c\u0103 sucul dvs. este 100% pe baz\u0103 de plante.<\/p>\n\n\n\n<div class=\"wp-block-columns are-vertically-aligned-center is-layout-flex wp-container-core-columns-is-layout-9d6595d7 wp-block-columns-is-layout-flex\">\n<div class=\"wp-block-column is-vertically-aligned-center is-layout-flow wp-block-column-is-layout-flow\">\n<figure class=\"wp-block-image aligncenter size-medium\"><a href=\"https:\/\/www.bere-zaganu.ro\/index.php\" target=\"_blank\" rel=\"noreferrer noopener\"><img decoding=\"async\" width=\"300\" height=\"300\" src=\"https:\/\/www.v-label.com\/wp-content\/uploads\/2022\/12\/zaganu-300x300.png\" alt=\"\" class=\"wp-image-38738\" srcset=\"https:\/\/www.v-label.com\/wp-content\/uploads\/2022\/12\/zaganu-300x300.png 300w, https:\/\/www.v-label.com\/wp-content\/uploads\/2022\/12\/zaganu-500x500.png 500w, https:\/\/www.v-label.com\/wp-content\/uploads\/2022\/12\/zaganu.png 600w\" sizes=\"(max-width: 300px) 100vw, 300px\" \/><\/a><\/figure>\n<\/div>\n\n\n\n<div class=\"wp-block-column is-vertically-aligned-center is-layout-flow wp-block-column-is-layout-flow\">\n<figure class=\"wp-block-image aligncenter size-medium\"><a href=\"https:\/\/cramelerecas.ro\/\" target=\"_blank\" rel=\"noreferrer noopener\"><img decoding=\"async\" width=\"300\" height=\"200\" src=\"https:\/\/www.v-label.com\/wp-content\/uploads\/2022\/12\/cramelerecas-300x200.png\" alt=\"\" class=\"wp-image-38497\" srcset=\"https:\/\/www.v-label.com\/wp-content\/uploads\/2022\/12\/cramelerecas-300x200.png 300w, https:\/\/www.v-label.com\/wp-content\/uploads\/2022\/12\/cramelerecas-500x333.png 500w, https:\/\/www.v-label.com\/wp-content\/uploads\/2022\/12\/cramelerecas.png 600w\" sizes=\"(max-width: 300px) 100vw, 300px\" \/><\/a><\/figure>\n<\/div>\n<\/div>\n","protected":false},"excerpt":{"rendered":"<p>Ave\u021bi grij\u0103 la ingredientele de origine animalel\u0103 ascunse \u00een b\u0103utura dumneavoastr\u0103 preferat\u0103! Afla\u021bi ce sucuri nu con\u021bin D3 non-vegan, care vinuri nu sunt rafinate sau filtrate foilosind proteine animale \u0219i asigura\u021bi-v\u0103 c\u0103 sucul dvs. este 100% pe baz\u0103 de plante.<\/p>\n","protected":false},"author":5,"featured_media":34392,"parent":34368,"menu_order":0,"comment_status":"closed","ping_status":"closed","template":"","meta":{"_acf_changed":false,"_editorskit_title_hidden":false,"_editorskit_reading_time":0,"_editorskit_is_block_options_detached":false,"_editorskit_block_options_position":"{}","inline_featured_image":false,"_uag_custom_page_level_css":"","footnotes":""},"categories":[],"tags":[],"class_list":["post-34390","page","type-page","status-publish","has-post-thumbnail","hentry"],"acf":[],"uagb_featured_image_src":{"full":["https:\/\/www.v-label.com\/wp-content\/uploads\/2022\/12\/beverages-1280.jpg",1280,853,false],"thumbnail":["https:\/\/www.v-label.com\/wp-content\/uploads\/2022\/12\/beverages-1280-500x333.jpg",500,333,true],"medium":["https:\/\/www.v-label.com\/wp-content\/uploads\/2022\/12\/beverages-1280-300x200.jpg",300,200,true],"medium_large":["https:\/\/www.v-label.com\/wp-content\/uploads\/2022\/12\/beverages-1280-768x512.jpg",768,512,true],"large":["https:\/\/www.v-label.com\/wp-content\/uploads\/2022\/12\/beverages-1280-1024x682.jpg",1024,682,true],"1536x1536":["https:\/\/www.v-label.com\/wp-content\/uploads\/2022\/12\/beverages-1280.jpg",1280,853,false],"2048x2048":["https:\/\/www.v-label.com\/wp-content\/uploads\/2022\/12\/beverages-1280.jpg",1280,853,false],"preview":["https:\/\/www.v-label.com\/wp-content\/uploads\/2022\/12\/beverages-1280-904x720.jpg",904,720,true],"header":["https:\/\/www.v-label.com\/wp-content\/uploads\/2022\/12\/beverages-1280-1280x720.jpg",1280,720,true],"gform-image-choice-sm":["https:\/\/www.v-label.com\/wp-content\/uploads\/2022\/12\/beverages-1280.jpg",300,200,false],"gform-image-choice-md":["https:\/\/www.v-label.com\/wp-content\/uploads\/2022\/12\/beverages-1280.jpg",400,267,false],"gform-image-choice-lg":["https:\/\/www.v-label.com\/wp-content\/uploads\/2022\/12\/beverages-1280.jpg",600,400,false]},"uagb_author_info":{"display_name":"Can Aslan","author_link":"https:\/\/www.v-label.com\/ro"},"uagb_comment_info":0,"uagb_excerpt":"Ave\u021bi grij\u0103 la ingredientele de origine animalel\u0103 ascunse \u00een b\u0103utura dumneavoastr\u0103 preferat\u0103! Afla\u021bi ce sucuri nu con\u021bin D3 non-vegan, care vinuri nu sunt rafinate sau filtrate foilosind proteine animale \u0219i asigura\u021bi-v\u0103 c\u0103 sucul dvs. este 100% pe baz\u0103 de plante.","_links":{"self":[{"href":"https:\/\/www.v-label.com\/ro\/wp-json\/wp\/v2\/pages\/34390","targetHints":{"allow":["GET"]}}],"collection":[{"href":"https:\/\/www.v-label.com\/ro\/wp-json\/wp\/v2\/pages"}],"about":[{"href":"https:\/\/www.v-label.com\/ro\/wp-json\/wp\/v2\/types\/page"}],"author":[{"embeddable":true,"href":"https:\/\/www.v-label.com\/ro\/wp-json\/wp\/v2\/users\/5"}],"replies":[{"embeddable":true,"href":"https:\/\/www.v-label.com\/ro\/wp-json\/wp\/v2\/comments?post=34390"}],"version-history":[{"count":1,"href":"https:\/\/www.v-label.com\/ro\/wp-json\/wp\/v2\/pages\/34390\/revisions"}],"predecessor-version":[{"id":38774,"href":"https:\/\/www.v-label.com\/ro\/wp-json\/wp\/v2\/pages\/34390\/revisions\/38774"}],"up":[{"embeddable":true,"href":"https:\/\/www.v-label.com\/ro\/wp-json\/wp\/v2\/pages\/34368"}],"wp:featuredmedia":[{"embeddable":true,"href":"https:\/\/www.v-label.com\/ro\/wp-json\/wp\/v2\/media\/34392"}],"wp:attachment":[{"href":"https:\/\/www.v-label.com\/ro\/wp-json\/wp\/v2\/media?parent=34390"}],"wp:term":[{"taxonomy":"category","embeddable":true,"href":"https:\/\/www.v-label.com\/ro\/wp-json\/wp\/v2\/categories?post=34390"},{"taxonomy":"post_tag","embeddable":true,"href":"https:\/\/www.v-label.com\/ro\/wp-json\/wp\/v2\/tags?post=34390"}],"curies":[{"name":"wp","href":"https:\/\/api.w.org\/{rel}","templated":true}]}}