{"id":34393,"date":"2022-09-13T11:06:38","date_gmt":"2022-09-13T09:06:38","guid":{"rendered":"https:\/\/www.v-label.com\/certified-products\/sweets\/"},"modified":"2022-12-26T16:28:49","modified_gmt":"2022-12-26T15:28:49","slug":"sweets","status":"publish","type":"page","link":"https:\/\/www.v-label.com\/ro\/informatii-generale\/certified-products\/sweets\/","title":{"rendered":"Dulciuri"},"content":{"rendered":"\n<p>Verifica\u021bi dac\u0103 gust\u0103rile dumneavoastr\u0103 preferate sunt cu adev\u0103rat vegetariene sau vegane \u0219i aproviziona\u021bi-v\u0103 c\u0103mara cu ciocolat\u0103, biscui\u021bi, chipsuri \u0219i batoane plant based! \u0218i sta\u021bi, mai sunt: pia\u021ba de produse de patiserie este cea care trebuie urm\u0103rit\u0103, cu pr\u0103jituri vegane, cornuri sau chiar rulouri cu c\u00e2rna\u021bi care au un gust adev\u0103rat.<\/p>\n\n\n\n<div class=\"wp-block-columns are-vertically-aligned-center is-layout-flex wp-container-core-columns-is-layout-9d6595d7 wp-block-columns-is-layout-flex\">\n<div class=\"wp-block-column is-vertically-aligned-center is-layout-flow wp-block-column-is-layout-flow\">\n<figure class=\"wp-block-image aligncenter size-medium\"><a href=\"https:\/\/shop.heidi-chocolate.com\/ro\" target=\"_blank\" rel=\"noreferrer noopener\"><img decoding=\"async\" width=\"300\" height=\"300\" src=\"https:\/\/www.v-label.com\/wp-content\/uploads\/2022\/12\/heidi-300x300.jpg\" alt=\"\" class=\"wp-image-38587\" srcset=\"https:\/\/www.v-label.com\/wp-content\/uploads\/2022\/12\/heidi-300x300.jpg 300w, https:\/\/www.v-label.com\/wp-content\/uploads\/2022\/12\/heidi-500x500.jpg 500w, https:\/\/www.v-label.com\/wp-content\/uploads\/2022\/12\/heidi.jpg 600w\" sizes=\"(max-width: 300px) 100vw, 300px\" \/><\/a><\/figure>\n<\/div>\n\n\n\n<div class=\"wp-block-column is-vertically-aligned-center is-layout-flow wp-block-column-is-layout-flow\">\n<figure class=\"wp-block-image aligncenter size-medium\"><a href=\"https:\/\/govinda.ro\/\" target=\"_blank\" rel=\"noreferrer noopener\"><img decoding=\"async\" width=\"300\" height=\"300\" src=\"https:\/\/www.v-label.com\/wp-content\/uploads\/2022\/12\/govinda-300x300.jpg\" alt=\"\" class=\"wp-image-38557\" srcset=\"https:\/\/www.v-label.com\/wp-content\/uploads\/2022\/12\/govinda-300x300.jpg 300w, https:\/\/www.v-label.com\/wp-content\/uploads\/2022\/12\/govinda-500x500.jpg 500w, https:\/\/www.v-label.com\/wp-content\/uploads\/2022\/12\/govinda.jpg 600w\" sizes=\"(max-width: 300px) 100vw, 300px\" \/><\/a><\/figure>\n<\/div>\n\n\n\n<div class=\"wp-block-column is-vertically-aligned-center is-layout-flow wp-block-column-is-layout-flow\">\n<figure class=\"wp-block-image aligncenter size-medium\"><a href=\"https:\/\/www.hiperambrozia.com\/\" target=\"_blank\" rel=\"noreferrer noopener\"><img decoding=\"async\" width=\"300\" height=\"300\" src=\"https:\/\/www.v-label.com\/wp-content\/uploads\/2022\/12\/ambrozia-300x300.jpg\" alt=\"\" class=\"wp-image-38467\" srcset=\"https:\/\/www.v-label.com\/wp-content\/uploads\/2022\/12\/ambrozia-300x300.jpg 300w, https:\/\/www.v-label.com\/wp-content\/uploads\/2022\/12\/ambrozia-500x498.jpg 500w, https:\/\/www.v-label.com\/wp-content\/uploads\/2022\/12\/ambrozia.jpg 600w\" sizes=\"(max-width: 300px) 100vw, 300px\" \/><\/a><\/figure>\n<\/div>\n<\/div>\n","protected":false},"excerpt":{"rendered":"<p>Verifica\u021bi dac\u0103 gust\u0103rile dumneavoastr\u0103 preferate sunt cu adev\u0103rat vegetariene sau vegane \u0219i aproviziona\u021bi-v\u0103 c\u0103mara cu ciocolat\u0103, biscui\u021bi, chipsuri \u0219i batoane plant based! \u0218i sta\u021bi, mai sunt: pia\u021ba de produse de patiserie este cea care trebuie urm\u0103rit\u0103, cu pr\u0103jituri vegane, cornuri sau chiar rulouri cu c\u00e2rna\u021bi care au un gust adev\u0103rat.<\/p>\n","protected":false},"author":5,"featured_media":34394,"parent":34368,"menu_order":0,"comment_status":"closed","ping_status":"closed","template":"","meta":{"_acf_changed":false,"_editorskit_title_hidden":false,"_editorskit_reading_time":0,"_editorskit_is_block_options_detached":false,"_editorskit_block_options_position":"{}","inline_featured_image":false,"_uag_custom_page_level_css":"","footnotes":""},"categories":[],"tags":[],"class_list":["post-34393","page","type-page","status-publish","has-post-thumbnail","hentry"],"acf":[],"uagb_featured_image_src":{"full":["https:\/\/www.v-label.com\/wp-content\/uploads\/2022\/12\/sweets-1280.jpg",1280,853,false],"thumbnail":["https:\/\/www.v-label.com\/wp-content\/uploads\/2022\/12\/sweets-1280-500x333.jpg",500,333,true],"medium":["https:\/\/www.v-label.com\/wp-content\/uploads\/2022\/12\/sweets-1280-300x200.jpg",300,200,true],"medium_large":["https:\/\/www.v-label.com\/wp-content\/uploads\/2022\/12\/sweets-1280-768x512.jpg",768,512,true],"large":["https:\/\/www.v-label.com\/wp-content\/uploads\/2022\/12\/sweets-1280-1024x682.jpg",1024,682,true],"1536x1536":["https:\/\/www.v-label.com\/wp-content\/uploads\/2022\/12\/sweets-1280.jpg",1280,853,false],"2048x2048":["https:\/\/www.v-label.com\/wp-content\/uploads\/2022\/12\/sweets-1280.jpg",1280,853,false],"preview":["https:\/\/www.v-label.com\/wp-content\/uploads\/2022\/12\/sweets-1280-904x720.jpg",904,720,true],"header":["https:\/\/www.v-label.com\/wp-content\/uploads\/2022\/12\/sweets-1280-1280x720.jpg",1280,720,true],"gform-image-choice-sm":["https:\/\/www.v-label.com\/wp-content\/uploads\/2022\/12\/sweets-1280.jpg",300,200,false],"gform-image-choice-md":["https:\/\/www.v-label.com\/wp-content\/uploads\/2022\/12\/sweets-1280.jpg",400,267,false],"gform-image-choice-lg":["https:\/\/www.v-label.com\/wp-content\/uploads\/2022\/12\/sweets-1280.jpg",600,400,false]},"uagb_author_info":{"display_name":"Can Aslan","author_link":"https:\/\/www.v-label.com\/ro"},"uagb_comment_info":0,"uagb_excerpt":"Verifica\u021bi dac\u0103 gust\u0103rile dumneavoastr\u0103 preferate sunt cu adev\u0103rat vegetariene sau vegane \u0219i aproviziona\u021bi-v\u0103 c\u0103mara cu ciocolat\u0103, biscui\u021bi, chipsuri \u0219i batoane plant based! \u0218i sta\u021bi, mai sunt: pia\u021ba de produse de patiserie este cea care trebuie urm\u0103rit\u0103, cu pr\u0103jituri vegane, cornuri sau chiar rulouri cu c\u00e2rna\u021bi care au un gust adev\u0103rat.","_links":{"self":[{"href":"https:\/\/www.v-label.com\/ro\/wp-json\/wp\/v2\/pages\/34393","targetHints":{"allow":["GET"]}}],"collection":[{"href":"https:\/\/www.v-label.com\/ro\/wp-json\/wp\/v2\/pages"}],"about":[{"href":"https:\/\/www.v-label.com\/ro\/wp-json\/wp\/v2\/types\/page"}],"author":[{"embeddable":true,"href":"https:\/\/www.v-label.com\/ro\/wp-json\/wp\/v2\/users\/5"}],"replies":[{"embeddable":true,"href":"https:\/\/www.v-label.com\/ro\/wp-json\/wp\/v2\/comments?post=34393"}],"version-history":[{"count":1,"href":"https:\/\/www.v-label.com\/ro\/wp-json\/wp\/v2\/pages\/34393\/revisions"}],"predecessor-version":[{"id":38773,"href":"https:\/\/www.v-label.com\/ro\/wp-json\/wp\/v2\/pages\/34393\/revisions\/38773"}],"up":[{"embeddable":true,"href":"https:\/\/www.v-label.com\/ro\/wp-json\/wp\/v2\/pages\/34368"}],"wp:featuredmedia":[{"embeddable":true,"href":"https:\/\/www.v-label.com\/ro\/wp-json\/wp\/v2\/media\/34394"}],"wp:attachment":[{"href":"https:\/\/www.v-label.com\/ro\/wp-json\/wp\/v2\/media?parent=34393"}],"wp:term":[{"taxonomy":"category","embeddable":true,"href":"https:\/\/www.v-label.com\/ro\/wp-json\/wp\/v2\/categories?post=34393"},{"taxonomy":"post_tag","embeddable":true,"href":"https:\/\/www.v-label.com\/ro\/wp-json\/wp\/v2\/tags?post=34393"}],"curies":[{"name":"wp","href":"https:\/\/api.w.org\/{rel}","templated":true}]}}