{"id":34395,"date":"2022-09-13T11:06:00","date_gmt":"2022-09-13T09:06:00","guid":{"rendered":"https:\/\/www.v-label.com\/certified-products\/ready-made-meals\/"},"modified":"2022-12-26T16:27:19","modified_gmt":"2022-12-26T15:27:19","slug":"ready-made-meals","status":"publish","type":"page","link":"https:\/\/www.v-label.com\/ro\/informatii-generale\/certified-products\/ready-made-meals\/","title":{"rendered":"Mese Gata Preparate"},"content":{"rendered":"\n<p>Pr\u00e2nzurile din mers nu mai trebuie s\u0103 fie un compromis. S\u0103n\u0103toas\u0103, gustoas\u0103 \u0219i plant based este motto-ul majorit\u0103\u021bii retailerilor mari, care umplu sec\u021biile congelate cu pizza pe baz\u0103 de plante \u0219i ofer\u0103 o gam\u0103 larg\u0103 de buc\u0103t\u0103rii, de la supe dahl gata preparate la chilli sin carne.<\/p>\n\n\n\n<div class=\"wp-block-columns are-vertically-aligned-center is-layout-flex wp-container-core-columns-is-layout-9d6595d7 wp-block-columns-is-layout-flex\">\n<div class=\"wp-block-column is-vertically-aligned-center is-layout-flow wp-block-column-is-layout-flow\">\n<figure class=\"wp-block-image aligncenter size-medium\"><a href=\"https:\/\/www.verdinofoods.ro\/\" target=\"_blank\" rel=\"noreferrer noopener\"><img decoding=\"async\" width=\"300\" height=\"300\" src=\"https:\/\/www.v-label.com\/wp-content\/uploads\/2022\/12\/verdino-300x300.jpg\" alt=\"\" class=\"wp-image-38707\" srcset=\"https:\/\/www.v-label.com\/wp-content\/uploads\/2022\/12\/verdino-300x300.jpg 300w, https:\/\/www.v-label.com\/wp-content\/uploads\/2022\/12\/verdino-500x500.jpg 500w, https:\/\/www.v-label.com\/wp-content\/uploads\/2022\/12\/verdino.jpg 600w\" sizes=\"(max-width: 300px) 100vw, 300px\" \/><\/a><\/figure>\n<\/div>\n<\/div>\n","protected":false},"excerpt":{"rendered":"<p>Pr\u00e2nzurile din mers nu mai trebuie s\u0103 fie un compromis. S\u0103n\u0103toas\u0103, gustoas\u0103 \u0219i plant based este motto-ul majorit\u0103\u021bii retailerilor mari, care umplu sec\u021biile congelate cu pizza pe baz\u0103 de plante \u0219i ofer\u0103 o gam\u0103 larg\u0103 de buc\u0103t\u0103rii, de la supe dahl gata preparate la chilli sin carne.<\/p>\n","protected":false},"author":5,"featured_media":34396,"parent":34368,"menu_order":0,"comment_status":"closed","ping_status":"closed","template":"","meta":{"_acf_changed":false,"_editorskit_title_hidden":false,"_editorskit_reading_time":0,"_editorskit_is_block_options_detached":false,"_editorskit_block_options_position":"{}","inline_featured_image":false,"_uag_custom_page_level_css":"","footnotes":""},"categories":[],"tags":[],"class_list":["post-34395","page","type-page","status-publish","has-post-thumbnail","hentry"],"acf":[],"uagb_featured_image_src":{"full":["https:\/\/www.v-label.com\/wp-content\/uploads\/2022\/12\/ready-meals-1280.jpg",1280,852,false],"thumbnail":["https:\/\/www.v-label.com\/wp-content\/uploads\/2022\/12\/ready-meals-1280-500x333.jpg",500,333,true],"medium":["https:\/\/www.v-label.com\/wp-content\/uploads\/2022\/12\/ready-meals-1280-300x200.jpg",300,200,true],"medium_large":["https:\/\/www.v-label.com\/wp-content\/uploads\/2022\/12\/ready-meals-1280-768x511.jpg",768,511,true],"large":["https:\/\/www.v-label.com\/wp-content\/uploads\/2022\/12\/ready-meals-1280-1024x682.jpg",1024,682,true],"1536x1536":["https:\/\/www.v-label.com\/wp-content\/uploads\/2022\/12\/ready-meals-1280.jpg",1280,852,false],"2048x2048":["https:\/\/www.v-label.com\/wp-content\/uploads\/2022\/12\/ready-meals-1280.jpg",1280,852,false],"preview":["https:\/\/www.v-label.com\/wp-content\/uploads\/2022\/12\/ready-meals-1280-904x720.jpg",904,720,true],"header":["https:\/\/www.v-label.com\/wp-content\/uploads\/2022\/12\/ready-meals-1280-1280x720.jpg",1280,720,true],"gform-image-choice-sm":["https:\/\/www.v-label.com\/wp-content\/uploads\/2022\/12\/ready-meals-1280.jpg",300,200,false],"gform-image-choice-md":["https:\/\/www.v-label.com\/wp-content\/uploads\/2022\/12\/ready-meals-1280.jpg",400,266,false],"gform-image-choice-lg":["https:\/\/www.v-label.com\/wp-content\/uploads\/2022\/12\/ready-meals-1280.jpg",600,399,false]},"uagb_author_info":{"display_name":"Can Aslan","author_link":"https:\/\/www.v-label.com\/ro"},"uagb_comment_info":0,"uagb_excerpt":"Pr\u00e2nzurile din mers nu mai trebuie s\u0103 fie un compromis. S\u0103n\u0103toas\u0103, gustoas\u0103 \u0219i plant based este motto-ul majorit\u0103\u021bii retailerilor mari, care umplu sec\u021biile congelate cu pizza pe baz\u0103 de plante \u0219i ofer\u0103 o gam\u0103 larg\u0103 de buc\u0103t\u0103rii, de la supe dahl gata preparate la chilli sin carne.","_links":{"self":[{"href":"https:\/\/www.v-label.com\/ro\/wp-json\/wp\/v2\/pages\/34395","targetHints":{"allow":["GET"]}}],"collection":[{"href":"https:\/\/www.v-label.com\/ro\/wp-json\/wp\/v2\/pages"}],"about":[{"href":"https:\/\/www.v-label.com\/ro\/wp-json\/wp\/v2\/types\/page"}],"author":[{"embeddable":true,"href":"https:\/\/www.v-label.com\/ro\/wp-json\/wp\/v2\/users\/5"}],"replies":[{"embeddable":true,"href":"https:\/\/www.v-label.com\/ro\/wp-json\/wp\/v2\/comments?post=34395"}],"version-history":[{"count":1,"href":"https:\/\/www.v-label.com\/ro\/wp-json\/wp\/v2\/pages\/34395\/revisions"}],"predecessor-version":[{"id":38771,"href":"https:\/\/www.v-label.com\/ro\/wp-json\/wp\/v2\/pages\/34395\/revisions\/38771"}],"up":[{"embeddable":true,"href":"https:\/\/www.v-label.com\/ro\/wp-json\/wp\/v2\/pages\/34368"}],"wp:featuredmedia":[{"embeddable":true,"href":"https:\/\/www.v-label.com\/ro\/wp-json\/wp\/v2\/media\/34396"}],"wp:attachment":[{"href":"https:\/\/www.v-label.com\/ro\/wp-json\/wp\/v2\/media?parent=34395"}],"wp:term":[{"taxonomy":"category","embeddable":true,"href":"https:\/\/www.v-label.com\/ro\/wp-json\/wp\/v2\/categories?post=34395"},{"taxonomy":"post_tag","embeddable":true,"href":"https:\/\/www.v-label.com\/ro\/wp-json\/wp\/v2\/tags?post=34395"}],"curies":[{"name":"wp","href":"https:\/\/api.w.org\/{rel}","templated":true}]}}