{"id":34399,"date":"2022-09-13T11:04:54","date_gmt":"2022-09-13T09:04:54","guid":{"rendered":"https:\/\/www.v-label.com\/certified-products\/fish-alternatives\/"},"modified":"2022-12-26T16:25:17","modified_gmt":"2022-12-26T15:25:17","slug":"fish-alternatives","status":"publish","type":"page","link":"https:\/\/www.v-label.com\/ro\/informatii-generale\/certified-products\/fish-alternatives\/","title":{"rendered":"Alternative la Pe\u0219te"},"content":{"rendered":"\n<p>Pe\u0219tele \u0219i fructele de mare pe baz\u0103 de plante nu sunt doar fileuri f\u0103r\u0103 pe\u0219te la masa ta de Cr\u0103ciun. Aceast\u0103 pia\u021b\u0103 interesant\u0103 de urm\u0103rit ofer\u0103 o varietate de m\u00e2nc\u0103ruri bogate \u00een proteine, de la cele de zi cu zi p\u00e2n\u0103 la cele de lux.<\/p>\n\n\n\n<div class=\"wp-block-columns are-vertically-aligned-center is-layout-flex wp-container-core-columns-is-layout-9d6595d7 wp-block-columns-is-layout-flex\">\n<div class=\"wp-block-column is-vertically-aligned-center is-layout-flow wp-block-column-is-layout-flow\">\n<figure class=\"wp-block-image aligncenter size-medium\"><a href=\"https:\/\/www.facebook.com\/unfished.eu\/\" target=\"_blank\" rel=\"noreferrer noopener\"><img decoding=\"async\" width=\"300\" height=\"176\" src=\"https:\/\/www.v-label.com\/wp-content\/uploads\/2022\/12\/unfished-300x176.png\" alt=\"\" class=\"wp-image-38677\" srcset=\"https:\/\/www.v-label.com\/wp-content\/uploads\/2022\/12\/unfished-300x176.png 300w, https:\/\/www.v-label.com\/wp-content\/uploads\/2022\/12\/unfished-500x293.png 500w, https:\/\/www.v-label.com\/wp-content\/uploads\/2022\/12\/unfished.png 600w\" sizes=\"(max-width: 300px) 100vw, 300px\" \/><\/a><\/figure>\n<\/div>\n<\/div>\n","protected":false},"excerpt":{"rendered":"<p>Pe\u0219tele \u0219i fructele de mare pe baz\u0103 de plante nu sunt doar fileuri f\u0103r\u0103 pe\u0219te la masa ta de Cr\u0103ciun. Aceast\u0103 pia\u021b\u0103 interesant\u0103 de urm\u0103rit ofer\u0103 o varietate de m\u00e2nc\u0103ruri bogate \u00een proteine, de la cele de zi cu zi p\u00e2n\u0103 la cele de lux.<\/p>\n","protected":false},"author":5,"featured_media":34400,"parent":34368,"menu_order":0,"comment_status":"closed","ping_status":"closed","template":"","meta":{"_acf_changed":false,"_editorskit_title_hidden":false,"_editorskit_reading_time":0,"_editorskit_is_block_options_detached":false,"_editorskit_block_options_position":"{}","inline_featured_image":false,"_uag_custom_page_level_css":"","footnotes":""},"categories":[],"tags":[],"class_list":["post-34399","page","type-page","status-publish","has-post-thumbnail","hentry"],"acf":[],"uagb_featured_image_src":{"full":["https:\/\/www.v-label.com\/wp-content\/uploads\/2022\/12\/fish-alternatives-1280.jpg",1280,853,false],"thumbnail":["https:\/\/www.v-label.com\/wp-content\/uploads\/2022\/12\/fish-alternatives-1280-500x333.jpg",500,333,true],"medium":["https:\/\/www.v-label.com\/wp-content\/uploads\/2022\/12\/fish-alternatives-1280-300x200.jpg",300,200,true],"medium_large":["https:\/\/www.v-label.com\/wp-content\/uploads\/2022\/12\/fish-alternatives-1280-768x512.jpg",768,512,true],"large":["https:\/\/www.v-label.com\/wp-content\/uploads\/2022\/12\/fish-alternatives-1280-1024x682.jpg",1024,682,true],"1536x1536":["https:\/\/www.v-label.com\/wp-content\/uploads\/2022\/12\/fish-alternatives-1280.jpg",1280,853,false],"2048x2048":["https:\/\/www.v-label.com\/wp-content\/uploads\/2022\/12\/fish-alternatives-1280.jpg",1280,853,false],"preview":["https:\/\/www.v-label.com\/wp-content\/uploads\/2022\/12\/fish-alternatives-1280-904x720.jpg",904,720,true],"header":["https:\/\/www.v-label.com\/wp-content\/uploads\/2022\/12\/fish-alternatives-1280-1280x720.jpg",1280,720,true],"gform-image-choice-sm":["https:\/\/www.v-label.com\/wp-content\/uploads\/2022\/12\/fish-alternatives-1280.jpg",300,200,false],"gform-image-choice-md":["https:\/\/www.v-label.com\/wp-content\/uploads\/2022\/12\/fish-alternatives-1280.jpg",400,267,false],"gform-image-choice-lg":["https:\/\/www.v-label.com\/wp-content\/uploads\/2022\/12\/fish-alternatives-1280.jpg",600,400,false]},"uagb_author_info":{"display_name":"Can Aslan","author_link":"https:\/\/www.v-label.com\/ro"},"uagb_comment_info":0,"uagb_excerpt":"Pe\u0219tele \u0219i fructele de mare pe baz\u0103 de plante nu sunt doar fileuri f\u0103r\u0103 pe\u0219te la masa ta de Cr\u0103ciun. Aceast\u0103 pia\u021b\u0103 interesant\u0103 de urm\u0103rit ofer\u0103 o varietate de m\u00e2nc\u0103ruri bogate \u00een proteine, de la cele de zi cu zi p\u00e2n\u0103 la cele de lux.","_links":{"self":[{"href":"https:\/\/www.v-label.com\/ro\/wp-json\/wp\/v2\/pages\/34399","targetHints":{"allow":["GET"]}}],"collection":[{"href":"https:\/\/www.v-label.com\/ro\/wp-json\/wp\/v2\/pages"}],"about":[{"href":"https:\/\/www.v-label.com\/ro\/wp-json\/wp\/v2\/types\/page"}],"author":[{"embeddable":true,"href":"https:\/\/www.v-label.com\/ro\/wp-json\/wp\/v2\/users\/5"}],"replies":[{"embeddable":true,"href":"https:\/\/www.v-label.com\/ro\/wp-json\/wp\/v2\/comments?post=34399"}],"version-history":[{"count":1,"href":"https:\/\/www.v-label.com\/ro\/wp-json\/wp\/v2\/pages\/34399\/revisions"}],"predecessor-version":[{"id":38769,"href":"https:\/\/www.v-label.com\/ro\/wp-json\/wp\/v2\/pages\/34399\/revisions\/38769"}],"up":[{"embeddable":true,"href":"https:\/\/www.v-label.com\/ro\/wp-json\/wp\/v2\/pages\/34368"}],"wp:featuredmedia":[{"embeddable":true,"href":"https:\/\/www.v-label.com\/ro\/wp-json\/wp\/v2\/media\/34400"}],"wp:attachment":[{"href":"https:\/\/www.v-label.com\/ro\/wp-json\/wp\/v2\/media?parent=34399"}],"wp:term":[{"taxonomy":"category","embeddable":true,"href":"https:\/\/www.v-label.com\/ro\/wp-json\/wp\/v2\/categories?post=34399"},{"taxonomy":"post_tag","embeddable":true,"href":"https:\/\/www.v-label.com\/ro\/wp-json\/wp\/v2\/tags?post=34399"}],"curies":[{"name":"wp","href":"https:\/\/api.w.org\/{rel}","templated":true}]}}