{"id":34408,"date":"2022-05-30T16:16:29","date_gmt":"2022-05-30T14:16:29","guid":{"rendered":"https:\/\/www.v-label.com\/benefits\/"},"modified":"2024-07-11T10:52:55","modified_gmt":"2024-07-11T08:52:55","slug":"benefits","status":"publish","type":"page","link":"https:\/\/www.v-label.com\/ro\/informatii-pentru-porducatori\/benefits\/","title":{"rendered":"Beneficii"},"content":{"rendered":"\n<p>Clien\u021bii din \u00eentreaga lume opteaz\u0103 din ce \u00een ce mai mult pentru produse pe baz\u0103 de plante din motive care variaz\u0103 de la s\u0103n\u0103tate la intoleran\u021b\u0103, comoditate, etic\u0103, r\u0103sf\u0103\u021b sau pur \u0219i simplu pentru c\u0103 le place copiilor. Pe m\u0103sur\u0103 ce veganismul devine din ce \u00een ce mai r\u0103sp\u00e2ndit, guvernele \u0219i organiza\u021biile iau not\u0103. Devine evident c\u0103 nu se va atinge obiectivele Acordului de la Paris privind clima, la care aproape toate guvernele s-au angajat, f\u0103r\u0103 a reduce consumul de animale. Toate acestea alimenteaz\u0103 un ecosistem vital pentru ca produc\u0103torii s\u0103 vin\u0103 cu alternative inovatoare \u0219i durabile. Ob\u021bine\u021bi o st\u0103p\u00e2nire puternic\u0103 pe aceast\u0103 pia\u021b\u0103 \u00een continu\u0103 cre\u0219tere ast\u0103zi \u0219i \u00een anii urm\u0103tori cu V-Label.<\/p>\n\n\n\n<div class=\"wp-block-media-text is-stacked-on-mobile is-vertically-aligned-center is-image-fill\"><figure class=\"wp-block-media-text__media\" style=\"background-image:url(https:\/\/www.v-label.com\/wp-content\/uploads\/2022\/12\/v-label-consumers-favorite.jpg);background-position:62% 53%\"><img decoding=\"async\" src=\"https:\/\/www.v-label.com\/wp-content\/uploads\/2022\/12\/v-label-consumers-favorite.jpg\" alt=\"\" class=\"wp-image-39649 size-full\"\/><\/figure><div class=\"wp-block-media-text__content\">\n<h3 class=\"wp-block-heading\"><strong><strong><strong><strong><strong>Preferatele consumatorilor<\/strong><\/strong><\/strong><\/strong><\/strong><\/h3>\n\n\n\n<p>\u00cen Germania, conform renumitului Monitor G\u00fctesiegel 2020, V-Label este al 8-lea cel mai cunoscut \u0219i al 3-lea cel mai de \u00eencredere sigiliu de calitate a alimentelor. \u00cen Uniunea European\u0103, V-Label este acum cea mai cunoscut\u0103 etichet\u0103 pentru produse vegetariene \u0219i vegane. V-Label a certificat peste 70.000 de produse \u00een \u00eentreaga lume \u0219i are un sprijin larg \u00een comunitatea vegan\u0103 \u0219i vegetarian\u0103. Prin clasificarea u\u0219or de \u00een\u021beles a produselor ca vegane sau vegetariene, V-Label este o modalitate rapid\u0103 \u0219i fiabil\u0103 de a spune oamenilor exact ce cump\u0103r\u0103.<\/p>\n<\/div><\/div>\n\n\n\n<div style=\"height:30px\" aria-hidden=\"true\" class=\"wp-block-spacer\"><\/div>\n\n\n\n<div class=\"wp-block-media-text is-stacked-on-mobile is-vertically-aligned-center is-image-fill\"><figure class=\"wp-block-media-text__media\" style=\"background-image:url(https:\/\/www.v-label.com\/wp-content\/uploads\/2022\/12\/v-label-global-recognition.jpg);background-position:50% 50%\"><img decoding=\"async\" width=\"1280\" height=\"959\" src=\"https:\/\/www.v-label.com\/wp-content\/uploads\/2022\/12\/v-label-global-recognition.jpg\" alt=\"\" class=\"wp-image-17595 size-full\" srcset=\"https:\/\/www.v-label.com\/wp-content\/uploads\/2022\/12\/v-label-global-recognition.jpg 1280w, https:\/\/www.v-label.com\/wp-content\/uploads\/2022\/12\/v-label-global-recognition-300x225.jpg 300w, https:\/\/www.v-label.com\/wp-content\/uploads\/2022\/12\/v-label-global-recognition-1024x767.jpg 1024w, https:\/\/www.v-label.com\/wp-content\/uploads\/2022\/12\/v-label-global-recognition-500x375.jpg 500w, https:\/\/www.v-label.com\/wp-content\/uploads\/2022\/12\/v-label-global-recognition-768x575.jpg 768w\" sizes=\"(max-width: 1280px) 100vw, 1280px\" \/><\/figure><div class=\"wp-block-media-text__content\">\n<h3 class=\"wp-block-heading\"><strong><strong><strong><strong><strong>Recunoscut global<\/strong><\/strong><\/strong><\/strong><\/strong><\/h3>\n\n\n\n<p>\u00cenfiin\u021bat\u0103 \u00een urm\u0103 cu 25 de ani \u00een Elve\u021bia, V-Label a c\u00e2\u0219tigat un loc de frunte \u00een confirmarea calit\u0103\u021bii produselor \u0219i serviciilor vegane \u0219i vegetariene. Cu V-Label, ave\u021bi o singur\u0103 certificare, foarte recunoscut\u0103 pe toate pie\u021bele. De la Berlin la Buenos Aires, ochiul unui consumator con\u0219tient nu poate sc\u0103pa galbenul care este eviden\u021biat prin culorile verzi \u0219i p\u0103m\u00e2ntii, care sunt adesea folosite \u00een ambalajele durabile.<\/p>\n<\/div><\/div>\n\n\n\n<div style=\"height:30px\" aria-hidden=\"true\" class=\"wp-block-spacer\"><\/div>\n\n\n\n<div class=\"wp-block-media-text is-stacked-on-mobile is-vertically-aligned-center is-image-fill\"><figure class=\"wp-block-media-text__media\" style=\"background-image:url(https:\/\/www.v-label.com\/wp-content\/uploads\/2022\/12\/v-label-business-partnerships.jpg);background-position:50% 50%\"><img decoding=\"async\" width=\"1280\" height=\"853\" src=\"https:\/\/www.v-label.com\/wp-content\/uploads\/2022\/12\/v-label-business-partnerships.jpg\" alt=\"\" class=\"wp-image-17615 size-full\" srcset=\"https:\/\/www.v-label.com\/wp-content\/uploads\/2022\/12\/v-label-business-partnerships.jpg 1280w, https:\/\/www.v-label.com\/wp-content\/uploads\/2022\/12\/v-label-business-partnerships-300x200.jpg 300w, https:\/\/www.v-label.com\/wp-content\/uploads\/2022\/12\/v-label-business-partnerships-1024x682.jpg 1024w, https:\/\/www.v-label.com\/wp-content\/uploads\/2022\/12\/v-label-business-partnerships-500x333.jpg 500w, https:\/\/www.v-label.com\/wp-content\/uploads\/2022\/12\/v-label-business-partnerships-768x512.jpg 768w\" sizes=\"(max-width: 1280px) 100vw, 1280px\" \/><\/figure><div class=\"wp-block-media-text__content\">\n<h3 class=\"wp-block-heading\"><strong><strong><strong><strong><strong>Parteneriate de afaceri<\/strong><\/strong><\/strong><\/strong><\/strong><\/h3>\n\n\n\n<p>Fiind singura certificare la nivel mondial cu reprezentan\u021bi locali \u00een peste 50 de \u021b\u0103ri (\u0219i servicii pentru clien\u021bi \u00een mai mult de 30 de limbi), V-Label v\u0103 invit\u0103 \u00eentr-o c\u0103l\u0103torie mult dincolo de ob\u021binerea certific\u0103rii. Ce ar \u00eensemna pentru compania dumneavoastr\u0103 dac\u0103 a\u021bi avea instrumente de dezvoltare a afacerii, cum ar fi informa\u021bii despre pia\u021b\u0103, analiz\u0103 calitativ\u0103, consultan\u021b\u0103 pentru ingrediente, parteneri de publicitate \u0219i alte \u00eendrum\u0103ri? Lansa\u021bi un produs nou sau intra\u021bi pentru prima dat\u0103 pe pia\u021ba vegan\u0103? Suntem bucuro\u0219i s\u0103 v\u0103 direc\u021bion\u0103m c\u0103tre exper\u021bi (speciali\u0219ti \u00een tehnologia alimentar\u0103, legisla\u021bia alimentar\u0103, managementul calit\u0103\u021bii, cosmetologie, marketing, biotehnologie, nutri\u021bie, cercetare de pia\u021b\u0103 \u0219i consumatori \u0219i nu numai) \u0219i contacte din industria \u0219i comunitatea vegan\u0103.<\/p>\n<\/div><\/div>\n\n\n\n<div style=\"height:30px\" aria-hidden=\"true\" class=\"wp-block-spacer\"><\/div>\n\n\n\n<div class=\"wp-block-media-text is-stacked-on-mobile is-vertically-aligned-center is-image-fill\"><figure class=\"wp-block-media-text__media\" style=\"background-image:url(https:\/\/www.v-label.com\/wp-content\/uploads\/2022\/12\/v-label-inclusive-approach.jpg);background-position:12% 52%\"><img decoding=\"async\" width=\"1280\" height=\"854\" src=\"https:\/\/www.v-label.com\/wp-content\/uploads\/2022\/12\/v-label-inclusive-approach.jpg\" alt=\"\" class=\"wp-image-17635 size-full\" srcset=\"https:\/\/www.v-label.com\/wp-content\/uploads\/2022\/12\/v-label-inclusive-approach.jpg 1280w, https:\/\/www.v-label.com\/wp-content\/uploads\/2022\/12\/v-label-inclusive-approach-300x200.jpg 300w, https:\/\/www.v-label.com\/wp-content\/uploads\/2022\/12\/v-label-inclusive-approach-1024x683.jpg 1024w, https:\/\/www.v-label.com\/wp-content\/uploads\/2022\/12\/v-label-inclusive-approach-500x334.jpg 500w, https:\/\/www.v-label.com\/wp-content\/uploads\/2022\/12\/v-label-inclusive-approach-768x512.jpg 768w\" sizes=\"(max-width: 1280px) 100vw, 1280px\" \/><\/figure><div class=\"wp-block-media-text__content\">\n<h3 class=\"wp-block-heading\"><strong><strong><strong><strong><strong>Abordare incluziv\u0103<\/strong><\/strong><\/strong><\/strong><\/strong><\/h3>\n\n\n\n<p>Oferind produc\u0103torilor at\u00e2t certificare vegan\u0103, c\u00e2t \u0219i vegetarien\u0103 bazat\u0103 pe verific\u0103ri am\u0103nun\u021bite \u0219i management al calit\u0103\u021bii, V-Label este pentru orice tip de afacere, de la start-up-uri vegane p\u00e2n\u0103 la companii interna\u021bionale precum Unilever, Nestl\u00e9 sau Danone. \u00cempreun\u0103 cu business intelligence, este o op\u021biune viabil\u0103 pentru companiile care nu sunt orientate predominant pe segmentul de plant based, dar care doresc s\u0103 deserveasc\u0103 popula\u021bia flexitarian\u0103 \u00een cre\u0219tere. \u00cen afar\u0103 de alimente, este disponibil \u00een industrii precum mod\u0103, cosmetic\u0103, gastronomie, agen\u021bi de cur\u0103\u021bare \u0219i multe altele.<\/p>\n<\/div><\/div>\n","protected":false},"excerpt":{"rendered":"<p>Clien\u021bii din \u00eentreaga lume opteaz\u0103 din ce \u00een ce mai mult pentru produse pe baz\u0103 de plante din motive care variaz\u0103 de la s\u0103n\u0103tate la intoleran\u021b\u0103, comoditate, etic\u0103, r\u0103sf\u0103\u021b sau pur \u0219i simplu pentru c\u0103 le place copiilor. Pe m\u0103sur\u0103 ce veganismul devine din ce \u00een ce mai r\u0103sp\u00e2ndit, guvernele \u0219i organiza\u021biile iau not\u0103. Devine [&hellip;]<\/p>\n","protected":false},"author":5,"featured_media":34409,"parent":34603,"menu_order":0,"comment_status":"closed","ping_status":"closed","template":"","meta":{"_acf_changed":false,"_editorskit_title_hidden":false,"_editorskit_reading_time":0,"_editorskit_is_block_options_detached":false,"_editorskit_block_options_position":"{}","inline_featured_image":false,"_uag_custom_page_level_css":"","footnotes":""},"categories":[],"tags":[],"class_list":["post-34408","page","type-page","status-publish","has-post-thumbnail","hentry"],"acf":[],"uagb_featured_image_src":{"full":["https:\/\/www.v-label.com\/wp-content\/uploads\/2022\/12\/v-label-benefits.jpg",1280,878,false],"thumbnail":["https:\/\/www.v-label.com\/wp-content\/uploads\/2022\/12\/v-label-benefits-500x343.jpg",500,343,true],"medium":["https:\/\/www.v-label.com\/wp-content\/uploads\/2022\/12\/v-label-benefits-300x206.jpg",300,206,true],"medium_large":["https:\/\/www.v-label.com\/wp-content\/uploads\/2022\/12\/v-label-benefits-768x527.jpg",768,527,true],"large":["https:\/\/www.v-label.com\/wp-content\/uploads\/2022\/12\/v-label-benefits-1024x702.jpg",1024,702,true],"1536x1536":["https:\/\/www.v-label.com\/wp-content\/uploads\/2022\/12\/v-label-benefits.jpg",1280,878,false],"2048x2048":["https:\/\/www.v-label.com\/wp-content\/uploads\/2022\/12\/v-label-benefits.jpg",1280,878,false],"preview":["https:\/\/www.v-label.com\/wp-content\/uploads\/2022\/12\/v-label-benefits-904x720.jpg",904,720,true],"header":["https:\/\/www.v-label.com\/wp-content\/uploads\/2022\/12\/v-label-benefits-1280x720.jpg",1280,720,true],"gform-image-choice-sm":["https:\/\/www.v-label.com\/wp-content\/uploads\/2022\/12\/v-label-benefits.jpg",300,206,false],"gform-image-choice-md":["https:\/\/www.v-label.com\/wp-content\/uploads\/2022\/12\/v-label-benefits.jpg",400,274,false],"gform-image-choice-lg":["https:\/\/www.v-label.com\/wp-content\/uploads\/2022\/12\/v-label-benefits.jpg",600,412,false]},"uagb_author_info":{"display_name":"Can Aslan","author_link":"https:\/\/www.v-label.com\/ro"},"uagb_comment_info":0,"uagb_excerpt":"Clien\u021bii din \u00eentreaga lume opteaz\u0103 din ce \u00een ce mai mult pentru produse pe baz\u0103 de plante din motive care variaz\u0103 de la s\u0103n\u0103tate la intoleran\u021b\u0103, comoditate, etic\u0103, r\u0103sf\u0103\u021b sau pur \u0219i simplu pentru c\u0103 le place copiilor. Pe m\u0103sur\u0103 ce veganismul devine din ce \u00een ce mai r\u0103sp\u00e2ndit, guvernele \u0219i organiza\u021biile iau not\u0103. Devine&hellip;","_links":{"self":[{"href":"https:\/\/www.v-label.com\/ro\/wp-json\/wp\/v2\/pages\/34408","targetHints":{"allow":["GET"]}}],"collection":[{"href":"https:\/\/www.v-label.com\/ro\/wp-json\/wp\/v2\/pages"}],"about":[{"href":"https:\/\/www.v-label.com\/ro\/wp-json\/wp\/v2\/types\/page"}],"author":[{"embeddable":true,"href":"https:\/\/www.v-label.com\/ro\/wp-json\/wp\/v2\/users\/5"}],"replies":[{"embeddable":true,"href":"https:\/\/www.v-label.com\/ro\/wp-json\/wp\/v2\/comments?post=34408"}],"version-history":[{"count":3,"href":"https:\/\/www.v-label.com\/ro\/wp-json\/wp\/v2\/pages\/34408\/revisions"}],"predecessor-version":[{"id":83942,"href":"https:\/\/www.v-label.com\/ro\/wp-json\/wp\/v2\/pages\/34408\/revisions\/83942"}],"up":[{"embeddable":true,"href":"https:\/\/www.v-label.com\/ro\/wp-json\/wp\/v2\/pages\/34603"}],"wp:featuredmedia":[{"embeddable":true,"href":"https:\/\/www.v-label.com\/ro\/wp-json\/wp\/v2\/media\/34409"}],"wp:attachment":[{"href":"https:\/\/www.v-label.com\/ro\/wp-json\/wp\/v2\/media?parent=34408"}],"wp:term":[{"taxonomy":"category","embeddable":true,"href":"https:\/\/www.v-label.com\/ro\/wp-json\/wp\/v2\/categories?post=34408"},{"taxonomy":"post_tag","embeddable":true,"href":"https:\/\/www.v-label.com\/ro\/wp-json\/wp\/v2\/tags?post=34408"}],"curies":[{"name":"wp","href":"https:\/\/api.w.org\/{rel}","templated":true}]}}