{"id":34603,"date":"2022-05-30T16:16:14","date_gmt":"2022-05-30T14:16:14","guid":{"rendered":"https:\/\/www.v-label.com\/informatii-pentru-porducatori\/"},"modified":"2024-07-11T10:51:53","modified_gmt":"2024-07-11T08:51:53","slug":"informatii-pentru-porducatori","status":"publish","type":"page","link":"https:\/\/www.v-label.com\/ro\/informatii-pentru-porducatori\/","title":{"rendered":"Informa\u021bii pentru porduc\u0103tori"},"content":{"rendered":"\n<p>\u00cen \u00eentreaga lume, peste <strong>70.000 de produse<\/strong> de la peste <strong>4.800 de licen\u021bia\u021bi<\/strong> <strong>poart\u0103 acum V-Label<\/strong>, un sigiliu de calitate acordat produselor \u0219i serviciilor vegane \u0219i vegetariene. Aceast\u0103 etichet\u0103 recunoscut\u0103 la nivel interna\u021bional ghideaz\u0103 clien\u021bii din \u00eentreaga lume s\u0103 <strong>identifice<\/strong> alegerile bazate pe plante <strong>dintr-o privire.<\/strong><\/p>\n\n\n\n<h3 class=\"wp-block-heading has-text-align-center has-greenlightultra-background-color has-background\">Dac\u0103 sunte\u021bi produc\u0103tor, iat\u0103 de ce v\u0103 recomand\u0103m s\u0103 ob\u021bine\u021bi certificarea V-Label:<\/h3>\n\n\n\n<p><mark style=\"background-color:rgba(0, 0, 0, 0)\" class=\"has-inline-color has-greendark-color\"><strong>C\u00e2\u0219tiga\u021bi noi pie\u021be.<\/strong><\/mark> Cu jum\u0103tate din popula\u021bie consider\u00e2ndu-se flexitarian\u0103 \u00een \u021b\u0103ri precum Germania, Spania sau Polonia, <strong>exist\u0103 o baz\u0103 de clien\u021bi divers\u0103, \u00een cre\u0219tere rapid\u0103<\/strong>, care caut\u0103 produse vegane \u0219i vegetariene, din motive care variaz\u0103 de la s\u0103n\u0103tate la etic\u0103.<\/p>\n\n\n\n<p><strong><mark style=\"background-color:rgba(0, 0, 0, 0)\" class=\"has-inline-color has-greendark-color\">M\u0103ri\u021bi-v\u0103 vizibilitatea.<\/mark><\/strong> Aduce\u021bi-v\u0103 produsele <strong>\u00een fa\u021ba ochilor oamenilor<\/strong> \u0219i u\u0219ura\u021bi-le alegerile la cump\u0103r\u0103turi cu o etichet\u0103 foarte credibil\u0103 \u0219i recunoscut\u0103 pe scar\u0103 larg\u0103.<\/p>\n\n\n\n<p><strong><mark style=\"background-color:rgba(0, 0, 0, 0)\" class=\"has-inline-color has-greendark-color\">C\u00e2\u0219tiga\u021bi \u00eencredere.<\/mark><\/strong> Nu este nevoie s\u0103 spune\u021bi mai multe; V-Label spune asta pentru dumneavoastr\u0103. Reputa\u021bia \u0219i recunoa\u0219terea sa ca un sigiliu profesionist, independent de calitate \u0219i un trend-setter \u00een industrie, <strong>se vinde.<\/strong><\/p>\n\n\n\n<div class=\"wp-block-buttons alignwide is-content-justification-center is-layout-flex wp-container-core-buttons-is-layout-16018d1d wp-block-buttons-is-layout-flex\">\n<div class=\"wp-block-button\"><a class=\"wp-block-button__link wp-element-button\" href=\"https:\/\/www.v-label.com\/ro\/for-business\/get-certified\/\" rel=\"noopener\">Ob\u021bine\u021bi certificrea<\/a><\/div>\n\n\n\n<div class=\"wp-block-button\"><a class=\"wp-block-button__link wp-element-button\" href=\"https:\/\/www.v-label.com\/ro\/for-business\/benefits\/\">Descoperi\u021bi mai multe beneficii<\/a><\/div>\n<\/div>\n\n\n\n<div class=\"wp-block-columns are-vertically-aligned-center is-layout-flex wp-container-core-columns-is-layout-9d6595d7 wp-block-columns-is-layout-flex\">\n<div class=\"wp-block-column is-vertically-aligned-center is-layout-flow wp-block-column-is-layout-flow\">\n<figure class=\"wp-block-image size-full\"><img decoding=\"async\" width=\"1000\" height=\"667\" src=\"https:\/\/www.v-label.com\/wp-content\/uploads\/2022\/12\/adobestock-465730438-preview.jpeg\" alt=\"\" class=\"wp-image-17436\" srcset=\"https:\/\/www.v-label.com\/wp-content\/uploads\/2022\/12\/adobestock-465730438-preview.jpeg 1000w, https:\/\/www.v-label.com\/wp-content\/uploads\/2022\/12\/adobestock-465730438-preview-300x200.jpeg 300w, https:\/\/www.v-label.com\/wp-content\/uploads\/2022\/12\/adobestock-465730438-preview-500x334.jpeg 500w, https:\/\/www.v-label.com\/wp-content\/uploads\/2022\/12\/adobestock-465730438-preview-768x512.jpeg 768w\" sizes=\"(max-width: 1000px) 100vw, 1000px\" \/><\/figure>\n<\/div>\n\n\n\n<div class=\"wp-block-column is-vertically-aligned-center is-layout-flow wp-block-column-is-layout-flow\">\n<figure class=\"wp-block-image size-full\"><img decoding=\"async\" width=\"1116\" height=\"745\" src=\"https:\/\/www.v-label.com\/wp-content\/uploads\/2022\/12\/v-label-step-2.jpg\" alt=\"\" class=\"wp-image-17456\" srcset=\"https:\/\/www.v-label.com\/wp-content\/uploads\/2022\/12\/v-label-step-2.jpg 1116w, https:\/\/www.v-label.com\/wp-content\/uploads\/2022\/12\/v-label-step-2-300x200.jpg 300w, https:\/\/www.v-label.com\/wp-content\/uploads\/2022\/12\/v-label-step-2-1024x684.jpg 1024w, https:\/\/www.v-label.com\/wp-content\/uploads\/2022\/12\/v-label-step-2-500x334.jpg 500w, https:\/\/www.v-label.com\/wp-content\/uploads\/2022\/12\/v-label-step-2-768x513.jpg 768w\" sizes=\"(max-width: 1116px) 100vw, 1116px\" \/><\/figure>\n<\/div>\n\n\n\n<div class=\"wp-block-column is-vertically-aligned-center is-layout-flow wp-block-column-is-layout-flow\">\n<figure class=\"wp-block-image size-full\"><img decoding=\"async\" width=\"1000\" height=\"667\" src=\"https:\/\/www.v-label.com\/wp-content\/uploads\/2022\/12\/adobestock-498930860-preview.jpeg\" alt=\"\" class=\"wp-image-17476\" srcset=\"https:\/\/www.v-label.com\/wp-content\/uploads\/2022\/12\/adobestock-498930860-preview.jpeg 1000w, https:\/\/www.v-label.com\/wp-content\/uploads\/2022\/12\/adobestock-498930860-preview-300x200.jpeg 300w, https:\/\/www.v-label.com\/wp-content\/uploads\/2022\/12\/adobestock-498930860-preview-500x334.jpeg 500w, https:\/\/www.v-label.com\/wp-content\/uploads\/2022\/12\/adobestock-498930860-preview-768x512.jpeg 768w\" sizes=\"(max-width: 1000px) 100vw, 1000px\" \/><\/figure>\n<\/div>\n<\/div>\n\n\n\n<h3 class=\"wp-block-heading\">Ob\u021bine\u021bi certificrea<\/h3>\n\n\n\n<p><strong>Sunte\u021bi gata s\u0103 cre\u0219te\u021bi vizibilitatea produselor dumneavoastr\u0103 vegane \u0219i vegetariene?<\/strong> Cu V-Label, clien\u021bii vor putea identifica produsele dumneavoastr\u0103 ca fiind vegane sau vegetariene dintr-o privire \u2013 astfel cump\u0103r\u00e2ndu-le f\u0103r\u0103 ezitare \u0219i f\u0103r\u0103 a se \u00eendoi de calitatea vegan\u0103 sau vegetarian\u0103<strong>.<\/strong> <\/p>\n\n\n\n<p>Din punct de vedere al afacerii, parteneriatul cu un lider al industriei precum V-Label v\u0103 cre\u0219te \u00eencrederea \u0219i transparen\u021ba \u00een etichetarea produselor ca fiind vegetariene sau vegane. Pentru clien\u021bii dumneavoastr\u0103, V-Label este un ghid simplu \u0219i de \u00eencredere care \u00eei ajut\u0103 s\u0103 ia decizii de cump\u0103rare bune, durabile \u0219i consecvente. <\/p>\n\n\n\n<div class=\"wp-block-buttons is-content-justification-center is-layout-flex wp-container-core-buttons-is-layout-16018d1d wp-block-buttons-is-layout-flex\">\n<div class=\"wp-block-button\"><a class=\"wp-block-button__link wp-element-button\" href=\"https:\/\/www.v-label.com\/ro\/for-business\/get-certified\/\" rel=\"noopener\">Ob\u021bine\u021bi certificarea V-Label<\/a><\/div>\n<\/div>\n\n\n\n<h3 class=\"wp-block-heading\">Criterii \u0219i \u00centreb\u0103ri frecvente<\/h3>\n\n\n\n<p>G\u0103si\u021bi r\u0103spunsuri la unele dintre \u00eentreb\u0103rile pe care s-ar putea s\u0103 le ave\u021bi despre V-Label.<\/p>\n\n\n\n<div class=\"wp-block-buttons is-content-justification-center is-layout-flex wp-container-core-buttons-is-layout-16018d1d wp-block-buttons-is-layout-flex\">\n<div class=\"wp-block-button\"><a class=\"wp-block-button__link wp-element-button\" href=\"https:\/\/www.v-label.com\/ro\/faqs\/\">Explora\u021bi \u00eentreb\u0103rile frecvente<\/a><\/div>\n<\/div>\n","protected":false},"excerpt":{"rendered":"<p>\u00cen \u00eentreaga lume, peste 70.000 de produse de la peste 4.800 de licen\u021bia\u021bi poart\u0103 acum V-Label, un sigiliu de calitate acordat produselor \u0219i serviciilor vegane \u0219i vegetariene. Aceast\u0103 etichet\u0103 recunoscut\u0103 la nivel interna\u021bional ghideaz\u0103 clien\u021bii din \u00eentreaga lume s\u0103 identifice alegerile bazate pe plante dintr-o privire. Dac\u0103 sunte\u021bi produc\u0103tor, iat\u0103 de ce v\u0103 recomand\u0103m s\u0103 [&hellip;]<\/p>\n","protected":false},"author":5,"featured_media":39765,"parent":0,"menu_order":0,"comment_status":"closed","ping_status":"closed","template":"","meta":{"_acf_changed":false,"_editorskit_title_hidden":false,"_editorskit_reading_time":0,"_editorskit_is_block_options_detached":false,"_editorskit_block_options_position":"{}","inline_featured_image":false,"_uag_custom_page_level_css":"","footnotes":""},"categories":[],"tags":[],"class_list":["post-34603","page","type-page","status-publish","has-post-thumbnail","hentry"],"acf":[],"uagb_featured_image_src":{"full":["https:\/\/www.v-label.com\/wp-content\/uploads\/2022\/12\/v-label-info-for-producers.jpg",1280,870,false],"thumbnail":["https:\/\/www.v-label.com\/wp-content\/uploads\/2022\/12\/v-label-info-for-producers-500x340.jpg",500,340,true],"medium":["https:\/\/www.v-label.com\/wp-content\/uploads\/2022\/12\/v-label-info-for-producers-300x204.jpg",300,204,true],"medium_large":["https:\/\/www.v-label.com\/wp-content\/uploads\/2022\/12\/v-label-info-for-producers-768x522.jpg",768,522,true],"large":["https:\/\/www.v-label.com\/wp-content\/uploads\/2022\/12\/v-label-info-for-producers-1024x696.jpg",1024,696,true],"1536x1536":["https:\/\/www.v-label.com\/wp-content\/uploads\/2022\/12\/v-label-info-for-producers.jpg",1280,870,false],"2048x2048":["https:\/\/www.v-label.com\/wp-content\/uploads\/2022\/12\/v-label-info-for-producers.jpg",1280,870,false],"preview":["https:\/\/www.v-label.com\/wp-content\/uploads\/2022\/12\/v-label-info-for-producers-904x720.jpg",904,720,true],"header":["https:\/\/www.v-label.com\/wp-content\/uploads\/2022\/12\/v-label-info-for-producers-1280x720.jpg",1280,720,true],"gform-image-choice-sm":["https:\/\/www.v-label.com\/wp-content\/uploads\/2022\/12\/v-label-info-for-producers.jpg",300,204,false],"gform-image-choice-md":["https:\/\/www.v-label.com\/wp-content\/uploads\/2022\/12\/v-label-info-for-producers.jpg",400,272,false],"gform-image-choice-lg":["https:\/\/www.v-label.com\/wp-content\/uploads\/2022\/12\/v-label-info-for-producers.jpg",600,408,false]},"uagb_author_info":{"display_name":"Can Aslan","author_link":"https:\/\/www.v-label.com\/ro"},"uagb_comment_info":0,"uagb_excerpt":"\u00cen \u00eentreaga lume, peste 70.000 de produse de la peste 4.800 de licen\u021bia\u021bi poart\u0103 acum V-Label, un sigiliu de calitate acordat produselor \u0219i serviciilor vegane \u0219i vegetariene. Aceast\u0103 etichet\u0103 recunoscut\u0103 la nivel interna\u021bional ghideaz\u0103 clien\u021bii din \u00eentreaga lume s\u0103 identifice alegerile bazate pe plante dintr-o privire. Dac\u0103 sunte\u021bi produc\u0103tor, iat\u0103 de ce v\u0103 recomand\u0103m s\u0103&hellip;","_links":{"self":[{"href":"https:\/\/www.v-label.com\/ro\/wp-json\/wp\/v2\/pages\/34603","targetHints":{"allow":["GET"]}}],"collection":[{"href":"https:\/\/www.v-label.com\/ro\/wp-json\/wp\/v2\/pages"}],"about":[{"href":"https:\/\/www.v-label.com\/ro\/wp-json\/wp\/v2\/types\/page"}],"author":[{"embeddable":true,"href":"https:\/\/www.v-label.com\/ro\/wp-json\/wp\/v2\/users\/5"}],"replies":[{"embeddable":true,"href":"https:\/\/www.v-label.com\/ro\/wp-json\/wp\/v2\/comments?post=34603"}],"version-history":[{"count":3,"href":"https:\/\/www.v-label.com\/ro\/wp-json\/wp\/v2\/pages\/34603\/revisions"}],"predecessor-version":[{"id":83941,"href":"https:\/\/www.v-label.com\/ro\/wp-json\/wp\/v2\/pages\/34603\/revisions\/83941"}],"wp:featuredmedia":[{"embeddable":true,"href":"https:\/\/www.v-label.com\/ro\/wp-json\/wp\/v2\/media\/39765"}],"wp:attachment":[{"href":"https:\/\/www.v-label.com\/ro\/wp-json\/wp\/v2\/media?parent=34603"}],"wp:term":[{"taxonomy":"category","embeddable":true,"href":"https:\/\/www.v-label.com\/ro\/wp-json\/wp\/v2\/categories?post=34603"},{"taxonomy":"post_tag","embeddable":true,"href":"https:\/\/www.v-label.com\/ro\/wp-json\/wp\/v2\/tags?post=34603"}],"curies":[{"name":"wp","href":"https:\/\/api.w.org\/{rel}","templated":true}]}}