{"id":34754,"date":"2022-05-30T16:16:01","date_gmt":"2022-05-30T14:16:01","guid":{"rendered":"https:\/\/www.v-label.com\/informatii-generale\/"},"modified":"2025-11-20T09:58:18","modified_gmt":"2025-11-20T08:58:18","slug":"informatii-generale","status":"publish","type":"page","link":"https:\/\/www.v-label.com\/ro\/informatii-generale\/","title":{"rendered":"Informa\u021bii Generale"},"content":{"rendered":"\n<h2 class=\"has-text-align-center wp-block-heading\">Informa\u021bii pentru Consumatori<\/h2>\n\n<p>Sunte\u021bi vegan, vegetarian, flexitarian, v\u0103 s\u0103de\u021bi aportul de hran\u0103 cu ingrediente de origine animal\u0103 sau pur \u0219i simplu sunte\u021bi curio\u0219i? Din moment ce vizita\u021bi acest site, sunt \u0219anse s\u0103 dori\u021bi o lume corect\u0103, durabil\u0103 (\u0219i gustoas\u0103!). Suntem al\u0103turi de dumneavoastr\u0103, iar modul nostru de a contribui la acel viitor este prin a face produsele vegane \u0219i vegetariene s\u0103 fie r\u0103sp\u00e2ndite \u0219i u\u0219or de recunoscut.  <\/p>\n\n<p><strong>V-Label, un sigiliu recunoscut la nivel interna\u021bional<\/strong> pentru produsele care sunt vegetariene sau vegane \u0219i au trecut controale am\u0103nun\u021bite, este aliatul dumneavoastr\u0103 pentru a v\u0103 face via\u021ba mai bazat\u0103 pe plante, cu fiecare achizi\u021bie informat\u0103. <\/p>\n\n<p><strong>Un ghid de zi cu zi, simplu \u0219i u\u0219or de \u00een\u021beles<\/strong>, V-Label v\u0103 scute\u0219te de timp \u0219i de oboseala de decizie. C\u0103uta\u021bi logo-ul galben atr\u0103g\u0103tor data viitoare c\u00e2nd face\u021bi cump\u0103r\u0103turi: ve\u021bi \u0219ti la prima vedere ce produse sunt aprobate \u0219i, prin urmare, pute\u021bi cump\u0103ra \u00een siguran\u021b\u0103! <\/p>\n\n<p><strong>De \u00eencredere \u0219i sigur.<\/strong> C\u00e2nd cump\u0103ra\u021bi un produs sau un serviciu certificat V-Label, v\u0103 pute\u021bi baza pe criterii standardizate pentru produsele vegane \u0219i vegetariene care se aplic\u0103 \u00een mod corect la nivel interna\u021bional. Nu trebuie s\u0103 v\u0103 face\u021bi griji c\u0103 companiile eticheteaz\u0103 gre\u0219it produsele pe baza propriilor criterii aleatorii. V-Label, fondat\u0103 \u00een 1996 \u00een Elve\u021bia, este unul dintre cei care formeaz\u0103 industria.    <\/p>\n\n<div class=\"wp-block-buttons is-content-justification-center is-layout-flex wp-container-core-buttons-is-layout-16018d1d wp-block-buttons-is-layout-flex\">\n<div class=\"wp-block-button\"><a class=\"wp-block-button__link wp-element-button\" href=\"https:\/\/www.v-label.com\/ro\/informatii-generale\/certified-products\/\">Produse certificate<\/a><\/div>\n\n\n\n<div class=\"wp-block-button\"><a class=\"wp-block-button__link wp-element-button\" href=\"https:\/\/www.v-label.com\/ro\/raportati-utilizarea-necorespunzatoare\/\">Raporta\u021bi utilizarea necorespunz\u0103toare<\/a><\/div>\n<\/div>\n\n<h3 class=\"has-text-align-center wp-block-heading\"><strong>Ce reprezent\u0103m?<\/strong><\/h3>\n\n<p>C\u00e2nd cump\u0103ra\u021bi un produs sau un serviciu oferit de V-Label, pute\u021bi fi sigur c\u0103:<\/p>\n\n<ul class=\"wp-block-list\">\n<li><strong>\u00cen niciun stadiu al produc\u021biei nu au fost folosite ingrediente de origine animal\u0103<\/strong> dac\u0103 sunt etichetate <strong>vegan<\/strong>. De asemenea, au fost luate \u00een considerare aditivii \u0219i aromele. <strong> <\/strong>Controalele nu s-au oprit la lista ingredientelor, ci chiar au acoperit substan\u021be care nu trebuie indicate, precum mediile de cultur\u0103 biotehnologice \u0219i adjuvan\u021bii de procesare. A\u0219a c\u0103 pute\u021bi fi sigur c\u0103 sucul de mere sau vinul nu a fost limpezit cu gelatin\u0103, zah\u0103rul nu a fost tratat cu f\u0103in\u0103 de oase \u0219i p\u00e2inea nu a fost tratat\u0103 cu cistein\u0103 din peri de porc. <\/li>\n\n\n\n<li>Doar laptele, colostrul, ou\u0103le din ferme f\u0103r\u0103 cu\u0219ti, mierea, ceara de albine, propolisul sau gr\u0103simea din l\u00e2n\u0103 \u0219i produsele derivate din acestea sunt permise \u00een produc\u021bie dac\u0103 sunt etichetate <strong>vegetariene<\/strong>. <\/li>\n\n\n\n<li>Toate etapele produc\u021biei trebuie proiectate astfel \u00eenc\u00e2t urmele <strong>neinten\u021bionate de substan\u021be<\/strong> non-vegane sau non-vegetariene \u00een produsul final s\u0103 fie reduse la minimum. <\/li>\n\n\n\n<li><strong>Testarea de orice fel pe animale<\/strong> nu trebuie s\u0103 fie sau s\u0103 fi fost efectuat\u0103 pentru produsul final, precum \u0219i pentru ingrediente individuale, auxiliare \u0219i alte substan\u021be utilizate pentru prelucrare, dac\u0103 sunt dezvoltate pentru produsul final.<\/li>\n<\/ul>\n\n<p>Nu \u00een ultimul r\u00e2nd, <strong>veniturile din taxele de licen\u021b\u0103<\/strong> sunt utilizate \u00een principal pentru finan\u021barea diferitelor <strong>ONG-uri \u0219i proiecte vegane<\/strong> sau pentru drepturile animalelor.<\/p>\n\n<div class=\"wp-block-columns are-vertically-aligned-center is-layout-flex wp-container-core-columns-is-layout-9d6595d7 wp-block-columns-is-layout-flex\">\n<div class=\"wp-block-column is-vertically-aligned-center is-layout-flow wp-block-column-is-layout-flow\">\n<figure class=\"wp-block-image size-full\"><img decoding=\"async\" width=\"720\" height=\"497\" src=\"https:\/\/www.v-label.com\/wp-content\/uploads\/2022\/09\/b2b-info-page-2.webp\" alt=\"\" class=\"wp-image-879\" srcset=\"https:\/\/www.v-label.com\/wp-content\/uploads\/2022\/09\/b2b-info-page-2.webp 720w, https:\/\/www.v-label.com\/wp-content\/uploads\/2022\/09\/b2b-info-page-2-300x207.webp 300w\" sizes=\"(max-width: 720px) 100vw, 720px\" \/><\/figure>\n<\/div>\n\n\n\n<div class=\"wp-block-column is-vertically-aligned-center is-layout-flow wp-block-column-is-layout-flow\">\n<figure class=\"wp-block-image size-full\"><img decoding=\"async\" width=\"720\" height=\"482\" src=\"https:\/\/www.v-label.com\/wp-content\/uploads\/2022\/09\/b2b-info-page-1.webp\" alt=\"\" class=\"wp-image-876\" srcset=\"https:\/\/www.v-label.com\/wp-content\/uploads\/2022\/09\/b2b-info-page-1.webp 720w, https:\/\/www.v-label.com\/wp-content\/uploads\/2022\/09\/b2b-info-page-1-300x201.webp 300w\" sizes=\"(max-width: 720px) 100vw, 720px\" \/><\/figure>\n<\/div>\n\n\n\n<div class=\"wp-block-column is-vertically-aligned-center is-layout-flow wp-block-column-is-layout-flow\">\n<figure class=\"wp-block-image size-full\"><img decoding=\"async\" width=\"720\" height=\"482\" src=\"https:\/\/www.v-label.com\/wp-content\/uploads\/2022\/09\/b2b-info-page-3.webp\" alt=\"\" class=\"wp-image-860\" srcset=\"https:\/\/www.v-label.com\/wp-content\/uploads\/2022\/09\/b2b-info-page-3.webp 720w, https:\/\/www.v-label.com\/wp-content\/uploads\/2022\/09\/b2b-info-page-3-300x201.webp 300w\" sizes=\"(max-width: 720px) 100vw, 720px\" \/><\/figure>\n<\/div>\n<\/div>\n","protected":false},"excerpt":{"rendered":"<p>Informa\u021bii pentru Consumatori Sunte\u021bi vegan, vegetarian, flexitarian, v\u0103 s\u0103de\u021bi aportul de hran\u0103 cu ingrediente de origine animal\u0103 sau pur \u0219i simplu sunte\u021bi curio\u0219i? Din moment ce vizita\u021bi acest site, sunt \u0219anse s\u0103 dori\u021bi o lume corect\u0103, durabil\u0103 (\u0219i gustoas\u0103!). Suntem al\u0103turi de dumneavoastr\u0103, iar modul nostru de a contribui la acel viitor este prin a [&hellip;]<\/p>\n","protected":false},"author":5,"featured_media":34755,"parent":0,"menu_order":0,"comment_status":"closed","ping_status":"closed","template":"","meta":{"_acf_changed":false,"_editorskit_title_hidden":false,"_editorskit_reading_time":0,"_editorskit_is_block_options_detached":false,"_editorskit_block_options_position":"{}","inline_featured_image":false,"_uag_custom_page_level_css":"","footnotes":""},"categories":[],"tags":[],"class_list":["post-34754","page","type-page","status-publish","has-post-thumbnail","hentry"],"acf":[],"uagb_featured_image_src":{"full":["https:\/\/www.v-label.com\/wp-content\/uploads\/2022\/12\/v-label-general-info-consumers.jpg",1280,738,false],"thumbnail":["https:\/\/www.v-label.com\/wp-content\/uploads\/2022\/12\/v-label-general-info-consumers-500x288.jpg",500,288,true],"medium":["https:\/\/www.v-label.com\/wp-content\/uploads\/2022\/12\/v-label-general-info-consumers-300x173.jpg",300,173,true],"medium_large":["https:\/\/www.v-label.com\/wp-content\/uploads\/2022\/12\/v-label-general-info-consumers-768x443.jpg",768,443,true],"large":["https:\/\/www.v-label.com\/wp-content\/uploads\/2022\/12\/v-label-general-info-consumers-1024x590.jpg",1024,590,true],"1536x1536":["https:\/\/www.v-label.com\/wp-content\/uploads\/2022\/12\/v-label-general-info-consumers.jpg",1280,738,false],"2048x2048":["https:\/\/www.v-label.com\/wp-content\/uploads\/2022\/12\/v-label-general-info-consumers.jpg",1280,738,false],"preview":["https:\/\/www.v-label.com\/wp-content\/uploads\/2022\/12\/v-label-general-info-consumers-904x720.jpg",904,720,true],"header":["https:\/\/www.v-label.com\/wp-content\/uploads\/2022\/12\/v-label-general-info-consumers-1280x720.jpg",1280,720,true],"gform-image-choice-sm":["https:\/\/www.v-label.com\/wp-content\/uploads\/2022\/12\/v-label-general-info-consumers.jpg",300,173,false],"gform-image-choice-md":["https:\/\/www.v-label.com\/wp-content\/uploads\/2022\/12\/v-label-general-info-consumers.jpg",400,231,false],"gform-image-choice-lg":["https:\/\/www.v-label.com\/wp-content\/uploads\/2022\/12\/v-label-general-info-consumers.jpg",600,346,false]},"uagb_author_info":{"display_name":"Can Aslan","author_link":"https:\/\/www.v-label.com\/ro"},"uagb_comment_info":0,"uagb_excerpt":"Informa\u021bii pentru Consumatori Sunte\u021bi vegan, vegetarian, flexitarian, v\u0103 s\u0103de\u021bi aportul de hran\u0103 cu ingrediente de origine animal\u0103 sau pur \u0219i simplu sunte\u021bi curio\u0219i? Din moment ce vizita\u021bi acest site, sunt \u0219anse s\u0103 dori\u021bi o lume corect\u0103, durabil\u0103 (\u0219i gustoas\u0103!). Suntem al\u0103turi de dumneavoastr\u0103, iar modul nostru de a contribui la acel viitor este prin a&hellip;","_links":{"self":[{"href":"https:\/\/www.v-label.com\/ro\/wp-json\/wp\/v2\/pages\/34754","targetHints":{"allow":["GET"]}}],"collection":[{"href":"https:\/\/www.v-label.com\/ro\/wp-json\/wp\/v2\/pages"}],"about":[{"href":"https:\/\/www.v-label.com\/ro\/wp-json\/wp\/v2\/types\/page"}],"author":[{"embeddable":true,"href":"https:\/\/www.v-label.com\/ro\/wp-json\/wp\/v2\/users\/5"}],"replies":[{"embeddable":true,"href":"https:\/\/www.v-label.com\/ro\/wp-json\/wp\/v2\/comments?post=34754"}],"version-history":[{"count":3,"href":"https:\/\/www.v-label.com\/ro\/wp-json\/wp\/v2\/pages\/34754\/revisions"}],"predecessor-version":[{"id":86181,"href":"https:\/\/www.v-label.com\/ro\/wp-json\/wp\/v2\/pages\/34754\/revisions\/86181"}],"wp:featuredmedia":[{"embeddable":true,"href":"https:\/\/www.v-label.com\/ro\/wp-json\/wp\/v2\/media\/34755"}],"wp:attachment":[{"href":"https:\/\/www.v-label.com\/ro\/wp-json\/wp\/v2\/media?parent=34754"}],"wp:term":[{"taxonomy":"category","embeddable":true,"href":"https:\/\/www.v-label.com\/ro\/wp-json\/wp\/v2\/categories?post=34754"},{"taxonomy":"post_tag","embeddable":true,"href":"https:\/\/www.v-label.com\/ro\/wp-json\/wp\/v2\/tags?post=34754"}],"curies":[{"name":"wp","href":"https:\/\/api.w.org\/{rel}","templated":true}]}}