{"id":34757,"date":"2022-05-30T16:14:53","date_gmt":"2022-05-30T14:14:53","guid":{"rendered":"https:\/\/www.v-label.com\/informatii-generale-2\/"},"modified":"2022-12-29T11:54:24","modified_gmt":"2022-12-29T10:54:24","slug":"informatii-generale-2","status":"publish","type":"page","link":"https:\/\/www.v-label.com\/ro\/informatii-generale-2\/","title":{"rendered":"Informa\u021bii Generale"},"content":{"rendered":"\n<p>Pia\u021ba global\u0103 a ingredientelor pe baz\u0103 de plante s-a bucurat de v\u00e2nz\u0103ri record de-a lungul multor ani \u0219i <a href=\"https:\/\/univdatosmarketinsights.medium.com\/plant-based-food-market-global-industry-analysis-size-share-growth-trends-and-forecast-2a0c4dd7867\" target=\"_blank\" rel=\"noopener\">este de a\u0219teptat s\u0103 creasc\u0103<\/a> la 8,94% anual \u00een perioada 2019-2025. \u00cen timp ce \u00een 2018, a fost evaluat la 10,66 miliarde USD \u00een venituri, se anticipeaz\u0103 c\u0103 <a href=\"https:\/\/www.absolutemarketsinsights.com\/reports\/Global-Vegan-Food-Market-2019-2027-532\" target=\"_blank\" rel=\"noopener\">va ajunge la 27,98 miliarde p\u00e2n\u0103 \u00een 2027<\/a>. <\/p>\n\n\n\n<p>La nivel global, consumatorii caut\u0103 din ce \u00een ce mai mult produse s\u0103n\u0103toase, etice \u0219i rentabile, cu impact redus asupra mediului, <a href=\"https:\/\/www.researchandmarkets.com\/reports\/5141758\/plant-based-meat-market-global-outlook-and\" target=\"_blank\" rel=\"noopener\">ceea ce determin\u0103 cererea<\/a> de alternative vegane \u0219i vegetariene. Din ce \u00een ce mai multe companii recunosc beneficiile satisfacerii nevoii cresc\u00e2nde a pie\u021bei pentru o gam\u0103 variat\u0103, de \u00eenalt\u0103 calitate, de produse f\u0103r\u0103 ingrediente de origine animal\u0103. <\/p>\n\n\n\n<p>De asemenea, consumatorii solicit\u0103 din ce \u00een ce mai mult transparen\u021b\u0103 \u00een etichetare. Vor s\u0103 poat\u0103 identifica rapid \u0219i cu \u00eencredere produsele vegane \u0219i vegetariene. Monitorul G\u00fctesiegel a clasat V-Label drept una dintre cele mai de \u00eencredere trei etichete alimentare din Germania \u00een 2020. Etichetarea de c\u0103tre organiza\u021bii independente ofer\u0103 consumatorilor mai mult\u0103 \u00eencredere dec\u00e2t etichetele realizate de produc\u0103tor \u2013 doar \u00een Germania, 60% cred c\u0103 o institu\u021bie de mediu face inspec\u021bii mai consistente dec\u00e2t cele realizate pentru etichetele private.   <\/p>\n\n\n\r\n<ul id=\"pagelinks-block_e236d99a0b29bef375959f1bcbd5932c\" class=\"wp-block-pagelinks alignwide\">\r\n\t\t\t\t\t\t<li>\r\n\t\t\t\t<article>\r\n\t\t\t\t\t\t\t\t\t\t\t<a href=\"https:\/\/www.v-label.com\/ro\/informatii-generale-2\/mancare\/\" class=\"post_thumbnail\">\r\n\t\t\t\t\t\t\t<img decoding=\"async\" width=\"904\" height=\"720\" src=\"https:\/\/www.v-label.com\/wp-content\/uploads\/2022\/12\/v-label-food-sector-904x720.jpg\" class=\"attachment-preview size-preview wp-post-image\" alt=\"\" \/>\t\t\t\t\t\t<\/a>\r\n\t\t\t\t\t\t\t\t\t\t<div class=\"inner\">\r\n\t\t\t\t\t\t<div class=\"inner_top\">\r\n\t\t\t\t\t\t\t<header>\r\n\t\t\t\t\t\t\t\t<h3>\r\n\t\t\t\t\t\t\t\t\t<a href=\"https:\/\/www.v-label.com\/ro\/informatii-generale-2\/mancare\/\">M\u00e2ncare<\/a>\r\n\t\t\t\t\t\t\t\t<\/h3>\r\n\t\t\t\t\t\t\t\t\t\t\t\t\t\t\t<\/header>\r\n\t\t\t\t\t\t\t\t\t\t\t\t\t\t\t<div class=\"excerpt\">\r\n\t\t\t\t\t\t\t\t\t<p>\u0218tia\u021bi c\u0103, potrivit Euromonitor International, pia\u021ba de produse plant based din Europa de Vest \u0219i-a dublat dimensiunea doar \u00een ultimul deceniu, reprezent\u00e2nd 38,5% din veniturile totale globale? \u00cen timp ce pia\u021ba global\u0103 a alimentelor pe baz\u0103 de plante este de a\u0219teptat s\u0103 creasc\u0103 cu o rat\u0103 de 8,94%, sectorul proteinelor \u00een sine va accelera cu [&hellip;]<\/p>\r\n\t\t\t\t\t\t\t\t<\/div>\r\n\t\t\t\t\t\t\t\t\t\t\t\t\t<\/div>\r\n\t\t\t\t\t\t<a href=\"https:\/\/www.v-label.com\/ro\/informatii-generale-2\/mancare\/\" class=\"read_more\">Read more<\/a>\r\n\t\t\t\t\t<\/div>\r\n\t\t\t\t<\/article>\r\n\t\t\t<\/li>\r\n\t\t\t\t\t<li>\r\n\t\t\t\t<article>\r\n\t\t\t\t\t\t\t\t\t\t\t<a href=\"https:\/\/www.v-label.com\/ro\/informatii-generale-2\/cosmetice\/\" class=\"post_thumbnail\">\r\n\t\t\t\t\t\t\t<img decoding=\"async\" width=\"904\" height=\"720\" src=\"https:\/\/www.v-label.com\/wp-content\/uploads\/2022\/12\/cosmetics-1280-904x720.jpg\" class=\"attachment-preview size-preview wp-post-image\" alt=\"\" \/>\t\t\t\t\t\t<\/a>\r\n\t\t\t\t\t\t\t\t\t\t<div class=\"inner\">\r\n\t\t\t\t\t\t<div class=\"inner_top\">\r\n\t\t\t\t\t\t\t<header>\r\n\t\t\t\t\t\t\t\t<h3>\r\n\t\t\t\t\t\t\t\t\t<a href=\"https:\/\/www.v-label.com\/ro\/informatii-generale-2\/cosmetice\/\">Cosmetice<\/a>\r\n\t\t\t\t\t\t\t\t<\/h3>\r\n\t\t\t\t\t\t\t\t\t\t\t\t\t\t\t<\/header>\r\n\t\t\t\t\t\t\t\t\t\t\t\t\t\t\t<div class=\"excerpt\">\r\n\t\t\t\t\t\t\t\t\t<p>Comoditate, preluarea controlului asupra propriei s\u0103n\u0103t\u0103\u021bi \u0219i un apel mai puternic pentru frumuse\u021be f\u0103r\u0103 cruzime. Acestea sunt cele trei motive principale pentru care se preconizeaz\u0103 c\u0103 dimensiunea pie\u021bei globale a produselor cosmetice vegane va ajunge la 20,8 miliarde de dolari p\u00e2n\u0103 \u00een 2025, \u00een cre\u0219tere cu o rat\u0103 de 6,3%, conform Raportului de analiz\u0103 a [&hellip;]<\/p>\r\n\t\t\t\t\t\t\t\t<\/div>\r\n\t\t\t\t\t\t\t\t\t\t\t\t\t<\/div>\r\n\t\t\t\t\t\t<a href=\"https:\/\/www.v-label.com\/ro\/informatii-generale-2\/cosmetice\/\" class=\"read_more\">Read more<\/a>\r\n\t\t\t\t\t<\/div>\r\n\t\t\t\t<\/article>\r\n\t\t\t<\/li>\r\n\t\t\t\t\t<li>\r\n\t\t\t\t<article>\r\n\t\t\t\t\t\t\t\t\t\t\t<a href=\"https:\/\/www.v-label.com\/ro\/informatii-generale-2\/non-alimete\/\" class=\"post_thumbnail\">\r\n\t\t\t\t\t\t\t<img decoding=\"async\" width=\"904\" height=\"692\" src=\"https:\/\/www.v-label.com\/wp-content\/uploads\/2022\/12\/v-label-non-food-sectors-904x692.jpg\" class=\"attachment-preview size-preview wp-post-image\" alt=\"\" \/>\t\t\t\t\t\t<\/a>\r\n\t\t\t\t\t\t\t\t\t\t<div class=\"inner\">\r\n\t\t\t\t\t\t<div class=\"inner_top\">\r\n\t\t\t\t\t\t\t<header>\r\n\t\t\t\t\t\t\t\t<h3>\r\n\t\t\t\t\t\t\t\t\t<a href=\"https:\/\/www.v-label.com\/ro\/informatii-generale-2\/non-alimete\/\">Non-Alimete<\/a>\r\n\t\t\t\t\t\t\t\t<\/h3>\r\n\t\t\t\t\t\t\t\t\t\t\t\t\t\t\t<\/header>\r\n\t\t\t\t\t\t\t\t\t\t\t\t\t\t\t<div class=\"excerpt\">\r\n\t\t\t\t\t\t\t\t\t<p>O industrie \u00een plin\u0103 expansiune pentru anii urm\u0103tori, moda vegan\u0103 \u0219i f\u0103r\u0103 cruzime este deja considerat\u0103 cool \u0219i luxoas\u0103. Pia\u021ba global\u0103 de mod\u0103 vegan\u0103 pentru femei a fost evaluat\u0103 la 396,3 miliarde USD \u00een 2019 \u0219i este de a\u0219teptat s\u0103 creasc\u0103 cu o rat\u0103 de 13,6% p\u00e2n\u0103 \u00een 2027, potrivit Statista.com. Pia\u021ba de piele vegan\u0103 [&hellip;]<\/p>\r\n\t\t\t\t\t\t\t\t<\/div>\r\n\t\t\t\t\t\t\t\t\t\t\t\t\t<\/div>\r\n\t\t\t\t\t\t<a href=\"https:\/\/www.v-label.com\/ro\/informatii-generale-2\/non-alimete\/\" class=\"read_more\">Read more<\/a>\r\n\t\t\t\t\t<\/div>\r\n\t\t\t\t<\/article>\r\n\t\t\t<\/li>\r\n\t\t\t\t\t<li>\r\n\t\t\t\t<article>\r\n\t\t\t\t\t\t\t\t\t\t\t<a href=\"https:\/\/www.v-label.com\/ro\/informatii-generale-2\/gastronomie\/\" class=\"post_thumbnail\">\r\n\t\t\t\t\t\t\t<img decoding=\"async\" width=\"904\" height=\"720\" src=\"https:\/\/www.v-label.com\/wp-content\/uploads\/2022\/12\/gastronomy-1280-904x720.jpg\" class=\"attachment-preview size-preview wp-post-image\" alt=\"\" \/>\t\t\t\t\t\t<\/a>\r\n\t\t\t\t\t\t\t\t\t\t<div class=\"inner\">\r\n\t\t\t\t\t\t<div class=\"inner_top\">\r\n\t\t\t\t\t\t\t<header>\r\n\t\t\t\t\t\t\t\t<h3>\r\n\t\t\t\t\t\t\t\t\t<a href=\"https:\/\/www.v-label.com\/ro\/informatii-generale-2\/gastronomie\/\">Gastronomie<\/a>\r\n\t\t\t\t\t\t\t\t<\/h3>\r\n\t\t\t\t\t\t\t\t\t\t\t\t\t\t\t<\/header>\r\n\t\t\t\t\t\t\t\t\t\t\t\t\t\t\t<div class=\"excerpt\">\r\n\t\t\t\t\t\t\t\t\t<p>De la cafenele la restaurante de ultim\u0103 genera\u021bie, bistrouri \u0219i restaurante pop-up, industria de servicii alimentare este aproape egal\u0103 ca dimensiune cu cea a comer\u021bului cu am\u0103nuntul. \u00cen ultimul deceniu, consumatorii sub v\u00e2rsta de 40 de ani \u0219i-au crescut aportul de legume proaspete cu 52%, potrivit Global Variability in Fruit and Vegetable Consumption, un studiu [&hellip;]<\/p>\r\n\t\t\t\t\t\t\t\t<\/div>\r\n\t\t\t\t\t\t\t\t\t\t\t\t\t<\/div>\r\n\t\t\t\t\t\t<a href=\"https:\/\/www.v-label.com\/ro\/informatii-generale-2\/gastronomie\/\" class=\"read_more\">Read more<\/a>\r\n\t\t\t\t\t<\/div>\r\n\t\t\t\t<\/article>\r\n\t\t\t<\/li>\r\n\t\t\t<\/ul>","protected":false},"excerpt":{"rendered":"<p>Pia\u021ba global\u0103 a ingredientelor pe baz\u0103 de plante s-a bucurat de v\u00e2nz\u0103ri record de-a lungul multor ani \u0219i este de a\u0219teptat s\u0103 creasc\u0103 la 8,94% anual \u00een perioada 2019-2025. \u00cen timp ce \u00een 2018, a fost evaluat la 10,66 miliarde USD \u00een venituri, se anticipeaz\u0103 c\u0103 va ajunge la 27,98 miliarde p\u00e2n\u0103 \u00een 2027. La [&hellip;]<\/p>\n","protected":false},"author":5,"featured_media":34758,"parent":0,"menu_order":0,"comment_status":"closed","ping_status":"closed","template":"","meta":{"_acf_changed":false,"_editorskit_title_hidden":false,"_editorskit_reading_time":0,"_editorskit_is_block_options_detached":false,"_editorskit_block_options_position":"{}","inline_featured_image":false,"_uag_custom_page_level_css":"","footnotes":""},"categories":[],"tags":[],"class_list":["post-34757","page","type-page","status-publish","has-post-thumbnail","hentry"],"acf":[],"uagb_featured_image_src":{"full":["https:\/\/www.v-label.com\/wp-content\/uploads\/2022\/12\/v-label-general-info-sectors.jpg",1280,716,false],"thumbnail":["https:\/\/www.v-label.com\/wp-content\/uploads\/2022\/12\/v-label-general-info-sectors-500x280.jpg",500,280,true],"medium":["https:\/\/www.v-label.com\/wp-content\/uploads\/2022\/12\/v-label-general-info-sectors-300x168.jpg",300,168,true],"medium_large":["https:\/\/www.v-label.com\/wp-content\/uploads\/2022\/12\/v-label-general-info-sectors-768x430.jpg",768,430,true],"large":["https:\/\/www.v-label.com\/wp-content\/uploads\/2022\/12\/v-label-general-info-sectors-1024x573.jpg",1024,573,true],"1536x1536":["https:\/\/www.v-label.com\/wp-content\/uploads\/2022\/12\/v-label-general-info-sectors.jpg",1280,716,false],"2048x2048":["https:\/\/www.v-label.com\/wp-content\/uploads\/2022\/12\/v-label-general-info-sectors.jpg",1280,716,false],"preview":["https:\/\/www.v-label.com\/wp-content\/uploads\/2022\/12\/v-label-general-info-sectors-904x716.jpg",904,716,true],"header":["https:\/\/www.v-label.com\/wp-content\/uploads\/2022\/12\/v-label-general-info-sectors.jpg",1280,716,false],"gform-image-choice-sm":["https:\/\/www.v-label.com\/wp-content\/uploads\/2022\/12\/v-label-general-info-sectors.jpg",300,168,false],"gform-image-choice-md":["https:\/\/www.v-label.com\/wp-content\/uploads\/2022\/12\/v-label-general-info-sectors.jpg",400,224,false],"gform-image-choice-lg":["https:\/\/www.v-label.com\/wp-content\/uploads\/2022\/12\/v-label-general-info-sectors.jpg",600,336,false]},"uagb_author_info":{"display_name":"Can Aslan","author_link":"https:\/\/www.v-label.com\/ro"},"uagb_comment_info":0,"uagb_excerpt":"Pia\u021ba global\u0103 a ingredientelor pe baz\u0103 de plante s-a bucurat de v\u00e2nz\u0103ri record de-a lungul multor ani \u0219i este de a\u0219teptat s\u0103 creasc\u0103 la 8,94% anual \u00een perioada 2019-2025. \u00cen timp ce \u00een 2018, a fost evaluat la 10,66 miliarde USD \u00een venituri, se anticipeaz\u0103 c\u0103 va ajunge la 27,98 miliarde p\u00e2n\u0103 \u00een 2027. La&hellip;","_links":{"self":[{"href":"https:\/\/www.v-label.com\/ro\/wp-json\/wp\/v2\/pages\/34757","targetHints":{"allow":["GET"]}}],"collection":[{"href":"https:\/\/www.v-label.com\/ro\/wp-json\/wp\/v2\/pages"}],"about":[{"href":"https:\/\/www.v-label.com\/ro\/wp-json\/wp\/v2\/types\/page"}],"author":[{"embeddable":true,"href":"https:\/\/www.v-label.com\/ro\/wp-json\/wp\/v2\/users\/5"}],"replies":[{"embeddable":true,"href":"https:\/\/www.v-label.com\/ro\/wp-json\/wp\/v2\/comments?post=34757"}],"version-history":[{"count":2,"href":"https:\/\/www.v-label.com\/ro\/wp-json\/wp\/v2\/pages\/34757\/revisions"}],"predecessor-version":[{"id":39942,"href":"https:\/\/www.v-label.com\/ro\/wp-json\/wp\/v2\/pages\/34757\/revisions\/39942"}],"wp:featuredmedia":[{"embeddable":true,"href":"https:\/\/www.v-label.com\/ro\/wp-json\/wp\/v2\/media\/34758"}],"wp:attachment":[{"href":"https:\/\/www.v-label.com\/ro\/wp-json\/wp\/v2\/media?parent=34757"}],"wp:term":[{"taxonomy":"category","embeddable":true,"href":"https:\/\/www.v-label.com\/ro\/wp-json\/wp\/v2\/categories?post=34757"},{"taxonomy":"post_tag","embeddable":true,"href":"https:\/\/www.v-label.com\/ro\/wp-json\/wp\/v2\/tags?post=34757"}],"curies":[{"name":"wp","href":"https:\/\/api.w.org\/{rel}","templated":true}]}}