{"id":34761,"date":"2022-05-30T16:15:11","date_gmt":"2022-05-30T14:15:11","guid":{"rendered":"https:\/\/www.v-label.com\/informatii-generale-2\/mancare\/"},"modified":"2022-12-25T09:51:59","modified_gmt":"2022-12-25T08:51:59","slug":"mancare","status":"publish","type":"page","link":"https:\/\/www.v-label.com\/ro\/informatii-generale-2\/mancare\/","title":{"rendered":"M\u00e2ncare"},"content":{"rendered":"\n<p>\u0218tia\u021bi c\u0103, potrivit Euromonitor International, pia\u021ba de produse plant based din Europa de Vest \u0219i-a dublat dimensiunea doar \u00een ultimul deceniu, reprezent\u00e2nd 38,5% din veniturile totale globale? <\/p>\n\n\n\n<p>\u00cen timp ce pia\u021ba global\u0103 a alimentelor pe baz\u0103 de plante este de a\u0219teptat s\u0103 creasc\u0103 cu o rat\u0103 de 8,94%, sectorul proteinelor \u00een sine <a href=\"https:\/\/www.prnewswire.com\/news-releases\/the-global-plant-based-meat-market-by-revenue-is-expected-to-grow-at-a-cagr-of-over-18-during-the-period-20192025-301123673.html\" target=\"_blank\" rel=\"noopener\">va accelera cu 18%<\/a>, ating\u00e2nd pragul de 28 de miliarde de dolari p\u00e2n\u0103 \u00een 2025. Lansare dup\u0103 lansare a start-up-urilor vegane sus\u021bine deja statisticil: se concentreaz\u0103 pe satisfacerea cererii tot mai mari de alternative vegane la carne de vit\u0103, pe\u0219te, br\u00e2nz\u0103, lapte, iaurt, ou\u0103, produse de patiserie, vitamine \u0219i suplimente, fiecare fiind o ni\u0219\u0103 \u00een plin\u0103 expansiune. Mai mult, produsele de ni\u0219\u0103 \u0219i-au f\u0103cut loc \u00een lan\u021burile tradi\u021bionale de retail, iar produc\u0103torii consacra\u021bi de alimente introduc linii vegane \u0219i vegetariene. <\/p>\n\n\n\n<p>Interesant totu\u0219i, acesta este doar \u00eenceputul. Potrivit ProVeg International, investi\u021biile tot mai mari \u00een inovarea tehnologic\u0103 asigur\u0103 c\u0103 gustul, textura \u0219i senza\u021bia \u00een gur\u0103 ale acestor produse vor continua s\u0103 se \u00eembun\u0103t\u0103\u021beasc\u0103 odat\u0103 cu progresele ulterioare ale ingredientelor \u0219i proces\u0103rii. Fiind cea mai recunoscut\u0103 etichet\u0103 vegan\u0103 \u0219i vegetarian\u0103 din segmentul alimentar, a avea o etichet\u0103 V-Label \u00eenseamn\u0103 c\u0103 beneficia\u021bi de aceast\u0103 cre\u0219tere f\u0103r\u0103 precedent a pie\u021bei.   <\/p>\n\n\n\n<div class=\"wp-block-buttons is-content-justification-center is-layout-flex wp-container-core-buttons-is-layout-16018d1d wp-block-buttons-is-layout-flex\">\n<div class=\"wp-block-button\"><a class=\"wp-block-button__link wp-element-button\" href=\"https:\/\/www.v-label.com\/ro\/for-business\/get-certified\/\">Ob\u021bine\u021bi certificarea V-Label<\/a><\/div>\n<\/div>\n","protected":false},"excerpt":{"rendered":"<p>\u0218tia\u021bi c\u0103, potrivit Euromonitor International, pia\u021ba de produse plant based din Europa de Vest \u0219i-a dublat dimensiunea doar \u00een ultimul deceniu, reprezent\u00e2nd 38,5% din veniturile totale globale? \u00cen timp ce pia\u021ba global\u0103 a alimentelor pe baz\u0103 de plante este de a\u0219teptat s\u0103 creasc\u0103 cu o rat\u0103 de 8,94%, sectorul proteinelor \u00een sine va accelera cu [&hellip;]<\/p>\n","protected":false},"author":5,"featured_media":34691,"parent":34757,"menu_order":0,"comment_status":"closed","ping_status":"closed","template":"","meta":{"_acf_changed":false,"_editorskit_title_hidden":false,"_editorskit_reading_time":0,"_editorskit_is_block_options_detached":false,"_editorskit_block_options_position":"{}","inline_featured_image":false,"_uag_custom_page_level_css":"","footnotes":""},"categories":[],"tags":[],"class_list":["post-34761","page","type-page","status-publish","has-post-thumbnail","hentry"],"acf":[],"uagb_featured_image_src":{"full":["https:\/\/www.v-label.com\/wp-content\/uploads\/2022\/12\/v-label-food-sector.jpg",1280,857,false],"thumbnail":["https:\/\/www.v-label.com\/wp-content\/uploads\/2022\/12\/v-label-food-sector-500x335.jpg",500,335,true],"medium":["https:\/\/www.v-label.com\/wp-content\/uploads\/2022\/12\/v-label-food-sector-300x201.jpg",300,201,true],"medium_large":["https:\/\/www.v-label.com\/wp-content\/uploads\/2022\/12\/v-label-food-sector-768x514.jpg",768,514,true],"large":["https:\/\/www.v-label.com\/wp-content\/uploads\/2022\/12\/v-label-food-sector-1024x686.jpg",1024,686,true],"1536x1536":["https:\/\/www.v-label.com\/wp-content\/uploads\/2022\/12\/v-label-food-sector.jpg",1280,857,false],"2048x2048":["https:\/\/www.v-label.com\/wp-content\/uploads\/2022\/12\/v-label-food-sector.jpg",1280,857,false],"preview":["https:\/\/www.v-label.com\/wp-content\/uploads\/2022\/12\/v-label-food-sector-904x720.jpg",904,720,true],"header":["https:\/\/www.v-label.com\/wp-content\/uploads\/2022\/12\/v-label-food-sector-1280x720.jpg",1280,720,true],"gform-image-choice-sm":["https:\/\/www.v-label.com\/wp-content\/uploads\/2022\/12\/v-label-food-sector.jpg",300,201,false],"gform-image-choice-md":["https:\/\/www.v-label.com\/wp-content\/uploads\/2022\/12\/v-label-food-sector.jpg",400,268,false],"gform-image-choice-lg":["https:\/\/www.v-label.com\/wp-content\/uploads\/2022\/12\/v-label-food-sector.jpg",600,402,false]},"uagb_author_info":{"display_name":"Can Aslan","author_link":"https:\/\/www.v-label.com\/ro"},"uagb_comment_info":0,"uagb_excerpt":"\u0218tia\u021bi c\u0103, potrivit Euromonitor International, pia\u021ba de produse plant based din Europa de Vest \u0219i-a dublat dimensiunea doar \u00een ultimul deceniu, reprezent\u00e2nd 38,5% din veniturile totale globale? \u00cen timp ce pia\u021ba global\u0103 a alimentelor pe baz\u0103 de plante este de a\u0219teptat s\u0103 creasc\u0103 cu o rat\u0103 de 8,94%, sectorul proteinelor \u00een sine va accelera cu&hellip;","_links":{"self":[{"href":"https:\/\/www.v-label.com\/ro\/wp-json\/wp\/v2\/pages\/34761","targetHints":{"allow":["GET"]}}],"collection":[{"href":"https:\/\/www.v-label.com\/ro\/wp-json\/wp\/v2\/pages"}],"about":[{"href":"https:\/\/www.v-label.com\/ro\/wp-json\/wp\/v2\/types\/page"}],"author":[{"embeddable":true,"href":"https:\/\/www.v-label.com\/ro\/wp-json\/wp\/v2\/users\/5"}],"replies":[{"embeddable":true,"href":"https:\/\/www.v-label.com\/ro\/wp-json\/wp\/v2\/comments?post=34761"}],"version-history":[{"count":2,"href":"https:\/\/www.v-label.com\/ro\/wp-json\/wp\/v2\/pages\/34761\/revisions"}],"predecessor-version":[{"id":34955,"href":"https:\/\/www.v-label.com\/ro\/wp-json\/wp\/v2\/pages\/34761\/revisions\/34955"}],"up":[{"embeddable":true,"href":"https:\/\/www.v-label.com\/ro\/wp-json\/wp\/v2\/pages\/34757"}],"wp:featuredmedia":[{"embeddable":true,"href":"https:\/\/www.v-label.com\/ro\/wp-json\/wp\/v2\/media\/34691"}],"wp:attachment":[{"href":"https:\/\/www.v-label.com\/ro\/wp-json\/wp\/v2\/media?parent=34761"}],"wp:term":[{"taxonomy":"category","embeddable":true,"href":"https:\/\/www.v-label.com\/ro\/wp-json\/wp\/v2\/categories?post=34761"},{"taxonomy":"post_tag","embeddable":true,"href":"https:\/\/www.v-label.com\/ro\/wp-json\/wp\/v2\/tags?post=34761"}],"curies":[{"name":"wp","href":"https:\/\/api.w.org\/{rel}","templated":true}]}}